{"id":259732,"date":"2025-12-05T13:46:59","date_gmt":"2025-12-05T12:46:59","guid":{"rendered":"https:\/\/cintecx.uvigo.es\/?page_id=259732"},"modified":"2026-05-04T10:12:45","modified_gmt":"2026-05-04T08:12:45","slug":"challenge-2026","status":"publish","type":"page","link":"https:\/\/cintecx.uvigo.es\/gl\/investigacion\/cintecx-annual-challenge\/challenge-2026\/","title":{"rendered":"Challenge 2026"},"content":{"rendered":"<p><img decoding=\"async\" src=\"\/wp-content\/uploads\/2024\/12\/cabecera_challenge.png\" alt=\"challenge\" \/><\/p>\n<h2>Convocatoria<\/h2>\n<p>O Plan Estrat\u00e9xico de CINTECX contempla, dentro do plan de acci\u00f3n para o cumprimento dos seus obxectivos estrat\u00e9xicos, unha convocatoria anual de axudas na modalidade de concorrencia competitiva denominada <strong>CINTECX Challenge<\/strong>, para o desenvolvemento de proxectos de I+D colaborativos entre os investigadores integrados no centro.<\/p>\n<p>Con tal fin, conv\u00f3case a axuda CHALLENGE 2026.<\/p>\n<p>O prazo para participar nesta convocatoria estar\u00e1 aberto dende o <strong>5 <\/strong> ata o <strong>31 de maio de 2026<\/strong>.<\/p>\n<p>As propostas que se axusten ao establecido na convocatoria defenderanse durante unha Xornada T\u00e9cnica en CINTECX, na que se realizar\u00e1 a avaliaci\u00f3n das mesmas e a selecci\u00f3n da proposta ga\u00f1adora.<\/p>\n<p>Un aspecto importante deste desaf\u00edo \u00e9 conseguir un impacto social relevante na rexi\u00f3n polo que os resultados da proposta ga\u00f1adora pres\u00e9ntanse nun evento espec\u00edfico e real\u00edzanse actividades de difusi\u00f3n dos mesmos.<\/p>\n<p><!--\n\n<div style=\"text-align: center;\">\n<img decoding=\"async\" src=\"\/wp-content\/uploads\/2024\/11\/challenge-24-web-new-11-24-contorno.png\"  \/><\/div>\n\n--><\/p>\n<p>&nbsp;<\/p>\n<div class=\"card\" >\n<h4 class=\"card-header\">Requisitos das solicitudes<\/h4>\n<div class=\"card-body\">\n<ol>\n<li>A proposta presentada debe ser orixinal e estar ali\u00f1ada coas \u00e1reas tecnol\u00f3xicas e as li\u00f1as prioritarias da axenda cient\u00edfica de CINTECX e contribu\u00edr \u00e1 proxecci\u00f3n e visibilidade do centro.<\/li>\n<li>Deben participar polo menos 2 dous grupos de investigaci\u00f3n de CINTECX<\/li>\n<p class=\"card-text\">\u00a0<br>\n \tM\u00e1is detalles na <a href=\"\/wp-content\/uploads\/2026\/05\/2-edicion-CINTECX-Challenge-2026.pdf\" target=\"_blank\" class=\"card-link\">convocatoria<\/a>.\n<\/p><\/ol>\n<\/div>\n<\/div>\n<p>&nbsp;<\/p>\n<div class=\"custom-block graylight\">\n<p>Consulta a <a href=\"\/wp-content\/uploads\/2026\/05\/2-edicion-CINTECX-Challenge-2026.pdf\" target=\"_blank\" rel=\"noopener noreferrer\"> convocatoria completa<\/a> desta II edici\u00f3n e o <a href=\"\/wp-content\/uploads\/2026\/05\/Formulario-2-edicion-Proyecto-Challenge-2026.docx\" target=\"_blank\" rel=\"noopener noreferrer\"> formulario de solicitude<\/a>.<\/p>\n<\/div>\n<h2>Resoluci\u00f3n<\/h2>\n<p>Unha vez realizada a avaliaci\u00f3n das solicitudes presentadas na Xornada Cient\u00edfica CINTECX CHALLENGE 2026 farase p\u00fablica a resoluci\u00f3n da II edici\u00f3n da convocatoria.<\/p>\n<p><!--O centro de investigaci\u00f3n CINTECX acaba de facer p\u00fablica a resoluci\u00f3n da convocatoria CHALLENGE-2026. Esta nova convocatoria tivo tam\u00e9n unha grande acollida por parte dos investigadores do centro.\n\n\n\n<div class=\"custom-block graylight\">\n\nConsulta a <a href=\"\/wp-content\/uploads\/2026\/02\/Resolucion_Challenge-2026-firmado.pdf\" target=\"_blank\" rel=\"noopener noreferrer\">Resoluci\u00f3n Challenge-2026<\/a>.\n\n<\/div>\n\n--><\/p>\n<p><!--\n\n\n<h2>Desarrollo de dispositivo biom\u00e9dico 3D calentable para control antibacteriano\n<img decoding=\"async\" class=\"wp-image-229971 alignleft\" src=\"http:\/\/cintecx.uvigo.es\/wp-content\/uploads\/2022\/03\/Diapositiva6.jpg\" alt=\"\" width=\"550\" \/><\/h2>\n\n\n\n\n<p style=\"text-align: justify;\">A d\u00eda de hoy, el diagn\u00f3stico y tratamiento de las infecciones bacterianas suponen un gran reto en el \u00e1mbito biom\u00e9dico, siendo especialmente relevantes las infecciones asociadas a implantes articulares y tejido dental.<\/p>\n\n\n\n\n<p style=\"text-align: justify;\">La <strong>hipertermia<\/strong> (aumento de la temperatura corporal) se presenta como una alternativa a explorar y varios estudios han mostrado su eficacia ante pat\u00f3genos infecciosos y cepas resistentes a medicamentos.<\/p>\n\n\n\n\n<p style=\"text-align: justify;\">Entre los m\u00e9todos para inducir hipertermia leve (&lt;42\u00baC) en tejidos vivos, resalta la radiaci\u00f3n l\u00e1ser en el rango VIS-NIR, que se basa en exponer un material fotosensible a esa radiaci\u00f3n induciendo un calentamiento en remoto y una hipertermia local controlada en el tejido en contacto. Uno de estos materiales fotosensibles con fuerte absorci\u00f3n en la regi\u00f3n del infrarrojo es el \u00f3xido de grafeno que presenta otras caracter\u00edsticas de gran inter\u00e9s en el campo de los biomateriales.<\/p>\n\n\n<img decoding=\"async\" class=\"wp-image-229971 alignright\" src=\"http:\/\/cintecx.uvigo.es\/wp-content\/uploads\/2022\/03\/Diapositiva8.jpg\" alt=\"\" width=\"550\" \/>\n\n\n<p style=\"text-align: justify;\">Con el auge de las tecnolog\u00edas 3D, el desarrollo de dispositivos biom\u00e9dicos personalizados se encuentra en clara expansi\u00f3n\u00a0 y se requieren biomateriales m\u00e1s eficientes que impliquen soluciones menos invasivas y el consumo de menos recursos.<\/p>\n\n\n\n\n<p style=\"text-align: justify;\">El <strong>objetivo general<\/strong> del proyecto es el dise\u00f1o y fabricaci\u00f3n por impresi\u00f3n 3D de un dispositivo biom\u00e9dico calentable en forma de f\u00e9rula dental, basado en la incorporaci\u00f3n de \u00f3xido de grafeno en una matriz polim\u00e9rica de \u00e1cido polil\u00e1ctico y la irradiaci\u00f3n con l\u00e1ser VIS-NIR, para inducir una hipertemia leve (\u226442\u00baC) sobre el tejido gingival, logrando un efecto antibacteriano.<\/p>\n\n\nEl proyecto presentado se alinea con las \u00e1reas tecnol\u00f3gicas y l\u00edneas prioritarias de la agenda cient\u00edfica de CINTECX, en concreto en el \u00e1mbito del RIS3 de Galicia centrado en el Nuevo modelo de vida saludable basado en el envejecimiento activo de la poblaci\u00f3n.\n\n\n<p style=\"text-align: justify;\">La presente propuesta integra a tres grupos de investigaci\u00f3n de CINTECX:<\/p>\n\n\n\n\n\n<ul>\n \t\n\n<li style=\"text-align: justify;\"><strong>Grupo Novos Materiais (FA3)<\/strong><\/li>\n\n\n \t\n\n<li style=\"text-align: justify;\"><strong>Grupo de Tecnolog\u00eda Energ\u00e9tica (GTE)<\/strong><\/li>\n\n\n \t\n\n<li style=\"text-align: justify;\"><strong>Grupo de Dise\u00f1o y Simulaci\u00f3n Num\u00e9rica en Ingenier\u00eda Mec\u00e1nica (DSN)<\/strong><\/li>\n\n\n<\/ul>\n\n\n\n\n<h2><strong>NOTICIAS<\/strong><\/h2>\n\n\n\n\n<table style=\"width: 100%;\">\n\n\n<tbody>\n\n\n<tr>\n\n\n<td style=\"width: 33%;\"><img decoding=\"async\" class=\"wp-image-229971 aligncenter\" src=\"https:\/\/cintecx.uvigo.es\/wp-content\/uploads\/2022\/10\/TFG-Irene.jpg\" \/><\/td>\n\n\n\n\n<td style=\"width: 33%;\"><img decoding=\"async\" class=\"wp-image-229971 aligncenter\" src=\"https:\/\/cintecx.uvigo.es\/wp-content\/uploads\/2022\/10\/Congreso-CNMAT-2022.jpg\" \/><\/td>\n\n\n\n\n<td style=\"width: 33%;\"><img decoding=\"async\" class=\"wp-image-229971 aligncenter\" src=\"https:\/\/cintecx.uvigo.es\/wp-content\/uploads\/2022\/10\/estancia-Laura.jpg\" \/><\/td>\n\n\n<\/tr>\n\n\n\n\n<tr>\n\n\n<td style=\"width: 33%;\">\n\n\n<p style=\"text-align: justify;\">El pasado 14 de septiembre Irene Fern\u00e1ndez realiz\u00f3 la defensa de su TFG en el Grado de Ingenier\u00eda Biom\u00e9dica. Este trabajo ha sido co-dirigido por Christian Gil y Jes\u00fas Vence del Grupo GTE<\/p>\n\n\n<\/td>\n\n\n\n\n<td style=\"width: 33%;\">\n\n\n<p style=\"text-align: justify;\">Laura Gonz\u00e1lez y Sara P\u00e9rez, del Grupo Novos Materiais, han asistido al XVI Congreso Nacional de Materiales, CNMAT 2022, en Ciudad Real, del 28 Junio al 1 Julio 2022. All\u00ed han presentado los primeros resultados del proyecto.<\/p>\n\n\n<\/td>\n\n\n\n\n<td style=\"width: 33%;\">\n\n\n<p style=\"text-align: justify;\">Tras una estancia de 3 meses en el Biofilm Research Group del Centre of Biological Engineeering de la Universidade do Minho (abril-junio de 2022), la investigadora Laura Gonz\u00e1lez, del Grupo Nuevos Materiales, pudo complementar su tesis con interesantes resultados sobre el comportamiento antibacteriano de la hipertermia generada mediante la irradiaci\u00f3n l\u00e1ser de dispositivos a base de \u00f3xido de grafeno.<\/p>\n\n\n<\/td>\n\n\n<\/tr>\n\n\n<\/tbody>\n\n\n<\/table>\n\n--><\/p>\n","protected":false},"excerpt":{"rendered":"<p>Convocatoria O Plan Estrat\u00e9xico de CINTECX contempla, dentro do plan de acci\u00f3n para o cumprimento dos seus obxectivos estrat\u00e9xicos, unha convocatoria anual de axudas na &hellip; <a class=\"excerpt_more\" href=\"https:\/\/cintecx.uvigo.es\/gl\/investigacion\/cintecx-annual-challenge\/challenge-2026\/\">Continuar<\/a><\/p>\n","protected":false},"author":11,"featured_media":0,"parent":224531,"menu_order":0,"comment_status":"closed","ping_status":"closed","template":"","meta":{"inline_featured_image":false,"footnotes":""},"class_list":["post-259732","page","type-page","status-publish","hentry"],"_links":{"self":[{"href":"https:\/\/cintecx.uvigo.es\/gl\/wp-json\/wp\/v2\/pages\/259732","targetHints":{"allow":["GET"]}}],"collection":[{"href":"https:\/\/cintecx.uvigo.es\/gl\/wp-json\/wp\/v2\/pages"}],"about":[{"href":"https:\/\/cintecx.uvigo.es\/gl\/wp-json\/wp\/v2\/types\/page"}],"author":[{"embeddable":true,"href":"https:\/\/cintecx.uvigo.es\/gl\/wp-json\/wp\/v2\/users\/11"}],"replies":[{"embeddable":true,"href":"https:\/\/cintecx.uvigo.es\/gl\/wp-json\/wp\/v2\/comments?post=259732"}],"version-history":[{"count":10,"href":"https:\/\/cintecx.uvigo.es\/gl\/wp-json\/wp\/v2\/pages\/259732\/revisions"}],"predecessor-version":[{"id":262622,"href":"https:\/\/cintecx.uvigo.es\/gl\/wp-json\/wp\/v2\/pages\/259732\/revisions\/262622"}],"up":[{"embeddable":true,"href":"https:\/\/cintecx.uvigo.es\/gl\/wp-json\/wp\/v2\/pages\/224531"}],"wp:attachment":[{"href":"https:\/\/cintecx.uvigo.es\/gl\/wp-json\/wp\/v2\/media?parent=259732"}],"curies":[{"name":"wp","href":"https:\/\/api.w.org\/{rel}","templated":true}]}}