{"id":251085,"date":"2024-02-14T17:23:01","date_gmt":"2024-02-14T16:23:01","guid":{"rendered":"https:\/\/cintecx.uvigo.es\/?page_id=251085"},"modified":"2024-06-05T15:24:50","modified_gmt":"2024-06-05T13:24:50","slug":"persoas-implicacion-promocion-igualdade-xenero","status":"publish","type":"page","link":"https:\/\/cintecx.uvigo.es\/gl\/igualdade-cintecx\/igualdade-en-cintecx\/persoas-implicacion-promocion-igualdade-xenero\/","title":{"rendered":"Persoas con especial implicaci\u00f3n na promoci\u00f3n da igualdade de x\u00e9nero"},"content":{"rendered":"<p><img decoding=\"async\" src=\"\/wp-content\/uploads\/2023\/11\/Igualdad_1400x350.jpg\" alt=\"\" width=\"100%\" \/><br \/>\n&nbsp;<\/p>\n<p>Dende a s\u00faa creaci\u00f3n, Cintecx conta con persoal experto e con ampla experiencia e implicaci\u00f3n ena promoci\u00f3n da igualdade de x\u00e9nero. Un dos obxectivos fundamentais en materia de igualdade \u00e9 o desenvolvemento de actividades espec\u00edficas que permitan aumentar e mellorar ano a ano a formaci\u00f3n en materia de igualdade de todo o noso persoal. <\/p>\n<p>A continuaci\u00f3n podes consultar unha breve rese\u00f1a dalgunha das persoas expertas en materia de igualdade en CINTECX.<\/p>\n<div class=\"custom-block graylight\">\n<div class=\"row\">\n<div class=\"col-md-6\">\n<div class=\"container_persoas_igualdade\">\n<div class=\"box1_persoas_igualdade\">\n<h4>Concepci\u00f3n<br \/>\nPaz<br \/>\nPen\u00edn  <\/h4>\n<\/div>\n<div class=\"box2_persoas_igualdade\">\n<p> Participaci\u00f3n en campa\u00f1as de fomento de vocaci\u00f3ns cient\u00edficas das nenas:<br \/>\n\u2022 \u201cQuero ser investigadora 1\u201d, editado pola Vicerreitor\u00eda de Comunicaci\u00f3n e Relaci\u00f3ns Institucionais da Universidade de Vigo (acci\u00f3n promovida pola Unidade de Cultura Cient\u00edfica).<br \/>\n\u2022 Participaci\u00f3n na campa\u00f1a de CINTECX: \u201cD\u00eda da muller e da nena na ciencia en CINTECX\u201d, 2022 e 2023<br \/>\n\u2022 Ciencia de ida e volta, membro do equipo de investigaci\u00f3n.<br \/>\n\u2022 IP do proxecto \u201cGu\u00eda operativa para incorporar a perspectiva de x\u00e9nero \u00e1 investigaci\u00f3n no \u00e1mbito tecnol\u00f3xico-industrial\u201d (2023). C\u00e1tedra Feminismos 4.0.<br \/>\n\u2022 Organizaci\u00f3n e presentaci\u00f3n da xornada Perspectiva de x\u00e9nero no \u00e1mbito tecnol\u00f3xico e industrial (setembro 2023).<br \/>\n\u2022 Mesa redonda sobre a igualdade da muller no \u00e1mbito da enxe\u00f1ar\u00eda (2023).<br \/>\n\u2022 Campa\u00f1a fotogr\u00e1fica (8M 2022).<br \/>\n\u2022 Campa\u00f1a de visibilizaci\u00f3n das investigadoras de CINTECX polo d\u00eda da muller e nena na ciencia 2021 e 2022.\n<\/p>\n<\/div><\/div>\n<\/div>\n<div class=\"col-md-6\">\n<div class=\"container_persoas_igualdade\">\n<div class=\"box1_persoas_igualdade\">\n<h4>Santiago<br \/>\nPozo<br \/>\nAntonio  <\/h4>\n<\/div>\n<div class=\"box2_persoas_igualdade\">\n<p> \u2022 Participaci\u00f3n na feria \u201cCiencia de ida e volta: a ciencia que ven ten nome de muller\u201d.<br \/>\n\u2022 Mentor programa\u202fSTEMbach\u202f (4 proxectos bianuais).<br \/>\n\u2022 Mentor en INSPIRA STEAM (2022-2023).<br \/>\n\u2022 Finalista de CIENCIA EN ACCI\u00d3N XVI (Viladecans, Catalu\u00f1a. 16 e 17 de outubro 2015). Modalidade \u201cCiencia, ingenier\u00eda y valores\u201d co traballo \u201cViaja con la doctora violeta (a trav\u00e9s de la igualdad y el conocimiento)\u201d de Ana Jes\u00fas L\u00f3pez, Santiago Pozo e Melania Fern\u00e1ndez.<br \/>\n\u2022 Coautor de 3 cap\u00edtulos de libro centrados en evaluaci\u00f3ns da lenguaxe non sexista nas p\u00e1xinas webs das universidades galegas e na creaci\u00f3n de ferramentas multimedia para a formaci\u00f3n en x\u00e9nero.<br \/>\n\u2022 Participa en proxectos con perspectiva de x\u00e9nero como o proxecto financiado pola C\u00e1tedra Feminismos 4.0 DePo-UVigo na s\u00faa 1\u00ba edici\u00f3n, titulado Rendemento acad\u00e9mico e egreso das mulleres nos graos de enxe\u00f1ar\u00eda da UVigo (2019).<\/p>\n<\/div><\/div>\n<\/div>\n<\/div>\n<p> <!--pecha fila --><\/p>\n<div class=\"row\">\n<div class=\"col-md-6\">\n<div class=\"container_persoas_igualdade\">\n<div class=\"box1_persoas_igualdade\">\n<h4>M\u00aa Teresa<br \/>\nRivas<br \/>\nBrea<\/h4>\n<\/div>\n<div class=\"box2_persoas_igualdade\">\n<p> \u2022 Investigadora principal do Proxecto de investigaci\u00f3n financiado conxuntamente pola Unidade de Igualdade de la Universidade de Vigo e a Deputaci\u00f3n De Pontevedra, titulado INGRESO, RENDEMENTO ACAD\u00c9MICO E EGRESO DAS MULLERES NOS GRAOS DE ENXE\u00d1AR\u00cdA DA UVIGO. 2018-2019. C\u00e1tedra Feminismos 4.0. Artigos relacionados co proxecto titulado Rendemento acad\u00e9mico e egreso das mulleres nos graos de enxe\u00f1ar\u00eda da UVigo.<br \/>\n\u2022 Participaci\u00f3n en Inspira STEAM.<br \/>\n\u2022 Impartici\u00f3n de obradoiros na celebraci\u00f3n do D\u00eda Internacional da muller e a nena na ciencia e do D\u00eda Internacional da Muller.<br \/>\n\u2022 Asistencia a formaci\u00f3ns en igualdade, diversidade e inclusi\u00f3n.\n<\/p>\n<\/div><\/div>\n<\/div>\n<div class=\"col-md-6\">\n<div class=\"container_persoas_igualdade\">\n<div class=\"box1_persoas_igualdade\">\n<h4>Ana<br \/>\nLarra\u00f1aga<br \/>\nJaneiro<\/h4>\n<\/div>\n<div class=\"box2_persoas_igualdade\">\n<p> \u2022 Participaci\u00f3n no proxecto internacional de divulgaci\u00f3n cient\u00edfica GNIGHT (edici\u00f3ns 2021, 2022 e 2023).<br \/>\n\u2022 Participaci\u00f3n no proxecto FECYT \u201cCiencia de ida e volta\u201d (2021-2022) dentro da actividade \u201cA ciencia que ven ten nome de muller\u201d.<br \/>\n\u2022 Participaci\u00f3n nas actividades das Xornadas do 11-F promovidas pola Unidade de Cultura Cient\u00edfica da UVigo baixo o nome de \u201cElas fan CienTec\u201d.\u202f<br \/>\n\u2022 Participou en 2023 na xornada Ingenier\u00eda x Mujeres organizada polo centro de investigaci\u00f3n AtlanTTic da Universidade de Vigo.<br \/>\n\u2022 Participaci\u00f3n na campa\u00f1a de CINTECX: \u201cD\u00eda da muller e da nena na ciencia en CINTECX 2022&#8243;.<\/p>\n<\/div><\/div>\n<\/div>\n<\/div>\n<p> <!--pecha fila --><\/p>\n<div class=\"row\">\n<div class=\"col-md-6\">\n<div class=\"container_persoas_igualdade\">\n<div class=\"box1_persoas_igualdade\">\n<h4>Xanel<br \/>\nVecino<br \/>\nBello  <\/h4>\n<\/div>\n<div class=\"box2_persoas_igualdade\">\n<p> \u2022 Participaci\u00f3n en campa\u00f1as de fomento de vocaci\u00f3ns cient\u00edficas nas nenas (Inspira STEAM (2021, 2022) e STEMBach (2022-2024)<br \/>\n\u2022 8-Marzo entrevista organizada por Cintecx: D\u00eda Internacional da Muller;<br \/>\n\u2022 Concurso de fotograf\u00eda Muller Rme (a profesi\u00f3n das mulleres en Enxe\u00f1er\u00eda de Minas e Enerx\u00eda), etc.<br \/>\n\u2022 Relatora oral no Ciclo de Charlas \u201cMulleres na Ciencia\u201d organizado pola Facultad de Qu\u00edmica-UVigo.\u202f<br \/>\n\u2022 Participaci\u00f3n na campa\u00f1a de CINTECX: \u201cD\u00eda da muller e da nena na ciencia en CINTECX\u201d 2022.<\/p>\n<\/div><\/div>\n<\/div>\n<div class=\"col-md-6\">\n<div class=\"container_persoas_igualdade\">\n<div class=\"box1_persoas_igualdade\">\n<h4>Raquel<br \/>\nP\u00e9rez<br \/>\nOrozco <\/h4>\n<\/div>\n<div class=\"box2_persoas_igualdade\">\n<p> \u2022 Membro do equipo investigador \u201cGu\u00eda operativa para incorporar a perspectiva de x\u00e9nero \u00e1 investigaci\u00f3n no \u00e1mbito tecnol\u00f3xico-industrial\u201d (2023). C\u00e1tedra Feminismos 4.0.<br \/>\n\u2022 Participaci\u00f3n nas Xornadas do 11-F promovidas pola Unidade de Cultura Cient\u00edfica da UVigo &#8211; \u201cElas fan CienTec\u201d.<br \/>\n\u2022 Participaci\u00f3n no proxecto internacional de divulgaci\u00f3n cient\u00edfica \u201cGNIGHT\u201d (2021).<br \/>\n\u2022 Experiencia en programas de fomento de inquietudes cient\u00edfico-tecnol\u00f3xicas a escolares en programa STEMbach.<br \/>\n\u2022 Mentora en Inspira STEAM.<br \/>\n\u2022 Participaci\u00f3n en \u201cCiencia de ida e volta\u201d (2021-2022).<\/p>\n<\/div><\/div>\n<\/div>\n<\/div>\n<p> <!--pecha fila --><\/p>\n<div class=\"row\">\n<div class=\"col-md-6\">\n<div class=\"container_persoas_igualdade\">\n<div class=\"box1_persoas_igualdade\">\n<h4>\u00c1ngeles<br \/>\nSanrom\u00e1n<br \/>\nBraga<\/h4>\n<\/div>\n<div class=\"box2_persoas_igualdade\">\n<p> Participaci\u00f3n en campa\u00f1as de fomento de vocaci\u00f3ns cient\u00edficas nas nenas:<br \/>\n         \u2022  \u201cQuero ser investigadora 3\u201d, editado pola Vicerreitor\u00eda de Comunicaci\u00f3n e Relaci\u00f3ns Institucionais da Universidade de Vigo (acci\u00f3n promovida pola Unidade de Cultura Cient\u00edfica).<br \/>\n        \u2022 Participaci\u00f3n na campa\u00f1a de CINTECX: \u201cD\u00eda da muller e da nena na ciencia en CINTECX 2022&#8243;.<\/p>\n<\/div><\/div>\n<\/div>\n<div class=\"col-md-6\">\n<div class=\"container_persoas_igualdade\">\n<div class=\"box1_persoas_igualdade\">\n<h4>Bel\u00e9n<br \/>\nRiveiro<br \/>\nRodr\u00edguez<\/h4>\n<\/div>\n<div class=\"box2_persoas_igualdade\">\n<p>Participaci\u00f3n en campa\u00f1as de fomento de vocaci\u00f3ns cient\u00edficas nas nenas:<br \/>\n\u2022 \u201cQuero ser investigadora 2\u201d, editado pola Vicerreitor\u00eda de Comunicaci\u00f3n e Relaci\u00f3ns Institucionais da Universidade de Vigo (acci\u00f3n promovida pola Unidade de Cultura Cient\u00edfica).<br \/>\n\u2022 Participaci\u00f3n na campa\u00f1a de CINTECX: \u201cD\u00eda da muller e da nena na ciencia en CINTECX\u201d 2022. <\/p>\n<\/div><\/div>\n<\/div>\n<\/div>\n<p> <!--pecha fila --><\/p>\n<div class=\"row\">\n<div class=\"col-md-6\">\n<div class=\"container_persoas_igualdade\">\n<div class=\"box1_persoas_igualdade\">\n<h4>Gloria M\u00aa<br \/>\nPena<br \/>\nUris<br \/>\n<\/h4>\n<\/div>\n<div class=\"box2_persoas_igualdade\">\n<p> \u2022 Participaci\u00f3n nas Xornadas de Divulgaci\u00f3n en Ciencia, Tecnolox\u00eda, Enxe\u00f1er\u00eda e Matem\u00e1ticas: eXXperimenta en feminino 2019, (Campus Ourense, UVigo).<br \/>\n\u2022 Participaci\u00f3n durante 2 cursos no programa STEMBach.<br \/>\n\u2022 Participaci\u00f3n, a trav\u00e9s de SOCIEMAT, en \u201cMaterland\u201d proxecto financiado por FECYT (2021).<\/p>\n<\/div><\/div>\n<\/div>\n<div class=\"col-md-6\">\n<div class=\"container_persoas_igualdade\">\n<div class=\"box1_persoas_igualdade\">\n<h4>Juan Jos\u00e9<br \/>\nRico<br \/>\nFuentes<\/h4>\n<\/div>\n<div class=\"box2_persoas_igualdade\">\n<p> Participaci\u00f3n en actividades destinadas a visibilizar o papel da muller na enxe\u00f1er\u00eda con:<br \/>\n\u2022 Conferencias en colexios e mediante o programa Inspira STEAM, que busca fomentar as vocaci\u00f3ns de car\u00e1cter cient\u00edfico-t\u00e9cnicas entre as rapazas e reforzar os valores de igualdade e convivencia.\n<\/p>\n<\/div><\/div>\n<\/div>\n<\/div>\n<p> <!--pecha fila --><\/p>\n<div class=\"row\">\n<div class=\"col-md-6\">\n<div class=\"container_persoas_igualdade\">\n<div class=\"box1_persoas_igualdade\">\n<h4>Eduardo<br \/>\nSu\u00e1rez<br \/>\nPorto  <\/h4>\n<\/div>\n<div class=\"box2_persoas_igualdade\">\n<p> \u2022 Membro do Comit\u00e9 de Igualdade de CINTECX.<br \/>\n\u2022 Membro equipo investigador \u201cGu\u00eda operativa para incorporar a perspectiva de x\u00e9nero \u00e1 investigaci\u00f3n no \u00e1mbito tecnol\u00f3xico-industrial\u201d (2023). C\u00e1tedra Feminismos 4.0.<br \/>\n\u2022 Asistencia a formaci\u00f3ns en igualdade, diversidade e inclusi\u00f3n.<\/p>\n<\/div><\/div>\n<\/div>\n<div class=\"col-md-6\">\n<div class=\"container_persoas_igualdade\">\n<div class=\"box1_persoas_igualdade\">\n<h4>Mariola<br \/>\nNorte<br \/>\nNavarro  <\/h4>\n<\/div>\n<div class=\"box2_persoas_igualdade\">\n<p> \u2022 Membro do Comit\u00e9 de Igualdade de CINTECX.<br \/>\n\u2022 Membro do equipo investigador \u201cGu\u00eda operativa para incorporar a perspectiva de x\u00e9nero \u00e1 investigaci\u00f3n no \u00e1mbito tecnol\u00f3xico-industrial\u201d (2023). C\u00e1tedra feminismos 4.0.<br \/>\n\u2022 Organizaci\u00f3n da xornada Perspectiva de x\u00e9nero no \u00e1mbito tecnol\u00f3xico e industrial (setembro 2023).<\/p>\n<\/div><\/div>\n<\/div>\n<\/div>\n<p> <!--pecha fila --><\/p>\n<div class=\"row\">\n<div class=\"col-md-6\">\n<div class=\"container_persoas_igualdade\">\n<div class=\"box1_persoas_igualdade\">\n<h4>Julia<br \/>\nSerra<br \/>\nRodr\u00edguez  <\/h4>\n<\/div>\n<div class=\"box2_persoas_igualdade\">\n<p> \u2022 Participaci\u00f3n na campa\u00f1a de CINTECX: \u201cD\u00eda da muller e da nena na ciencia en CINTECX\u201d, 2022.<br \/>\n\u2022 Presentaci\u00f3n oral no Ciclo de Charlas \u201cMulleres na Ciencia\u201d, organizado pola Facultade de Qu\u00edmica da UVigo o 30 de marzo de 2022.<\/p>\n<\/div><\/div>\n<\/div>\n<div class=\"col-md-6\">\n<div class=\"container_persoas_igualdade\">\n<div class=\"box1_persoas_igualdade\">\n<h4>Lea<br \/>\nMel\u00f3n<br \/>\nCudilleiro <\/h4>\n<\/div>\n<div class=\"box2_persoas_igualdade\">\n<p> \u2022 Membro do equipo investigador \u201cGu\u00eda operativa para incorporar a perspectiva de x\u00e9nero \u00e1 investigaci\u00f3n no \u00e1mbito tecnol\u00f3xico-industrial\u201d (2023). C\u00e1tedra Feminismos 4.0.<br \/>\n\u2022 Organizaci\u00f3n da xornada Perspectiva de x\u00e9nero no \u00e1mbito tecnol\u00f3xico e industrial (setembro 2023).<\/p>\n<\/div><\/div>\n<\/div>\n<\/div>\n<p> <!--pecha fila --><\/p>\n<div class=\"row\">\n<div class=\"col-md-6\">\n<div class=\"container_persoas_igualdade\">\n<div class=\"box1_persoas_igualdade\">\n<h4>Marta M\u00aa<br \/>\nPazos<br \/>\nCurr\u00e1s <\/h4>\n<\/div>\n<div class=\"box2_persoas_igualdade\">\n<p> \u2022 Participaci\u00f3n na feira \u201cCiencia de ida e volta: a ciencia que ven ten nome de muller\u201d 2023.<br \/>\n\u2022 Participaci\u00f3n na campa\u00f1a de CINTECX: \u201cD\u00eda da muller e da nena na ciencia en CINTECX 2022.<\/p>\n<\/div><\/div>\n<\/div>\n<div class=\"col-md-6\">\n<div class=\"container_persoas_igualdade\">\n<div class=\"box1_persoas_igualdade\">\n<h4>F\u00e9lix<br \/>\nQuintero<br \/>\nMart\u00ednez<\/h4>\n<\/div>\n<div class=\"box2_persoas_igualdade\">\n<p> \u2022 Membro do equipo investigador \u201cGu\u00eda operativa para incorporar a perspectiva de x\u00e9nero \u00e1 investigaci\u00f3n no \u00e1mbito tecnol\u00f3xico-industrial\u201d (2023). C\u00e1tedra Feminismos 4.0.\n<\/p>\n<\/div><\/div>\n<\/div>\n<\/div>\n<p> <!--pecha fila --><\/p>\n<div class=\"row\">\n<div class=\"col-md-6\">\n<div class=\"container_persoas_igualdade\">\n<div class=\"box1_persoas_igualdade\">\n<h4>M\u00aa Carmen<br \/>\nP\u00e9rez<br \/>\nP\u00e9rez<\/h4>\n<\/div>\n<div class=\"box2_persoas_igualdade\">\n<p> \u2022 Membro do Comit\u00e9 de igualdade de CINTECX.<br \/>\n\u2022 Enlace de Igualdade en CINTECX.<br \/>\n\u2022 Participaci\u00f3n na campa\u00f1a de CINTECX: \u201cD\u00eda da muller e da nena na ciencia en CINTECX\u201d 2022.<\/p>\n<\/div><\/div>\n<\/div>\n<div class=\"col-md-6\">\n<div class=\"container_persoas_igualdade\">\n<div class=\"box1_persoas_igualdade\">\n<h4>Mar\u00eda<br \/>\nPazo<br \/>\nRodr\u00edguez <\/h4>\n<\/div>\n<div class=\"box2_persoas_igualdade\">\n<p> \u2022 Participaci\u00f3n na feira \u201cciencia de ida e volta\u201d a ciencia que ven ten nome de muller (2021-2022-2023).<br \/>\n\u2022 Participaci\u00f3n na G-night 2022.<\/p>\n<\/div><\/div>\n<\/div>\n<\/div>\n<p> <!--pecha fila --><\/p>\n<div class=\"row\">\n<div class=\"col-md-6\">\n<div class=\"container_persoas_igualdade\">\n<div class=\"box1_persoas_igualdade\">\n<h4>Mercedes<br \/>\nSolla<br \/>\nCarracelas  <\/h4>\n<\/div>\n<div class=\"box2_persoas_igualdade\">\n<p> \u2022 Participaci\u00f3n na campa\u00f1a de CINTECX: \u201cD\u00eda da muller e da nena na ciencia en CINTECX\u201d, 2022.<\/p>\n<\/div><\/div>\n<\/div>\n<div class=\"col-md-6\">\n<div class=\"container_persoas_igualdade\">\n<div class=\"box1_persoas_igualdade\">\n<h4>Aida M\u00aa<br \/>\nD\u00edez<br \/>\nSarabia  <\/h4>\n<\/div>\n<div class=\"box2_persoas_igualdade\">\n<p> \u2022 Participaci\u00f3n na feira \u201cCiencia de ida e volta: a ciencia que ven ten nome de muller\u201d 2023.<\/p>\n<\/div><\/div>\n<\/div>\n<\/div>\n<p> <!--pecha fila --><\/p>\n<div class=\"row\">\n<div class=\"col-md-6\">\n<div class=\"container_persoas_igualdade\">\n<div class=\"box1_persoas_igualdade\">\n<h4>Emilio<br \/>\nRosales<br \/>\nVillanueva <\/h4>\n<\/div>\n<div class=\"box2_persoas_igualdade\">\n<p> \u2022 Membro do Comit\u00e9 de igualdade de CINTECX.<\/p>\n<p>&nbsp;\n<\/p>\n<\/div><\/div>\n<\/div>\n<div class=\"col-md-6\">\n<\/div>\n<\/div>\n<p> <!--pecha fila --><\/p>\n<\/div>\n<p><!--pecha cadro gris--><\/p>\n","protected":false},"excerpt":{"rendered":"<p>&nbsp; Dende a s\u00faa creaci\u00f3n, Cintecx conta con persoal experto e con ampla experiencia e implicaci\u00f3n ena promoci\u00f3n da igualdade de x\u00e9nero. Un dos obxectivos &hellip; <a class=\"excerpt_more\" href=\"https:\/\/cintecx.uvigo.es\/gl\/igualdade-cintecx\/igualdade-en-cintecx\/persoas-implicacion-promocion-igualdade-xenero\/\">Continuar<\/a><\/p>\n","protected":false},"author":2,"featured_media":0,"parent":247997,"menu_order":50,"comment_status":"closed","ping_status":"closed","template":"views\/template-fullwidth.blade.php","meta":{"inline_featured_image":false,"footnotes":""},"class_list":["post-251085","page","type-page","status-publish","hentry"],"_links":{"self":[{"href":"https:\/\/cintecx.uvigo.es\/gl\/wp-json\/wp\/v2\/pages\/251085","targetHints":{"allow":["GET"]}}],"collection":[{"href":"https:\/\/cintecx.uvigo.es\/gl\/wp-json\/wp\/v2\/pages"}],"about":[{"href":"https:\/\/cintecx.uvigo.es\/gl\/wp-json\/wp\/v2\/types\/page"}],"author":[{"embeddable":true,"href":"https:\/\/cintecx.uvigo.es\/gl\/wp-json\/wp\/v2\/users\/2"}],"replies":[{"embeddable":true,"href":"https:\/\/cintecx.uvigo.es\/gl\/wp-json\/wp\/v2\/comments?post=251085"}],"version-history":[{"count":22,"href":"https:\/\/cintecx.uvigo.es\/gl\/wp-json\/wp\/v2\/pages\/251085\/revisions"}],"predecessor-version":[{"id":253193,"href":"https:\/\/cintecx.uvigo.es\/gl\/wp-json\/wp\/v2\/pages\/251085\/revisions\/253193"}],"up":[{"embeddable":true,"href":"https:\/\/cintecx.uvigo.es\/gl\/wp-json\/wp\/v2\/pages\/247997"}],"wp:attachment":[{"href":"https:\/\/cintecx.uvigo.es\/gl\/wp-json\/wp\/v2\/media?parent=251085"}],"curies":[{"name":"wp","href":"https:\/\/api.w.org\/{rel}","templated":true}]}}