{"id":250285,"date":"2024-01-25T21:47:55","date_gmt":"2024-01-25T20:47:55","guid":{"rendered":"https:\/\/cintecx.uvigo.es\/?page_id=250285"},"modified":"2024-01-25T21:47:55","modified_gmt":"2024-01-25T20:47:55","slug":"localizacion","status":"publish","type":"page","link":"https:\/\/cintecx.uvigo.es\/gl\/cintecx\/localizacion\/","title":{"rendered":"Localizaci\u00f3n"},"content":{"rendered":"<div>\n<iframe src=\"https:\/\/www.google.com\/maps\/embed?pb=!1m14!1m8!1m3!1d1758.3659651729479!2d-8.688938677063788!3d42.16724772444365!3m2!1i1024!2i768!4f13.1!3m3!1m2!1s0x0%3A0x21d2bc0b5cb912af!2sCentro%20de%20Investigaci%C3%B3n%20en%20Tecnolog%C3%ADas%2C%20Energ%C3%ADa%20y%20Procesos%20Industriales!5e0!3m2!1sgl!2ses!4v1648386869311!5m2!1sgl!2ses\" width=\"100%\" height=\"450\" style=\"border:0;\" allowfullscreen=\"\" loading=\"lazy\" referrerpolicy=\"no-referrer-when-downgrade\"><\/iframe>\n<\/div>\n<p>&nbsp;<br \/>\n<strong>Centro de Investigaci\u00f3n en Tecnolox\u00edas, Enerx\u00edas e Procesos Industriais<\/strong><br \/>\nCampus As Lagoas, Marcosende<br \/>\n36310 Vigo (Pontevedra)<\/p>\n<p><i class=\"fa fa-phone\"> <\/i> Conserxer\u00eda<br \/>\n+34 986 130 153<\/p>\n<p><i class=\"fa fa-phone\"> <\/i> Informaci\u00f3n xeral<br \/>\n+34 986 130 223<\/p>\n<p><i class=\"fa fa-envelope-o\"><\/i> <a href=\"mailto:cintecx@uvigo.gal\">cintecx@uvigo.gal<\/a><br \/>\n&nbsp;<\/p>\n","protected":false},"excerpt":{"rendered":"<p>&nbsp; Centro de Investigaci\u00f3n en Tecnolox\u00edas, Enerx\u00edas e Procesos Industriais Campus As Lagoas, Marcosende 36310 Vigo (Pontevedra) Conserxer\u00eda +34 986 130 153 Informaci\u00f3n xeral +34 &hellip; <a class=\"excerpt_more\" href=\"https:\/\/cintecx.uvigo.es\/gl\/cintecx\/localizacion\/\">Continuar<\/a><\/p>\n","protected":false},"author":2,"featured_media":0,"parent":1297,"menu_order":0,"comment_status":"closed","ping_status":"closed","template":"views\/template-fullwidth.blade.php","meta":{"inline_featured_image":false,"footnotes":""},"class_list":["post-250285","page","type-page","status-publish","hentry"],"_links":{"self":[{"href":"https:\/\/cintecx.uvigo.es\/gl\/wp-json\/wp\/v2\/pages\/250285","targetHints":{"allow":["GET"]}}],"collection":[{"href":"https:\/\/cintecx.uvigo.es\/gl\/wp-json\/wp\/v2\/pages"}],"about":[{"href":"https:\/\/cintecx.uvigo.es\/gl\/wp-json\/wp\/v2\/types\/page"}],"author":[{"embeddable":true,"href":"https:\/\/cintecx.uvigo.es\/gl\/wp-json\/wp\/v2\/users\/2"}],"replies":[{"embeddable":true,"href":"https:\/\/cintecx.uvigo.es\/gl\/wp-json\/wp\/v2\/comments?post=250285"}],"version-history":[{"count":2,"href":"https:\/\/cintecx.uvigo.es\/gl\/wp-json\/wp\/v2\/pages\/250285\/revisions"}],"predecessor-version":[{"id":254930,"href":"https:\/\/cintecx.uvigo.es\/gl\/wp-json\/wp\/v2\/pages\/250285\/revisions\/254930"}],"up":[{"embeddable":true,"href":"https:\/\/cintecx.uvigo.es\/gl\/wp-json\/wp\/v2\/pages\/1297"}],"wp:attachment":[{"href":"https:\/\/cintecx.uvigo.es\/gl\/wp-json\/wp\/v2\/media?parent=250285"}],"curies":[{"name":"wp","href":"https:\/\/api.w.org\/{rel}","templated":true}]}}