{"id":248028,"date":"2023-12-20T22:05:14","date_gmt":"2023-12-20T21:05:14","guid":{"rendered":"https:\/\/cintecx.uvigo.es\/igualdade-cintecx\/eventos-en-el-ambito-de-la-igualdad\/"},"modified":"2025-12-17T12:46:04","modified_gmt":"2025-12-17T11:46:04","slug":"eventos-no-ambito-da-igualdade","status":"publish","type":"page","link":"https:\/\/cintecx.uvigo.es\/gl\/igualdade-cintecx\/igualdade-en-cintecx\/eventos-no-ambito-da-igualdade\/","title":{"rendered":"Eventos no \u00e1mbito da igualdade"},"content":{"rendered":"<p><img decoding=\"async\" src=\"\/wp-content\/uploads\/2023\/11\/Igualdad_1400x350.jpg\" alt=\"\" width=\"100%\" \/><br \/>\n&nbsp;<\/p>\n<div class=\"row\">\n<div class=\"col-md-6 col-lg-4\">\n<div class=\"card\" style=\"min-width: 25%;\">\n<div class=\"card-body\">\n<div class=\"flip-card\">\n<div class=\"flip-card-inner\">\n<div class=\"flip-card-front\">\n<h3 class=\"card-title\">21O C\u00e1mara Aberta CINTECX II Edici\u00f3n <\/h3>\n<p>\t\t\t\t<img decoding=\"async\" src=\"\/wp-content\/uploads\/2025\/12\/camara-abierta-25.jpg\" \/>\n                       <\/div>\n<div class=\"flip-card-back\">\n\t\t\t<br \/><a href=\"\/gl\/cintecx-amosa-o-lado-mais-humano-da-ciencia-con-camara-aberta-as-mulleres-e-homes-stem\/\" target=\"_blank\"><\/p>\n<p>Cintecx celebrou en 2025 unha nova edici\u00f3n da campa\u00f1a de sensibilizaci\u00f3n en materia de x\u00e9nero C\u00e1mara Aberta Cintecx \u00e1s Mulleres e Homes STEM, financiado pola Unidade de Igualdade, unha iniciativa coa que o centro busca visibilizar a realidade persoal e profesional do persoal investigador, promovendo a igualdade de x\u00e9nero e a conciliaci\u00f3n no \u00e1mbito cient\u00edfico e tecnol\u00f3xico.<\/p>\n<p><\/a>\n<\/p>\n<\/p><\/div>\n<\/p><\/div>\n<p> <!-- cierra card-inner !-->\n<\/div>\n<p> <!-- cierra flip-card--><\/p>\n<\/div>\n<p> <!--cierra card-body-->\n<\/div>\n<p> <!--cierra card-->\n<\/div>\n<p><!--cierra columna --><\/p>\n<div class=\"col-md-6 col-lg-4\">\n<div class=\"card\" style=\"min-width: 25%;\">\n<div class=\"card-body\">\n<div class=\"flip-card\">\n<div class=\"flip-card-inner\">\n<div class=\"flip-card-front\">\n<h3 class=\"card-title\">23X Evento D\u00eda da Muller na Enxe\u00f1ar\u00eda<\/h3>\n<p>\t\t\t\t<img decoding=\"async\" src=\"\/wp-content\/uploads\/2025\/12\/23j-2025.jpg\" \/>\n                       <\/div>\n<div class=\"flip-card-back\">\n\t\t\t<br \/><a href=\"\/gl\/cintecx-celebra-el-dia-internacional-de-la-mujer-en-la-ingenieria-reclamando-soluciones-a-la-brecha-de-genero-en-este-sector\/\" target=\"_blank\"><\/p>\n<p>O 23 de xu\u00f1o de 2025, D\u00eda Internacional da Muller na Enxe\u00f1er\u00eda, Cintecx celebrou a xornada \u201cPor que faltan mulleres na enxe\u00f1er\u00eda?\u201d, un encontro que reuniu a expertas e expertos do \u00e1mbito acad\u00e9mico, industrial e da igualdade para analizar as causas e posibles soluci\u00f3ns \u00e1 escasa presenza feminina neste \u00e1mbito profesional.<\/p>\n<p><\/a><\/p><\/div>\n<\/p><\/div>\n<p> <!-- cierra card-inner !-->\n<\/div>\n<p> <!-- cierra flip-card--><\/p>\n<\/div>\n<p> <!--cierra card-body-->\n<\/div>\n<p> <!--cierra card-->\n<\/div>\n<p><!--cierra columna --><\/p>\n<div class=\"col-md-6 col-lg-4\">\n<div class=\"card\" style=\"min-width: 25%;\">\n<div class=\"card-body\">\n<div class=\"flip-card\">\n<div class=\"flip-card-inner\">\n<div class=\"flip-card-front\">\n<h3 class=\"card-title\">8M 2025 Evento CINTECX-AIMEN<\/h3>\n<p>\t\t\t\t<img decoding=\"async\" src=\"\/wp-content\/uploads\/2025\/12\/Evento-cintecx-aimen-8m25.jpg\" \/>\n                       <\/div>\n<div class=\"flip-card-back\">\n\t\t\t<br \/><a href=\"\/gl\/cintecx-y-aimen-reunen-a-cinco-mujeres-lideres-en-investigacion-tecnologica-e-industrial-para-compartir-su-experiencia-sobre-como-forjar-una-carrera-exitosa\/\" target=\"_blank\"><\/p>\n<p>Cinco mulleres do \u00e1mbito investigador p\u00fablico e privado compartiron as s\u00faas experiencias na xornada Mulleres que Lideran, unha iniciativa impulsada por CINTECX e o centro tecnol\u00f3xico Aimen co obxectivo de impulsar a continuidade da carreira investigadora das mulleres que traballan nestes campos, d\u00e1ndolles pautas a seguir que lles axuden a forxar unha carreira profesional de \u00e9xito.<\/p>\n<p><\/a><\/p><\/div>\n<\/p><\/div>\n<p> <!-- cierra card-inner !-->\n<\/div>\n<p> <!-- cierra flip-card--><\/p>\n<\/div>\n<p> <!--cierra card-body-->\n<\/div>\n<p> <!--cierra card-->\n<\/div>\n<p><!--cierra columna -->\n<\/div>\n<p> <!--cierra fila--><\/p>\n<div class=\"row\">\n<div class=\"col-md-6 col-lg-4\">\n<div class=\"card\" style=\"min-width: 25%;\">\n<div class=\"card-body\">\n<div class=\"flip-card\">\n<div class=\"flip-card-inner\">\n<div class=\"flip-card-front\">\n<h3 class=\"card-title\">11F Exposici\u00f3n Mulleres investigadoras CINTECX  <\/h3>\n<p>\t\t\t\t<img decoding=\"async\" src=\"\/wp-content\/uploads\/2025\/12\/Exposicion-11F-25.jpg\" \/>\n                       <\/div>\n<div class=\"flip-card-back\">\n\t\t\t<br \/><a href=\"\/gl\/cintecx-celebra-el-dia-de-la-mujer-y-la-nina-en-la-ciencia-con-la-exposicion-mulleres-investigadoras\/\" target=\"_blank\"><\/p>\n<p>\nA exposici\u00f3n \u201cMulleres Investigadoras en CINTECX\u201d con motivo do D\u00eda da Muller e a Nena na Ciencia, recolle imaxes de 12 cient\u00edficas que animan a nenas e nenos a facer ciencia sen estereotipos de x\u00e9nero. Esta iniciativa busca promover por igual as vocaci\u00f3ns investigadoras e cient\u00edficas no \u00e1mbito do co\u00f1ecemento das ciencias t\u00e9cnicas.<\/p>\n<p><\/a>\n<\/p>\n<\/p><\/div>\n<\/p><\/div>\n<p> <!-- cierra card-inner !-->\n<\/div>\n<p> <!-- cierra flip-card--><\/p>\n<\/div>\n<p> <!--cierra card-body-->\n<\/div>\n<p> <!--cierra card-->\n<\/div>\n<p><!--cierra columna --><\/p>\n<div class=\"col-md-6 col-lg-4\">\n<div class=\"card\" style=\"min-width: 25%;\">\n<div class=\"card-body\">\n<div class=\"flip-card\">\n<div class=\"flip-card-inner\">\n<div class=\"flip-card-front\">\n<h3 class=\"card-title\">Calendario Investigadoras CINTECX 2025<\/h3>\n<p>\t\t\t\t<img decoding=\"async\" src=\"\/wp-content\/uploads\/2025\/12\/Calendario-cintecx-2025.jpg\" \/>\n                       <\/div>\n<div class=\"flip-card-back\">\n\t\t\t<br \/><a href=\"\/gl\/cintecx-visibiliza-as-mulleres-investigadoras-a-traves-dun-calendario-ilustrado-e-unha-exposicion\/\" target=\"_blank\"><\/p>\n<p>CINTECX visibiliza \u00e1s mulleres investigadoras a trav\u00e9s dun calendario ilustrado para conmemorar o 11F e inspirar as vocaci\u00f3ns das m\u00e1is novas.<\/p>\n<p><\/a><\/p><\/div>\n<\/p><\/div>\n<p> <!-- cierra card-inner !-->\n<\/div>\n<p> <!-- cierra flip-card--><\/p>\n<\/div>\n<p> <!--cierra card-body-->\n<\/div>\n<p> <!--cierra card-->\n<\/div>\n<p><!--cierra columna --><\/p>\n<div class=\"col-md-6 col-lg-4\">\n<div class=\"card\" style=\"min-width: 25%;\">\n<div class=\"card-body\">\n<div class=\"flip-card\">\n<div class=\"flip-card-inner\">\n<div class=\"flip-card-front\">\n<h3 class=\"card-title\">23X 2024 Campa\u00f1a D\u00eda da muller na enxe\u00f1er\u00eda<\/h3>\n<p>\t\t\t\t<img decoding=\"async\" src=\"\/wp-content\/uploads\/2025\/12\/dia-internacional-ingeniera-v2.jpg\" \/>\n                       <\/div>\n<div class=\"flip-card-back\">\n\t\t\t<br \/><a href=\"https:\/\/www.instagram.com\/p\/C8emPJtCbVU\/?utm_source=ig_web_copy_link&#038;igsh=MzRlODBiNWFlZA%3D%3D\" target=\"_blank\"><\/p>\n<p>Dende CINTECX celebramos o d\u00eda Internacional da Muller na Enxe\u00f1ar\u00eda de 2024 cunha campa\u00f1a de visibilizaci\u00f3n \u00e1s investigadoras do centro.<\/p>\n<p><\/a><\/p><\/div>\n<\/p><\/div>\n<p> <!-- cierra card-inner !-->\n<\/div>\n<p> <!-- cierra flip-card--><\/p>\n<\/div>\n<p> <!--cierra card-body-->\n<\/div>\n<p> <!--cierra card-->\n<\/div>\n<p><!--cierra columna --><\/p>\n<\/div>\n<p> <!--cierra fila--><\/p>\n<div class=\"row\">\n<div class=\"col-md-6 col-lg-4\">\n<div class=\"card\" style=\"min-width: 25%;\">\n<div class=\"card-body\">\n<div class=\"flip-card\">\n<div class=\"flip-card-inner\">\n<div class=\"flip-card-front\">\n<h3 class=\"card-title\">Acto entrega Distintivo de Igualdade da UVigo  <\/h3>\n<p>\t\t\t\t<img decoding=\"async\" src=\"\/wp-content\/uploads\/2025\/12\/distintivo-igualdade.jpg\" \/>\n                       <\/div>\n<div class=\"flip-card-back\">\n\t\t\t<br \/><a href=\"\/gl\/cintecx-unha-aposta-firme-e-decidida-por-incorporar-a-perspectiva-de-xenero-de-xeito-integral-na-busca-da-excelencia-investigadora-e-a-calidade\/\" target=\"_blank\"><\/p>\n<p>Cintecx, Comunicaci\u00f3n e Comercio reciben o Distintivo de Igualdade da UVigo.<\/p>\n<p>Tres novos exemplos dunha universidade m\u00e1is xusta, igualitaria e excelente.<\/p>\n<p><\/a>\n<\/p>\n<\/p><\/div>\n<\/p><\/div>\n<p> <!-- cierra card-inner !-->\n<\/div>\n<p> <!-- cierra flip-card--><\/p>\n<\/div>\n<p> <!--cierra card-body-->\n<\/div>\n<p> <!--cierra card-->\n<\/div>\n<p><!--cierra columna --><\/p>\n<div class=\"col-md-6 col-lg-4\">\n<div class=\"card\" style=\"min-width: 25%;\">\n<div class=\"card-body\">\n<div class=\"flip-card\">\n<div class=\"flip-card-inner\">\n<div class=\"flip-card-front\">\n<h3 class=\"card-title\">8M Presentaci\u00f3n Gu\u00eda Perspectiva de X\u00e9nero<\/h3>\n<p>\t\t\t\t<img decoding=\"async\" src=\"\/wp-content\/uploads\/2025\/12\/guia-perspectiva.jpg\" \/>\n                       <\/div>\n<div class=\"flip-card-back\">\n\t\t\t<br \/><a href=\"\/gl\/cintecx-presenta-unha-guia-practica-para-integrar-a-perspectiva-de-xenero-nas-investigacions-tecnoloxicas-e-industriais\/\" target=\"_blank\"><\/p>\n<p>Financiada pola C\u00e1tedra de Feminismos 4.0 Depo-UVigo, recolle criterios e pautas concretas de actuaci\u00f3n. Con esta gu\u00eda b\u00fascase dotar ao persoal investigador das ferramentas e pautas espec\u00edficas para mellorar a calidade das s\u00faas propostas de investigaci\u00f3n, fomentando un enfoque m\u00e1is inclusivo no \u00e1mbito cient\u00edfico.<\/p>\n<p><\/a><\/p><\/div>\n<\/p><\/div>\n<p> <!-- cierra card-inner !-->\n<\/div>\n<p> <!-- cierra flip-card--><\/p>\n<\/div>\n<p> <!--cierra card-body-->\n<\/div>\n<p> <!--cierra card-->\n<\/div>\n<p><!--cierra columna --><\/p>\n<div class=\"col-md-6 col-lg-4\">\n<div class=\"card\" style=\"min-width: 25%;\">\n<div class=\"card-body\">\n<div class=\"flip-card\">\n<div class=\"flip-card-inner\">\n<div class=\"flip-card-front\">\n<h3 class=\"card-title\">C\u00e1mara Aberta CINTECX \u00e1s mulleres STEM<\/h3>\n<p>\t\t\t\t<img decoding=\"async\" src=\"https:\/\/cintecx.uvigo.es\/wp-content\/uploads\/2025\/12\/camara-abierta-24.jpg\" \/>\n                       <\/div>\n<div class=\"flip-card-back\">\n\t\t\t<br \/><a href=\"\/gl\/camara-abierta-cintecx-publica-el-primer-video-coincidiendo-con-el-8m\/\" target=\"_blank\"><\/p>\n<p>Con motivo do D\u00eda da Muller e a Nena na Ciencia o 11 de febreiro de 2024, CINTECX puxo en marcha a iniciativa C\u00e1mara Aberta para compartir a experiencia das investigadoras do centro coas novas estudantes para motivar vocaci\u00f3ns cient\u00edficas.<\/p>\n<p><\/a><\/p><\/div>\n<\/p><\/div>\n<p> <!-- cierra card-inner !-->\n<\/div>\n<p> <!-- cierra flip-card--><\/p>\n<\/div>\n<p> <!--cierra card-body-->\n<\/div>\n<p> <!--cierra card-->\n<\/div>\n<p><!--cierra columna --><\/p>\n<\/div>\n<p> <!--cierra fila--><\/p>\n<div class=\"row\">\n<div class=\"col-md-6 col-lg-4\">\n<div class=\"card\" style=\"min-width: 25%;\">\n<div class=\"card-body\">\n<div class=\"flip-card\">\n<div class=\"flip-card-inner\">\n<div class=\"flip-card-front\">\n<h3 class=\"card-title\">Acci\u00f3ns para previr a violencia de x\u00e9nero  <\/h3>\n<p>\t\t\t\t<img decoding=\"async\" src=\"\/wp-content\/uploads\/2023\/12\/Punto-lila-25N.jpg\" \/>\n                       <\/div>\n<div class=\"flip-card-back\">\n\t\t\t<\/p>\n<p>O D\u00eda internacional da eliminaci\u00f3n da violencia contra as mulleres, o centro levou a cabo unha campa\u00f1a nas redes sociais contra as violencias machistas e a promoci\u00f3n do punto lila virtual da Universidade de Vigo.<\/p>\n<p>Realizouse tam\u00e9n carteler\u00eda espec\u00edfica que est\u00e1 exposta nas dependencias do centro.<\/p>\n<\/p><\/div>\n<\/p><\/div>\n<p> <!-- cierra card-inner !-->\n<\/div>\n<p> <!-- cierra flip-card--><\/p>\n<\/div>\n<p> <!--cierra card-body-->\n<\/div>\n<p> <!--cierra card-->\n<\/div>\n<p><!--cierra columna --><\/p>\n<div class=\"col-md-6 col-lg-4\">\n<div class=\"card\" style=\"min-width: 25%;\">\n<div class=\"card-body\">\n<div class=\"flip-card\">\n<div class=\"flip-card-inner\">\n<div class=\"flip-card-front\">\n<h3 class=\"card-title\">Mesa redonda igualdade da muller na enxe\u00f1er\u00eda<\/h3>\n<p>\t\t\t\t<img decoding=\"async\" src=\"\/wp-content\/uploads\/2023\/12\/Mesa-redonda-8M-23-cintecx-2.jpg\" \/>\n                       <\/div>\n<div class=\"flip-card-back\">\n\t\t\t<br \/><a href=\"\/gl\/evento\/mesa-redonda-igualdad-y-analisis-con-perspectiva-de-genero-en-el-ambito-de-la-ingenieria\/\" target=\"_blank\"><\/p>\n<p>Con motivo da celebraci\u00f3n do 8M de 2023 celebrouse unha mesa redonda sobre a igualdade da muller no \u00e1mbito da enxe\u00f1er\u00eda. Contou coa participaci\u00f3n de tres enxe\u00f1eiras formadas na nosa universidade, e hoxe en d\u00eda profesionais de \u00e9xito en diferentes empresas, representantes do PDI e a directora do centro. <\/p>\n<p><\/a><\/p><\/div>\n<\/p><\/div>\n<p> <!-- cierra card-inner !-->\n<\/div>\n<p> <!-- cierra flip-card--><\/p>\n<\/div>\n<p> <!--cierra card-body-->\n<\/div>\n<p> <!--cierra card-->\n<\/div>\n<p><!--cierra columna --><\/p>\n<div class=\"col-md-6 col-lg-4\">\n<\/div>\n<p><!--cierra columna --><\/p>\n<\/div>\n<p> <!--cierra fila--><\/p>\n","protected":false},"excerpt":{"rendered":"<p>&nbsp; 21O C\u00e1mara Aberta CINTECX II Edici\u00f3n Cintecx celebrou en 2025 unha nova edici\u00f3n da campa\u00f1a de sensibilizaci\u00f3n en materia de x\u00e9nero C\u00e1mara Aberta Cintecx &hellip; <a class=\"excerpt_more\" href=\"https:\/\/cintecx.uvigo.es\/gl\/igualdade-cintecx\/igualdade-en-cintecx\/eventos-no-ambito-da-igualdade\/\">Continuar<\/a><\/p>\n","protected":false},"author":2,"featured_media":0,"parent":247997,"menu_order":0,"comment_status":"closed","ping_status":"closed","template":"views\/template-fullwidth.blade.php","meta":{"inline_featured_image":false,"footnotes":""},"class_list":["post-248028","page","type-page","status-publish","hentry"],"_links":{"self":[{"href":"https:\/\/cintecx.uvigo.es\/gl\/wp-json\/wp\/v2\/pages\/248028","targetHints":{"allow":["GET"]}}],"collection":[{"href":"https:\/\/cintecx.uvigo.es\/gl\/wp-json\/wp\/v2\/pages"}],"about":[{"href":"https:\/\/cintecx.uvigo.es\/gl\/wp-json\/wp\/v2\/types\/page"}],"author":[{"embeddable":true,"href":"https:\/\/cintecx.uvigo.es\/gl\/wp-json\/wp\/v2\/users\/2"}],"replies":[{"embeddable":true,"href":"https:\/\/cintecx.uvigo.es\/gl\/wp-json\/wp\/v2\/comments?post=248028"}],"version-history":[{"count":10,"href":"https:\/\/cintecx.uvigo.es\/gl\/wp-json\/wp\/v2\/pages\/248028\/revisions"}],"predecessor-version":[{"id":260210,"href":"https:\/\/cintecx.uvigo.es\/gl\/wp-json\/wp\/v2\/pages\/248028\/revisions\/260210"}],"up":[{"embeddable":true,"href":"https:\/\/cintecx.uvigo.es\/gl\/wp-json\/wp\/v2\/pages\/247997"}],"wp:attachment":[{"href":"https:\/\/cintecx.uvigo.es\/gl\/wp-json\/wp\/v2\/media?parent=248028"}],"curies":[{"name":"wp","href":"https:\/\/api.w.org\/{rel}","templated":true}]}}