{"id":246766,"date":"2023-12-30T11:50:57","date_gmt":"2023-12-30T10:50:57","guid":{"rendered":"https:\/\/cintecx.uvigo.es\/?page_id=246766"},"modified":"2026-04-24T09:09:32","modified_gmt":"2026-04-24T07:09:32","slug":"persoal","status":"publish","type":"page","link":"https:\/\/cintecx.uvigo.es\/gl\/cintecx\/persoal\/","title":{"rendered":"Persoal"},"content":{"rendered":"<p><!--<img decoding=\"async\" src=\"\/wp-content\/uploads\/2022\/04\/s_persoal.jpg\" alt=\"equipo\" \/>--><\/p>\n<p><img decoding=\"async\" src=\"\/wp-content\/uploads\/2024\/07\/Persoal-v4.jpg\" alt=\"equipo\" \/><br \/>\n&nbsp;<br \/>\n<ul class=\"nav nav-tabs\" id=\"custom-tabs-0\" role=\"tablist\" ><li class=\"nav-item \"><a href=\"#custom-tab-0-1cecf460b584ae1caaaecf5ccf8b48da\"  class=\"nav-link active\" role=\"tab\" data-toggle=\"tab\" >Persoal investigador<\/a><\/li><li class=\"nav-item \"><a href=\"#custom-tab-0-4d0a2d869698c3bd45575c6b216fb3d9\"  class=\"nav-link \" role=\"tab\" data-toggle=\"tab\" >Persoal de apoio \u00e1 investigaci\u00f3n<\/a><\/li><\/ul><div class=\"tab-content\">\n<div id=\"custom-tab-0-1cecf460b584ae1caaaecf5ccf8b48da\" class=\"tab-pane  show active\">\n<h2>Persoal investigador<\/h2>\n<table style=\"margin-left:0px;\">\n<col style=\"width:40%\">\n<col style=\"width:30%\">\n<col style=\"width:30%\">\n<thead>\n<tr>\n<th>Nome<\/th>\n<th>Tel\u00e9fono<\/th>\n<th>E-mail<\/th>\n<\/tr>\n<\/thead>\n<tbody>\n<tr>\n<td><a href=\"\/es\/equipo\/carmen-maria-abreu-fernandez\">Abreu Fern\u00e1ndez, Carmen Mar\u00eda<\/a><\/td>\n<td>986 813 455<\/td>\n<td><a href=\"mailto:cabreu@uvigo.es\"><i class=\"fa fa-envelope-o\"><\/i><\/a><\/td>\n<\/tr>\n<tr>\n<td><a href=\"\/es\/equipo\/leandro-rafael-alejano-monge\">Alejano Monge, Leandro Rafael<\/a><\/td>\n<td>986 812 374<\/td>\n<td><a href=\"mailto:alejano@uvigo.es\"><i class=\"fa fa-envelope-o\"><\/i><\/a><\/td>\n<\/tr>\n<tr>\n<td><a href=\"\/es\/equipo\/jose-lorenzo-alonso-gomez\">Alonso G\u00f3mez, Jos\u00e9 Lorenzo<\/a><\/td>\n<td>986 812 262<\/td>\n<td><a href=\"mailto:lorenzo@uvigo.es\"><i class=\"fa fa-envelope-o\"><\/i><\/a><\/td>\n<\/tr>\n<tr>\n<td><a href=\"\/es\/equipo\/elena-mercedes-alonso-prieto\">Alonso Prieto, Elena Mercedes<\/a><\/td>\n<td>986 813 775<\/td>\n<td><a href=\"mailto:ealonso@uvigo.es\"><i class=\"fa fa-envelope-o\"><\/i><\/a><\/td>\n<\/tr>\n<tr>\n<td><a href=\"\/es\/equipo\/maria-salome-alvarez-alvarez\">\u00c1lvarez \u00c1lvarez, M\u00aa Salom\u00e9<\/a><\/td>\n<td>986 812 304<\/td>\n<td><a href=\"mailto:msaa@uvigo.es\"><i class=\"fa fa-envelope-o\"><\/i><\/a><\/td>\n<\/tr>\n<tr>\n<td><a href=\"\/es\/equipo\/luis-jacobo-alvarez-ruiz-ojeda\">\u00c1lvarez Ruiz de Ojeda, Lu\u00eds Jacobo<\/a><\/td>\n<td>986 812 090<\/td>\n<td><a href=\"mailto:jalvarez@uvigo.es\"><i class=\"fa fa-envelope-o\"><\/i><\/a><\/td>\n<\/tr>\n<tr>\n<td><a href=\"\/es\/equipo\/maria-araujo-fernandez\">Ara\u00fajo Fern\u00e1ndez, Mar\u00eda<\/a><\/td>\n<td>986 811 923<\/td>\n<td><a href=\"mailto:maraujo@uvigo.es\"><i class=\"fa fa-envelope-o\"><\/i><\/a><\/td>\n<\/tr>\n<tr>\n<td><a href=\"\/es\/equipo\/pedro-arias-sanchez\">Arias S\u00e1nchez, Pedro<\/a><\/td>\n<td>986 813 645<\/td>\n<td><a href=\"mailto:parias@uvigo.es\"><i class=\"fa fa-envelope-o\"><\/i><\/a><\/td>\n<\/tr>\n<tr>\n<td><a href=\"\/es\/equipo\/julia-armesto-gonzalez\">Armesto Gonz\u00e1lez, Julia<\/a><\/td>\n<td>986 801 919<\/td>\n<td><a href=\"mailto:julia@uvigo.es\"><i class=\"fa fa-envelope-o\"><\/i><\/a><\/td>\n<\/tr>\n<tr>\n<td><a href=\"\/es\/equipo\/aida-badaoui-fernandez\">Badaoui Fern\u00e1ndez, Aida<\/a><\/td>\n<td>986 812 224<\/td>\n<td><a href=\"mailto:aida@uvigo.es\"><i class=\"fa fa-envelope-o\"><\/i><\/a><\/td>\n<\/tr>\n<tr>\n<td><a href=\"\/es\/equipo\/jesus-balado-frias\">Balado Fr\u00edas, Jes\u00fas<\/a><\/td>\n<td>986 813 499<\/td>\n<td><a href=\"mailto:jbalado@uvigo.es\"><i class=\"fa fa-envelope-o\"><\/i><\/a><\/td>\n<\/tr>\n<tr>\n<td><a href=\"\/es\/equipo\/sandra-bolano-garcia\">Bola\u00f1o Garc\u00eda, Sandra<\/a><\/td>\n<td>986 812 274<\/td>\n<td><a href=\"mailto:bgs@uvigo.es\"><i class=\"fa fa-envelope-o\"><\/i><\/a><\/td>\n<\/tr>\n<tr>\n<td><a href=\"\/es\/equipo\/mohamed-boutinguiza-larosi\">Boutinguiza Larosi, Mohamed<\/a><\/td>\n<td>986 812 216<\/td>\n<td><a href=\"mailto:mohamed@uvigo.es\"><i class=\"fa fa-envelope-o\"><\/i><\/a><\/td>\n<\/tr>\n<tr>\n<td><a href=\"\/es\/equipo\/jose-carlos-caamano-martinez\">Caama\u00f1o Mart\u00ednez, Jos\u00e9 Carlos<\/a><\/td>\n<td>986 130 151<\/td>\n<td><a href=\"mailto:jccaam@uvigo.es\"><i class=\"fa fa-envelope-o\"><\/i><\/a><\/td>\n<\/tr>\n<tr>\n<td><a href=\"\/es\/equipo\/manuel-cabaleiro-nunez\">Cabaleiro N\u00fa\u00f1ez, Manuel<\/a><\/td>\n<td>986 813 659<\/td>\n<td><a href=\"mailto:mcabaleiro@uvigo.es\"><i class=\"fa fa-envelope-o\"><\/i><\/a><\/td>\n<\/tr>\n<tr>\n<td><a href=\"\/es\/equipo\/marta-maria-cabeza-simo\">Cabeza Sim\u00f3, Marta Mar\u00eda<\/a><\/td>\n<td>986 812 603<\/td>\n<td><a href=\"mailto:mcabeza@uvigo.es\"><i class=\"fa fa-envelope-o\"><\/i><\/a><\/td>\n<\/tr>\n<tr>\n<td><a href=\"\/es\/equipo\/natalia-caparrini-marin\">Caparrini Mar\u00edn, Natalia<\/a><\/td>\n<td>986 811 920<\/td>\n<td><a href=\"mailto:nataliac@uvigo.es\"><i class=\"fa fa-envelope-o\"><\/i><\/a><\/td>\n<\/tr>\n<tr>\n<td><a href=\"\/es\/equipo\/enrique-casarejos-ruiz\">Casarejos Ruiz, Enrique<\/a><\/td>\n<td>986 813 780<\/td>\n<td><a href=\"mailto:e.casarejos@uvigo.es\"><i class=\"fa fa-envelope-o\"><\/i><\/a><\/td>\n<\/tr>\n<tr>\n<td><a href=\"\/es\/equipo\/sergio-chapela-lopez\">Chapela L\u00f3pez, Sergio<\/a><\/td>\n<td>986 818 799<\/td>\n<td><a href=\"mailto:schapela@uvigo.es\"><i class=\"fa fa-envelope-o\"><\/i><\/a><\/td>\n<\/tr>\n<tr>\n<td><a href=\"\/es\/equipo\/stefano-chiussi\">Chiussi, Stefano<\/a><\/td>\n<td>986 812 216<\/td>\n<td><a href=\"mailto:schiussi@uvigo.es\"><i class=\"fa fa-envelope-o\"><\/i><\/a><\/td>\n<\/tr>\n<tr>\n<td><a href=\"\/es\/equipo\/antonio-collazo-fernandez\">Collazo Fern\u00e1ndez, Antonio<\/a><\/td>\n<td>986 813 798<\/td>\n<td><a href=\"mailto:acollazo@uvigo.es\"><i class=\"fa fa-envelope-o\"><\/i><\/a><\/td>\n<\/tr>\n<tr>\n<td><a href=\"\/es\/equipo\/joaquin-baltasar-collazo-rodriguez\">Collazo Rodr\u00edguez, Joaqu\u00edn Baltasar<\/a><\/td>\n<td>986 813 780<\/td>\n<td><a href=\"mailto:joaquincollazo@uvigo.es\"><i class=\"fa fa-envelope-o\"><\/i><\/a><\/td>\n<\/tr>\n<tr>\n<td><a href=\"\/es\/equipo\/rafael-comesana-pineiro\">Comesa\u00f1a Pi\u00f1eiro, Rafael<\/a><\/td>\n<td>988 387 412<\/td>\n<td><a href=\"mailto:racomesana@uvigo.es\"><i class=\"fa fa-envelope-o\"><\/i><\/a><\/td>\n<\/tr>\n<tr>\n<td><a href=\"\/es\/equipo\/miguel-concheiro-castineira\">Concheiro Casti\u00f1eira, Miguel<\/a><\/td>\n<td>986 818 736<\/td>\n<td><a href=\"mailto:mconcheiro@uvigo.es\"><i class=\"fa fa-envelope-o\"><\/i><\/a><\/td>\n<\/tr>\n<tr>\n<td><a href=\"\/es\/equipo\/borja-conde-carnero\">Conde Carnero, Borja<\/a><\/td>\n<td>988 387 412<\/td>\n<td><a href=\"mailto:bconde@uvigo.es\"><i class=\"fa fa-envelope-o\"><\/i><\/a><\/td>\n<\/tr>\n<tr>\n<td><a href=\"\/es\/equipo\/marcos-conde-fontenla\">Conde Fontenla, Marcos<\/a><\/td>\n<td>986 818 736<\/td>\n<td><a href=\"mailto:mfontenla@uvigo.es\"><i class=\"fa fa-envelope-o\"><\/i><\/a><\/td>\n<\/tr>\n<tr>\n<td><a href=\"\/es\/equipo\/maria-julia-cristobal-ortega\">Cristobal Ortega, Mar\u00eda Julia<\/a><\/td>\n<td>986 818 721<\/td>\n<td><a href=\"mailto:mortega@uvigo.es\"><i class=\"fa fa-envelope-o\"><\/i><\/a><\/td>\n<\/tr>\n<tr>\n<td><a href=\"\/es\/equipo\/jose-manuel-cruz-freire\">Cruz Freire, Jos\u00e9 Manuel<\/a><\/td>\n<td>986 812 022<\/td>\n<td><a href=\"mailto:jmcruz@uvigo.es\"><i class=\"fa fa-envelope-o\"><\/i><\/a><\/td>\n<\/tr>\n<tr>\n<td><a href=\"\/es\/equipo\/francisco-javier-deive-herva\">Deive Herva, Francisco Javier<\/a><\/td>\n<td>986 813 680<\/td>\n<td><a href=\"mailto:deive@uvigo.es\"><i class=\"fa fa-envelope-o\"><\/i><\/a><\/td>\n<\/tr>\n<tr>\n<td><a href=\"\/es\/equipo\/lucia-diaz-vilarino\">D\u00edaz Vilari\u00f1o, Lucia<\/a><\/td>\n<td><\/td>\n<td><a href=\"mailto:lucia@uvigo.es\"><i class=\"fa fa-envelope-o\"><\/i><\/a><\/td>\n<\/tr>\n<tr>\n<td><a href=\"\/es\/equipo\/aida-maria-diez-sarabia\">D\u00edez Sarabia, Aida Mar\u00eda<\/a><\/td>\n<td>986 812 304<\/td>\n<td><a href=\"mailto:adiez@uvigo.es\"><i class=\"fa fa-envelope-o\"><\/i><\/a><\/td>\n<\/tr>\n<tr>\n<td><a href=\"\/es\/equipo\/jesus-doval-gandoy\">Doval Gandoy, Jes\u00fas<\/a><\/td>\n<td>986 812 087<\/td>\n<td><a href=\"mailto:jdoval@uvigo.es\"><i class=\"fa fa-envelope-o\"><\/i><\/a><\/td>\n<\/tr>\n<tr>\n<td><a href=\"\/es\/equipo\/pablo-eguia-oller\">Egu\u00eda Oller, Pablo<\/a><\/td>\n<td>986 818 772<\/td>\n<td><a href=\"mailto:peguia@uvigo.es\"><i class=\"fa fa-envelope-o\"><\/i><\/a><\/td>\n<\/tr>\n<tr>\n<td><a href=\"\/es\/equipo\/antonio-fernandez-alvarez\">Fern\u00e1ndez \u00c1lvarez, Antonio<\/a><\/td>\n<td>986 818 602<\/td>\n<td><a href=\"mailto:antfdez@uvigo.es\"><i class=\"fa fa-envelope-o\"><\/i><\/a><\/td>\n<\/tr>\n<tr>\n<td><a href=\"\/es\/equipo\/angel-manuel-fernandez-vilan\">Fern\u00e1ndez Vil\u00e1n, \u00c1ngel<\/a><\/td>\n<td>986 814 066<\/td>\n<td><a href=\"mailto:mecanica@uvigo.es\"><i class=\"fa fa-envelope-o\"><\/i><\/a><\/td>\n<\/tr>\n<tr>\n<td><a href=\"\/es\/equipo\/fernando-maria-garcia-bastante\">Garc\u00eda Bastante, Fernando M\u00aa<\/a><\/td>\n<td>986 813 794<\/td>\n<td><a href=\"mailto:bastante@uvigo.es\"><i class=\"fa fa-envelope-o\"><\/i><\/a><\/td>\n<\/tr>\n<tr>\n<td><a href=\"\/es\/equipo\/eduardo-giraldez-perez\">Gir\u00e1ldez P\u00e9rez, Eduardo<\/a><\/td>\n<td>986 818 642<\/td>\n<td><a href=\"mailto:egiraldez@uvigo.es\"><i class=\"fa fa-envelope-o\"><\/i><\/a><\/td>\n<\/tr>\n<tr>\n<td><a href=\"\/es\/equipo\/miguel-angel-gomez-rodriguez\">G\u00f3mez Rodr\u00edguez, Miguel \u00c1ngel<\/a><\/td>\n<td><\/td>\n<td><a href=\"mailto:miguelgr@uvigo.es\"><i class=\"fa fa-envelope-o\"><\/i><\/a><\/td>\n<\/tr>\n<tr>\n<td><a href=\"https:\/\/portalcientifico.uvigo.gal\/investigadores\/277918\/detalle?lang=es\" target=\"_blank\" rel=\"noopener\">G\u00f3mez Yepes, Alejandro<\/a><\/td>\n<td>986 812 162<\/td>\n<td><a href=\"mailto:agyepes@uvigo.gal\"><i class=\"fa fa-envelope-o\"><\/i><\/a><\/td>\n<\/tr>\n<tr>\n<td><a href=\"\/es\/equipo\/jacobo-gonzalez-baldonedo\">Gonz\u00e1lez Baldonedo, Jacobo<\/a><\/td>\n<td>986 813 781<\/td>\n<td><a href=\"mailto:jacobo.gonzalez.baldonedo@uvigo.es\"><i class=\"fa fa-envelope-o\"><\/i><\/a><\/td>\n<\/tr>\n<tr>\n<td><a href=\"\/es\/equipo\/pio-manuel-gonzalez-fernandez\">Gonz\u00e1lez Fern\u00e1ndez, P\u00edo Manuel<\/a><\/td>\n<td>986 801 927<\/td>\n<td><a href=\"mailto:pglez@uvigo.es\"><i class=\"fa fa-envelope-o\"><\/i><\/a><\/td>\n<\/tr>\n<tr>\n<td><a href=\"\/es\/equipo\/elena-gonzalez-rodriguez\">Gonz\u00e1lez Rodr\u00edguez, Elena<\/a><\/td>\n<td>986 130 266<\/td>\n<td><a href=\"mailto:elena@uvigo.es\"><i class=\"fa fa-envelope-o\"><\/i><\/a><\/td>\n<\/tr>\n<tr>\n<td><a href=\"\/es\/equipo\/enrique-granada-alvarez\">Granada \u00c1lvarez, Enrique<\/a><\/td>\n<td>986 812 183<\/td>\n<td><a href=\"mailto:egranada@uvigo.es\"><i class=\"fa fa-envelope-o\"><\/i><\/a><\/td>\n<\/tr>\n<tr>\n<td><a href=\"\/es\/equipo\/pablo-izquierdo-belmonte\">Izquierdo Belmonte, Pablo<\/a><\/td>\n<td>986 813 781<\/td>\n<td><a href=\"mailto:pabloizquierdob@uvigo.es\"><i class=\"fa fa-envelope-o\"><\/i><\/a><\/td>\n<\/tr>\n<tr>\n<td><a href=\"\/es\/equipo\/maria-asuncion-longo-gonzalez\">Longo Gonz\u00e1lez, Mar\u00eda Asunci\u00f3n<\/a><\/td>\n<td>986 813 990<\/td>\n<td><a href=\"mailto:mlongo@uvigo.es\"><i class=\"fa fa-envelope-o\"><\/i><\/a><\/td>\n<\/tr>\n<tr>\n<td><a href=\"\/es\/equipo\/jose-angel-lopez-campos\">L\u00f3pez Campos, Jos\u00e9 \u00c1ngel<\/a><\/td>\n<td>986 812 689<\/td>\n<td><a href=\"mailto:joseangellopezcampos@uvigo.es\"><i class=\"fa fa-envelope-o\"><\/i><\/a><\/td>\n<\/tr>\n<tr>\n<td><a href=\"\/es\/equipo\/maria-eugenia-lopez-silanes-vazquez\">L\u00f3pez de Silanes V\u00e1zquez, Mar\u00eda Eugenia<\/a><\/td>\n<td>986 801 940<\/td>\n<td><a href=\"mailto:esilanes@uvigo.es\"><i class=\"fa fa-envelope-o\"><\/i><\/a><\/td>\n<\/tr>\n<tr>\n<td><a href=\"\/es\/equipo\/marcos-lopez-lago\">L\u00f3pez Lago, Marcos<\/a><\/td>\n<td>986 812 006<\/td>\n<td><a href=\"mailto:mllago@uvigo.es\"><i class=\"fa fa-envelope-o\"><\/i><\/a><\/td>\n<\/tr>\n<tr>\n<td><a href=\"\/es\/equipo\/oscar-lopez-sanchez\">L\u00f3pez S\u00e1nchez, \u00d3scar<\/a><\/td>\n<td>986 812 086<\/td>\n<td><a href=\"mailto:olopez@uvigo.es\"><i class=\"fa fa-envelope-o\"><\/i><\/a><\/td>\n<\/tr>\n<tr>\n<td><a href=\"\/es\/equipo\/henrique-lorenzo-cimadevila\">Lorenzo Cimadevila, Henrique<\/a><\/td>\n<td>986 801 935<\/td>\n<td><a href=\"mailto:hlorenzo@uvigo.es\"><i class=\"fa fa-envelope-o\"><\/i><\/a><\/td>\n<\/tr>\n<tr>\n<td><a href=\"\/es\/equipo\/fernando-lusquinos-rodriguez\">Lusqui\u00f1os Rodr\u00edguez, Fernando<\/a><\/td>\n<td>986 801 733<\/td>\n<td><a href=\"mailto:flusqui@uvigo.es\"><i class=\"fa fa-envelope-o\"><\/i><\/a><\/td>\n<\/tr>\n<tr>\n<td><a href=\"\/es\/equipo\/joaquin-martinez-sanchez\">Mart\u00ednez S\u00e1nchez, Joaqu\u00edn<\/a><\/td>\n<td>986 818 764<\/td>\n<td><a href=\"mailto:joaquin.martinez@uvigo.es\"><i class=\"fa fa-envelope-o\"><\/i><\/a><\/td>\n<\/tr>\n<tr>\n<td><a href=\"\/es\/equipo\/javier-martinez-torres\">Mart\u00ednez Torres, Javier<\/a><\/td>\n<td><\/td>\n<td><a href=\"mailto:javier.martinez@cud.uvigo.es\"><i class=\"fa fa-envelope-o\"><\/i><\/a><\/td>\n<\/tr>\n<tr>\n<td><a href=\"\/es\/equipo\/jose-maria-matias-fernandez\">Mat\u00edas Fern\u00e1ndez, Jos\u00e9 Mar\u00eda<\/a><\/td>\n<td>986 812 190<\/td>\n<td><a href=\"mailto:jmmatias@uvigo.es\"><i class=\"fa fa-envelope-o\"><\/i><\/a><\/td>\n<\/tr>\n<tr>\n<td><a href=\"\/es\/equipo\/jessica-meijide-fernandez\">Meijide Fern\u00e1ndez, J\u00e9ssica<\/a><\/td>\n<td>986 812 304<\/td>\n<td><a href=\"mailto:jmeijide@uvigo.es\"><i class=\"fa fa-envelope-o\"><\/i><\/a><\/td>\n<\/tr>\n<tr>\n<td><a href=\"\/es\/equipo\/jose-luis-miguez-tabares\">M\u00edguez Tabar\u00e9s, Jos\u00e9 Luis<\/a><\/td>\n<td>986 812 604<\/td>\n<td><a href=\"mailto:jmiguez@uvigo.es\"><i class=\"fa fa-envelope-o\"><\/i><\/a><\/td>\n<\/tr>\n<tr>\n<td><a href=\"\/es\/equipo\/ana-belen-moldes-menduina\">Moldes Mendu\u00ed\u00f1a, Ana Bel\u00e9n<\/a><\/td>\n<td>986 812 022<\/td>\n<td><a href=\"mailto:amoldes@uvigo.es\"><i class=\"fa fa-envelope-o\"><\/i><\/a><\/td>\n<\/tr>\n<tr>\n<td><a href=\"\/es\/equipo\/diego-moldes-moreira\">Moldes Moreira, Diego<\/a><\/td>\n<td>986 812 197<\/td>\n<td><a href=\"mailto:diego@uvigo.es\"><i class=\"fa fa-envelope-o\"><\/i><\/a><\/td>\n<\/tr>\n<tr>\n<td><a href=\"\/es\/equipo\/jorge-carlos-moran-gonzalez\">Mor\u00e1n Gonz\u00e1lez, Jorge Carlos<\/a><\/td>\n<td>986 814 001<\/td>\n<td><a href=\"mailto:jmoran@uvigo.es\"><i class=\"fa fa-envelope-o\"><\/i><\/a><\/td>\n<\/tr>\n<tr>\n<td><a href=\"\/es\/equipo\/ramon-novoa-rodriguez\">N\u00f3voa Rodr\u00edguez, Xos\u00e9 Ram\u00f3n<\/a><\/td>\n<td>986 812 213<\/td>\n<td><a href=\"mailto:rnovoa@uvigo.es\"><i class=\"fa fa-envelope-o\"><\/i><\/a><\/td>\n<\/tr>\n<tr>\n<td><a href=\"\/es\/equipo\/david-patino-vilas\">Pati\u00f1o Vilas, David<\/a><\/td>\n<td>986 812 604<\/td>\n<td><a href=\"mailto:patinho@uvigo.es\"><i class=\"fa fa-envelope-o\"><\/i><\/a><\/td>\n<\/tr>\n<tr>\n<td><a href=\"\/es\/equipo\/maria-graciela-paz-bermudez\">Paz Berm\u00fadez, Mar\u00eda Graciela<\/a><\/td>\n<td>986 801 945<\/td>\n<td><a href=\"mailto:graciela@uvigo.es\"><i class=\"fa fa-envelope-o\"><\/i><\/a><\/td>\n<\/tr>\n<tr>\n<td><a href=\"\/es\/equipo\/enrique-paz-domonte\">Paz Domonte, Enrique<\/a><\/td>\n<td>986 811 938<\/td>\n<td><a href=\"mailto:epaz@uvigo.es\"><i class=\"fa fa-envelope-o\"><\/i><\/a><\/td>\n<\/tr>\n<tr>\n<td><a href=\"\/es\/equipo\/maria-concepcion-paz-penin\">Paz Pen\u00edn, Mar\u00eda Concepci\u00f3n<\/a><\/td>\n<td><\/td>\n<td><a href=\"mailto:cpaz@uvigo.es\"><i class=\"fa fa-envelope-o\"><\/i><\/a><\/td>\n<\/tr>\n<tr>\n<td><a href=\"\/es\/equipo\/marta-maria-pazos-curras\">Pazos Curras, Marta Mar\u00eda<\/a><\/td>\n<td>986 818 723<\/td>\n<td><a href=\"mailto:mcurras@uvigo.es\"><i class=\"fa fa-envelope-o\"><\/i><\/a><\/td>\n<\/tr>\n<tr>\n<td><a href=\"\/es\/equipo\/gloria-maria-pena-uris\">Pena Ur\u00eds, Gloria Mar\u00eda<\/a><\/td>\n<td>988 387 094<\/td>\n<td><a href=\"mailto:gpena@uvigo.es\"><i class=\"fa fa-envelope-o\"><\/i><\/a><\/td>\n<\/tr>\n<tr>\n<td><a href=\"\/es\/equipo\/benita-perez-cid\">P\u00e9rez Cid, Benita<\/a><\/td>\n<td>986 814 083<\/td>\n<td><a href=\"mailto:benita@uvigo.es\"><i class=\"fa fa-envelope-o\"><\/i><\/a><\/td>\n<\/tr>\n<tr>\n<td><a href=\"\/es\/equipo\/maria-carmen-perez-perez\">P\u00e9rez P\u00e9rez, M\u00aa del Carmen<\/a><\/td>\n<td>986 812 603<\/td>\n<td><a href=\"mailto:cperez@uvigo.es\"><i class=\"fa fa-envelope-o\"><\/i><\/a><\/td>\n<\/tr>\n<tr>\n<td><a href=\"\/es\/equipo\/jacobo-porteiro-fresco\">Porteiro Fresco, Jacobo<\/a><\/td>\n<td>986 818 799<\/td>\n<td><a href=\"mailto:porteiro@uvigo.es\"><i class=\"fa fa-envelope-o\"><\/i><\/a><\/td>\n<\/tr>\n<tr>\n<td><a href=\"\/es\/equipo\/juan-maria-pou-saracho\">Pou Saracho, Juan Mar\u00eda<\/a><\/td>\n<td>986 812 194<\/td>\n<td><a href=\"mailto:jpou@uvigo.es\"><i class=\"fa fa-envelope-o\"><\/i><\/a><\/td>\n<\/tr>\n<tr>\n<td><a href=\"\/es\/equipo\/jose-santiago-pozo-antonio\">Pozo Antonio, Jos\u00e9 Santiago<\/a><\/td>\n<td>986 814 077<\/td>\n<td><a href=\"mailto:ipozo@uvigo.es\"><i class=\"fa fa-envelope-o\"><\/i><\/a><\/td>\n<\/tr>\n<tr>\n<td><a href=\"\/es\/equipo\/felix-quintero-martinez\">Quintero Mart\u00ednez, F\u00e9lix<\/a><\/td>\n<td>986 812 206<\/td>\n<td><a href=\"mailto:fquintero@uvigo.es\"><i class=\"fa fa-envelope-o\"><\/i><\/a><\/td>\n<\/tr>\n<tr>\n<td><a href=\"\/es\/equipo\/teresa-rivas-brea\">Rivas Brea, Teresa<\/a><\/td>\n<td>986 811 922<\/td>\n<td><a href=\"mailto:trivas@uvigo.es\"><i class=\"fa fa-envelope-o\"><\/i><\/a><\/td>\n<\/tr>\n<tr>\n<td><a href=\"\/es\/equipo\/antonio-riveiro-rodriguez\">Riveiro Rodr\u00edguez, Antonio<\/a><\/td>\n<td>986 812 216<\/td>\n<td><a href=\"mailto:ariveiro@uvigo.es\"><i class=\"fa fa-envelope-o\"><\/i><\/a><\/td>\n<\/tr>\n<tr>\n<td><a href=\"\/es\/equipo\/belen-riveiro-rodriguez\">Riveiro Rodr\u00edguez, Bel\u00e9n<\/a><\/td>\n<td>986 801 943<\/td>\n<td><a href=\"mailto:belenriveiro@uvigo.es\"><i class=\"fa fa-envelope-o\"><\/i><\/a><\/td>\n<\/tr>\n<tr>\n<td><a href=\"\/es\/equipo\/emilio-rosales-villanueva\">Rosales Villanueva, Emilio<\/a><\/td>\n<td>986 130 192<\/td>\n<td><a href=\"mailto:emiliorv@uvigo.es\"><i class=\"fa fa-envelope-o\"><\/i><\/a><\/td>\n<\/tr>\n<tr>\n<td><a href=\"\/es\/equipo\/maria-angeles-saavedra-gonzalez\">Saavedra Gonz\u00e1lez, Mar\u00eda \u00c1ngeles<\/a><\/td>\n<td>986 814 047<\/td>\n<td><a href=\"mailto:saavedra@uvigo.es\"><i class=\"fa fa-envelope-o\"><\/i><\/a><\/td>\n<\/tr>\n<tr>\n<td><a href=\"\/es\/equipo\/maria-angeles-sanroman-braga\">Sanrom\u00e1n Braga, Mar\u00eda \u00c1ngeles<\/a><\/td>\n<td>986 812 304<\/td>\n<td><a href=\"mailto:sanroman@uvigo.es\"><i class=\"fa fa-envelope-o\"><\/i><\/a><\/td>\n<\/tr>\n<tr>\n<td><a href=\"\/es\/equipo\/abraham-segade-robleda\">Segade Robleda, Abraham<\/a><\/td>\n<td>986 813 781<\/td>\n<td><a href=\"mailto:asegade@uvigo.es\"><i class=\"fa fa-envelope-o\"><\/i><\/a><\/td>\n<\/tr>\n<tr>\n<td><a href=\"\/es\/equipo\/julia-asuncion-serra-rodriguez\">Serra Rodr\u00edguez, Julia Asunci\u00f3n<\/a><\/td>\n<td>986 813 943<\/td>\n<td><a href=\"mailto:jserra@uvigo.es\"><i class=\"fa fa-envelope-o\"><\/i><\/a><\/td>\n<\/tr>\n<tr>\n<td><a href=\"\/es\/equipo\/maria-mercedes-solla-carracelas\">Solla Carracelas, Mercedes<\/a><\/td>\n<td><\/td>\n<td><a href=\"mailto:merchisolla@uvigo.es\"><i class=\"fa fa-envelope-o\"><\/i><\/a><\/td>\n<\/tr>\n<tr>\n<td><a href=\"\/es\/equipo\/ramon-francisco-soto-costas\">Soto Costas, Ram\u00f3n Francisco<\/a><\/td>\n<td>986 812 216<\/td>\n<td><a href=\"mailto:rfsoto@uvigo.es\"><i class=\"fa fa-envelope-o\"><\/i><\/a><\/td>\n<\/tr>\n<tr>\n<td><a href=\"\/es\/equipo\/eduardo-suarez-porto\">Su\u00e1rez Porto, Eduardo<\/a><\/td>\n<td>986 818 771<\/td>\n<td><a href=\"mailto:suarez@uvigo.es\"><i class=\"fa fa-envelope-o\"><\/i><\/a><\/td>\n<\/tr>\n<tr>\n<td><a href=\"\/es\/equipo\/javier-taboada-castro\">Taboada Castro, Javier<\/a><\/td>\n<td>986 813 796<\/td>\n<td><a href=\"mailto:jtaboada@uvigo.es\"><i class=\"fa fa-envelope-o\"><\/i><\/a><\/td>\n<\/tr>\n<tr>\n<td><a href=\"\/es\/equipo\/fernando-antonio-vazquez-nunez\">V\u00e1zquez N\u00fa\u00f1ez, Fernando Antonio<\/a><\/td>\n<td><\/td>\n<td><a href=\"mailto:fvazquez@uvigo.es\"><i class=\"fa fa-envelope-o\"><\/i><\/a><\/td>\n<\/tr>\n<tr>\n<td><a href=\"\/es\/equipo\/xanel-vecino-bello\">Vecino Bello, Xanel<\/a><\/td>\n<td>986 812 215<\/td>\n<td><a href=\"mailto:xanel.vecino@uvigo.es\"><i class=\"fa fa-envelope-o\"><\/i><\/a><\/td>\n<\/tr>\n<\/tbody>\n<\/table>\n<\/div>\n<div id=\"custom-tab-0-4d0a2d869698c3bd45575c6b216fb3d9\" class=\"tab-pane\">\n<h2>Persoal de apoio \u00e1 investigaci\u00f3n<\/h2>\n<p><!--\n\n<h3>Contactos<\/h3>\n\n--><\/p>\n<div class=\"row\">\n<div class=\"col-sm-4 text-center\">\n<p class=\"mb-2\"><img decoding=\"async\" class=\"rounded-image\" src=\"\/wp-content\/uploads\/2024\/07\/imaxe-admon.png\" alt=\"\" width=\"135\" height=\"135\" \/><\/p>\n<p class=\"mb-2\"><b>Administraci\u00f3n<\/b><\/a><br \/>\n986 130 223<br \/>\n<a href=\"mailto:cintecx@uvigo.gal\">cintecx@uvigo.gal<\/a><\/p>\n<\/div>\n<div class=\"col-sm-4 text-center\">\n<p class=\"mb-2\"><img decoding=\"async\" class=\"rounded-image\" src=\"https:\/\/cintecx.uvigo.es\/wp-content\/uploads\/2023\/10\/Lea-Melon.jpg\" alt=\"\" width=\"125\" height=\"125\" \/><\/a><\/p>\n<p class=\"mb-2\">Lea Mel\u00f3n Cudilleiro<br \/>\n<b>Apoio \u00e1 investigaci\u00f3n<\/b><br \/>\n986 130 223<br \/>\n<a href=\"mailto:cintecx.investigacion@uvigo.gal\">cintecx.investigacion@uvigo.gal<\/a>\n<\/p>\n<\/div>\n<div class=\"col-sm-4 text-center\">\n<p class=\"mb-2\"><img decoding=\"async\" class=\"rounded-image\" src=\"\/wp-content\/uploads\/2024\/12\/Alba-Giraldez.jpg\" alt=\"\" width=\"125\" height=\"125\" \/><\/p>\n<p class=\"mb-2\">Alba Gir\u00e1ldez Rodr\u00edguez<br \/>\n<b>Xesti\u00f3n de proxectos<\/b><br \/>\n986 130 223<br \/>\n<a href=\"mailto:cintecx.proyectos@uvigo.gal\">cintecx.proyectos@uvigo.gal<\/a><\/p>\n<\/div>\n<\/div>\n<p>&nbsp;<\/p>\n<div class=\"row\">\n<div class=\"col-sm-4 text-center\">\n<p class=\"mb-2\"><img decoding=\"async\" class=\"rounded-image\" src=\"https:\/\/cintecx.uvigo.es\/wp-content\/uploads\/2023\/10\/foto_mnorte.jpg\" alt=\"\" width=\"125\" height=\"125\" \/><\/p>\n<p class=\"mb-2\">Mariola Norte Navarro<br \/>\n<b>Comunicaci\u00f3n<\/b><br \/>\n986 130 223<br \/>\n<a href=\"mailto:cintecx.comunicacion@uvigo.gal\">cintecx.comunicacion@uvigo.gal<\/a><\/p>\n<\/div>\n<div class=\"col-sm-4 text-center\">\n<p class=\"mb-2\"><img decoding=\"async\" class=\"rounded-image\" src=\"\/wp-content\/plugins\/uvigo-teaching\/public\/images\/logo\/male.jpg\" alt=\"\" width=\"125\" height=\"125\" \/><\/a><\/p>\n<p class=\"mb-2\">V\u00edctor M. Tierra Fern\u00e1ndez<br \/>\n<b>T\u00e9cnico de taller<\/b><br \/>\n986 130 224<br \/>\n<a href=\"mailto:cintecx.taller@uvigo.gal\">cintecx.taller@uvigo.gal<\/a>\n<\/p>\n<\/div>\n<div class=\"col-sm-4 text-center\">\n<p class=\"mb-2\"><img decoding=\"async\" class=\"rounded-image\" src=\"https:\/\/cintecx.uvigo.es\/wp-content\/uploads\/2024\/07\/Fidez-Alvarez.png\" alt=\"\" width=\"125\" height=\"125\" \/><\/p>\n<p class=\"mb-2\">Fidel \u00c1lvarez Vargas<br \/>\n<b>T\u00e9cnico de laboratorio e Calidade<\/b><br \/>\n986 130 224<br \/>\n<a href=\"mailto:cintecx.laboratorio@uvigo.gal\">cintecx.laboratorio@uvigo.gal<\/a><br \/>\n<a href=\"mailto:cintecx.calidad@uvigo.gal\">cintecx.calidad@uvigo.gal<\/a><\/p>\n<\/div>\n<\/div>\n<p><!--pecha fila--><\/p>\n<div class=\"row\">\n<div class=\"col-sm-4 text-center\">\n<p class=\"mb-2\"><img decoding=\"async\" class=\"rounded-image\" src=\"\/wp-content\/plugins\/uvigo-teaching\/public\/images\/logo\/female.jpg\" alt=\"\" width=\"125\" height=\"125\" \/><\/p>\n<p class=\"mb-2\">Pilar Canoa Rom\u00e1n<br \/>\n<b>Persoal t\u00e9cnico de apoio<\/b><br \/>\n986 130 224<br \/>\n<a href=\"mailto:cintecx.laboratorio@uvigo.gal\">cintecx.laboratorio@uvigo.gal<\/a><br \/>\n<a href=\"mailto:cintecx.calidad@uvigo.gal\">cintecx.calidad@uvigo.gal<\/a><\/p>\n<\/div>\n<div class=\"col-sm-4 text-\ncenter\">\n<\/div>\n<div class=\"col-sm-4 text-center\">\n<\/div>\n<\/div>\n<p><!--pecha fila--><\/p>\n<\/div>\n<\/div>\n","protected":false},"excerpt":{"rendered":"<p>&nbsp;<\/p>\n","protected":false},"author":2,"featured_media":0,"parent":1297,"menu_order":2,"comment_status":"closed","ping_status":"closed","template":"views\/template-fullwidth.blade.php","meta":{"inline_featured_image":false,"footnotes":""},"class_list":["post-246766","page","type-page","status-publish","hentry"],"_links":{"self":[{"href":"https:\/\/cintecx.uvigo.es\/gl\/wp-json\/wp\/v2\/pages\/246766","targetHints":{"allow":["GET"]}}],"collection":[{"href":"https:\/\/cintecx.uvigo.es\/gl\/wp-json\/wp\/v2\/pages"}],"about":[{"href":"https:\/\/cintecx.uvigo.es\/gl\/wp-json\/wp\/v2\/types\/page"}],"author":[{"embeddable":true,"href":"https:\/\/cintecx.uvigo.es\/gl\/wp-json\/wp\/v2\/users\/2"}],"replies":[{"embeddable":true,"href":"https:\/\/cintecx.uvigo.es\/gl\/wp-json\/wp\/v2\/comments?post=246766"}],"version-history":[{"count":24,"href":"https:\/\/cintecx.uvigo.es\/gl\/wp-json\/wp\/v2\/pages\/246766\/revisions"}],"predecessor-version":[{"id":259727,"href":"https:\/\/cintecx.uvigo.es\/gl\/wp-json\/wp\/v2\/pages\/246766\/revisions\/259727"}],"up":[{"embeddable":true,"href":"https:\/\/cintecx.uvigo.es\/gl\/wp-json\/wp\/v2\/pages\/1297"}],"wp:attachment":[{"href":"https:\/\/cintecx.uvigo.es\/gl\/wp-json\/wp\/v2\/media?parent=246766"}],"curies":[{"name":"wp","href":"https:\/\/api.w.org\/{rel}","templated":true}]}}