{"id":236313,"date":"2022-08-02T09:59:29","date_gmt":"2022-08-02T07:59:29","guid":{"rendered":"http:\/\/cintecx.uvigo.es\/?page_id=236313"},"modified":"2026-03-13T10:02:22","modified_gmt":"2026-03-13T09:02:22","slug":"catalogo-de-servizos","status":"publish","type":"page","link":"https:\/\/cintecx.uvigo.es\/gl\/servizos\/catalogo-de-servizos\/","title":{"rendered":"Cat\u00e1logo de servizos"},"content":{"rendered":"<div class=\"custom-block graylight\">\n<h3>Tarifas<\/h3>\n<p>Consulta as tarifas por tipo de servizo e de usuario neste <a href=\"\/wp-content\/uploads\/2026\/01\/Tarifas_servicios-2026.pdf\" target=\"_blank\" rel=\"noopener noreferrer\">documento<\/a> que estar\u00e1 sempre actualizado coas tarifas do ano en curso.<\/p>\n<h3>Videogu\u00edas<\/h3>\n<p>Nestes v\u00eddeos podes consultar cuesti\u00f3ns asociadas \u00e1 solicitude de servizos e o manexo da plataforma LIMS.<\/p>\n<ul class=\"list-peak\" style=\"margin-top: 10px;\">\n<li><a href=\"https:\/\/www.youtube.com\/watch?v=McWXOW3U-m8\" target=\"_blank\" rel=\"noopener noreferrer\">Habilitaci\u00f3n en equipos<\/a><\/li>\n<li><a href=\"https:\/\/www.youtube.com\/watch?v=C9McqKjbm90\" target=\"_blank\" rel=\"noopener noreferrer\">Solicitude de Taller Mec\u00e1nico<\/a><\/li>\n<li><a href=\"https:\/\/www.youtube.com\/watch?v=0owKyOmizPs\" target=\"_blank\" rel=\"noopener noreferrer\">Autoservizo<\/a><\/li>\n<li><a href=\"https:\/\/www.youtube.com\/watch?v=J_4y7HlH7UI\" target=\"_blank\" rel=\"noopener noreferrer\">Solicitude de servizo<\/a><\/li>\n<\/ul>\n<\/div>\n<section class=\"floor research\" style=\"background-color: #c6d1d6;\">\n<div class=\"container pt-4 pb-6\">\n<h2>Servizos acreditados ISO-9001<\/h2>\n<p><span class=\"text-primary\">Cintecx obtivo por parte de <a href=\"https:\/\/www.aenor.com\/certificacion\/certificado\/?codigo=225296\" target=\"_blank\" rel=\"noopener\">AENOR<\/a> a certificaci\u00f3n da implantaci\u00f3n do Sistema de Xesti\u00f3n da Calidade conforme aos requisitos da norma UNE-EN ISO 9001:2015.<\/span><\/p>\n<p><a class=\"btn btn-outline-primary btn-icon\" href=\"https:\/\/cintecx.uvigo.es\/wp-content\/uploads\/2025\/11\/AENOR-ER-05402022-01-12-2025-ES-13-11-2025-.pdf\" target=\"_blank\" rel=\"noopener noreferrer\">Certificado calidade Aenor<\/a> <a class=\"btn btn-outline-primary btn-icon\" href=\"https:\/\/cintecx.uvigo.es\/wp-content\/uploads\/2025\/11\/IQNET-ES-05402022-01-12-2025-EN-13-11-2025-.pdf\" target=\"_blank\" rel=\"noopener noreferrer\">Certificado calidade IQNet<\/a><\/p>\n<\/div>\n<\/section>\n<p>&nbsp;<\/p>\n<section class=\"floor research\" style=\"background-color: #c6d1d6;\">\n<div class=\"container pt-4 pb-6\">\n<h2>Selo de Calidade da Universidade de Vigo<\/h2>\n<p><span class=\"text-primary\">A Comisi\u00f3n de Calidade da Universidade de Vigo, na reuni\u00f3n ordinaria do d\u00eda 9 de marzo de 2023, acordou conceder o <strong>selo de calidade da Universidade de Vigo<\/strong> a Cintecx, con motivo da certificaci\u00f3n do sistema de xesti\u00f3n de calidade consonte \u00e1 norma ISO 9001.<\/span><\/p>\n<p><a class=\"btn btn-outline-primary btn-icon\" href=\"\/wp-content\/uploads\/2023\/03\/SelloCalidadQ.pdf\" target=\"_blank\" rel=\"noopener noreferrer\">Selo calidade Universidade de Vigo<\/a><\/p>\n<\/div>\n<\/section>\n","protected":false},"excerpt":{"rendered":"<p>Tarifas Consulta as tarifas por tipo de servizo e de usuario neste documento que estar\u00e1 sempre actualizado coas tarifas do ano en curso. Videogu\u00edas Nestes &hellip; <a class=\"excerpt_more\" href=\"https:\/\/cintecx.uvigo.es\/gl\/servizos\/catalogo-de-servizos\/\">Continuar<\/a><\/p>\n","protected":false},"author":2,"featured_media":0,"parent":1299,"menu_order":0,"comment_status":"closed","ping_status":"closed","template":"views\/template-catalogo.blade.php","meta":{"inline_featured_image":false,"footnotes":""},"class_list":["post-236313","page","type-page","status-publish","hentry"],"_links":{"self":[{"href":"https:\/\/cintecx.uvigo.es\/gl\/wp-json\/wp\/v2\/pages\/236313","targetHints":{"allow":["GET"]}}],"collection":[{"href":"https:\/\/cintecx.uvigo.es\/gl\/wp-json\/wp\/v2\/pages"}],"about":[{"href":"https:\/\/cintecx.uvigo.es\/gl\/wp-json\/wp\/v2\/types\/page"}],"author":[{"embeddable":true,"href":"https:\/\/cintecx.uvigo.es\/gl\/wp-json\/wp\/v2\/users\/2"}],"replies":[{"embeddable":true,"href":"https:\/\/cintecx.uvigo.es\/gl\/wp-json\/wp\/v2\/comments?post=236313"}],"version-history":[{"count":60,"href":"https:\/\/cintecx.uvigo.es\/gl\/wp-json\/wp\/v2\/pages\/236313\/revisions"}],"predecessor-version":[{"id":261536,"href":"https:\/\/cintecx.uvigo.es\/gl\/wp-json\/wp\/v2\/pages\/236313\/revisions\/261536"}],"up":[{"embeddable":true,"href":"https:\/\/cintecx.uvigo.es\/gl\/wp-json\/wp\/v2\/pages\/1299"}],"wp:attachment":[{"href":"https:\/\/cintecx.uvigo.es\/gl\/wp-json\/wp\/v2\/media?parent=236313"}],"curies":[{"name":"wp","href":"https:\/\/api.w.org\/{rel}","templated":true}]}}