{"id":234926,"date":"2022-05-10T09:31:47","date_gmt":"2022-05-10T07:31:47","guid":{"rendered":"http:\/\/cintecx.uvigo.es\/talento\/practicas-extracurriculares\/"},"modified":"2024-07-08T21:59:49","modified_gmt":"2024-07-08T19:59:49","slug":"practicas-academicas-externas","status":"publish","type":"page","link":"https:\/\/cintecx.uvigo.es\/gl\/equipo\/practicas-academicas-externas\/","title":{"rendered":"Pr\u00e1cticas, TFG e TFM"},"content":{"rendered":"<p><!--<img decoding=\"async\" src=\"\/wp-content\/uploads\/2022\/04\/s_persoal.jpg\" alt=\"equipo\" \/>--><br \/>\n<img decoding=\"async\" src=\"\/wp-content\/uploads\/2024\/07\/Persoal-v4.jpg\" alt=\"equipo\" \/><br \/>\n&nbsp;<\/p>\n<h2 style=\"text-align:center;\">Pr\u00e1cticas acad\u00e9micas externas<\/h2>\n<hr style=\"height: 0,75px; width: 90%; background-color: #6c7477; align=center;\" \/>\n<div class=\"row\">\n<div class=\"col-md-6\">\n<div class=\"card\" style=\"min-width: 25%;\">\n<div class=\"card-body\">\n<p>CINTECX subscribiu varios acordos internos coa Universidade de Vigo, para que poidan realizar pr\u00e1cticas externas no noso centro alumnado de titulaci\u00f3ns coma as que se imparten na Escola de Enxe\u00f1er\u00eda Industrial, na Escola de Minas e Enerx\u00eda, a Facultade de Qu\u00edmica, ou o M\u00e1ster de Biotecnolox\u00eda Avanzada da Facultade de Biolox\u00eda.<\/p>\n<p>As pr\u00e1cticas externas, xa sexan na modalidade de pr\u00e1cticas curriculares ou extracurriculares, constit\u00faen unha actividade de natureza formativa dirixida aos estudantes universitarios e supervisada pola Universidade, co obxectivo principal de completar e aplicar, nun \u00e1mbito profesional, competencias e co\u00f1ecementos adquiridos nos seus estudos. Con iso contrib\u00faese \u00e1 mellora da preparaci\u00f3n do alumnado para o exercicio profesional e facil\u00edtase a s\u00faa incorporaci\u00f3n futura ao mercado laboral, ademais constit\u00fae unha formidable ferramenta de captaci\u00f3n de talento da propia instituci\u00f3n, ao co\u00f1ecer de primeira man os proxectos de investigaci\u00f3n que se desenvolven no centro.<\/p>\n<\/div>\n<\/div>\n<\/div>\n<div class=\"col-md-6\">\n<div class=\"d-none d-md-block\">&nbsp;<\/div>\n<div class=\"d-none d-md-block\">&nbsp;<\/div>\n<div class=\"d-none d-md-block\">&nbsp;<\/div>\n<p><img decoding=\"async\" src=\"\/wp-content\/uploads\/2024\/01\/Practicas_TFG.png\" width=\"65%\" \/><\/p><\/div>\n<\/div>\n<p>&nbsp;<\/p>\n<h2 style=\"text-align:center;\">Traballos Fin de Grao e Traballos Fin de M\u00e1ster<\/h2>\n<hr style=\"height: 0,75px; width: 90%; background-color: #6c7477; align=center;\" \/>\n<div class=\"row\">\n<div class=\"col-md-6\">\n<img decoding=\"async\" src=\"\/wp-content\/uploads\/2024\/01\/Practicas_TFG.png\" width=\"65%\" \/><\/p>\n<\/div>\n<div class=\"col-md-6\">\n<div class=\"d-none d-md-block\">&nbsp;<\/div>\n<div class=\"card\" style=\"min-width: 25%;\">\n<div class=\"card-body\">\n<div class=\"d-none d-md-block\">&nbsp;<\/div>\n<p>Nas instalaci\u00f3ns de CINTECX real\u00edzanse tam\u00e9n multitude de traballos de especializaci\u00f3n de todos os niveis acad\u00e9micos universitarios, entre os que se incl\u00faen Traballos Fin de M\u00e1ster (TFM) e Traballos Fin de Grao (TFG). O persoal investigador do centro, na s\u00faa maior parte PDI da Universidade de Vigo, oferta estes traballos acad\u00e9micos formativos dentro dos seus diferentes \u00e1mbitos e li\u00f1as de investigaci\u00f3n.<\/p>\n<\/div>\n<\/div>\n<\/div>\n<p>&nbsp;<\/p>\n<p>Tanto os traballos acad\u00e9micos, como as pr\u00e1cticas externas constit\u00faen unha porta de entrada de novo talento universitario ao noso centro, polo que convidamos a todos os interesados a consultar as diferentes ofertas de traballos dispo\u00f1ibles no noso centro para a s\u00faa titulaci\u00f3n particular, a trav\u00e9s da <a href=\"https:\/\/secretaria.uvigo.gal\/uvigo.sv\/index.php?modulo=tfe\" rel=\"noopener\" target=\"_blank\">secretaria virtual<\/a> e o <a href=\"https:\/\/www.uvigo.gal\/es\/investigar\/difusion-investigacion\/buscador-tfg-tfm\" rel=\"noopener\" target=\"_blank\">portal da universidade de Vigo<\/a>.<\/p>\n","protected":false},"excerpt":{"rendered":"<p>&nbsp; Pr\u00e1cticas acad\u00e9micas externas CINTECX subscribiu varios acordos internos coa Universidade de Vigo, para que poidan realizar pr\u00e1cticas externas no noso centro alumnado de titulaci\u00f3ns &hellip; <a class=\"excerpt_more\" href=\"https:\/\/cintecx.uvigo.es\/gl\/equipo\/practicas-academicas-externas\/\">Continuar<\/a><\/p>\n","protected":false},"author":2,"featured_media":0,"parent":1298,"menu_order":40,"comment_status":"closed","ping_status":"closed","template":"views\/template-fullwidth.blade.php","meta":{"inline_featured_image":false,"footnotes":""},"class_list":["post-234926","page","type-page","status-publish","hentry"],"_links":{"self":[{"href":"https:\/\/cintecx.uvigo.es\/gl\/wp-json\/wp\/v2\/pages\/234926","targetHints":{"allow":["GET"]}}],"collection":[{"href":"https:\/\/cintecx.uvigo.es\/gl\/wp-json\/wp\/v2\/pages"}],"about":[{"href":"https:\/\/cintecx.uvigo.es\/gl\/wp-json\/wp\/v2\/types\/page"}],"author":[{"embeddable":true,"href":"https:\/\/cintecx.uvigo.es\/gl\/wp-json\/wp\/v2\/users\/2"}],"replies":[{"embeddable":true,"href":"https:\/\/cintecx.uvigo.es\/gl\/wp-json\/wp\/v2\/comments?post=234926"}],"version-history":[{"count":10,"href":"https:\/\/cintecx.uvigo.es\/gl\/wp-json\/wp\/v2\/pages\/234926\/revisions"}],"predecessor-version":[{"id":254189,"href":"https:\/\/cintecx.uvigo.es\/gl\/wp-json\/wp\/v2\/pages\/234926\/revisions\/254189"}],"up":[{"embeddable":true,"href":"https:\/\/cintecx.uvigo.es\/gl\/wp-json\/wp\/v2\/pages\/1298"}],"wp:attachment":[{"href":"https:\/\/cintecx.uvigo.es\/gl\/wp-json\/wp\/v2\/media?parent=234926"}],"curies":[{"name":"wp","href":"https:\/\/api.w.org\/{rel}","templated":true}]}}