{"id":234838,"date":"2022-05-08T19:04:22","date_gmt":"2022-05-08T17:04:22","guid":{"rendered":"http:\/\/cintecx.uvigo.es\/cintecx\/igualdad\/"},"modified":"2025-11-24T12:52:08","modified_gmt":"2025-11-24T11:52:08","slug":"igualdade","status":"publish","type":"page","link":"https:\/\/cintecx.uvigo.es\/gl\/igualdade-cintecx\/igualdade\/","title":{"rendered":"Igualdade"},"content":{"rendered":"<p><img decoding=\"async\" src=\"\/wp-content\/uploads\/2023\/11\/Igualdad_1400x350.jpg\" alt=\"\" width=\"100%\" \/><br \/>\n&nbsp;<\/p>\n<p>Cintecx est\u00e1 comprometido co principio de igualdade efectiva entre homes e mulleres no \u00e1mbito da s\u00faa competencia e en todas as actividades que se desenvolven no centro. Como instrumento responsable da incorporaci\u00f3n transversal deste principio, conta cun Plan de Igualdade, enmarcado no III Plan de Igualdade da Universidade de Vigo, de cuxa implantaci\u00f3n, avaliaci\u00f3n e seguimento enc\u00e1rgase unha comisi\u00f3n interna, o <a href=\"\/gl\/cintecx\/gobernanza#cci\"\">Comit\u00e9 de Igualdade, Diversidade e Inclusi\u00f3n<\/a>. Disp\u00f3n ademais da figura do Enlace de Igualdade, que act\u00faa como ponte entre o centro e a Unidade de Igualdade da Universidade de Vigo.<\/p>\n<p>No marco do novo enfoque europeo das pol\u00edticas de igualdade, X\u00e9nero+, o Plan de Igualdade de CINTECX considera, no \u00e1mbito de competencias do centro, os seguintes aspectos:<\/p>\n<ul class=\"list-peak\" style=\"margin-top: 10px;\">\n<li>Conciliaci\u00f3n da vida persoal, familiar e laboral e cultura organizativa sensible \u00e1 desigualdade.<\/li>\n<li>Equilibrio de x\u00e9nero en liderazgo e en toma de decisi\u00f3ns.<\/li>\n<li>Integraci\u00f3n da perspectiva de x\u00e9nero na investigaci\u00f3n.<\/li>\n<li>Igualdade no acceso e promoci\u00f3n da carreira investigadora<\/li>\n<li>Medidas contra a violencia de x\u00e9nero, inclu\u00edndo o acoso sexual.<\/li>\n<\/ul>\n<p>O documento \u201cPol\u00edtica de Igualdade de CINTECX\u201d pode atoparse <a href=\"\/wp-content\/uploads\/2022\/12\/Politica-Igualdad.pdf\" rel=\"noopener\" target=\"_blank\">aqu\u00ed<\/a>.<\/p>\n<p><img decoding=\"async\" width=\"1400\" height=\"430\" src=\"https:\/\/cintecx.uvigo.es\/wp-content\/uploads\/2022\/12\/Igualdade3.png\" alt=\"\"  class=\"alignnone wp-image-241019\" srcset=\"https:\/\/cintecx.uvigo.es\/wp-content\/uploads\/2022\/12\/Igualdade3.png 1400w, https:\/\/cintecx.uvigo.es\/wp-content\/uploads\/2022\/12\/Igualdade3-300x92.png 300w, https:\/\/cintecx.uvigo.es\/wp-content\/uploads\/2022\/12\/Igualdade3-1024x315.png 1024w, https:\/\/cintecx.uvigo.es\/wp-content\/uploads\/2022\/12\/Igualdade3-768x236.png 768w, https:\/\/cintecx.uvigo.es\/wp-content\/uploads\/2022\/12\/Igualdade3-1320x405.png 1320w\" sizes=\"(max-width: 1400px) 100vw, 1400px\" \/><\/p>\n<div id=\"accordion9\" class=\"accordion\" role=\"tablist\" aria-multiselectable=\"true\" >\n<div class=\"card\" style=\"margin-top:-5px\">\n<div class=\"card-header\"><a class=\"collapse h3 collapsed\" data-toggle=\"collapse\" data-parent=\"#accordion9\" href=\"#normativa\" aria-controls=\"normativa\">Normativa<\/a><\/div>\n<div id=\"normativa\" class=\"collapse\" data-parent=\"#accordion9\">\n<div class=\"card-body\">\n<ul class=\"list-peak style=\"margin-top: 10px;\">\n<li><a href=\"https:\/\/www.boe.es\/buscar\/pdf\/2023\/BOE-A-2023-7500-consolidado.pdf\" target=\"_blank\" rel=\"noopener\">Lei Org\u00e1nica 2\/2023, de 22 de marzo, do Sistema Universitario<\/a>.<\/li>\n<li><a href=\"https:\/\/www.boe.es\/buscar\/pdf\/2022\/BOE-A-2022-14581-consolidado.pdf\" target=\"_blank\" rel=\"noopener\">Lei 17\/2022, de 5 de setembro, pola que se modifica a Lei 14\/2011, de 1 de xu\u00f1o, da Ciencia, a Tecnolox\u00eda e a Innovaci\u00f3n<\/a>.<\/li>\n<li><a href=\"https:\/\/www.boe.es\/boe\/dias\/2021\/09\/21\/pdfs\/BOE-A-2021-15247.pdf\" target=\"_blank\" rel=\"noopener\">Lei \u00c1ngeles Alvari\u00f1o. Lei 13\/2021, de 20 de xullo, pola que se modifica o Decreto lexislativo 2\/2015, de 12 de febreiro, polo que se aproba o texto refundido das disposiciones legais da Comunidad Aut\u00f3noma de Galicia en materia de igualdade, para garantir a igualdade real entre mulleres e homes no \u00e1mbito universitario e da investigaci\u00f3n<\/a>.<\/li>\n<li><a href=\"https:\/\/www.boe.es\/buscar\/pdf\/2013\/BOE-A-2013-7911-consolidado.pdf\" target=\"_blank\" rel=\"noopener\">Lei 6\/2013, do Sistema Universitario de Galicia<\/a>.<\/li>\n<li><a href=\"https:\/\/violenciagenero.igualdad.gob.es\/pactoEstado\/\" target=\"_blank\" rel=\"noopener\">Pacto de Estado contra a violencia de x\u00e9nero<\/a><\/li>\n<li><a href=\"https:\/\/euraxess.ec.europa.eu\/jobs\/hrs4r\" target=\"_blank\" rel=\"noopener\">HR Excellence in Research<\/a><\/li>\n<li><a href=\"https:\/\/ec.europa.eu\/info\/funding-tenders\/find-funding\/eu-funding-programmes\/horizon-europe_es\" target=\"_blank\" rel=\"noopener\">Horizonte Europa 2021-2024<\/a><\/li>\n<li><a href=\"https:\/\/www.uvigo.gal\/sites\/uvigo.gal\/files\/contents\/paragraph-file\/2021-06\/20-24_plan_igualdade_es.pdf\" target=\"_blank\" rel=\"noopener\">III Plan de Igualdade da Universidade de Vigo (2020-2024)<\/a><\/li>\n<\/ul>\n<\/div>\n<\/div>\n<\/div>\n<div class=\"card\" style=\"margin-top:-5px\">\n<div class=\"card-header\"><a class=\"collapse h3 collapsed\" data-toggle=\"collapse\" data-parent=\"#accordion9\" href=\"#violencia\" aria-controls=\"violencia\">Informaci\u00f3n sobre violencias machistas<\/a><\/div>\n<div id=\"violencia\" class=\"collapse\" data-parent=\"#accordion9\">\n<div class=\"card-body\">\n<ul class=\"list-peak\" style=\"margin-top: 10px;\">\n<li><a href=\"\/wp-content\/uploads\/2022\/11\/protocolo_actuacion_caso_acoso_gl.pdf\" target=\"_blank\" rel=\"noopener\">Protocolo marco de actuaci\u00f3n para a prevenci\u00f3n e sanci\u00f3n do acoso sexual e por raz\u00f3n de sexo da Universidade de Vigo<\/a>.<\/li>\n<li><a href=\"\/wp-content\/uploads\/2022\/11\/formulario_denuncia_acoso_gal.docx\" target=\"_blank\" rel=\"noopener\">Formulario de denuncia ante unha posible situaci\u00f3n de acoso sexual ou por raz\u00f3n de sexo<\/a>.<\/li>\n<li><a href=\"https:\/\/www.uvigo.gal\/sites\/uvigo.gal\/files\/contents\/paragraph-file\/2022-11\/Recursos_fronte_%C3%A1s_violencias_machistas.pdf\" target=\"_blank\" rel=\"noopener\">Documento &#8220;Recursos contra as violencias machistas&#8221; &#8211;  Unidade de Igualdade da Universidad de Vigo <\/a>.<\/li>\n<\/ul>\n<\/div>\n<\/div>\n<\/div>\n<div class=\"card\" style=\"margin-top:-5px\">\n<div class=\"card-header\"><a class=\"collapse h3 collapsed\" data-toggle=\"collapse\" data-parent=\"#accordion9\" href=\"#formacion\" aria-controls=\"formacion\">Contidos recomendados<\/a><\/div>\n<div id=\"formacion\" class=\"collapse\" data-parent=\"#accordion9\">\n<div class=\"card-body\">\n<ul class=\"list-peak\" style=\"margin-top: 10px;\">\n<li><a href=\"https:\/\/tv.uvigo.es\/video\/619d0491a33c0612d612a634\" target=\"_blank\" rel=\"noopener\">Que \u00e9 a violencia machista?<\/a> &#8211; Unidade de Igualdade da Universidade de Vigo.<\/li>\n<li><a href=\"https:\/\/tv.uvigo.es\/video\/5e6655bd5e44026ff31920e7\" target=\"_blank\" rel=\"noopener\">Teito de cristal<\/a> &#8211; Unidade de Igualdade da Universidade de Vigo.<\/li>\n<li><a href=\"https:\/\/tv.uvigo.es\/video\/619ba0a9a33c060ad874b802?track_id=619ba1eda33c060af450d8a2\" target=\"_blank\" rel=\"noopener\">Pensa en lila<\/a> &#8211; Unidade de Igualdade da Universidade de Vigo.<\/li>\n<li><a href=\"https:\/\/tv.uvigo.es\/series\/5dc4153d1e19c07e47073253\" target=\"_blank\" rel=\"noopener\">O feminismo tam\u00e9n necesita de homes<\/a> &#8211; Unidade de Igualdade da Universidade de Vigo.<\/li>\n<li><a href=\"https:\/\/tv.uvigo.es\/video\/637663dea33c064f7b046892?track_id=63766472a33c064f9230bb32\" target=\"_blank\" rel=\"noopener\">Libres e seguras nas redes e nas r\u00faas<\/a> &#8211; Unidade de Igualdade da Universidade de Vigo.<\/li>\n<li><a href=\"https:\/\/tv.uvigo.es\/video\/5e6655bd5e44026ff31920ec\" target=\"_blank\" rel=\"noopener\">Cousi\u00f1as de muller<\/a> &#8211; Unidade de Igualdade da Universidade de Vigo.<\/li>\n<li><a href=\"https:\/\/www.uvigo.gal\/sites\/uvigo.gal\/files\/contents\/paragraph-file\/2018-05\/Manual_con_portada_para_web%20%281%29_3.pdf\" target=\"_blank\" rel=\"noopener\">Manual de linguaxe inclusiva no \u00e1mbito universitario<\/a> &#8211; Unidade de Igualdade da Universidade de Vigo.<\/li>\n<\/ul>\n<\/div>\n<\/div>\n<\/div>\n<div class=\"card\" style=\"margin-top:-5px\">\n<div class=\"card-header\"><a class=\"collapse h3 collapsed\" data-toggle=\"collapse\" data-parent=\"#accordion9\" href=\"#enlaces\" aria-controls=\"enlaces\">Outras ligaz\u00f3ns de interese<\/a><\/div>\n<div id=\"enlaces\" class=\"collapse\" data-parent=\"#accordion9\">\n<div class=\"card-body\">\n<ul class=\"list-peak\" style=\"margin-top: 10px;\">\n<li><a href=\"https:\/\/mujereingenieria.com\/\" target=\"_blank\" rel=\"noopener\">Muller e enxe\u00f1er\u00eda<\/a> &#8211; Real Academia de Ingenier\u00eda.<\/li>\n<li><a href=\"https:\/\/www.amit-es.org\/\" target=\"_blank\" rel=\"noopener\">Asociaci\u00f3n de mulleres investigadoras &#038; tecn\u00f3logas<\/a>.<\/li>\n<li><a href=\"https:\/\/inspirasteam.net\/\/\" target=\"_blank\" rel=\"noopener\">Inspira steam<\/a> &#8211; Universidad de Deusto.<\/li>\n<\/ul>\n<\/div>\n<\/div>\n<\/div>\n<div class=\"card\" style=\"margin-top:-5px\">\n<div class=\"card-header\"><a class=\"collapse h3 collapsed\" data-toggle=\"collapse\" data-parent=\"#accordion9\" href=\"#igualdad1\" aria-controls=\"igualdad1\">Informaci\u00f3n relacionada coa Unidade de Igualdade da Universidade de Vigo<\/a><\/div>\n<div id=\"igualdad1\" class=\"collapse\" data-parent=\"#accordion9\">\n<div class=\"card-body\">\n<ul class=\"list-peak\" style=\"margin-top: 10px;\">\n<li><a href=\"https:\/\/www.uvigo.gal\/campus\/igualdade\" target=\"_blank\" rel=\"noopener noreferrer\">Portal de igualdade da Universidade de Vigo<\/a><\/li>\n<\/ul>\n<\/div>\n<\/div>\n<\/div>\n<\/div>\n<p>&nbsp;<\/p>\n<div class=\"custom-block graylight\">\n<h3>Enlace de igualdade CINTECX<\/h3>\n<p><strong>Mariola Norte Navarro<\/strong><br \/>\n+34 986 130 223<br \/>\n<a href=\"mailto:cintecx.comunicacion@uvigo.gal\">cintecx.comunicacion@uvigo.gal<\/a><\/p>\n<\/div>\n","protected":false},"excerpt":{"rendered":"<p>&nbsp; Cintecx est\u00e1 comprometido co principio de igualdade efectiva entre homes e mulleres no \u00e1mbito da s\u00faa competencia e en todas as actividades que se &hellip; <a class=\"excerpt_more\" href=\"https:\/\/cintecx.uvigo.es\/gl\/igualdade-cintecx\/igualdade\/\">Continuar<\/a><\/p>\n","protected":false},"author":2,"featured_media":0,"parent":245830,"menu_order":0,"comment_status":"closed","ping_status":"closed","template":"views\/template-fullwidth.blade.php","meta":{"inline_featured_image":false,"footnotes":""},"class_list":["post-234838","page","type-page","status-publish","hentry"],"_links":{"self":[{"href":"https:\/\/cintecx.uvigo.es\/gl\/wp-json\/wp\/v2\/pages\/234838","targetHints":{"allow":["GET"]}}],"collection":[{"href":"https:\/\/cintecx.uvigo.es\/gl\/wp-json\/wp\/v2\/pages"}],"about":[{"href":"https:\/\/cintecx.uvigo.es\/gl\/wp-json\/wp\/v2\/types\/page"}],"author":[{"embeddable":true,"href":"https:\/\/cintecx.uvigo.es\/gl\/wp-json\/wp\/v2\/users\/2"}],"replies":[{"embeddable":true,"href":"https:\/\/cintecx.uvigo.es\/gl\/wp-json\/wp\/v2\/comments?post=234838"}],"version-history":[{"count":21,"href":"https:\/\/cintecx.uvigo.es\/gl\/wp-json\/wp\/v2\/pages\/234838\/revisions"}],"predecessor-version":[{"id":259828,"href":"https:\/\/cintecx.uvigo.es\/gl\/wp-json\/wp\/v2\/pages\/234838\/revisions\/259828"}],"up":[{"embeddable":true,"href":"https:\/\/cintecx.uvigo.es\/gl\/wp-json\/wp\/v2\/pages\/245830"}],"wp:attachment":[{"href":"https:\/\/cintecx.uvigo.es\/gl\/wp-json\/wp\/v2\/media?parent=234838"}],"curies":[{"name":"wp","href":"https:\/\/api.w.org\/{rel}","templated":true}]}}