{"id":234830,"date":"2022-05-09T11:09:12","date_gmt":"2022-05-09T09:09:12","guid":{"rendered":"http:\/\/cintecx.uvigo.es\/difusion\/mediateca\/"},"modified":"2025-05-19T15:39:57","modified_gmt":"2025-05-19T13:39:57","slug":"mediateca","status":"publish","type":"page","link":"https:\/\/cintecx.uvigo.es\/gl\/comunicacion\/mediateca\/","title":{"rendered":"Mediateca"},"content":{"rendered":"<h2>CINTECX<\/h2>\n<div class=\"row\">\n<div class=\"col-md-6 col-lg-4\">\n<iframe loading=\"lazy\" src=\"https:\/\/www.youtube.com\/embed\/MCWD4oExE7E\" width=\"305\" height=\"200\" frameborder=\"0\" allowfullscreen=\"allowfullscreen\"><\/iframe>\n<\/div>\n<div class=\"col-md-6 col-lg-4\">\n<iframe loading=\"lazy\" src=\"https:\/\/www.youtube.com\/embed\/0Zfz_TxCBSI\" width=\"305\" height=\"200\" frameborder=\"0\" allowfullscreen=\"allowfullscreen\"><\/iframe>\n<\/div>\n<div class=\"col-md-6 col-lg-4\">\n<iframe loading=\"lazy\" src=\"https:\/\/www.youtube.com\/embed\/1HqWwBs09yE\" width=\"305\" height=\"200\" frameborder=\"0\" allowfullscreen=\"allowfullscreen\"><\/iframe>\n<\/div>\n<\/div>\n<p>&nbsp;<br \/>\n<!-- Se en \u00e1reas de investigaci\u00f3n po\u00f1o d\u00faas filas e e tres columnas, para que en tablet se viran d\u00faas columnas haber\u00eda que usar col-md-6 e repetir o v\u00eddeo de enerx\u00eda na \u00faltima columna da primeira fila (pondo 4 columnas) e na primeira columna da segunda fila cambiando a visibilidade segundo o tama\u00f1o da pantalla, segundo os c\u00f3digos de abaixo. Se s\u00f3 fago unha fila con 6 columnas pondo col-md-6 e col-lg-4, xa se ven 2 en tablet e 3 en pantallas grandes sen necesidade de repetir ning\u00fan v\u00eddeo.--><br \/>\n<!-- col-md-6 para que se vexan d\u00faas columnas en tablet. d-none d-md block d-lg-none. Vese en tablet pero non en m\u00f3bil nin en pantallas grandes--><br \/>\n<!-- d-md-none d-lg-block. Vese en m\u00f3bil e en pantallas grandes pero non en tablet--><br \/>\n<!-- d-none d-lg-block. S\u00f3 se ve e pantallas grandes --><\/p>\n<h2>\u00c1REAS DE INVESTIGACI\u00d3N<\/h2>\n<div class=\"row\">\n<div class=\"col-md-6 col-lg-4\">\n<iframe loading=\"lazy\" src=\"https:\/\/www.youtube.com\/embed\/rLt2RLg_YaU\" width=\"305\" height=\"200\" frameborder=\"0\" allowfullscreen=\"allowfullscreen\"><\/iframe>\n<\/div>\n<div class=\"col-md-6 col-lg-4\">\n<iframe loading=\"lazy\" src=\"https:\/\/www.youtube.com\/embed\/9qAOB_dg5ss\" width=\"305\" height=\"200\" frameborder=\"0\" allowfullscreen=\"allowfullscreen\"><\/iframe>\n<\/div>\n<div class=\"col-md-6 col-lg-4\">\n<iframe loading=\"lazy\" src=\"https:\/\/www.youtube.com\/embed\/BzEFUO7Hgwg\" width=\"305\" height=\"200\" frameborder=\"0\" allowfullscreen=\"allowfullscreen\"><\/iframe>\n<\/div>\n<div class=\"col-md-6 col-lg-4\">\n<iframe loading=\"lazy\" src=\"https:\/\/www.youtube.com\/embed\/EiPcoTxyYfs\" width=\"305\" height=\"200\" frameborder=\"0\" allowfullscreen=\"allowfullscreen\"><\/iframe>\n<\/div>\n<div class=\"col-md-6 col-lg-4\">\n<iframe loading=\"lazy\" src=\"https:\/\/www.youtube.com\/embed\/6Jex-zGH_OY\" width=\"305\" height=\"200\" frameborder=\"0\" allowfullscreen=\"allowfullscreen\"><\/iframe>\n<\/div>\n<div class=\"col-md-6 col-lg-4\">\n<iframe loading=\"lazy\" src=\"https:\/\/www.youtube.com\/embed\/ktNKHeu2vvM\" width=\"305\" height=\"200\" frameborder=\"0\" allowfullscreen=\"allowfullscreen\"><\/iframe>\n<\/div>\n<\/div>\n<p>&nbsp;<\/p>\n<h2>DIFUSI\u00d3N<\/h2>\n<h3>Xornadas de portas abertas 2023<\/h3>\n<div class=\"row\">\n<div class=\"col-md-6 col-lg-4\">\n<h5>Portas abertas 2023<\/h5>\n<p><iframe loading=\"lazy\" src=\"https:\/\/tv.uvigo.es\/iframe\/654aab02e90326625f764ee5\" width=\"305\" height=\"200\" frameborder=\"0\" allowfullscreen=\"allowfullscreen\"><\/iframe>\n<\/div>\n<div class=\"col-md-6 col-lg-4\">\n<h5>Institutos Educaci\u00f3n Secundaria<\/h5>\n<p><iframe loading=\"lazy\" src=\"https:\/\/tv.uvigo.es\/iframe\/654aab00e9032662607b09c2\" width=\"305\" height=\"200\" frameborder=\"0\" allowfullscreen=\"allowfullscreen\"><\/iframe>\n<\/div>\n<div class=\"col-md-6 col-lg-4\">\n<h5>Colectivos de maiores<\/h5>\n<p><iframe loading=\"lazy\" src=\"https:\/\/tv.uvigo.es\/iframe\/654aaaffe90326625f764ee2\" width=\"305\" height=\"200\" frameborder=\"0\" allowfullscreen=\"allowfullscreen\"><\/iframe>\n<\/div>\n<\/div>\n<p>&nbsp;<\/p>\n<h3>Xornadas de portas abertas 2022<\/h3>\n<div class=\"row\">\n<div class=\"col-md-6 col-lg-4\">\n<h5>Cintecx para todos<\/h5>\n<p><iframe loading=\"lazy\" src=\"https:\/\/tv.uvigo.es\/iframe\/63a41022fce241255a263ee2\" width=\"305\" height=\"200\" frameborder=\"0\" allowfullscreen=\"allowfullscreen\"><\/iframe>\n<\/div>\n<div class=\"col-md-6 col-lg-4\">\n<h5>Institutos Educaci\u00f3n Secundaria<\/h5>\n<p><iframe loading=\"lazy\" src=\"https:\/\/tv.uvigo.es\/iframe\/63c7c02cfce241376c5820a2\" width=\"305\" height=\"200\" frameborder=\"0\" allowfullscreen=\"allowfullscreen\"><\/iframe>\n<\/div>\n<div class=\"col-md-6 col-lg-4\">\n<h5>Colectivos de maiores<\/h5>\n<p><iframe loading=\"lazy\" src=\"https:\/\/tv.uvigo.es\/iframe\/63c7c050fce24137715f41b4\" width=\"305\" height=\"200\" frameborder=\"0\" allowfullscreen=\"allowfullscreen\"><\/iframe>\n<\/div>\n<\/div>\n<p>&nbsp;<\/p>\n<h3>Xornada de portas abiertas 2021<\/h3>\n<div class=\"row\">\n<div class=\"col-md-6 col-lg-4\">\n<iframe loading=\"lazy\" src=\"https:\/\/www.youtube.com\/embed\/b2aORbnxDMc\" width=\"305\" height=\"200\" frameborder=\"0\" allowfullscreen=\"allowfullscreen\"><\/iframe>\n<\/div>\n<\/div>\n<p>&nbsp;<\/p>\n<h3>Cintecx Annual Challenge<\/h3>\n<div class=\"row\">\n<div class=\"col-md-6 col-lg-4\">\n<h5>Challenge 2024 (H2)<\/h5>\n<p><iframe loading=\"lazy\" width=\"305\" height=\"200\" src=\"https:\/\/www.youtube.com\/embed\/BOPT8BcV9t8?si=kVqs9SkcJgZ0WVqN\" title=\"YouTube video player\" frameborder=\"0\" allow=\"accelerometer; autoplay; clipboard-write; encrypted-media; gyroscope; picture-in-picture; web-share\" referrerpolicy=\"strict-origin-when-cross-origin\" allowfullscreen><\/iframe>\n<\/div>\n<div class=\"col-md-6 col-lg-4\">\n<h5>Challenge 2024 (Smart)<\/h5>\n<p><iframe loading=\"lazy\" width=\"305\" height=\"200\" src=\"https:\/\/www.youtube.com\/embed\/ZgGDM6L9MN8?si=V0VGRdmMNrhp3i6c\" title=\"YouTube video player\" frameborder=\"0\" allow=\"accelerometer; autoplay; clipboard-write; encrypted-media; gyroscope; picture-in-picture; web-share\" referrerpolicy=\"strict-origin-when-cross-origin\" allowfullscreen><\/iframe>\n<\/div>\n<div class=\"col-md-6 col-lg-4\">\n<h5>Challenge 2023<\/h5>\n<p><iframe loading=\"lazy\" src=\"https:\/\/tv.uvigo.es\/iframe\/65a7b4fed1d9381bfc37fb02\" width=\"305\" height=\"200\" frameborder=\"0\" allowfullscreen=\"allowfullscreen\"><\/iframe>\n<\/div>\n<\/div>\n<p><!--pecha fila--><\/p>\n<div class=\"row\">\n<div class=\"col-md-6 col-lg-4\">\n<h5>Challenge 2022<\/h5>\n<p><iframe loading=\"lazy\" src=\"https:\/\/tv.uvigo.es\/iframe\/63c02674fce24110534f9aee\" width=\"305\" height=\"200\" frameborder=\"0\" allowfullscreen=\"allowfullscreen\"><\/iframe>\n<\/div>\n<div class=\"col-md-6 col-lg-4\">\n<h5>Challenge 2021<\/h5>\n<p><iframe loading=\"lazy\" src=\"https:\/\/www.youtube.com\/embed\/_3I1xEFA5is\" width=\"305\" height=\"200\" frameborder=\"0\" allowfullscreen=\"allowfullscreen\"><\/iframe>\n<\/div>\n<div class=\"col-md-6 col-lg-4\">\n<h5><\/h5>\n<\/div>\n<\/div>\n<p><!--pecha fila--><\/p>\n<p>&nbsp;<\/p>\n<h3>Actividades de igualdade<\/h3>\n<div class=\"row\">\n<div class=\"col-md-6 col-lg-4\">\n<h5>Mesa redonda 2023<\/h5>\n<p><iframe loading=\"lazy\" src=\"https:\/\/tv.uvigo.es\/iframe\/640f0aa7b5099d374c554142\" width=\"305\" height=\"200\" frameborder=\"0\" allowfullscreen=\"allowfullscreen\"><\/iframe>\n<\/div>\n<\/div>\n<p>&nbsp;<\/p>\n<h2>SOCIOS TECNOL\u00d3XICOS<\/h2>\n<div class=\"row\">\n<div class=\"col-md-6 col-lg-4\">\n<iframe loading=\"lazy\" src=\"https:\/\/www.youtube.com\/embed\/T-Ad80Yfc24\" width=\"305\" height=\"200\" frameborder=\"0\" allowfullscreen=\"allowfullscreen\"><\/iframe>\n<\/div>\n<\/div>\n<p>&nbsp;<br \/>\n<!--\n\n\n<h2>FORMACI\u00d3N<\/h2>\n\n\n\n\n<div class=\"row\">\n\n\n<div class=\"col-md-6 col-lg-4\">\n<iframe loading=\"lazy\" src=\"https:\/\/www.youtube.com\/embed\/kmh3UrYXvkw\" width=\"305\" height=\"200\" frameborder=\"0\" allowfullscreen=\"allowfullscreen\"><\/iframe>\n<\/div>\n\n\n\n\n<div class=\"col-md-6 col-lg-4\">\n\n<\/div>\n\n\n\n\n<div class=\"col-md-6 col-lg-4\">\n\n<\/div>\n\n\n<\/div>\n\n\n&nbsp;--><\/p>\n","protected":false},"excerpt":{"rendered":"<p>CINTECX &nbsp; \u00c1REAS DE INVESTIGACI\u00d3N &nbsp; DIFUSI\u00d3N Xornadas de portas abertas 2023 Portas abertas 2023 Institutos Educaci\u00f3n Secundaria Colectivos de maiores &nbsp; Xornadas de portas &hellip; <a class=\"excerpt_more\" href=\"https:\/\/cintecx.uvigo.es\/gl\/comunicacion\/mediateca\/\">Continuar<\/a><\/p>\n","protected":false},"author":2,"featured_media":0,"parent":139002,"menu_order":0,"comment_status":"closed","ping_status":"closed","template":"views\/template-fullwidth.blade.php","meta":{"inline_featured_image":false,"footnotes":""},"class_list":["post-234830","page","type-page","status-publish","hentry"],"_links":{"self":[{"href":"https:\/\/cintecx.uvigo.es\/gl\/wp-json\/wp\/v2\/pages\/234830","targetHints":{"allow":["GET"]}}],"collection":[{"href":"https:\/\/cintecx.uvigo.es\/gl\/wp-json\/wp\/v2\/pages"}],"about":[{"href":"https:\/\/cintecx.uvigo.es\/gl\/wp-json\/wp\/v2\/types\/page"}],"author":[{"embeddable":true,"href":"https:\/\/cintecx.uvigo.es\/gl\/wp-json\/wp\/v2\/users\/2"}],"replies":[{"embeddable":true,"href":"https:\/\/cintecx.uvigo.es\/gl\/wp-json\/wp\/v2\/comments?post=234830"}],"version-history":[{"count":13,"href":"https:\/\/cintecx.uvigo.es\/gl\/wp-json\/wp\/v2\/pages\/234830\/revisions"}],"predecessor-version":[{"id":258410,"href":"https:\/\/cintecx.uvigo.es\/gl\/wp-json\/wp\/v2\/pages\/234830\/revisions\/258410"}],"up":[{"embeddable":true,"href":"https:\/\/cintecx.uvigo.es\/gl\/wp-json\/wp\/v2\/pages\/139002"}],"wp:attachment":[{"href":"https:\/\/cintecx.uvigo.es\/gl\/wp-json\/wp\/v2\/media?parent=234830"}],"curies":[{"name":"wp","href":"https:\/\/api.w.org\/{rel}","templated":true}]}}