{"id":228233,"date":"2022-03-18T17:08:32","date_gmt":"2022-03-18T16:08:32","guid":{"rendered":"http:\/\/cintecx.webs5.uvigo.es\/?page_id=228233"},"modified":"2026-04-24T09:05:34","modified_gmt":"2026-04-24T07:05:34","slug":"divulgacion-cientifica","status":"publish","type":"page","link":"https:\/\/cintecx.uvigo.es\/gl\/ciencia-e-sociedade\/divulgacion-cientifica\/","title":{"rendered":"Divulgaci\u00f3n cient\u00edfica"},"content":{"rendered":"<p><img decoding=\"async\" src=\"\/wp-content\/uploads\/2024\/12\/Divulgacion-cientifica-web-cabecera.jpg\" alt=\"actividades\" \/><br \/>\n&nbsp;<\/p>\n<p><!--[uvigo_bloque estilo=\"secondary\"]--><\/p>\n<div style=\"background-color:#1463AC;padding:10px;\">\n<p style=\"text-align: center; color: white; margin: 5px 0 0 0; \">Unha das actividades fundamentais para CINTECX \u00e9 a difusi\u00f3n de co\u00f1ecemento. Anualmente dende o centro l\u00e9vase a cabo un programa de actividades de divulgaci\u00f3n cient\u00edfica, a fin de fomentar e incentivar o achegamento da ciencia, a tecnolox\u00eda e a innovaci\u00f3n \u00e1 cidadan\u00eda, mellorando a educaci\u00f3n e cultura cient\u00edfico-t\u00e9cnica.<\/p>\n<\/div>\n<p><!--[\/uvigo_bloque]--><\/p>\n<ul class=\"nav nav-tabs\" id=\"custom-tabs-0\" role=\"tablist\" ><li class=\"nav-item \"><a href=\"#custom-tab-0-d867d98aa608771c6346c01a7efb2594\"  class=\"nav-link active\" role=\"tab\" data-toggle=\"tab\" >Xornadas de portas abertas<\/a><\/li><li class=\"nav-item \"><a href=\"#custom-tab-0-9c7f59f13161d43b975acf2f4cb487bd\"  class=\"nav-link \" role=\"tab\" data-toggle=\"tab\" >Actividades de divulgaci\u00f3n<\/a><\/li><\/ul><div class=\"tab-content\">\n<div id=\"custom-tab-0-d867d98aa608771c6346c01a7efb2594\" class=\"tab-pane  show active\">\n<h3 class=\"text-center\">Centros de educaci\u00f3n <\/h3>\n<div class=\"custom-block  outlined \">\n<p class=\"text-center\">Cintecx organiza cada curso acad\u00e9mico as xornadas de portas abertas nas que alumnos de colexios e institutos de Galicia visitan o centro, formado por preto de 200 investigadores que traballan en \u00e1reas como as enerx\u00edas renovables, eficiencia enerx\u00e9tica, aproveitamento de recursos naturais, valorizaci\u00f3n de residuos industriais, desenvolvemento e aplicaci\u00f3n de t\u00e9cnicas de fabricaci\u00f3n avanzada e novos materiais, tecnolox\u00edas de propulsi\u00f3n limpas ou a intelixencia artificial.<\/p>\n<div class=\"custom-block graylight\">\n<!--\n\n<h3>Jornadas de puertas abiertas<\/h3>\n\n--><\/p>\n<div class=\"row\">\n<div class=\"col-md-6 col-lg-3\">\n<h5 align=\"center\">2025<\/h5>\n<p><a href=\"xornadas-portas-abertas-2025\/\" rel=\"noopener noreferrer\"><img decoding=\"async\" src=\"\/wp-content\/uploads\/2026\/04\/Xornada-portas-abertas-2025-inicio.jpg\" \/><\/a>\n<\/div>\n<div class=\"col-md-6 col-lg-3\">\n<h5 align=\"center\">2024<\/h5>\n<p><a href=\"xornada-portas-abertas-2024\/\" rel=\"noopener noreferrer\"><img decoding=\"async\" src=\"\/wp-content\/uploads\/2024\/11\/Xornada-portas-abertas-2024-inicio.png\" \/><\/a>\n<\/div>\n<div class=\"col-md-6 col-lg-3\">\n<h5 align=\"center\">2023<\/h5>\n<p><a href=\"xornadas-portas-abertas-2023\/\" rel=\"noopener noreferrer\"><img decoding=\"async\" src=\"\/wp-content\/uploads\/2023\/11\/XPA_2024_portada.jpg\" \/><\/a>\n<\/div>\n<div class=\"col-md-6 col-lg-3\">\n<h5 align=\"center\">2022<\/h5>\n<p><a href=\"xornadas-portas-abertas-2022\/\" rel=\"noopener noreferrer\"><img decoding=\"async\" src=\"\/wp-content\/uploads\/2023\/09\/cintecx_150_vision.jpg\" \/><\/a>\n<\/div>\n<div class=\"col-md-6 col-lg-3\">\n<h5 align=\"center\">2021<\/h5>\n<p><a href=\"xornadas-portas-abertas-2021\/\" rel=\"noopener noreferrer\"><img decoding=\"async\" src=\"\/wp-content\/uploads\/2023\/09\/Jornada_puertas_abiertas_2021.jpg\" \/><\/a>\n<\/div>\n<div class=\"col-md-6 col-lg-3\">\n<h5 align=\"center\">2019<\/h5>\n<p><a href=\"xornadas-portas-abertas-2019\/\"><img decoding=\"async\" src=\"\/wp-content\/uploads\/2023\/09\/Jornada_puertas_abiertas_2019.jpg\" \/><\/a>\n<\/div>\n<\/div>\n<p> <!--pecha fila--><\/p>\n<p><!--\n\n<div class=\"row\">\n\n\n\n<div class=\"col-md-6 col-lg-3\">\n\n\n<h5 align=\"center\">2019<\/h5>\n\n\n<a href=\"xornadas-portas-abertas-2019\/\"><img decoding=\"async\" src=\"\/wp-content\/uploads\/2023\/09\/Jornada_puertas_abiertas_2019.jpg\" \/><\/a>\n<\/div>\n\n\n<\/div>\n\n pecha fila --><\/p>\n<\/div>\n<p>No centro co\u00f1ecen, guiados polo persoal investigador, os diferentes laboratorios e proxectos que est\u00e1n a levar a cabo os nosos grupos. O alumnado pode participar en diversas actividades visuais e pr\u00e1cticas organizadas polo persoal do centro que lles permiten achegarse aos distintos \u00e1mbitos da enxe\u00f1er\u00eda e ao seu importante papel para o avance da sociedade.<\/p>\n<p>Os estudantes ach\u00e9ganse entre outros ao campo da enxe\u00f1er\u00eda biom\u00e9dica, aos biomateriais e as s\u00faas contribuci\u00f3ns para mellorar a calidade de vida da sociedade. Poden ver de primeira man o uso dos recursos mari\u00f1os con fins biotecnol\u00f3xicos e ambientais e vivir experiencias pr\u00e1cticas sobre temas relacionados coas reacci\u00f3ns de combusti\u00f3n qu\u00edmica.<\/p>\n<\/div>\n<h3 class=\"text-center\">Empresas, instituci\u00f3ns e outros colectivos <\/h3>\n<div class=\"custom-block  outlined \">\n<p class=\"text-center\">Cintecx tam\u00e9n abre as s\u00faas portas a empresas e instituci\u00f3ns como parte da s\u00faa estratexia de achegamento a empresas. Estas iniciativas contrib\u00faen a mellorar o posicionamento da imaxe de marca do Centro naquelas \u00e1reas con potencial interese para os seus labores de investigaci\u00f3n, como tam\u00e9n na creaci\u00f3n e consolidaci\u00f3n de redes de contactos con axentes empresariais interesantes para actividades colaborativas nun futuro.<\/p>\nNo se encontraron eventos para esa categor\u00eda.\n<\/div> <!-- cierra &#091;uvigo_bloque estilo=\"outlined\"&#093; --><\/p>\n<\/div>\n<div id=\"custom-tab-0-9c7f59f13161d43b975acf2f4cb487bd\" class=\"tab-pane\">\n<h3 style=\"text-align:center;\"> G &#8211; Night: Noite galega das persoas investigadoras <\/h3>\n<hr style=\"height: 0,75px; width: 90%; background-color: #6c7477; align=center;\" \/>\n<p><\/p>\n<div class=\"row\">\n<div class=\"col-md-6\">\n<p>\t\t\t\t<img decoding=\"async\" src=\"\/wp-content\/uploads\/2024\/01\/G-night-V6.jpg\" \/>\n <\/div>\n<div class=\"col-md-6\">\n<div class=\"d-none d-md-block\">&nbsp;<\/div>\n<div class=\"card\" style=\"min-width: 25%;\">\n<div class=\"card-body\">\n<p> Xestionado pola Universidade de Vigo para achegar a ciencia \u00e1 sociedade de forma amena. Cintecx participa neste evento con diversos obradoiros.<\/p>\n<p> En 2022 incluiu unha visita de investigadores do centro a institutos para achegar a mec\u00e1nica de flu\u00eddos e fomentar a aprendizaxe e interese sobre esta disciplina e as s\u00faas aplicaci\u00f3ns.<\/p>\n<\/div>\n<\/div><\/div>\n<\/div>\n<p>\t&nbsp;<\/p>\n<h3 style=\"text-align:center;\">  Pint of Science Festival <\/h3>\n<hr style=\"height: 0,75px; width: 90%; background-color: #6c7477; align=center;\" \/>\n<p><\/p>\n<div class=\"row\">\n<div class=\"col-md-6\">\n<div class=\"d-none d-md-block\">&nbsp;<\/div>\n<div class=\"card\" style=\"min-width: 25%;\">\n<div class=\"card-body\">\n<p>Festival de divulgaci\u00f3n cient\u00edfica que aposta por levar a ciencia e o co\u00f1ecemento aos bares para achegalo \u00e1 cidadan\u00eda.<\/p>\n<p> En 2023, o investigador do centro Jos\u00e9 Lorenzo Alonso G\u00f3mez, ofreceu unha charla titulada \u00abMol\u00e9culas quirais para H2 verde?\u00bb na que realizaba un paseo polo mundo da quiralidade, as mol\u00e9culas quirais e como estas poden facilitar a obtenci\u00f3n de H2 verde.<\/p>\n<\/div>\n<\/div>\n<\/div>\n<div class=\"col-md-6\">\n<img decoding=\"async\" src=\"\/wp-content\/uploads\/2024\/01\/Pint-of-science.jpg\" \/><\/p><\/div>\n<\/div>\n<p>&nbsp;<\/p>\n<h3 style=\"text-align:center;\">Ciencia de ida e volta <\/h3>\n<hr style=\"height: 0,75px; width: 90%; background-color: #6c7477; align=center;\" \/>\n<p><\/p>\n<div class=\"row\">\n<div class=\"col-md-6\">\n<img decoding=\"async\" src=\"\/wp-content\/uploads\/2024\/01\/Ciencia-ida-volta-V3.jpg\" \/><\/p><\/div>\n<div class=\"col-md-6\">\n<div class=\"d-none d-md-block\">&nbsp;<\/div>\n<div class=\"card\" style=\"min-width: 25%;\">\n<div class=\"card-body\">\n<p>Xestionado pola Universidade de Vigo, o seu obxectivo \u00e9 a promoci\u00f3n e difusi\u00f3n da cultura cient\u00edfica, tecnol\u00f3xica e da innovaci\u00f3n entre os estudantes, comunidade universitaria e cidadan\u00eda, en xeral. Cintecx participou tanto en diversas xornadas e conferencias como na feira cient\u00edfica &#8220;A ciencia que ven ten nome de muller&#8221;, que se celebra cada ano a p\u00e9 de r\u00faa. <\/p>\n<\/div>\n<\/div><\/div>\n<\/div>\n<p>&nbsp;<\/p>\n<h3> Listaxe de actividades <\/h3>\n<hr style=\"height: 0,75px; width: 100%; background-color: #6c7477; align=center\" \/>\n&nbsp;<br \/>\n<div class=\"eventos-container\"><div class=\"evento\"><img decoding=\"async\" src=\"https:\/\/cintecx.uvigo.es\/wp-content\/uploads\/2026\/04\/xornada_hibrida_av_15.04.26-1-300x172.png\" alt=\"XORNADAS INMERSIVAS H\u00cdBRIDAS ALERTA VERDE\" \/><p class=\"fecha-publicacion\">14\/04\/2026<\/p><h4><a href=\"https:\/\/cintecx.uvigo.es\/gl\/event\/xornada-inmersiva-hibrida-alerta-verde\/\">XORNADAS INMERSIVAS H\u00cdBRIDAS ALERTA VERDE<\/a><\/h4><\/div><div class=\"evento\"><img decoding=\"async\" src=\"https:\/\/cintecx.uvigo.es\/wp-content\/uploads\/2026\/03\/cartel_web-1-300x169.jpg\" alt=\"Lanzamento Alerta Verde: Salva o teu centro coa Misi\u00f3n CINTECX\" \/><p class=\"fecha-publicacion\">17\/03\/2026<\/p><h4><a href=\"https:\/\/cintecx.uvigo.es\/gl\/event\/lanzamiento-alerta-verde-salva-tu-centro-con-la-mision-cintecx\/\">Lanzamento Alerta Verde: Salva o teu centro coa Misi\u00f3n CINTECX<\/a><\/h4><\/div><div class=\"evento\"><img decoding=\"async\" src=\"https:\/\/cintecx.uvigo.es\/wp-content\/uploads\/2025\/09\/cartel_cx_portas_abertas_2025-300x180.png\" alt=\"Xornadas Portas Abertas CINTECX 2025\" \/><p class=\"fecha-publicacion\">30\/09\/2025<\/p><h4><a href=\"https:\/\/cintecx.uvigo.es\/gl\/event\/xornadas-portas-abertas-cintecx-2025\/\">Xornadas Portas Abertas CINTECX 2025<\/a><\/h4><\/div><\/div><div class=\"pagination1\"><span aria-current=\"page\" class=\"page-numbers current\">1<\/span>\n<a class=\"page-numbers\" href=\"https:\/\/cintecx.uvigo.es\/gl\/wp-json\/wp\/v2\/pages\/228233\/?paged_shortcode_2=2\">2<\/a>\n<a class=\"page-numbers\" href=\"https:\/\/cintecx.uvigo.es\/gl\/wp-json\/wp\/v2\/pages\/228233\/?paged_shortcode_2=3\">3<\/a>\n<a class=\"page-numbers\" href=\"https:\/\/cintecx.uvigo.es\/gl\/wp-json\/wp\/v2\/pages\/228233\/?paged_shortcode_2=4\">4<\/a>\n<span class=\"page-numbers dots\">&hellip;<\/span>\n<a class=\"page-numbers\" href=\"https:\/\/cintecx.uvigo.es\/gl\/wp-json\/wp\/v2\/pages\/228233\/?paged_shortcode_2=11\">11<\/a>\n<a class=\"next page-numbers\" href=\"https:\/\/cintecx.uvigo.es\/gl\/wp-json\/wp\/v2\/pages\/228233\/?paged_shortcode_2=2\">Seguinte &raquo;<\/a><\/div>\n<\/div>\n<\/div>\n","protected":false},"excerpt":{"rendered":"<p>&nbsp; Unha das actividades fundamentais para CINTECX \u00e9 a difusi\u00f3n de co\u00f1ecemento. Anualmente dende o centro l\u00e9vase a cabo un programa de actividades de divulgaci\u00f3n &hellip; <a class=\"excerpt_more\" href=\"https:\/\/cintecx.uvigo.es\/gl\/event\/xornadas-portas-abertas-cintecx-2025\/\">Continuar<\/a><\/p>\n","protected":false},"author":2,"featured_media":0,"parent":261200,"menu_order":40,"comment_status":"closed","ping_status":"closed","template":"views\/template-fullwidth.blade.php","meta":{"inline_featured_image":false,"footnotes":""},"class_list":["post-228233","page","type-page","status-publish","hentry","cat_divulgacion-cientifica-gl-2"],"_links":{"self":[{"href":"https:\/\/cintecx.uvigo.es\/gl\/wp-json\/wp\/v2\/pages\/228233","targetHints":{"allow":["GET"]}}],"collection":[{"href":"https:\/\/cintecx.uvigo.es\/gl\/wp-json\/wp\/v2\/pages"}],"about":[{"href":"https:\/\/cintecx.uvigo.es\/gl\/wp-json\/wp\/v2\/types\/page"}],"author":[{"embeddable":true,"href":"https:\/\/cintecx.uvigo.es\/gl\/wp-json\/wp\/v2\/users\/2"}],"replies":[{"embeddable":true,"href":"https:\/\/cintecx.uvigo.es\/gl\/wp-json\/wp\/v2\/comments?post=228233"}],"version-history":[{"count":35,"href":"https:\/\/cintecx.uvigo.es\/gl\/wp-json\/wp\/v2\/pages\/228233\/revisions"}],"predecessor-version":[{"id":262377,"href":"https:\/\/cintecx.uvigo.es\/gl\/wp-json\/wp\/v2\/pages\/228233\/revisions\/262377"}],"up":[{"embeddable":true,"href":"https:\/\/cintecx.uvigo.es\/gl\/wp-json\/wp\/v2\/pages\/261200"}],"wp:attachment":[{"href":"https:\/\/cintecx.uvigo.es\/gl\/wp-json\/wp\/v2\/media?parent=228233"}],"curies":[{"name":"wp","href":"https:\/\/api.w.org\/{rel}","templated":true}]}}