{"id":181031,"date":"2021-07-22T12:55:21","date_gmt":"2021-07-22T10:55:21","guid":{"rendered":"https:\/\/atlanttic.webs7.uvigo.es\/?page_id=181031"},"modified":"2025-04-10T19:27:52","modified_gmt":"2025-04-10T17:27:52","slug":"publicacions","status":"publish","type":"page","link":"https:\/\/cintecx.uvigo.es\/gl\/investigacion\/publicacions\/","title":{"rendered":"Publicaci\u00f3ns"},"content":{"rendered":"<p><img decoding=\"async\" src=\"\/wp-content\/uploads\/2022\/03\/s_investigacion.jpg\" alt=\"investigaci\u00f3n\" \/><br \/>\n&nbsp;<\/p>\n<p>Poden consultarse as publicaci\u00f3ns de Cintecx na seguinte ligaz\u00f3n: <a href=\"https:\/\/portalcientifico.uvigo.gal\/unidades\/34620\/publicaciones\" target=\"_blank\">portal cient\u00edfico Universidad de Vigo<\/a>.<\/p>\n<p><!--[articles lang=\"gl\"]--><\/p>\n","protected":false},"excerpt":{"rendered":"<p>&nbsp; Poden consultarse as publicaci\u00f3ns de Cintecx na seguinte ligaz\u00f3n: portal cient\u00edfico Universidad de Vigo.<\/p>\n","protected":false},"author":2,"featured_media":0,"parent":9240,"menu_order":40,"comment_status":"closed","ping_status":"closed","template":"views\/template-fullwidth.blade.php","meta":{"inline_featured_image":false,"footnotes":""},"class_list":["post-181031","page","type-page","status-publish","hentry"],"_links":{"self":[{"href":"https:\/\/cintecx.uvigo.es\/gl\/wp-json\/wp\/v2\/pages\/181031","targetHints":{"allow":["GET"]}}],"collection":[{"href":"https:\/\/cintecx.uvigo.es\/gl\/wp-json\/wp\/v2\/pages"}],"about":[{"href":"https:\/\/cintecx.uvigo.es\/gl\/wp-json\/wp\/v2\/types\/page"}],"author":[{"embeddable":true,"href":"https:\/\/cintecx.uvigo.es\/gl\/wp-json\/wp\/v2\/users\/2"}],"replies":[{"embeddable":true,"href":"https:\/\/cintecx.uvigo.es\/gl\/wp-json\/wp\/v2\/comments?post=181031"}],"version-history":[{"count":6,"href":"https:\/\/cintecx.uvigo.es\/gl\/wp-json\/wp\/v2\/pages\/181031\/revisions"}],"predecessor-version":[{"id":258067,"href":"https:\/\/cintecx.uvigo.es\/gl\/wp-json\/wp\/v2\/pages\/181031\/revisions\/258067"}],"up":[{"embeddable":true,"href":"https:\/\/cintecx.uvigo.es\/gl\/wp-json\/wp\/v2\/pages\/9240"}],"wp:attachment":[{"href":"https:\/\/cintecx.uvigo.es\/gl\/wp-json\/wp\/v2\/media?parent=181031"}],"curies":[{"name":"wp","href":"https:\/\/api.w.org\/{rel}","templated":true}]}}