{"id":175120,"date":"2021-06-22T09:41:07","date_gmt":"2021-06-22T07:41:07","guid":{"rendered":"https:\/\/atlanttic.webs7.uvigo.es\/?page_id=175120"},"modified":"2026-04-06T11:33:01","modified_gmt":"2026-04-06T09:33:01","slug":"transparencia","status":"publish","type":"page","link":"https:\/\/cintecx.uvigo.es\/gl\/cintecx\/transparencia\/","title":{"rendered":"Transparencia"},"content":{"rendered":"<p><img decoding=\"async\" src=\"\/wp-content\/uploads\/2022\/01\/cintecx_1400x350.jpg\" alt=\"\" width=\"100%\" \/><\/p>\n<p>Co obxectivo de converternos nun centro de investigaci\u00f3n coa\u00a0<strong>m\u00e1xima transparencia<\/strong>, nesta secci\u00f3n presentamos a toda a sociedade a documentaci\u00f3n que acredita a actividade do centro, a trav\u00e9s dos seus principais indicadores de investigaci\u00f3n, transferencia, difusi\u00f3n e divulgaci\u00f3n.<\/p>\n<ul class=\"list-peak\" style=\"margin-top:10px\">\n<li><strong>Memorias anuais<\/strong>:  Documento resumo anual dos principais fitos e indicadores acadados polo centro.<br \/>\n<a href=\"\/wp-content\/uploads\/2026\/03\/Memoria-2025.pdf\" target=\"_blank\" rel=\"noopener noreferrer\">2025<\/a> | <a href=\"\/wp-content\/uploads\/2025\/04\/Memoria-2024-defin.pdf\" target=\"_blank\" rel=\"noopener noreferrer\">2024<\/a> | <a href=\"\/wp-content\/uploads\/2024\/05\/Memoria-2023_DEF.pdf\" target=\"_blank\" rel=\"noopener noreferrer\">2023<\/a> | <a href=\"\/wp-content\/uploads\/2023\/12\/Memoria-anual_Cintecx_2022.pdf\" target=\"_blank\" rel=\"noopener noreferrer\">2022<\/a> | <a href=\"\/wp-content\/uploads\/2022\/06\/Memoria-anual_2021_galego.pdf\" target=\"_blank\" rel=\"noopener noreferrer\">2021<\/a>  | <a href=\"http:\/\/cintecx.uvigo.es\/wp-content\/uploads\/2021\/07\/MemoriaAnual2020_final.pdf\" target=\"_blank\" rel=\"noopener noreferrer\">2020<\/a>         <\/p>\n<\/li>\n<li><strong>Memorias de Responsabilidade Social da Universidade de Vigo<\/strong> (RSU). CINTECX incorpora a s\u00faa informaci\u00f3n sobre actividades de Responsabilidade Social nas memorias de RSU da Universidade de Vigo<br \/>\n<a href=\"https:\/\/secretaria.uvigo.gal\/uv\/web\/transparencia\/pagina\/adjunto\/download\/17f90365a9f999f7ca196cf2519ba9ecf1bf2962fac98b5ac9b1ac80f4f7c336\" target=\"_blank\" rel=\"noopener\">2024<\/a> | <a href=\"https:\/\/secretaria.uvigo.gal\/uv\/web\/transparencia\/pagina\/adjunto\/download\/2f90f1adb820c83c17168552757865367c15c1131ed009b652ba3e284353547c\" target=\"_blank\" rel=\"noopener\">2023<\/a> | <a href=\"https:\/\/secretaria.uvigo.gal\/uv\/web\/transparencia\/pagina\/adjunto\/download\/8b947afe63059f93ba4e78e701361b992952f7e6731c52dcb460961baa6f150a\" target=\"_blank\" rel=\"noopener\">2022<\/a> | <a href=\"https:\/\/secretaria.uvigo.gal\/uv\/web\/transparencia\/pagina\/adjunto\/download\/7799739f660997fec2c91d5bced604076a653c3b64aba80c0d5c8e3763a8caea\" target=\"_blank\" rel=\"noopener noreferrer\">2021<\/a> | <a href=\"https:\/\/secretaria.uvigo.gal\/uv\/web\/transparencia\/pagina\/adjunto\/download\/f5c9a1826ca3a18a89d994b90243bf1b899bf3d43a4632ceafb843486085adc6\" target=\"_blank\" rel=\"noopener noreferrer\">2020<\/a> | <a href=\"https:\/\/secretaria.uvigo.gal\/uv\/web\/transparencia\/pagina\/adjunto\/download\/0a6ec45ced054b222ffe43ba0858e66b297d7d54b2a371e05a4ecfcfd8fbd7a8\" target=\"_blank\" rel=\"noopener noreferrer\">2019<\/a>\n<\/li>\n<li><a href=\"\/wp-content\/uploads\/2025\/03\/Politica-de-Calidad-2025.pdf\" target=\"_blank\" rel=\"noopener\"><strong> Pol\u00edtica de calidade<\/strong><\/a>: Implantaci\u00f3n, mantemento e mellora dun Sistema de Xesti\u00f3n da Calidade conforme aos requisitos da Norma ISO 9001:2015.\n<\/li>\n<li><a href=\"\/wp-content\/uploads\/2022\/12\/Politica-Igualdad.pdf\" target=\"_blank\" rel=\"noopener\"><strong> Pol\u00edtica de igualdade<\/strong><\/a>: Instrumento responsable da incorporaci\u00f3n transversal do principio de igualdade efectiva entre homes e mulleres en todos os \u00e1mbitos e actividades que se desenvolven no centro.\n<\/li>\n<li><strong>Convocatoria de axudas \u00e1 mobilidade Cintecx<\/strong>: Dirixida ao persoal investigador adscrito ao centro para financiar parcialmente desprazamientos e\/ou aloxamentos vinculados \u00e1 presentaci\u00f3n de resultados de investigaci\u00f3n en congresos, exposici\u00f3ns ou reuni\u00f3ns cient\u00edficas.<br \/>\n<a href=\"https:\/\/cintecx.uvigo.es\/wp-content\/uploads\/2026\/03\/Resolucion-provisional-ayudas-movilidad-2026_signed.pdf\" target=\"_blank\" rel=\"noopener\">2026<\/a> | <a href=\"\/wp-content\/uploads\/2026\/04\/Resolucion-provisional-ayudas-movilidad-2026_Correcion-errores.pdf\" target=\"_blank\" rel=\"noopener noreferrer\"> 2026 &#8211; correcci\u00f3n de erros<\/a><\/li>\n<\/ul>\n<p>No <a href=\"https:\/\/secretaria.uvigo.gal\/uv\/web\/transparencia\/\" rel=\"noopener\" target=\"_blank\">portal de transparencia<\/a> da Universidade de Vigo poden consultarse outros datos acerca da transparencia.<\/p>\n","protected":false},"excerpt":{"rendered":"<p>Co obxectivo de converternos nun centro de investigaci\u00f3n coa\u00a0m\u00e1xima transparencia, nesta secci\u00f3n presentamos a toda a sociedade a documentaci\u00f3n que acredita a actividade do centro, &hellip; <a class=\"excerpt_more\" href=\"https:\/\/cintecx.uvigo.es\/gl\/cintecx\/transparencia\/\">Continuar<\/a><\/p>\n","protected":false},"author":2,"featured_media":0,"parent":1297,"menu_order":40,"comment_status":"closed","ping_status":"closed","template":"views\/template-fullwidth.blade.php","meta":{"inline_featured_image":false,"footnotes":""},"class_list":["post-175120","page","type-page","status-publish","hentry"],"_links":{"self":[{"href":"https:\/\/cintecx.uvigo.es\/gl\/wp-json\/wp\/v2\/pages\/175120","targetHints":{"allow":["GET"]}}],"collection":[{"href":"https:\/\/cintecx.uvigo.es\/gl\/wp-json\/wp\/v2\/pages"}],"about":[{"href":"https:\/\/cintecx.uvigo.es\/gl\/wp-json\/wp\/v2\/types\/page"}],"author":[{"embeddable":true,"href":"https:\/\/cintecx.uvigo.es\/gl\/wp-json\/wp\/v2\/users\/2"}],"replies":[{"embeddable":true,"href":"https:\/\/cintecx.uvigo.es\/gl\/wp-json\/wp\/v2\/comments?post=175120"}],"version-history":[{"count":42,"href":"https:\/\/cintecx.uvigo.es\/gl\/wp-json\/wp\/v2\/pages\/175120\/revisions"}],"predecessor-version":[{"id":262072,"href":"https:\/\/cintecx.uvigo.es\/gl\/wp-json\/wp\/v2\/pages\/175120\/revisions\/262072"}],"up":[{"embeddable":true,"href":"https:\/\/cintecx.uvigo.es\/gl\/wp-json\/wp\/v2\/pages\/1297"}],"wp:attachment":[{"href":"https:\/\/cintecx.uvigo.es\/gl\/wp-json\/wp\/v2\/media?parent=175120"}],"curies":[{"name":"wp","href":"https:\/\/api.w.org\/{rel}","templated":true}]}}