{"id":174899,"date":"2021-06-11T10:33:07","date_gmt":"2021-06-11T08:33:07","guid":{"rendered":"https:\/\/atlanttic.webs7.uvigo.es\/?page_id=174899"},"modified":"2023-09-19T11:00:56","modified_gmt":"2023-09-19T09:00:56","slug":"at4","status":"publish","type":"page","link":"https:\/\/cintecx.uvigo.es\/gl\/investigacion\/areas-de-investigacion\/at4\/","title":{"rendered":"Transporte"},"content":{"rendered":"<p><img decoding=\"async\" class=\"alignnone size-full wp-image-170417\" src=\"\/wp-content\/uploads\/2022\/01\/logo4_120px.png\" alt=\"\" \/><\/p>\n<div class=\"row\">\n<div class=\"col-lg-6\">\n<div class=\"embed-responsive embed-responsive-16by9\"><iframe src=\"https:\/\/www.youtube.com\/embed\/EiPcoTxyYfs\" frameborder=\"0\" allowfullscreen=\"allowfullscreen\"><\/iframe><\/div>\n<\/p><\/div>\n<div class=\"col-lg-6\">\n<h2>Li\u00f1as de investigaci\u00f3n<\/h2>\n<ul class=\"list-peak\">\n<li>Propulsi\u00f3n e emisi\u00f3ns<\/li>\n<li>Veh\u00edculo el\u00e9ctrico<\/li>\n<li>Sistemas de aforro de combustible<\/li>\n<li>Din\u00e1mica vehicular<\/li>\n<li>Transporte accesible, seguro e sostible<\/li>\n<li>Mobilidade intelixente e seguridade<\/li>\n<\/ul><\/div>\n<\/div>\n<p>&nbsp;<br \/>\nNo \u00e1mbito do transporte, neces\u00edtanse soluci\u00f3ns propulsivas novas e innovadoras, baseadas en motores el\u00e9ctricos e bater\u00edas, pilas de hidr\u00f3xeno e de combustible, motores de gas e arquitecturas e tecnolox\u00edas avanzadas de motores ou propulsi\u00f3n h\u00edbrida. A utilizaci\u00f3n de combustibles libres de carbono, e electricidade procedente de fontes renovables en todas as formas de transporte. A reduci\u00f3n do consumo de combustible mediante a reduci\u00f3n de peso e a diminuci\u00f3n de resistencia aerodin\u00e1mica, hidrodin\u00e1mica e de rodaxe utilizando materiais m\u00e1is lixeiros, estruturas m\u00e1is sinxelas e un dese\u00f1o innovador.<\/p>\n<p>En CINTECX mantemos unha actividade moi intensa en simulaci\u00f3n para o sector do transporte. Desenvolvemos traballos tanto para o veh\u00edculo convencional, desenvolvendo novos combustibles, mellorando a aerodin\u00e1mica reducindo por tanto o consumo do veh\u00edculo convencional t\u00e9rmico, como do veh\u00edculo h\u00edbrido el\u00e9ctrico que presentan novos retos, xeralmente asociados coa s\u00faa xesti\u00f3n t\u00e9rmica.<br \/>\nPara o sector ferroviario principalmente realizamos simulaci\u00f3n de  aerodin\u00e1mica de trens, o cal require grandes capacidades de c\u00e1lculo e con esas simulaci\u00f3ns do tren completo conseguimos mellorar as prestaci\u00f3ns aerodin\u00e1micas do tren, con iso reducir o seu consumo e as s\u00faas demandas enerx\u00e9ticas e esas simulaci\u00f3ns permiten evitar os costos\u00edsimos ensaios en t\u00fanel de vento.<\/p>\n<p>As simulaci\u00f3ns que facemos para o sector naval c\u00e9ntranse principalmente en buscar alternativas aos sistemas de propulsi\u00f3n convencional. Isto incl\u00fae tanto a simulaci\u00f3n de novos combustibles con menor pegada de carbono, como soluci\u00f3ns m\u00e1is disruptivas como combustibles sen carbono que poder\u00edan ser o amon\u00edaco ou o hidr\u00f3xeno.<br \/>\nNas nosas instalaci\u00f3ns de banco de motores, obt\u00e9\u00f1ense datos que non s\u00f3 nos serven para a validaci\u00f3n dalg\u00fans dos modelos matem\u00e1ticos desenvolvidos, sen\u00f3n tam\u00e9n est\u00e1n a disposici\u00f3n de ofrecer servizos para realizar directamente probas que nos pidan os fabricantes de motores, combustibles ou aceites.<br \/>\nPor outra banda, tam\u00e9n estamos a desenvolver unha serie de proxectos relacionados co \u00e1mbito da mobilidade e das infraestruturas do transporte en aspectos como o incremento da resiliencia destas infraestruturas ante eventos extremos.<\/p>\n<p>&nbsp;<\/p>\n<h2>Obxectivos de desenvolvemento sostible<\/h2>\n<div class=\"d-flex justify-content-start\">\n<img decoding=\"async\" align=\"left\" src=\"https:\/\/www.uvigo.gal\/sites\/uvigo.gal\/files\/inline-images\/3_saude_e_benestar.jpg\" width=\"100\" height=\"100\"\/>&nbsp;<img decoding=\"async\" align=\"left\" src=\"https:\/\/www.uvigo.gal\/sites\/uvigo.gal\/files\/inline-images\/6_auga_limpa_e_saneamento.jpg\" width=\"100\" height=\"100\"\/>&nbsp;<img decoding=\"async\" align=\"left\" src=\"https:\/\/www.uvigo.gal\/sites\/uvigo.gal\/files\/inline-images\/7_enerxia_accesible_e_non_contaminante.jpg\" width=\"100\" height=\"100\"\/>&nbsp;<img decoding=\"async\" align=\"left\" src=\"https:\/\/www.uvigo.gal\/sites\/uvigo.gal\/files\/inline-images\/8_traballo_decente_e_crecemento_economico.jpg\" width=\"100\" height=\"100\"\/>&nbsp;<img decoding=\"async\" align=\"left\" src=\"https:\/\/www.uvigo.gal\/sites\/uvigo.gal\/files\/inline-images\/9_industria_innovacion_e_infraestructura.jpg\" width=\"100\" height=\"100\"\/>&nbsp;<img decoding=\"async\" align=\"left\" src=\"https:\/\/www.uvigo.gal\/sites\/uvigo.gal\/files\/inline-images\/11_cidades_e_comunidades_sostibles.jpg\" width=\"100\" height=\"100\"\/>&nbsp;<img decoding=\"async\" align=\"left\" src=\"https:\/\/www.uvigo.gal\/sites\/uvigo.gal\/files\/inline-images\/12_producion_e_consumo_responsables_0.jpg\" width=\"100\" height=\"100\"\/>&nbsp;<img decoding=\"async\" align=\"left\" src=\"https:\/\/www.uvigo.gal\/sites\/uvigo.gal\/files\/inline-images\/13_accion_polo_clima.jpg\" width=\"100\" height=\"100\"\/>&nbsp;<img decoding=\"async\" align=\"left\" src=\"https:\/\/www.uvigo.gal\/sites\/uvigo.gal\/files\/inline-images\/17_alianzas_para_acadar_os_obxectivos_0.jpg\" width=\"100\" height=\"100\"\/>\n<\/div>\n","protected":false},"excerpt":{"rendered":"<p>Li\u00f1as de investigaci\u00f3n Propulsi\u00f3n e emisi\u00f3ns Veh\u00edculo el\u00e9ctrico Sistemas de aforro de combustible Din\u00e1mica vehicular Transporte accesible, seguro e sostible Mobilidade intelixente e seguridade &nbsp; &hellip; <a class=\"excerpt_more\" href=\"https:\/\/cintecx.uvigo.es\/gl\/investigacion\/areas-de-investigacion\/at4\/\">Continuar<\/a><\/p>\n","protected":false},"author":2,"featured_media":0,"parent":174878,"menu_order":40,"comment_status":"closed","ping_status":"closed","template":"views\/template-fullwidth.blade.php","meta":{"inline_featured_image":false,"footnotes":""},"class_list":["post-174899","page","type-page","status-publish","hentry"],"_links":{"self":[{"href":"https:\/\/cintecx.uvigo.es\/gl\/wp-json\/wp\/v2\/pages\/174899","targetHints":{"allow":["GET"]}}],"collection":[{"href":"https:\/\/cintecx.uvigo.es\/gl\/wp-json\/wp\/v2\/pages"}],"about":[{"href":"https:\/\/cintecx.uvigo.es\/gl\/wp-json\/wp\/v2\/types\/page"}],"author":[{"embeddable":true,"href":"https:\/\/cintecx.uvigo.es\/gl\/wp-json\/wp\/v2\/users\/2"}],"replies":[{"embeddable":true,"href":"https:\/\/cintecx.uvigo.es\/gl\/wp-json\/wp\/v2\/comments?post=174899"}],"version-history":[{"count":12,"href":"https:\/\/cintecx.uvigo.es\/gl\/wp-json\/wp\/v2\/pages\/174899\/revisions"}],"predecessor-version":[{"id":244314,"href":"https:\/\/cintecx.uvigo.es\/gl\/wp-json\/wp\/v2\/pages\/174899\/revisions\/244314"}],"up":[{"embeddable":true,"href":"https:\/\/cintecx.uvigo.es\/gl\/wp-json\/wp\/v2\/pages\/174878"}],"wp:attachment":[{"href":"https:\/\/cintecx.uvigo.es\/gl\/wp-json\/wp\/v2\/media?parent=174899"}],"curies":[{"name":"wp","href":"https:\/\/api.w.org\/{rel}","templated":true}]}}