{"id":170388,"date":"2021-05-21T11:23:06","date_gmt":"2021-05-21T09:23:06","guid":{"rendered":"https:\/\/atlanttic.webs7.uvigo.es\/?page_id=170388"},"modified":"2024-11-14T12:00:12","modified_gmt":"2024-11-14T11:00:12","slug":"quen-somos","status":"publish","type":"page","link":"https:\/\/cintecx.uvigo.es\/gl\/cintecx\/quen-somos\/","title":{"rendered":"Quen somos"},"content":{"rendered":"<p><!--<img decoding=\"async\" src=\"\/wp-content\/uploads\/2022\/01\/cintecx_1400x350.jpg\" alt=\"\" width=\"100%\" \/>--><\/p>\n<p>&nbsp;<\/p>\n<div class=\"row\">\n<div class=\"col-lg-6\">\n<div class=\"embed-responsive embed-responsive-16by9\"><iframe src=\"https:\/\/tv.uvigo.es\/iframe\/6059aa877f453806a1404b18\" frameborder=\"0\" allowfullscreen=\"allowfullscreen\"><\/iframe><\/div>\n<\/div>\n<div class=\"col-lg-6\">\n<p>CINTECX  \u00e9 o Centro de Investigaci\u00f3n en Tecnolox\u00edas, Enerx\u00eda e Procesos Industriais da Universidade de Vigo.<\/p>\n<p>CINTECX concentra o esforzo multidisciplinar dos seus investigadores para desenvolver investigaci\u00f3n b\u00e1sica e orientada e transferir co\u00f1ecemento ao sector produtivo cun alto nivel de excelencia e competitividade.<\/p>\n<p>A longa traxectoria dos investigadores do seu amplo equipo permite permite ao centro situarse \u00e1 vangarda da I+D+i en li\u00f1as como as enerx\u00edas renovables, a eficiencia enerx\u00e9tica, o aproveitamento de recursos naturais, a valorizaci\u00f3n de residuos industriais, o desenvolvemento e a aplicaci\u00f3n de t\u00e9cnicas de fabricaci\u00f3n avanzada e novos materiais, tecnolox\u00edas de propulsi\u00f3n limpa ou a intelixencia artificial.<\/p>\n<\/div>\n<\/div>\n<p>&nbsp;<\/p>\n<h2>Visi\u00f3n<\/h3>\n<hr style=\"height:0,75px; width:100%; background-color:#dfdfdf; text-align:left;\" \/>\n&nbsp;<\/p>\n<div class=\"row\">\n<div class=\"col-md-6\">\n<img decoding=\"async\" src=\"\/wp-content\/uploads\/2022\/03\/vision.jpg\" \/><\/p>\n<\/div>\n<div class=\"col-md-6\">\n<p>A visi\u00f3n de <strong>Cintecx<\/strong> \u00e9 consolidarse como centro de referencia a trav\u00e9s da excelencia investigadora, producindo un impacto real na contorna e nos nosos socios tecnol\u00f3xicos e industriais e xerando masa cr\u00edtica en investigaci\u00f3n.\n<\/div>\n<\/div>\n<p>&nbsp;<\/p>\n<h2>Misi\u00f3n<\/h2>\n<hr style=\"height:0,75px; width:100%; background-color:#dfdfdf; text-align:left;\" \/>\n&nbsp;<\/p>\n<div class=\"row\">\n<div class=\"col-md-6\">\n<p>A <strong>misi\u00f3n<\/strong> do Centro \u00e9<strong> xerar<\/strong> e <strong>difundir<\/strong> co\u00f1ecemento excelente e <strong>transferir<\/strong> innovaci\u00f3n no \u00e1mbito da enerx\u00eda, tecnolox\u00edas e procesos industriais, po\u00f1endo o foco nas persoas e no desenvolvemento sustentable.\n<\/div>\n<div class=\"col-md-6\">\n<img decoding=\"async\" src=\"\/wp-content\/uploads\/2022\/03\/mision.jpg\" \/>\n<\/div>\n<\/div>\n<p>&nbsp;<\/p>\n<h2>Valores<\/h2>\n<hr style=\"height:0,75px; width:100%; background-color:#dfdfdf; text-align:left;\" \/>\n&nbsp;<\/p>\n<div class=\"row\">\n<div class=\"col-md-6\">\n<img decoding=\"async\" src=\"\/wp-content\/uploads\/2022\/03\/valores.jpg\" \/>\n<\/div>\n<div class=\"col-md-6\">\n<div class=\"row\">\n<div class=\"col-lg-6\">\n<ul class=\"list-peak\">\n<li><img decoding=\"async\" style=\"max-width:18%;\" src=\"\/wp-content\/uploads\/2024\/07\/Valores-sostenib-v2.png\" \/> Sustentabilidade<\/li>\n<li><img decoding=\"async\" style=\"max-width:18%;\" src=\"\/wp-content\/uploads\/2024\/07\/Valores-confianza-v2.png\" \/> Confianza<\/li>\n<li><img decoding=\"async\" style=\"max-width:18%;\" src=\"\/wp-content\/uploads\/2024\/07\/Valores-eficiencia.png\" \/> Eficiencia<\/li>\n<\/ul><\/div>\n<div class=\"col-lg-6\">\n<ul class=\"list-peak\">\n<li><img decoding=\"async\" style=\"max-width:18%;\" src=\"\/wp-content\/uploads\/2024\/07\/Valores-excelencia.png\" \/> Excelencia<\/li>\n<li><img decoding=\"async\" style=\"max-width:18%;\" src=\"https:\/\/cintecx.uvigo.es\/wp-content\/uploads\/2024\/07\/Valores-igualdad.png\" \/> Igualdade<\/li>\n<\/ul><\/div>\n<\/div>\n<\/div>\n<\/div>\n<p>&nbsp;<\/p>\n<h2>Obxectivos <\/h2>\n<hr style=\"height: 3px; width: 100%; background-color: #dfdfdf; align=left\" \/>\n&nbsp;<\/p>\n<p>CINTECX define os seus obxectivos estrat\u00e9xicos organizados en catro eixes de actuaci\u00f3n prioritarios:<\/p>\n<div class=\"row\">\n<div class=\"col-md-1\"><\/div>\n<div class=\"col-md-5\">\n<div class=\"card\" style=\"min-width: 25%;\">\n<div class=\"card-body\">\n<div class=\"flip-card-obx\">\n<div class=\"flip-card-inner-obx\">\n<div class=\"flip-card-front-obx\">\n<h4 class=\"card-title\">A Investigaci\u00f3n, transferencia e innovaci\u00f3n<\/h4>\n<p>\t\t\t\t<img decoding=\"async\" src=\"https:\/\/cintecx.uvigo.es\/wp-content\/uploads\/2024\/07\/objetivos_investigacion-web-v2.png\" \/>          <\/div>\n<div class=\"flip-card-back-obx\">\n<p>Xeraci\u00f3n de co\u00f1ecemento cient\u00edfico e tecnol\u00f3xico excelente, apoiando o ecosistema de ciencia accesible e en aberto, e fomentando a \u00e9tica na investigaci\u00f3n.<\/p>\n<hr style=\"height: 0.5px; width: 20%; background-color: #6c7477; align=left\" \/>\n<p>  Transferencia continua de co\u00f1ecemento ao mercado colaborando directamente co sector industrial e o resto dos axentes do ecosistema innovador, orientando a investigaci\u00f3n e a tecnolox\u00eda para dotar \u00e1 industria de soluci\u00f3ns innovadoras e sustentables.<\/p>\n<hr style=\"height: 0.5px; width: 20%; background-color: #6c7477; align=left\" \/>\n<p>Fortalecemento da relaci\u00f3n ciencia e sociedade, a trav\u00e9s da comunicaci\u00f3n social da ciencia e a participaci\u00f3n da cidadan\u00eda, prestando especial atenci\u00f3n a colectivos con barreiras de acceso \u00e1 ciencia.<\/p>\n<hr style=\"height: 0.5px; width: 20%; background-color: #6c7477; align=left\" \/>\n<p>Valorizaci\u00f3n dos resultados de investigaci\u00f3n, por medio dunha contorna que potencie as spin-offs, apoie a xeraci\u00f3n e licenciamiento de patentes, e o achegamento a mercado.<\/p>\n<\/p><\/div>\n<\/p><\/div>\n<p> <!-- cierra card-inner !-->\n<\/div>\n<p> <!-- cierra flip-card--><\/p>\n<\/div>\n<p> <!--cierra card-body-->\n<\/div>\n<p> <!--cierra card-->\n<\/div>\n<p><!--cierra columna --><\/p>\n<div class=\"col-md-5\">\n<div class=\"card\" style=\"min-width: 25%;\">\n<div class=\"card-body\">\n<div class=\"flip-card-obx\">\n<div class=\"flip-card-inner-obx\">\n<div class=\"flip-card-front-obx\">\n<h4 class=\"card-title\">O modelo de relaci\u00f3n<\/h4>\n<p>\t\t\t\t<img decoding=\"async\" src=\"https:\/\/cintecx.uvigo.es\/wp-content\/uploads\/2024\/07\/objetivos_relacion-web.png\" \/>\n                       <\/div>\n<div class=\"flip-card-back-obx\">\n<p>Ser voz activa e participativa no pensamento innovador, cient\u00edfico e sustentable na contorna, e ser socio tecnol\u00f3xico dos principais actores do ecosistema de innovaci\u00f3n galego.<\/p>\n<hr style=\"height: 0.5px; width: 20%; background-color: #6c7477; align=left\" \/>\n<p>Desenvolvemento e implementaci\u00f3n dun Plan Integral de Comunicaci\u00f3n e unha estratexia de marca e imaxe corporativa.<\/p>\n<hr style=\"height: 0.5px; width: 20%; background-color: #6c7477; align=left\" \/>\n<p>Impulso dunha comunicaci\u00f3n cient\u00edfica eficaz, \u00e9tica e profesional con p\u00fablicos diversos para fortalecer o di\u00e1logo e o compromiso mutuo entre a ciencia e a sociedade.<\/p>\n<\/p><\/div>\n<\/p><\/div>\n<p> <!-- cierra card-inner !-->\n<\/div>\n<p> <!-- cierra flip-card--><\/p>\n<\/div>\n<p> <!--cierra card-body-->\n<\/div>\n<p> <!--cierra card--><\/p>\n<\/div>\n<p><!--cierra columna --><\/p>\n<div class=\"col-md-1\"><\/div>\n<\/div>\n<p> <!--cierra fila --><\/p>\n<div class=\"row\">\n<div class=\"col-md-1\"><\/div>\n<div class=\"col-md-5\">\n<div class=\"card\" style=\"min-width: 25%;\">\n<div class=\"card-body\">\n<div class=\"flip-card-obx\">\n<div class=\"flip-card-inner-obx\">\n<div class=\"flip-card-front-obx\">\n<h4 class=\"card-title\">As persoas<\/h4>\n<p>\t\t\t\t<img decoding=\"async\" src=\"https:\/\/cintecx.uvigo.es\/wp-content\/uploads\/2024\/07\/objetivos_personas-web.png\" \/>          <\/div>\n<div class=\"flip-card-back-obx\">\n<p>Creaci\u00f3n dunha contorna de traballo incentivador, inclusivo, sustentable e seguro, que facilite o desenvolvemento da carreira investigadora, garanta a igualdade de oportunidades, impulse o cumprimento dos ODS e mellore a vida das persoas de CINTECX.<\/p>\n<hr style=\"height: 0.5px; width: 20%; background-color: #6c7477; align=left\" \/>\n<p> Apoio \u00e1 formaci\u00f3n do persoal investigador e \u00e1 consolidaci\u00f3n da carreira profesional a trav\u00e9s das actividades de mobilidade internacional e posicionamento a nivel internacional como centro receptor de talento.<\/p>\n<p>&nbsp;<\/p>\n<\/p><\/div>\n<\/p><\/div>\n<p> <!-- cierra card-inner !-->\n<\/div>\n<p> <!-- cierra flip-card--><\/p>\n<\/div>\n<p> <!--cierra card-body-->\n<\/div>\n<p> <!--cierra card-->\n<\/div>\n<p><!--cierra columna --><\/p>\n<div class=\"col-md-5\">\n<div class=\"card\" style=\"min-width: 25%;\">\n<div class=\"card-body\">\n<div class=\"flip-card-obx\">\n<div class=\"flip-card-inner-obx\">\n<div class=\"flip-card-front-obx\">\n<h4 class=\"card-title\">A calidade, avaliaci\u00f3n e reco\u00f1ecemento<\/h4>\n<p>                                <img decoding=\"async\" src=\"https:\/\/cintecx.uvigo.es\/wp-content\/uploads\/2024\/07\/objetivos_calidad-web.png\" \/>\n                       <\/div>\n<div class=\"flip-card-back-obx\">\n<p>Obter o reco\u00f1ecemento do desempe\u00f1o e da calidade investigadora de CINTECX en convocatorias de excelencia de centros de investigaci\u00f3n.<\/p>\n<hr style=\"height: 0.5px; width: 20%; background-color: #6c7477; align=left\" \/>\n<p> Avanzar na calidade da xesti\u00f3n administrativa e de apoio \u00e1 investigaci\u00f3n, simplificando os procedementos e mellorando a transparencia e a rendici\u00f3n de contas.<\/p>\n<hr style=\"height: 0.5px; width: 20%; background-color: #6c7477; align=left\" \/>\n<p>Promover o reco\u00f1ecemento da excelencia investigadora do persoal de CINTECX.<\/p>\n<\/p><\/div>\n<\/p><\/div>\n<p> <!-- cierra card-inner !-->\n<\/div>\n<p> <!-- cierra flip-card--><\/p>\n<\/div>\n<p> <!--cierra card-body-->\n<\/div>\n<p> <!--cierra card--><\/p>\n<\/div>\n<p><!--cierra columna --><\/p>\n<div class=\"col-md-1\"><\/div>\n<\/div>\n<p> <!--cierra fila --><\/p>\n<h2>Obxectivos de desenvolvemento sostible<\/h2>\n<div class=\"row\">\n<div class=\"col-6 col-sm-6 col-md-3 col-lg-1\"><img decoding=\"async\" src=\"https:\/\/www.uvigo.gal\/sites\/uvigo.gal\/files\/inline-images\/3_saude_e_benestar.jpg\" width=\"100%\" align=\"left\" \/><\/div>\n<div class=\"col-6 col-sm-6 col-md-3 col-lg-1\"><img decoding=\"async\" src=\"https:\/\/www.uvigo.gal\/sites\/uvigo.gal\/files\/inline-images\/4_educacion_de_calidade.jpg\" width=\"100%\" align=\"left\" \/><\/div>\n<div class=\"col-6 col-sm-6 col-md-3 col-lg-1 d-block d-md-none\"><\/div>\n<div class=\"col-6 col-sm-6 col-md-3 col-lg-1 d-block d-md-none\"><\/div>\n<div class=\"col-6 col-sm-6 col-md-3 col-lg-1\"><img decoding=\"async\" src=\"https:\/\/www.uvigo.gal\/sites\/uvigo.gal\/files\/inline-images\/6_auga_limpa_e_saneamento.jpg\" width=\"100%\" align=\"left\" \/><\/div>\n<div class=\"col-6 col-sm-6 col-md-3 col-lg-1\"><img decoding=\"async\" src=\"https:\/\/www.uvigo.gal\/sites\/uvigo.gal\/files\/inline-images\/7_enerxia_accesible_e_non_contaminante.jpg\" width=\"100%\" align=\"left\" \/><\/div>\n<div class=\"col-6 col-sm-6 col-md-3 col-lg-1 d-block d-md-none\"><\/div>\n<div class=\"col-6 col-sm-6 col-md-3 col-lg-1 d-block d-md-none\"><\/div>\n<div class=\"col-6 col-sm-6 col-md-3 col-lg-1 d-none d-md-block d-lg-none\"><\/div>\n<div class=\"col-md-3 col-lg-1 d-none d-md-block d-lg-none\"><\/div>\n<div class=\"col-md-3 col-lg-1 d-none d-md-block d-lg-none\"><\/div>\n<div class=\"col-md-3 col-lg-1 d-none d-md-block d-lg-none\"><\/div>\n<div class=\"col-6 col-sm-6 col-md-3 col-lg-1\"><img decoding=\"async\" src=\"https:\/\/www.uvigo.gal\/sites\/uvigo.gal\/files\/inline-images\/8_traballo_decente_e_crecemento_economico.jpg\" width=\"100%\" align=\"left\" \/><\/div>\n<div class=\"col-6 col-sm-6 col-md-3 col-lg-1\"><img decoding=\"async\" src=\"https:\/\/www.uvigo.gal\/sites\/uvigo.gal\/files\/inline-images\/9_industria_innovacion_e_infraestructura.jpg\" width=\"100%\" align=\"left\" \/><\/div>\n<div class=\"col-6 col-sm-6 col-md-3 col-lg-1 d-block d-md-none\"><\/div>\n<div class=\"col-6 col-sm-6 col-md-3 col-lg-1 d-block d-md-none\"><\/div>\n<div class=\"col-6 col-sm-6 col-md-3 col-lg-1\"><img decoding=\"async\" src=\"https:\/\/www.uvigo.gal\/sites\/uvigo.gal\/files\/inline-images\/11_cidades_e_comunidades_sostibles.jpg\" width=\"100%\" align=\"left\" \/><\/div>\n<div class=\"col-6 col-sm-6 col-md-3 col-lg-1\"><img decoding=\"async\" src=\"https:\/\/www.uvigo.gal\/sites\/uvigo.gal\/files\/inline-images\/12_producion_e_consumo_responsables_0.jpg\" width=\"100%\" align=\"left\" \/><\/div>\n<div class=\"col-6 col-sm-6 col-md-3 col-lg-1 d-block d-md-none\"><\/div>\n<div class=\"col-6 col-sm-6 col-md-3 col-lg-1 d-block d-md-none\"><\/div>\n<div class=\"col-6 col-sm-6 col-md-3 col-lg-1 d-none d-md-block d-lg-none\"><\/div>\n<div class=\"col-md-3 col-lg-1 d-none d-md-block d-lg-none\"><\/div>\n<div class=\"col-md-3 col-lg-1 d-none d-md-block d-lg-none\"><\/div>\n<div class=\"col-md-3 col-lg-1 d-none d-md-block d-lg-none\"><\/div>\n<div class=\"col-6 col-sm-6 col-md-3 col-lg-1\"><img decoding=\"async\" src=\"https:\/\/www.uvigo.gal\/sites\/uvigo.gal\/files\/inline-images\/13_accion_polo_clima.jpg\" width=\"100%\" align=\"left\" \/><\/div>\n<div class=\"col-6 col-sm-6 col-md-3 col-lg-1\"><img decoding=\"async\" src=\"https:\/\/www.uvigo.gal\/sites\/uvigo.gal\/files\/inline-images\/14_vida_submarina.jpg\" width=\"100%\" align=\"left\" \/><\/div>\n<div class=\"col-6 col-sm-6 col-md-3 col-lg-1 d-block d-md-none\"><\/div>\n<div class=\"col-6 col-sm-6 col-md-3 col-lg-1 d-block d-md-none\"><\/div>\n<div class=\"col-6 col-sm-6 col-md-3 col-lg-1\"><img decoding=\"async\" src=\"https:\/\/www.uvigo.gal\/sites\/uvigo.gal\/files\/inline-images\/15_vida_de_ecosistemas_terrestres.jpg\" width=\"100%\" align=\"left\" \/><\/div>\n<div class=\"col-6 col-sm-6 col-md-3 col-lg-1\"><img decoding=\"async\" src=\"https:\/\/www.uvigo.gal\/sites\/uvigo.gal\/files\/inline-images\/17_alianzas_para_acadar_os_obxectivos_0.jpg\" width=\"100%\" align=\"left\" \/><\/div>\n<\/div>\n<p>&nbsp;<\/p>\n","protected":false},"excerpt":{"rendered":"<p>&nbsp; CINTECX \u00e9 o Centro de Investigaci\u00f3n en Tecnolox\u00edas, Enerx\u00eda e Procesos Industriais da Universidade de Vigo. CINTECX concentra o esforzo multidisciplinar dos seus investigadores &hellip; <a class=\"excerpt_more\" href=\"https:\/\/cintecx.uvigo.es\/gl\/cintecx\/quen-somos\/\">Continuar<\/a><\/p>\n","protected":false},"author":2,"featured_media":0,"parent":1297,"menu_order":10,"comment_status":"closed","ping_status":"closed","template":"views\/template-fullwidth.blade.php","meta":{"inline_featured_image":false,"footnotes":""},"class_list":["post-170388","page","type-page","status-publish","hentry"],"_links":{"self":[{"href":"https:\/\/cintecx.uvigo.es\/gl\/wp-json\/wp\/v2\/pages\/170388","targetHints":{"allow":["GET"]}}],"collection":[{"href":"https:\/\/cintecx.uvigo.es\/gl\/wp-json\/wp\/v2\/pages"}],"about":[{"href":"https:\/\/cintecx.uvigo.es\/gl\/wp-json\/wp\/v2\/types\/page"}],"author":[{"embeddable":true,"href":"https:\/\/cintecx.uvigo.es\/gl\/wp-json\/wp\/v2\/users\/2"}],"replies":[{"embeddable":true,"href":"https:\/\/cintecx.uvigo.es\/gl\/wp-json\/wp\/v2\/comments?post=170388"}],"version-history":[{"count":28,"href":"https:\/\/cintecx.uvigo.es\/gl\/wp-json\/wp\/v2\/pages\/170388\/revisions"}],"predecessor-version":[{"id":256714,"href":"https:\/\/cintecx.uvigo.es\/gl\/wp-json\/wp\/v2\/pages\/170388\/revisions\/256714"}],"up":[{"embeddable":true,"href":"https:\/\/cintecx.uvigo.es\/gl\/wp-json\/wp\/v2\/pages\/1297"}],"wp:attachment":[{"href":"https:\/\/cintecx.uvigo.es\/gl\/wp-json\/wp\/v2\/media?parent=170388"}],"curies":[{"name":"wp","href":"https:\/\/api.w.org\/{rel}","templated":true}]}}