{"id":261878,"date":"2026-03-23T11:39:44","date_gmt":"2026-03-23T10:39:44","guid":{"rendered":"https:\/\/cintecx.uvigo.es\/?page_id=261878"},"modified":"2026-04-27T17:07:23","modified_gmt":"2026-04-27T15:07:23","slug":"posters-ganadores","status":"publish","type":"page","link":"https:\/\/cintecx.uvigo.es\/es\/ciencia-y-sociedad\/alerta-verde\/posters-ganadores\/","title":{"rendered":"P\u00f3sters ganadores"},"content":{"rendered":"<blockquote class=\"op-uc-blockquote\">\n<p class=\"op-uc-p\">Pr\u00f3ximamente se publicar\u00e1n los p\u00f3sters elaborados por el alumnado que haya participado en la modalidad h\u00edbrida<\/p>\n<\/blockquote>\n<p><img decoding=\"async\" class=\"size-full wp-image-262047 aligncenter\" src=\"https:\/\/cintecx.uvigo.es\/wp-content\/uploads\/2026\/03\/IMG-20260325-WA0258.webp\" alt=\"\" width=\"1500\" height=\"1125\" srcset=\"https:\/\/cintecx.uvigo.es\/wp-content\/uploads\/2026\/03\/IMG-20260325-WA0258.webp 1500w, https:\/\/cintecx.uvigo.es\/wp-content\/uploads\/2026\/03\/IMG-20260325-WA0258-300x225.webp 300w, https:\/\/cintecx.uvigo.es\/wp-content\/uploads\/2026\/03\/IMG-20260325-WA0258-1024x768.webp 1024w, https:\/\/cintecx.uvigo.es\/wp-content\/uploads\/2026\/03\/IMG-20260325-WA0258-768x576.webp 768w, https:\/\/cintecx.uvigo.es\/wp-content\/uploads\/2026\/03\/IMG-20260325-WA0258-1320x990.webp 1320w\" sizes=\"(max-width: 1500px) 100vw, 1500px\" \/><\/p>\n","protected":false},"excerpt":{"rendered":"<p>Pr\u00f3ximamente se publicar\u00e1n los p\u00f3sters elaborados por el alumnado que haya participado en la modalidad h\u00edbrida<\/p>\n","protected":false},"author":2,"featured_media":0,"parent":261204,"menu_order":0,"comment_status":"closed","ping_status":"closed","template":"views\/template-posters.blade.php","meta":{"inline_featured_image":false,"footnotes":""},"class_list":["post-261878","page","type-page","status-publish","hentry"],"_links":{"self":[{"href":"https:\/\/cintecx.uvigo.es\/es\/wp-json\/wp\/v2\/pages\/261878","targetHints":{"allow":["GET"]}}],"collection":[{"href":"https:\/\/cintecx.uvigo.es\/es\/wp-json\/wp\/v2\/pages"}],"about":[{"href":"https:\/\/cintecx.uvigo.es\/es\/wp-json\/wp\/v2\/types\/page"}],"author":[{"embeddable":true,"href":"https:\/\/cintecx.uvigo.es\/es\/wp-json\/wp\/v2\/users\/2"}],"replies":[{"embeddable":true,"href":"https:\/\/cintecx.uvigo.es\/es\/wp-json\/wp\/v2\/comments?post=261878"}],"version-history":[{"count":3,"href":"https:\/\/cintecx.uvigo.es\/es\/wp-json\/wp\/v2\/pages\/261878\/revisions"}],"predecessor-version":[{"id":262501,"href":"https:\/\/cintecx.uvigo.es\/es\/wp-json\/wp\/v2\/pages\/261878\/revisions\/262501"}],"up":[{"embeddable":true,"href":"https:\/\/cintecx.uvigo.es\/es\/wp-json\/wp\/v2\/pages\/261204"}],"wp:attachment":[{"href":"https:\/\/cintecx.uvigo.es\/es\/wp-json\/wp\/v2\/media?parent=261878"}],"curies":[{"name":"wp","href":"https:\/\/api.w.org\/{rel}","templated":true}]}}