{"id":261874,"date":"2026-03-23T11:38:42","date_gmt":"2026-03-23T10:38:42","guid":{"rendered":"https:\/\/cintecx.uvigo.es\/?page_id=261874"},"modified":"2026-04-27T16:47:10","modified_gmt":"2026-04-27T14:47:10","slug":"exposicion-itinerante","status":"publish","type":"page","link":"https:\/\/cintecx.uvigo.es\/es\/ciencia-y-sociedad\/alerta-verde\/exposicion-itinerante\/","title":{"rendered":"Exposici\u00f3n itinerante"},"content":{"rendered":"<p>Los p\u00f3steres elaborados por el alumnado que haya participado en la modalidad h\u00edbrida podr\u00e1n formar parte de una exposici\u00f3n itinerante que recorrer\u00e1 distintos espacios educativos y eventos de divulgaci\u00f3n cient\u00edfica.<\/p>\n<p>Esta exposici\u00f3n permite mostrar p\u00fablicamente el trabajo realizado, destacar las soluciones desarrolladas durante la experiencia y dar visibilidad al aprendizaje adquirido en el recorrido presencial y el Escape Room.<\/p>\n<div class=\"eventos-container\"><div class=\"evento\"><img decoding=\"async\" src=\"https:\/\/cintecx.uvigo.es\/wp-content\/uploads\/2026\/05\/ponteciencia-300x272.jpg\" alt=\"Alerta Verde en Ponteciencia\" \/><p class=\"fecha-publicacion\">08\/05\/2026<\/p><h4><a href=\"https:\/\/cintecx.uvigo.es\/es\/event\/alerta-verde-en-ponteciencia\/\">Alerta Verde en Ponteciencia<\/a><\/h4><\/div><\/div><div class=\"pagination1\"><\/div>\n","protected":false},"excerpt":{"rendered":"<p>Los p\u00f3steres elaborados por el alumnado que haya participado en la modalidad h\u00edbrida podr\u00e1n formar parte de una exposici\u00f3n itinerante que recorrer\u00e1 distintos espacios educativos &hellip; <a class=\"excerpt_more\" href=\"https:\/\/cintecx.uvigo.es\/es\/event\/alerta-verde-en-ponteciencia\/\">Contin\u00faa<\/a><\/p>\n","protected":false},"author":2,"featured_media":0,"parent":261204,"menu_order":0,"comment_status":"closed","ping_status":"closed","template":"","meta":{"inline_featured_image":false,"footnotes":""},"class_list":["post-261874","page","type-page","status-publish","hentry","cat_alerta-verde","cat_alerta-verde-ferias","cat_alerta-verde-exposicion"],"_links":{"self":[{"href":"https:\/\/cintecx.uvigo.es\/es\/wp-json\/wp\/v2\/pages\/261874","targetHints":{"allow":["GET"]}}],"collection":[{"href":"https:\/\/cintecx.uvigo.es\/es\/wp-json\/wp\/v2\/pages"}],"about":[{"href":"https:\/\/cintecx.uvigo.es\/es\/wp-json\/wp\/v2\/types\/page"}],"author":[{"embeddable":true,"href":"https:\/\/cintecx.uvigo.es\/es\/wp-json\/wp\/v2\/users\/2"}],"replies":[{"embeddable":true,"href":"https:\/\/cintecx.uvigo.es\/es\/wp-json\/wp\/v2\/comments?post=261874"}],"version-history":[{"count":5,"href":"https:\/\/cintecx.uvigo.es\/es\/wp-json\/wp\/v2\/pages\/261874\/revisions"}],"predecessor-version":[{"id":262494,"href":"https:\/\/cintecx.uvigo.es\/es\/wp-json\/wp\/v2\/pages\/261874\/revisions\/262494"}],"up":[{"embeddable":true,"href":"https:\/\/cintecx.uvigo.es\/es\/wp-json\/wp\/v2\/pages\/261204"}],"wp:attachment":[{"href":"https:\/\/cintecx.uvigo.es\/es\/wp-json\/wp\/v2\/media?parent=261874"}],"curies":[{"name":"wp","href":"https:\/\/api.w.org\/{rel}","templated":true}]}}