{"id":261275,"date":"2026-02-25T13:46:31","date_gmt":"2026-02-25T12:46:31","guid":{"rendered":"https:\/\/cintecx.uvigo.es\/?page_id=261275"},"modified":"2026-02-27T13:33:26","modified_gmt":"2026-02-27T12:33:26","slug":"alerta-verde-toolbox","status":"publish","type":"page","link":"https:\/\/cintecx.uvigo.es\/es\/ciencia-y-sociedad\/alerta-verde\/alerta-verde-toolbox\/","title":{"rendered":"Alerta Verde Toolbox"},"content":{"rendered":"<p>La toolbox es un repositorio digital abierto que re\u00fane todos los materiales generados durante el proyecto: recursos educativos para el profesorado, v\u00eddeos explicativos, contenidos de apoyo, ejemplos de p\u00f3steres, informaci\u00f3n sobre las tecnolog\u00edas utilizadas y materiales divulgativos.<\/p>\n<div class=\"card-list-alerta-verde\">\n<div class=\"row\">\n<div class=\"col-12 col-md-4\">\n<div class=\"card\"><a href=\"https:\/\/cintecx.uvigo.es\/wp-content\/uploads\/2026\/02\/Dosier-informativo-Alerta-Verde.pdf\" download>Dossier informativo del proyecto <img decoding=\"async\" class=\"alignnone wp-image-261342 size-full\" src=\"https:\/\/cintecx.uvigo.es\/wp-content\/uploads\/2026\/02\/Toolbox-2.png\" alt=\"\" width=\"512\" height=\"512\" srcset=\"https:\/\/cintecx.uvigo.es\/wp-content\/uploads\/2026\/02\/Toolbox-2.png 512w, https:\/\/cintecx.uvigo.es\/wp-content\/uploads\/2026\/02\/Toolbox-2-300x300.png 300w, https:\/\/cintecx.uvigo.es\/wp-content\/uploads\/2026\/02\/Toolbox-2-150x150.png 150w, https:\/\/cintecx.uvigo.es\/wp-content\/uploads\/2026\/02\/Toolbox-2-400x400.png 400w\" sizes=\"(max-width: 512px) 100vw, 512px\" \/><\/a><\/div>\n<\/div>\n<div class=\"col-12 col-md-4\">\n<div class=\"card\"><a href=\"https:\/\/cintecx.uvigo.es\/wp-content\/uploads\/2026\/02\/Tutorial-Videojuego-Alerta-Verde.pdf\" download>Tutorial del Escape Room <img decoding=\"async\" class=\"alignnone wp-image-261355 size-full\" src=\"https:\/\/cintecx.uvigo.es\/wp-content\/uploads\/2026\/02\/Tutorial-3.png\" alt=\"\" width=\"512\" height=\"512\" srcset=\"https:\/\/cintecx.uvigo.es\/wp-content\/uploads\/2026\/02\/Tutorial-3.png 512w, https:\/\/cintecx.uvigo.es\/wp-content\/uploads\/2026\/02\/Tutorial-3-300x300.png 300w, https:\/\/cintecx.uvigo.es\/wp-content\/uploads\/2026\/02\/Tutorial-3-150x150.png 150w, https:\/\/cintecx.uvigo.es\/wp-content\/uploads\/2026\/02\/Tutorial-3-400x400.png 400w\" sizes=\"(max-width: 512px) 100vw, 512px\" \/><\/a><\/div>\n<\/div>\n<div class=\"col-12 col-md-4\">\n<div class=\"card\"><a href=\"https:\/\/cintecx.uvigo.es\/es\/ciencia-y-sociedad\/alerta-verde\/alerta-verde-toolbox\/pildoras-educativas\/\">P\u00edldoras Educativas <img decoding=\"async\" class=\"alignnone wp-image-261361 size-full\" src=\"https:\/\/cintecx.uvigo.es\/wp-content\/uploads\/2026\/02\/Pildoras-2.png\" alt=\"\" width=\"512\" height=\"512\" srcset=\"https:\/\/cintecx.uvigo.es\/wp-content\/uploads\/2026\/02\/Pildoras-2.png 512w, https:\/\/cintecx.uvigo.es\/wp-content\/uploads\/2026\/02\/Pildoras-2-300x300.png 300w, https:\/\/cintecx.uvigo.es\/wp-content\/uploads\/2026\/02\/Pildoras-2-150x150.png 150w, https:\/\/cintecx.uvigo.es\/wp-content\/uploads\/2026\/02\/Pildoras-2-400x400.png 400w\" sizes=\"(max-width: 512px) 100vw, 512px\" \/><\/a><\/div>\n<\/div>\n<div class=\"col-12 col-md-4\">\n<div class=\"card\"><a href=\"https:\/\/cintecx.uvigo.es\/wp-content\/uploads\/alerta_verde\/plantilla_poster.pptx\" download>Elaboraci\u00f3n P\u00f3ster <img decoding=\"async\" class=\"alignnone wp-image-261345 size-full\" src=\"https:\/\/cintecx.uvigo.es\/wp-content\/uploads\/2026\/02\/Exposicion-itinernate-_-Elaboracion-de-poster-1.png\" alt=\"\" width=\"512\" height=\"512\" srcset=\"https:\/\/cintecx.uvigo.es\/wp-content\/uploads\/2026\/02\/Exposicion-itinernate-_-Elaboracion-de-poster-1.png 512w, https:\/\/cintecx.uvigo.es\/wp-content\/uploads\/2026\/02\/Exposicion-itinernate-_-Elaboracion-de-poster-1-300x300.png 300w, https:\/\/cintecx.uvigo.es\/wp-content\/uploads\/2026\/02\/Exposicion-itinernate-_-Elaboracion-de-poster-1-150x150.png 150w, https:\/\/cintecx.uvigo.es\/wp-content\/uploads\/2026\/02\/Exposicion-itinernate-_-Elaboracion-de-poster-1-400x400.png 400w\" sizes=\"(max-width: 512px) 100vw, 512px\" \/><\/a><\/div>\n<\/div>\n<\/div>\n<\/div>\n<p>&nbsp;<\/p>\n<h3 class=\"text-center\" style=\"color: #1e7a3d;\">\u00bfQuieres que tu centro educativo o entidad participe?<\/h3>\n<p style=\"text-align: center;\">Contacta con nosotros a trav\u00e9s de: <a href=\"mailto:cintecx@uvigo.gal\">cintecx@uvigo.gal<\/a><\/p>\n","protected":false},"excerpt":{"rendered":"<p>La toolbox es un repositorio digital abierto que re\u00fane todos los materiales generados durante el proyecto: recursos educativos para el profesorado, v\u00eddeos explicativos, contenidos de &hellip; <a class=\"excerpt_more\" href=\"https:\/\/cintecx.uvigo.es\/es\/ciencia-y-sociedad\/alerta-verde\/alerta-verde-toolbox\/\">Contin\u00faa<\/a><\/p>\n","protected":false},"author":2,"featured_media":0,"parent":261204,"menu_order":0,"comment_status":"closed","ping_status":"closed","template":"views\/template-fullwidth.blade.php","meta":{"inline_featured_image":false,"footnotes":""},"class_list":["post-261275","page","type-page","status-publish","hentry"],"_links":{"self":[{"href":"https:\/\/cintecx.uvigo.es\/es\/wp-json\/wp\/v2\/pages\/261275","targetHints":{"allow":["GET"]}}],"collection":[{"href":"https:\/\/cintecx.uvigo.es\/es\/wp-json\/wp\/v2\/pages"}],"about":[{"href":"https:\/\/cintecx.uvigo.es\/es\/wp-json\/wp\/v2\/types\/page"}],"author":[{"embeddable":true,"href":"https:\/\/cintecx.uvigo.es\/es\/wp-json\/wp\/v2\/users\/2"}],"replies":[{"embeddable":true,"href":"https:\/\/cintecx.uvigo.es\/es\/wp-json\/wp\/v2\/comments?post=261275"}],"version-history":[{"count":10,"href":"https:\/\/cintecx.uvigo.es\/es\/wp-json\/wp\/v2\/pages\/261275\/revisions"}],"predecessor-version":[{"id":261378,"href":"https:\/\/cintecx.uvigo.es\/es\/wp-json\/wp\/v2\/pages\/261275\/revisions\/261378"}],"up":[{"embeddable":true,"href":"https:\/\/cintecx.uvigo.es\/es\/wp-json\/wp\/v2\/pages\/261204"}],"wp:attachment":[{"href":"https:\/\/cintecx.uvigo.es\/es\/wp-json\/wp\/v2\/media?parent=261275"}],"curies":[{"name":"wp","href":"https:\/\/api.w.org\/{rel}","templated":true}]}}