{"id":261267,"date":"2026-02-25T13:17:29","date_gmt":"2026-02-25T12:17:29","guid":{"rendered":"https:\/\/cintecx.uvigo.es\/?page_id=261267"},"modified":"2026-03-17T16:59:18","modified_gmt":"2026-03-17T15:59:18","slug":"escape-room-alerta-verde","status":"publish","type":"page","link":"https:\/\/cintecx.uvigo.es\/es\/ciencia-y-sociedad\/alerta-verde\/escape-room-alerta-verde\/","title":{"rendered":"Escape Room Alerta Verde"},"content":{"rendered":"<p>Los participantes se enfrentan a una crisis ficticia: su centro educativo ha sufrido da\u00f1os en sus sistemas de soporte b\u00e1sicos. La misi\u00f3n es clara: adentrarse en el centro de investigaci\u00f3n CINTECX para encontrar las herramientas y el conocimiento necesarios para repararlo.<\/p>\n<p><iframe class=\"w-100\" style=\"aspect-ratio: 1.5;\" src=\"https:\/\/cintecx.uvigo.es\/Alerta_Verde\/index.html\"><span data-mce-type=\"bookmark\" style=\"display: inline-block; width: 0px; overflow: hidden; line-height: 0;\" class=\"mce_SELRES_start\">\ufeff<\/span><span data-mce-type=\"bookmark\" style=\"display: inline-block; width: 0px; overflow: hidden; line-height: 0;\" class=\"mce_SELRES_start\">\ufeff<\/span><\/iframe><\/p>\n<p>&nbsp;<\/p>\n<h3 class=\"text-center\" style=\"color: #1e7a3d;\">Cu\u00e9ntanos qu\u00e9 tal ha ido la experiencia:<\/h3>\n<p style=\"text-align: center;\"><a href=\"https:\/\/forms.office.com\/e\/hPiFgVd8kK\" target=\"_blank\" rel=\"noopener\">Accede al formulario<\/a><\/p>\n<p>&nbsp;<\/p>\n<h3 class=\"text-center\" style=\"color: #1e7a3d;\">\u00bfQuieres que tu centro educativo o entidad participe?<\/h3>\n<p style=\"text-align: center;\">Contacta con nosotros a trav\u00e9s de: <a href=\"mailto:cintecx@uvigo.gal\">cintecx@uvigo.gal<\/a><\/p>\n","protected":false},"excerpt":{"rendered":"<p>Los participantes se enfrentan a una crisis ficticia: su centro educativo ha sufrido da\u00f1os en sus sistemas de soporte b\u00e1sicos. La misi\u00f3n es clara: adentrarse &hellip; <a class=\"excerpt_more\" href=\"https:\/\/cintecx.uvigo.es\/es\/ciencia-y-sociedad\/alerta-verde\/escape-room-alerta-verde\/\">Contin\u00faa<\/a><\/p>\n","protected":false},"author":2,"featured_media":0,"parent":261204,"menu_order":0,"comment_status":"closed","ping_status":"closed","template":"views\/template-fullwidth.blade.php","meta":{"inline_featured_image":false,"footnotes":""},"class_list":["post-261267","page","type-page","status-publish","hentry"],"_links":{"self":[{"href":"https:\/\/cintecx.uvigo.es\/es\/wp-json\/wp\/v2\/pages\/261267","targetHints":{"allow":["GET"]}}],"collection":[{"href":"https:\/\/cintecx.uvigo.es\/es\/wp-json\/wp\/v2\/pages"}],"about":[{"href":"https:\/\/cintecx.uvigo.es\/es\/wp-json\/wp\/v2\/types\/page"}],"author":[{"embeddable":true,"href":"https:\/\/cintecx.uvigo.es\/es\/wp-json\/wp\/v2\/users\/2"}],"replies":[{"embeddable":true,"href":"https:\/\/cintecx.uvigo.es\/es\/wp-json\/wp\/v2\/comments?post=261267"}],"version-history":[{"count":13,"href":"https:\/\/cintecx.uvigo.es\/es\/wp-json\/wp\/v2\/pages\/261267\/revisions"}],"predecessor-version":[{"id":261793,"href":"https:\/\/cintecx.uvigo.es\/es\/wp-json\/wp\/v2\/pages\/261267\/revisions\/261793"}],"up":[{"embeddable":true,"href":"https:\/\/cintecx.uvigo.es\/es\/wp-json\/wp\/v2\/pages\/261204"}],"wp:attachment":[{"href":"https:\/\/cintecx.uvigo.es\/es\/wp-json\/wp\/v2\/media?parent=261267"}],"curies":[{"name":"wp","href":"https:\/\/api.w.org\/{rel}","templated":true}]}}