{"id":261227,"date":"2026-02-25T12:31:13","date_gmt":"2026-02-25T11:31:13","guid":{"rendered":"https:\/\/cintecx.uvigo.es\/?page_id=261227"},"modified":"2026-03-24T16:37:32","modified_gmt":"2026-03-24T15:37:32","slug":"proyecto","status":"publish","type":"page","link":"https:\/\/cintecx.uvigo.es\/es\/ciencia-y-sociedad\/alerta-verde\/proyecto\/","title":{"rendered":"Proyecto"},"content":{"rendered":"<div class=\"proyecto-wrap\">\n<p>Alerta Verde: Salva tu centro educativo con la misi\u00f3n CINTECX es un proyecto educativo integral de divulgaci\u00f3n cient\u00edfica, financiado en el marco de la Convocatoria de ayudas para el fomento de la cultura cient\u00edfica, tecnol\u00f3gica y de la innovaci\u00f3n de la FECYT 2024. El proyecto est\u00e1 dise\u00f1ado para acercar la ciencia y la tecnolog\u00eda, principalmente al alumnado, mediante metodolog\u00edas activas, aprendizaje experiencial y retos vinculados a la sostenibilidad.<\/p>\n<p>La iniciativa se concibe como una experiencia educativa inmersiva en formato Escape Room, cuyo objetivo principal es incrementar el conocimiento cient\u00edfico y tecnol\u00f3gico y fomentar vocaciones cient\u00edficas y tecnol\u00f3gicas, especialmente entre estudiantes de educaci\u00f3n preuniversitaria.<img decoding=\"async\" class=\"wp-image-261910 size-full aligncenter\" src=\"https:\/\/cintecx.uvigo.es\/wp-content\/uploads\/2026\/03\/Objetivos.webp\" alt=\"\" width=\"1000\" height=\"336\" srcset=\"https:\/\/cintecx.uvigo.es\/wp-content\/uploads\/2026\/03\/Objetivos.webp 1000w, https:\/\/cintecx.uvigo.es\/wp-content\/uploads\/2026\/03\/Objetivos-300x101.webp 300w, https:\/\/cintecx.uvigo.es\/wp-content\/uploads\/2026\/03\/Objetivos-768x258.webp 768w\" sizes=\"(max-width: 1000px) 100vw, 1000px\" \/><\/p>\n<p>El proyecto act\u00faa tanto como herramienta educativa como medio de capacitaci\u00f3n, permitiendo a las personas participantes adquirir conocimientos pr\u00e1cticos sobre eficiencia energ\u00e9tica y tecnolog\u00edas innovadoras para afrontar desaf\u00edos energ\u00e9ticos y estructurales en sus comunidades educativas, promoviendo la adopci\u00f3n de soluciones tecnol\u00f3gicas sostenibles, de la mano del personal investigador de nuestro centro.<\/p>\n<p><img decoding=\"async\" class=\"wp-image-261913 size-full aligncenter\" src=\"https:\/\/cintecx.uvigo.es\/wp-content\/uploads\/2026\/03\/Publico-objetivo.webp\" alt=\"\" width=\"1000\" height=\"653\" srcset=\"https:\/\/cintecx.uvigo.es\/wp-content\/uploads\/2026\/03\/Publico-objetivo.webp 1000w, https:\/\/cintecx.uvigo.es\/wp-content\/uploads\/2026\/03\/Publico-objetivo-300x196.webp 300w, https:\/\/cintecx.uvigo.es\/wp-content\/uploads\/2026\/03\/Publico-objetivo-768x502.webp 768w\" sizes=\"(max-width: 1000px) 100vw, 1000px\" \/><\/p>\n<h3>Estructura del proyecto<\/h3>\n<p><span style=\"color: #1e7a3d;\">\u201cAlerta Verde: Salva tu Centro con la Misi\u00f3n CINTECX\u201d<\/span> no termina cuando se resuelve el Escape Room. Se ha dise\u00f1ado como un sistema de aprendizaje que consolida y difunde el conocimiento adquirido a trav\u00e9s de acciones secundarias clave.<\/p>\n<p><img decoding=\"async\" class=\"wp-image-261916 size-full aligncenter\" src=\"https:\/\/cintecx.uvigo.es\/wp-content\/uploads\/2026\/03\/Estructura-1.webp\" alt=\"\" width=\"1000\" height=\"363\" srcset=\"https:\/\/cintecx.uvigo.es\/wp-content\/uploads\/2026\/03\/Estructura-1.webp 1000w, https:\/\/cintecx.uvigo.es\/wp-content\/uploads\/2026\/03\/Estructura-1-300x109.webp 300w, https:\/\/cintecx.uvigo.es\/wp-content\/uploads\/2026\/03\/Estructura-1-768x279.webp 768w\" sizes=\"(max-width: 1000px) 100vw, 1000px\" \/><\/p>\n<h3>Videojuego escape room<\/h3>\n<p>Los participantes se enfrentan a una crisis ficticia: su centro educativo ha sufrido da\u00f1os en sus sistemas de soporte b\u00e1sicos.<\/p>\n<p><img decoding=\"async\" class=\"wp-image-261919 size-full aligncenter\" src=\"https:\/\/cintecx.uvigo.es\/wp-content\/uploads\/2026\/03\/Videojuego-escape-room_Rutas-1.webp\" alt=\"\" width=\"1000\" height=\"250\" srcset=\"https:\/\/cintecx.uvigo.es\/wp-content\/uploads\/2026\/03\/Videojuego-escape-room_Rutas-1.webp 1000w, https:\/\/cintecx.uvigo.es\/wp-content\/uploads\/2026\/03\/Videojuego-escape-room_Rutas-1-300x75.webp 300w, https:\/\/cintecx.uvigo.es\/wp-content\/uploads\/2026\/03\/Videojuego-escape-room_Rutas-1-768x192.webp 768w\" sizes=\"(max-width: 1000px) 100vw, 1000px\" \/><\/p>\n<p>La misi\u00f3n es clara: adentrarse en el centro de investigaci\u00f3n CINTECX para encontrar las herramientas y el conocimiento necesarios para repararlo. Para ello, utilizan herramientas tecnol\u00f3gicas reales como drones, georradares, kits de purificaci\u00f3n, tecnolog\u00edas basadas en hidr\u00f3geno o convertidores electr\u00f3nicos.<\/p>\n<p>El proyecto se organiza en dos rutas paralelas que el alumnado puede escoger para recorrer durante la experiencia del videojuego o la modalidad h\u00edbrida. Ambas rutas abordan los mismos sistemas cr\u00edticos del centro educativo, pero lo hacen desde enfoques tecnol\u00f3gicos distintos, permitiendo a cada grupo conocer herramientas complementarias<\/p>\n<p><img decoding=\"async\" class=\"wp-image-261922 size-full aligncenter\" src=\"https:\/\/cintecx.uvigo.es\/wp-content\/uploads\/2026\/03\/Videojuego-escape-room_Rutas-2.webp\" alt=\"\" width=\"1000\" height=\"401\" srcset=\"https:\/\/cintecx.uvigo.es\/wp-content\/uploads\/2026\/03\/Videojuego-escape-room_Rutas-2.webp 1000w, https:\/\/cintecx.uvigo.es\/wp-content\/uploads\/2026\/03\/Videojuego-escape-room_Rutas-2-300x120.webp 300w, https:\/\/cintecx.uvigo.es\/wp-content\/uploads\/2026\/03\/Videojuego-escape-room_Rutas-2-768x308.webp 768w\" sizes=\"(max-width: 1000px) 100vw, 1000px\" \/><\/p>\n<h3>Experiencia Presencial en CINTECX<\/h3>\n<div class=\"row\">\n<div class=\"col-md-9 col-12\">\n<p>El proyecto ofrece, tras la realizaci\u00f3n del videojuego, un recorrido guiado por las instalaciones del CINTECX en el que el alumnado se adentra en laboratorios, equipos reales e infraestructuras cient\u00edficas relacionadas con las tecnolog\u00edas del juego.<\/p>\n<p>Esta experiencia conecta directamente el contenido del videojuego con la investigaci\u00f3n aplicada, reforzando el aprendizaje experiencial y acercando al estudiantado al trabajo del personal investigador.<\/p>\n<\/div>\n<div class=\"col-md-3 col-12\"><img decoding=\"async\" class=\"alignnone size-full wp-image-261250\" src=\"https:\/\/cintecx.uvigo.es\/wp-content\/uploads\/2026\/02\/20250929_144037.jpg\" alt=\"\" width=\"898\" height=\"1200\" srcset=\"https:\/\/cintecx.uvigo.es\/wp-content\/uploads\/2026\/02\/20250929_144037.jpg 898w, https:\/\/cintecx.uvigo.es\/wp-content\/uploads\/2026\/02\/20250929_144037-225x300.jpg 225w, https:\/\/cintecx.uvigo.es\/wp-content\/uploads\/2026\/02\/20250929_144037-766x1024.jpg 766w, https:\/\/cintecx.uvigo.es\/wp-content\/uploads\/2026\/02\/20250929_144037-768x1026.jpg 768w\" sizes=\"(max-width: 898px) 100vw, 898px\" \/><\/div>\n<\/div>\n<h3>Exposici\u00f3n itinerante<\/h3>\n<div class=\"row\">\n<div class=\"col-md-9 col-12\">\n<p>En caso de que el centro educativo haya participado en la modalidad h\u00edbrida, el alumnado participa en un proceso de reflexi\u00f3n y comunicaci\u00f3n cient\u00edfica mediante la elaboraci\u00f3n de un p\u00f3ster. Esta actividad permite integrar los aprendizajes desarrollados durante la misi\u00f3n, sintetizar la informaci\u00f3n relevante y presentar soluciones t\u00e9cnicas a los problemas planteados en el juego.<\/p>\n<p>Los p\u00f3steres elaborados por el alumnado podr\u00e1n formar parte de una exposici\u00f3n itinerante que recorrer\u00e1 distintos espacios educativos y eventos de divulgaci\u00f3n cient\u00edfica. Esta exposici\u00f3n permite mostrar p\u00fablicamente el trabajo realizado, destacar las soluciones desarrolladas durante la experiencia y dar visibilidad al aprendizaje adquirido en el recorrido presencial y el Escape Room.<\/p>\n<p>Adem\u00e1s, contribuye a ampliar el alcance del proyecto al compartir los resultados con otros centros, familias y p\u00fablico general interesado en la sostenibilidad y la innovaci\u00f3n tecnol\u00f3gica.<\/p>\n<\/div>\n<div class=\"col-md-3 col-12\"><img decoding=\"async\" class=\"w-100 alignnone wp-image-261926 size-full\" src=\"https:\/\/cintecx.uvigo.es\/wp-content\/uploads\/2026\/03\/Poster.webp\" alt=\"\" width=\"1000\" height=\"1104\" srcset=\"https:\/\/cintecx.uvigo.es\/wp-content\/uploads\/2026\/03\/Poster.webp 1000w, https:\/\/cintecx.uvigo.es\/wp-content\/uploads\/2026\/03\/Poster-272x300.webp 272w, https:\/\/cintecx.uvigo.es\/wp-content\/uploads\/2026\/03\/Poster-928x1024.webp 928w, https:\/\/cintecx.uvigo.es\/wp-content\/uploads\/2026\/03\/Poster-768x848.webp 768w\" sizes=\"(max-width: 1000px) 100vw, 1000px\" \/><\/div>\n<\/div>\n<h3>Alerta Verde TOOLBOX &#8211; Repositorio Educativo Digital<\/h3>\n<p>La toolbox es un repositorio digital abierto que re\u00fane todos los materiales generados durante el proyecto: recursos educativos para el profesorado, v\u00eddeos explicativos, contenidos de apoyo, ejemplos de p\u00f3steres, informaci\u00f3n sobre las tecnolog\u00edas utilizadas y materiales divulgativos.<\/p>\n<p>Este espacio facilita la continuidad educativa m\u00e1s all\u00e1 de la experiencia inicial, permitiendo que el profesorado utilice, adapte y ampl\u00ede los contenidos en el aula. La toolbox tambi\u00e9n act\u00faa como un archivo vivo del proyecto, accesible para centros educativos, familias y p\u00fablico general.<\/p>\n<\/div>\n","protected":false},"excerpt":{"rendered":"<p>Alerta Verde: Salva tu centro educativo con la misi\u00f3n CINTECX es un proyecto educativo integral de divulgaci\u00f3n cient\u00edfica, financiado en el marco de la Convocatoria &hellip; <a class=\"excerpt_more\" href=\"https:\/\/cintecx.uvigo.es\/es\/ciencia-y-sociedad\/alerta-verde\/proyecto\/\">Contin\u00faa<\/a><\/p>\n","protected":false},"author":2,"featured_media":0,"parent":261204,"menu_order":0,"comment_status":"closed","ping_status":"closed","template":"views\/template-fullwidth.blade.php","meta":{"inline_featured_image":false,"footnotes":""},"class_list":["post-261227","page","type-page","status-publish","hentry"],"_links":{"self":[{"href":"https:\/\/cintecx.uvigo.es\/es\/wp-json\/wp\/v2\/pages\/261227","targetHints":{"allow":["GET"]}}],"collection":[{"href":"https:\/\/cintecx.uvigo.es\/es\/wp-json\/wp\/v2\/pages"}],"about":[{"href":"https:\/\/cintecx.uvigo.es\/es\/wp-json\/wp\/v2\/types\/page"}],"author":[{"embeddable":true,"href":"https:\/\/cintecx.uvigo.es\/es\/wp-json\/wp\/v2\/users\/2"}],"replies":[{"embeddable":true,"href":"https:\/\/cintecx.uvigo.es\/es\/wp-json\/wp\/v2\/comments?post=261227"}],"version-history":[{"count":19,"href":"https:\/\/cintecx.uvigo.es\/es\/wp-json\/wp\/v2\/pages\/261227\/revisions"}],"predecessor-version":[{"id":261929,"href":"https:\/\/cintecx.uvigo.es\/es\/wp-json\/wp\/v2\/pages\/261227\/revisions\/261929"}],"up":[{"embeddable":true,"href":"https:\/\/cintecx.uvigo.es\/es\/wp-json\/wp\/v2\/pages\/261204"}],"wp:attachment":[{"href":"https:\/\/cintecx.uvigo.es\/es\/wp-json\/wp\/v2\/media?parent=261227"}],"curies":[{"name":"wp","href":"https:\/\/api.w.org\/{rel}","templated":true}]}}