{"id":261204,"date":"2026-02-25T11:37:27","date_gmt":"2026-02-25T10:37:27","guid":{"rendered":"https:\/\/cintecx.uvigo.es\/?page_id=261204"},"modified":"2026-03-24T16:58:42","modified_gmt":"2026-03-24T15:58:42","slug":"alerta-verde","status":"publish","type":"page","link":"https:\/\/cintecx.uvigo.es\/es\/ciencia-y-sociedad\/alerta-verde\/","title":{"rendered":"Alerta verde"},"content":{"rendered":"<div style=\"background-color: #1e7a3d; padding: 10px;\">\n<p style=\"text-align: center; color: white; margin: 5px 0 0 0;\">Alerta Verde: Salva tu Centro con la Misi\u00f3n CINTECX\u201d es una experiencia educativa inmersiva creada por CINTECX, el Centro de Investigaci\u00f3n en Tecnolog\u00edas, Energ\u00eda y Procesos Industriales de la Universidade de Vigo, para formar a estudiantes, docentes y familias a trav\u00e9s de la experimentaci\u00f3n y la gamificaci\u00f3n<\/p>\n<\/div>\n<p>&nbsp;<\/p>\n<div class=\"card-list-alerta-verde\">\n<div class=\"row\">\n<div class=\"col-12 col-md-4\">\n<div class=\"card proyecto\"><a href=\"https:\/\/cintecx.uvigo.es\/es\/ciencia-y-sociedad\/alerta-verde\/proyecto\/\">Proyecto <img decoding=\"async\" class=\"alignnone size-full wp-image-261934\" src=\"https:\/\/cintecx.uvigo.es\/wp-content\/uploads\/2026\/03\/logo-proyecto.png\" alt=\"\" width=\"150\" height=\"169\" \/><\/a><\/div>\n<\/div>\n<div class=\"col-12 col-md-4\">\n<div class=\"card\"><a href=\"https:\/\/cintecx.uvigo.es\/es\/ciencia-y-sociedad\/alerta-verde\/escape-room-alerta-verde\/\">Escape Room <img decoding=\"async\" class=\"alignnone wp-image-261338 size-full\" src=\"https:\/\/cintecx.uvigo.es\/wp-content\/uploads\/2026\/02\/Escape-room-2.png\" alt=\"\" width=\"512\" height=\"512\" srcset=\"https:\/\/cintecx.uvigo.es\/wp-content\/uploads\/2026\/02\/Escape-room-2.png 512w, https:\/\/cintecx.uvigo.es\/wp-content\/uploads\/2026\/02\/Escape-room-2-300x300.png 300w, https:\/\/cintecx.uvigo.es\/wp-content\/uploads\/2026\/02\/Escape-room-2-150x150.png 150w, https:\/\/cintecx.uvigo.es\/wp-content\/uploads\/2026\/02\/Escape-room-2-400x400.png 400w\" sizes=\"(max-width: 512px) 100vw, 512px\" \/><\/a><\/div>\n<\/div>\n<div class=\"col-12 col-md-4\">\n<div class=\"card\"><a href=\"https:\/\/cintecx.uvigo.es\/es\/ciencia-y-sociedad\/alerta-verde\/alerta-verde-toolbox\/\">Alerta Verde Toolbox <img decoding=\"async\" class=\"alignnone wp-image-261342 size-full\" src=\"https:\/\/cintecx.uvigo.es\/wp-content\/uploads\/2026\/02\/Toolbox-2.png\" alt=\"\" width=\"512\" height=\"512\" srcset=\"https:\/\/cintecx.uvigo.es\/wp-content\/uploads\/2026\/02\/Toolbox-2.png 512w, https:\/\/cintecx.uvigo.es\/wp-content\/uploads\/2026\/02\/Toolbox-2-300x300.png 300w, https:\/\/cintecx.uvigo.es\/wp-content\/uploads\/2026\/02\/Toolbox-2-150x150.png 150w, https:\/\/cintecx.uvigo.es\/wp-content\/uploads\/2026\/02\/Toolbox-2-400x400.png 400w\" sizes=\"(max-width: 512px) 100vw, 512px\" \/><\/a><\/div>\n<\/div>\n<div class=\"col-12 col-md-4\">\n<div class=\"card\"><a href=\"https:\/\/cintecx.uvigo.es\/es\/ciencia-y-sociedad\/alerta-verde\/exposicion-itinerante\/\">Exposici\u00f3n Itinerante <img decoding=\"async\" class=\"alignnone wp-image-261345 size-full\" src=\"https:\/\/cintecx.uvigo.es\/wp-content\/uploads\/2026\/02\/Exposicion-itinernate-_-Elaboracion-de-poster-1.png\" alt=\"\" width=\"512\" height=\"512\" srcset=\"https:\/\/cintecx.uvigo.es\/wp-content\/uploads\/2026\/02\/Exposicion-itinernate-_-Elaboracion-de-poster-1.png 512w, https:\/\/cintecx.uvigo.es\/wp-content\/uploads\/2026\/02\/Exposicion-itinernate-_-Elaboracion-de-poster-1-300x300.png 300w, https:\/\/cintecx.uvigo.es\/wp-content\/uploads\/2026\/02\/Exposicion-itinernate-_-Elaboracion-de-poster-1-150x150.png 150w, https:\/\/cintecx.uvigo.es\/wp-content\/uploads\/2026\/02\/Exposicion-itinernate-_-Elaboracion-de-poster-1-400x400.png 400w\" sizes=\"(max-width: 512px) 100vw, 512px\" \/><\/a><\/div>\n<\/div>\n<div class=\"col-12 col-md-4\">\n<div class=\"card\"><a href=\"https:\/\/cintecx.uvigo.es\/es\/ciencia-y-sociedad\/alerta-verde\/ferias\/\">Ferias <img decoding=\"async\" class=\"alignnone wp-image-261348 size-full\" src=\"https:\/\/cintecx.uvigo.es\/wp-content\/uploads\/2026\/02\/feria-1.png\" alt=\"\" width=\"512\" height=\"512\" srcset=\"https:\/\/cintecx.uvigo.es\/wp-content\/uploads\/2026\/02\/feria-1.png 512w, https:\/\/cintecx.uvigo.es\/wp-content\/uploads\/2026\/02\/feria-1-300x300.png 300w, https:\/\/cintecx.uvigo.es\/wp-content\/uploads\/2026\/02\/feria-1-150x150.png 150w, https:\/\/cintecx.uvigo.es\/wp-content\/uploads\/2026\/02\/feria-1-400x400.png 400w\" sizes=\"(max-width: 512px) 100vw, 512px\" \/><\/a><\/div>\n<\/div>\n<div class=\"col-12 col-md-4\">\n<div class=\"card\"><a href=\"https:\/\/cintecx.uvigo.es\/es\/ciencia-y-sociedad\/alerta-verde\/posters-ganadores\/\">P\u00f3sters ganadores <img decoding=\"async\" class=\"alignnone wp-image-261351 size-full\" src=\"https:\/\/cintecx.uvigo.es\/wp-content\/uploads\/2026\/02\/Posteres-ganadores-1.png\" alt=\"\" width=\"512\" height=\"512\" srcset=\"https:\/\/cintecx.uvigo.es\/wp-content\/uploads\/2026\/02\/Posteres-ganadores-1.png 512w, https:\/\/cintecx.uvigo.es\/wp-content\/uploads\/2026\/02\/Posteres-ganadores-1-300x300.png 300w, https:\/\/cintecx.uvigo.es\/wp-content\/uploads\/2026\/02\/Posteres-ganadores-1-150x150.png 150w, https:\/\/cintecx.uvigo.es\/wp-content\/uploads\/2026\/02\/Posteres-ganadores-1-400x400.png 400w\" sizes=\"(max-width: 512px) 100vw, 512px\" \/><\/a><\/div>\n<\/div>\n<\/div>\n<\/div>\n<p><video class=\"mt-5\" style=\"width: 100%; height: 100%; object-fit: cover; display: block;\" src=\"https:\/\/cintecx.uvigo.es\/wp-content\/uploads\/2026\/03\/Teaser-Alerta-Verde-2025-1.mp4\" autoplay=\"autoplay\" loop=\"loop\" muted=\"\" width=\"300\" height=\"150\"><br \/>\n<\/video><\/p>\n<p>&nbsp;<\/p>\n<h3 class=\"text-center\" style=\"color: #1e7a3d;\">\u00bfQuieres que tu centro educativo o entidad participe?<\/h3>\n<p style=\"text-align: center;\">Contacta con nosotros a trav\u00e9s de: <a href=\"mailto:cintecx@uvigo.gal\">cintecx@uvigo.gal<\/a><\/p>\n","protected":false},"excerpt":{"rendered":"<p>Alerta Verde: Salva tu Centro con la Misi\u00f3n CINTECX\u201d es una experiencia educativa inmersiva creada por CINTECX, el Centro de Investigaci\u00f3n en Tecnolog\u00edas, Energ\u00eda y &hellip; <a class=\"excerpt_more\" href=\"https:\/\/cintecx.uvigo.es\/es\/ciencia-y-sociedad\/alerta-verde\/\">Contin\u00faa<\/a><\/p>\n","protected":false},"author":2,"featured_media":0,"parent":261198,"menu_order":0,"comment_status":"closed","ping_status":"closed","template":"views\/template-banner-fullwidth.blade.php","meta":{"inline_featured_image":false,"footnotes":""},"class_list":["post-261204","page","type-page","status-publish","hentry"],"_links":{"self":[{"href":"https:\/\/cintecx.uvigo.es\/es\/wp-json\/wp\/v2\/pages\/261204","targetHints":{"allow":["GET"]}}],"collection":[{"href":"https:\/\/cintecx.uvigo.es\/es\/wp-json\/wp\/v2\/pages"}],"about":[{"href":"https:\/\/cintecx.uvigo.es\/es\/wp-json\/wp\/v2\/types\/page"}],"author":[{"embeddable":true,"href":"https:\/\/cintecx.uvigo.es\/es\/wp-json\/wp\/v2\/users\/2"}],"replies":[{"embeddable":true,"href":"https:\/\/cintecx.uvigo.es\/es\/wp-json\/wp\/v2\/comments?post=261204"}],"version-history":[{"count":31,"href":"https:\/\/cintecx.uvigo.es\/es\/wp-json\/wp\/v2\/pages\/261204\/revisions"}],"predecessor-version":[{"id":261939,"href":"https:\/\/cintecx.uvigo.es\/es\/wp-json\/wp\/v2\/pages\/261204\/revisions\/261939"}],"up":[{"embeddable":true,"href":"https:\/\/cintecx.uvigo.es\/es\/wp-json\/wp\/v2\/pages\/261198"}],"wp:attachment":[{"href":"https:\/\/cintecx.uvigo.es\/es\/wp-json\/wp\/v2\/media?parent=261204"}],"curies":[{"name":"wp","href":"https:\/\/api.w.org\/{rel}","templated":true}]}}