{"id":260516,"date":"2026-01-22T13:41:25","date_gmt":"2026-01-22T12:41:25","guid":{"rendered":"https:\/\/cintecx.uvigo.es\/?page_id=260516"},"modified":"2026-02-06T11:19:16","modified_gmt":"2026-02-06T10:19:16","slug":"ingenieria-inversa","status":"publish","type":"page","link":"https:\/\/cintecx.uvigo.es\/es\/ingenieria-inversa\/","title":{"rendered":"Ingenier\u00eda inversa"},"content":{"rendered":"<h4>Responsable cient\u00edfico<\/h4>\n<ul class=\"list-peak\" style=\"margin-top: 10px;\">\n<li><a href=\"mailto:suarez@uvigo.es\" target=\"_blank\" rel=\"noopener noreferrer\">Eduardo Su\u00e1rez Porto<\/a><\/li>\n<\/ul>\n<h4>Equipos<\/h4>\n<div class=\"servicios-cards\">\n<div class=\"row\">\n<div class=\"col-12 col-md-4\">\n<p><a href=\"https:\/\/cintecx.uvigo.es\/es\/servicios\/escaner-3d-portatil-artec-eva\/\"><img decoding=\"async\" class=\"alignnone wp-image-260909 size-full\" src=\"https:\/\/cintecx.uvigo.es\/wp-content\/uploads\/2026\/02\/artec_eva.webp\" alt=\"\" width=\"1000\" height=\"980\" srcset=\"https:\/\/cintecx.uvigo.es\/wp-content\/uploads\/2026\/02\/artec_eva.webp 1000w, https:\/\/cintecx.uvigo.es\/wp-content\/uploads\/2026\/02\/artec_eva-300x294.webp 300w, https:\/\/cintecx.uvigo.es\/wp-content\/uploads\/2026\/02\/artec_eva-768x753.webp 768w\" sizes=\"(max-width: 1000px) 100vw, 1000px\" \/><\/a><\/p>\n<div class=\"service-item\">\n<h4><a href=\"https:\/\/cintecx.uvigo.es\/es\/servicios\/escaner-3d-portatil-artec-eva\/\">Esc\u00e1ner 3D port\u00e1til Artec Eva<\/a><\/h4>\n<\/div>\n<\/div>\n<div class=\"col-12 col-md-4\">\n<p><a href=\"https:\/\/cintecx.uvigo.es\/es\/servicios\/escaner-3d-portatil-artec-spider-ii\/\"><img decoding=\"async\" class=\"alignnone wp-image-260912 size-full\" src=\"https:\/\/cintecx.uvigo.es\/wp-content\/uploads\/2026\/02\/spider.webp\" alt=\"\" width=\"1000\" height=\"750\" \/><\/a><\/p>\n<div class=\"service-item\">\n<h4><a href=\"https:\/\/cintecx.uvigo.es\/es\/servicios\/escaner-3d-portatil-artec-spider-ii\/\">Esc\u00e1ner 3D port\u00e1til Artec Spider II<\/a><\/h4>\n<\/div>\n<\/div>\n<\/div>\n<\/div>\n","protected":false},"excerpt":{"rendered":"<p>Responsable cient\u00edfico Eduardo Su\u00e1rez Porto Equipos Esc\u00e1ner 3D port\u00e1til Artec Eva Esc\u00e1ner 3D port\u00e1til Artec Spider II<\/p>\n","protected":false},"author":2,"featured_media":0,"parent":0,"menu_order":0,"comment_status":"closed","ping_status":"closed","template":"","meta":{"inline_featured_image":false,"footnotes":""},"class_list":["post-260516","page","type-page","status-publish","hentry"],"_links":{"self":[{"href":"https:\/\/cintecx.uvigo.es\/es\/wp-json\/wp\/v2\/pages\/260516","targetHints":{"allow":["GET"]}}],"collection":[{"href":"https:\/\/cintecx.uvigo.es\/es\/wp-json\/wp\/v2\/pages"}],"about":[{"href":"https:\/\/cintecx.uvigo.es\/es\/wp-json\/wp\/v2\/types\/page"}],"author":[{"embeddable":true,"href":"https:\/\/cintecx.uvigo.es\/es\/wp-json\/wp\/v2\/users\/2"}],"replies":[{"embeddable":true,"href":"https:\/\/cintecx.uvigo.es\/es\/wp-json\/wp\/v2\/comments?post=260516"}],"version-history":[{"count":6,"href":"https:\/\/cintecx.uvigo.es\/es\/wp-json\/wp\/v2\/pages\/260516\/revisions"}],"predecessor-version":[{"id":260953,"href":"https:\/\/cintecx.uvigo.es\/es\/wp-json\/wp\/v2\/pages\/260516\/revisions\/260953"}],"wp:attachment":[{"href":"https:\/\/cintecx.uvigo.es\/es\/wp-json\/wp\/v2\/media?parent=260516"}],"curies":[{"name":"wp","href":"https:\/\/api.w.org\/{rel}","templated":true}]}}