{"id":260409,"date":"2026-01-30T11:50:03","date_gmt":"2026-01-30T10:50:03","guid":{"rendered":"https:\/\/cintecx.uvigo.es\/?page_id=260409"},"modified":"2026-02-02T10:37:58","modified_gmt":"2026-02-02T09:37:58","slug":"exposicion-de-mujeres-investigadoras-de-cintecx","status":"publish","type":"page","link":"https:\/\/cintecx.uvigo.es\/es\/igualdad-cintecx\/igualdad-en-cintecx\/exposicion-de-mujeres-investigadoras-de-cintecx\/","title":{"rendered":"Exposici\u00f3n de mujeres investigadoras de Cintecx"},"content":{"rendered":"<div class=\"row\">\n<div class=\"col-md-4\">\n<div class=\"card\" style=\"min-width: 25%;\">\n<div class=\"card-body\">\n<a href=\"\/wp-content\/uploads\/2026\/01\/Calendario_igualdad_2025_CINTECX-1-Teresa-Rivas.pdf\" target=\"_blank\"><br \/>\n<img decoding=\"async\" src=\"https:\/\/cintecx.uvigo.es\/wp-content\/uploads\/2026\/01\/Teresa-Rivas-2.png\" \/><\/p>\n<h4 class=\"card-title\" style=\"text-align:right;\">Teresa Rivas<\/h4>\n<p><\/a>\n<\/div>\n<p> <!--cierra card-body-->\n<\/div>\n<p> <!--cierra card--><\/p>\n<\/div>\n<p><!--cierra columna --><\/p>\n<div class=\"col-md-4\">\n<div class=\"card\" style=\"min-width: 25%;\">\n<div class=\"card-body\">\n<a href=\"\/wp-content\/uploads\/2026\/01\/Calendario_igualdad_2025_CINTECX-2-Antia-Fdez.pdf\" target=\"_blank\"><br \/>\n <img decoding=\"async\" src=\"https:\/\/cintecx.uvigo.es\/wp-content\/uploads\/2026\/01\/Antia-Fernandez-2.png\" \/><\/p>\n<h4 class=\"card-title\" style=\"text-align:right;\">Ant\u00eda Fern\u00e1ndez<\/h4>\n<p><\/a>\n<\/div>\n<p> <!--cierra card-body-->\n<\/div>\n<p> <!--cierra card--><\/p>\n<\/div>\n<p><!--cierra columna --><\/p>\n<div class=\"col-md-4\">\n<div class=\"card\" style=\"min-width: 25%;\">\n<div class=\"card-body\">\n<a href=\"\/wp-content\/uploads\/2026\/01\/Calendario_igualdad_2025_CINTECX-3-Xanel-Vecino.pdf\" target=\"_blank\"><br \/>\n <img decoding=\"async\" src=\"https:\/\/cintecx.uvigo.es\/wp-content\/uploads\/2026\/01\/Xanel-Vecino-2.png\" \/><\/p>\n<h4 class=\"card-title\" style=\"text-align:right;\">Xanel Vecino<\/h4>\n<p><\/a><\/p>\n<\/div>\n<p> <!--cierra card-body-->\n<\/div>\n<p> <!--cierra card--><\/p>\n<\/div>\n<p><!--cierra columna --><\/p>\n<\/div>\n<p> <!--cierra fila --><\/p>\n<div class=\"row\">\n<div class=\"col-md-4\">\n<div class=\"card\" style=\"min-width: 25%;\">\n<div class=\"card-body\">\n<a href=\"\/wp-content\/uploads\/2026\/01\/Calendario_igualdad_2025_CINTECX-4-Gloria-Pena.pdf\" target=\"_blank\"><br \/>\n<img decoding=\"async\" src=\"https:\/\/cintecx.uvigo.es\/wp-content\/uploads\/2026\/01\/Gloria-Pena-2.png\" \/><\/p>\n<h4 class=\"card-title\" style=\"text-align:right;\">Gloria Pena<\/h4>\n<p><\/a>\n<\/div>\n<p> <!--cierra card-body-->\n<\/div>\n<p> <!--cierra card-->\n<\/div>\n<p><!--cierra columna --><\/p>\n<div class=\"col-md-4\">\n<div class=\"card\" style=\"min-width: 25%;\">\n<div class=\"card-body\">\n<a href=\"\/wp-content\/uploads\/2026\/01\/Calendario_igualdad_2025_CINTECX-5-Monica-Fdez.pdf\" target=\"_blank\"><br \/>\n <img decoding=\"async\" src=\"https:\/\/cintecx.uvigo.es\/wp-content\/uploads\/2026\/01\/Monica-Fernandez-2.png\" \/><\/p>\n<h4 class=\"card-title\" style=\"text-align:right;\">M\u00f3nica Fern\u00e1ndez<\/h4>\n<p><\/a>\n<\/div>\n<p> <!--cierra card-body-->\n<\/div>\n<p> <!--cierra card--><\/p>\n<\/div>\n<p><!--cierra columna --><\/p>\n<div class=\"col-md-4\">\n<div class=\"card\" style=\"min-width: 25%;\">\n<div class=\"card-body\">\n<a href=\"\/wp-content\/uploads\/2026\/01\/Calendario_igualdad_2025_CINTECX-6-Sofia-Suarez.pdf\" target=\"_blank\"><br \/>\n <img decoding=\"async\" src=\"https:\/\/cintecx.uvigo.es\/wp-content\/uploads\/2026\/01\/Sofia-Suarez-2.png\" \/><\/p>\n<h4 class=\"card-title\" style=\"text-align:right;\">Sof\u00eda Su\u00e1rez<\/h4>\n<p><\/a><\/p>\n<\/div>\n<p> <!--cierra card-body-->\n<\/div>\n<p> <!--cierra card--><\/p>\n<\/div>\n<p><!--cierra columna --><\/p>\n<\/div>\n<p> <!--cierra fila --><\/p>\n<div class=\"row\">\n<div class=\"col-md-4\">\n<div class=\"card\" style=\"min-width: 25%;\">\n<div class=\"card-body\">\n<a href=\"\/wp-content\/uploads\/2026\/01\/Calendario_igualdad_2025_CINTECX-7-Mercedes-Solla.pdf\" target=\"_blank\"><br \/>\n<img decoding=\"async\" src=\"https:\/\/cintecx.uvigo.es\/wp-content\/uploads\/2026\/01\/Mercedes-Solla-2.png\" \/><\/p>\n<h4 class=\"card-title\" style=\"text-align:right;\">Mercedes Solla<\/h4>\n<p><\/a>\n<\/div>\n<p> <!--cierra card-body-->\n<\/div>\n<p> <!--cierra card-->\n<\/div>\n<p><!--cierra columna --><\/p>\n<div class=\"col-md-4\">\n<div class=\"card\" style=\"min-width: 25%;\">\n<div class=\"card-body\">\n<a href=\"\/wp-content\/uploads\/2026\/01\/Calendario_igualdad_2025_CINTECX-8-Amanda-Franco.pdf\" target=\"_blank\"><br \/>\n <img decoding=\"async\" src=\"https:\/\/cintecx.uvigo.es\/wp-content\/uploads\/2026\/01\/Amanda-Franco-2.png\" \/><\/p>\n<h4 class=\"card-title\" style=\"text-align:right;\">Amanda Franco<\/h4>\n<p><\/a><\/p>\n<\/div>\n<p> <!--cierra card-body-->\n<\/div>\n<p> <!--cierra card--><\/p>\n<\/div>\n<p><!--cierra columna --><\/p>\n<div class=\"col-md-4\">\n<div class=\"card\" style=\"min-width: 25%;\">\n<div class=\"card-body\">\n<a href=\"\/wp-content\/uploads\/2026\/01\/Calendario_igualdad_2025_CINTECX_9-Eva-Legido.pdf\" target=\"_blank\"><br \/>\n <img decoding=\"async\" src=\"https:\/\/cintecx.uvigo.es\/wp-content\/uploads\/2026\/01\/Eva-Legido-2.png\" \/><\/p>\n<h4 class=\"card-title\" style=\"text-align:right;\">Eva Legido<\/h4>\n<p><\/a><\/p>\n<\/div>\n<p> <!--cierra card-body-->\n<\/div>\n<p> <!--cierra card--><\/p>\n<\/div>\n<p><!--cierra columna --><\/p>\n<\/div>\n<p> <!--cierra fila --><\/p>\n<div class=\"row\">\n<div class=\"col-md-4\">\n<div class=\"card\" style=\"min-width: 25%;\">\n<div class=\"card-body\">\n<a href=\"\/wp-content\/uploads\/2026\/01\/Calendario_igualdad_2025_CINTECX-10_Miriam-Lopez.pdf\" target=\"_blank\"><br \/>\n<img decoding=\"async\" src=\"https:\/\/cintecx.uvigo.es\/wp-content\/uploads\/2026\/01\/Miriam-Lopez-2.png\" \/><\/p>\n<h4 class=\"card-title\" style=\"text-align:right;\">Miriam L\u00f3pez<\/h4>\n<p><\/a>\n<\/div>\n<p> <!--cierra card-body-->\n<\/div>\n<p> <!--cierra card-->\n<\/div>\n<p><!--cierra columna --><\/p>\n<div class=\"col-md-4\">\n<div class=\"card\" style=\"min-width: 25%;\">\n<div class=\"card-body\">\n<a href=\"\/wp-content\/uploads\/2026\/01\/Calendario_igualdad_2025_CINTECX-11-Aida-Diez.pdf\" target=\"_blank\"><br \/>\n <img decoding=\"async\" src=\"https:\/\/cintecx.uvigo.es\/wp-content\/uploads\/2026\/01\/Aida-Diez-2-2.png\" \/><\/p>\n<h4 class=\"card-title\" style=\"text-align:right;\">Aida D\u00edez<\/h4>\n<p><\/a><\/p>\n<\/div>\n<p> <!--cierra card-body-->\n<\/div>\n<p> <!--cierra card--><\/p>\n<\/div>\n<p><!--cierra columna --><\/p>\n<div class=\"col-md-4\">\n<div class=\"card\" style=\"min-width: 25%;\">\n<div class=\"card-body\">\n<a href=\"\/wp-content\/uploads\/2026\/01\/Calendario_igualdad_2025_CINTECX-12-Raquel-Perez.pdf\" target=\"_blank\"><br \/>\n <img decoding=\"async\" src=\"https:\/\/cintecx.uvigo.es\/wp-content\/uploads\/2026\/01\/Raquel-Perez-2.png\" \/><\/p>\n<h4 class=\"card-title\" style=\"text-align:right;\">Raquel P\u00e9rez<\/h4>\n<p><\/a><\/p>\n<\/div>\n<p> <!--cierra card-body-->\n<\/div>\n<p> <!--cierra card--><\/p>\n<\/div>\n<p><!--cierra columna --><\/p>\n<\/div>\n<p> <!--cierra fila --><\/p>\n","protected":false},"excerpt":{"rendered":"<p>Teresa Rivas Ant\u00eda Fern\u00e1ndez Xanel Vecino Gloria Pena M\u00f3nica Fern\u00e1ndez Sof\u00eda Su\u00e1rez Mercedes Solla Amanda Franco Eva Legido Miriam L\u00f3pez Aida D\u00edez Raquel P\u00e9rez<\/p>\n","protected":false},"author":11,"featured_media":0,"parent":247790,"menu_order":0,"comment_status":"closed","ping_status":"closed","template":"","meta":{"inline_featured_image":false,"footnotes":""},"class_list":["post-260409","page","type-page","status-publish","hentry"],"_links":{"self":[{"href":"https:\/\/cintecx.uvigo.es\/es\/wp-json\/wp\/v2\/pages\/260409","targetHints":{"allow":["GET"]}}],"collection":[{"href":"https:\/\/cintecx.uvigo.es\/es\/wp-json\/wp\/v2\/pages"}],"about":[{"href":"https:\/\/cintecx.uvigo.es\/es\/wp-json\/wp\/v2\/types\/page"}],"author":[{"embeddable":true,"href":"https:\/\/cintecx.uvigo.es\/es\/wp-json\/wp\/v2\/users\/11"}],"replies":[{"embeddable":true,"href":"https:\/\/cintecx.uvigo.es\/es\/wp-json\/wp\/v2\/comments?post=260409"}],"version-history":[{"count":31,"href":"https:\/\/cintecx.uvigo.es\/es\/wp-json\/wp\/v2\/pages\/260409\/revisions"}],"predecessor-version":[{"id":260796,"href":"https:\/\/cintecx.uvigo.es\/es\/wp-json\/wp\/v2\/pages\/260409\/revisions\/260796"}],"up":[{"embeddable":true,"href":"https:\/\/cintecx.uvigo.es\/es\/wp-json\/wp\/v2\/pages\/247790"}],"wp:attachment":[{"href":"https:\/\/cintecx.uvigo.es\/es\/wp-json\/wp\/v2\/media?parent=260409"}],"curies":[{"name":"wp","href":"https:\/\/api.w.org\/{rel}","templated":true}]}}