{"id":250357,"date":"2024-02-13T12:31:58","date_gmt":"2024-02-13T11:31:58","guid":{"rendered":"https:\/\/cintecx.uvigo.es\/?page_id=250357"},"modified":"2024-06-05T15:20:19","modified_gmt":"2024-06-05T13:20:19","slug":"personas-implicacion-promocion-igualdad-genero","status":"publish","type":"page","link":"https:\/\/cintecx.uvigo.es\/es\/igualdad-cintecx\/igualdad-en-cintecx\/personas-implicacion-promocion-igualdad-genero\/","title":{"rendered":"Personas con especial implicaci\u00f3n en la promoci\u00f3n de la igualdad de g\u00e9nero"},"content":{"rendered":"<p><img decoding=\"async\" src=\"\/wp-content\/uploads\/2023\/11\/Igualdad_1400x350.jpg\" alt=\"\" width=\"100%\" \/><br \/>\n&nbsp;<\/p>\n<p>Desde su creaci\u00f3n, Cintecx cuenta con personal experto y con amplia experiencia e implicaci\u00f3n en la promoci\u00f3n de la igualdad de g\u00e9nero. Uno de los objetivos fundamentales en materia de igualdad es el desarrollo de actividades espec\u00edficas que permitan aumentar y mejorar a\u00f1o a a\u00f1o la formaci\u00f3n en materia de igualdad de todo nuestro personal. <\/p>\n<p>A continuaci\u00f3n puedes consultar una breve rese\u00f1a de alguna de las personas expertas en materia de igualdad en CINTECX.<\/p>\n<div class=\"custom-block graylight\">\n<div class=\"row\">\n<div class=\"col-md-6\">\n<div class=\"container_persoas_igualdade\">\n<div class=\"box1_persoas_igualdade\">\n<h4>Concepci\u00f3n<br \/>\nPaz<br \/>\nPen\u00edn  <\/h4>\n<\/div>\n<div class=\"box2_persoas_igualdade\">\n<p> Participaci\u00f3n en campa\u00f1as de fomento de vocaciones cient\u00edficas de las ni\u00f1as:<br \/>\n\u2022 \u201cQuero ser investigadora 1\u201d, acci\u00f3n promovida por la Unidad de Cultura Cient\u00edfica.<br \/>\n\u2022 Participaci\u00f3n en la campa\u00f1a de CINTECX: \u201cD\u00eda de la mujer y de la ni\u00f1a en la ciencia en CINTECX\u201d, 2022 e 2023.<br \/>\n\u2022 Ciencia de ida y vuelta, miembro del equipo de investigaci\u00f3n.<br \/>\n\u2022 IP del proyecto \u201cGu\u00eda operativa para incorporar la perspectiva de g\u00e9nero a la investigaci\u00f3n en el \u00e1mbito tecnol\u00f3gico-industrial\u201d (2023). C\u00e1tedra Feminismos 4.0.<br \/>\n\u2022 Organizaci\u00f3n y presentaci\u00f3n de la jornada Perspectiva de g\u00e9nero en el \u00e1mbito tecnol\u00f3gico e industrial (septiembre 2023).<br \/>\n\u2022 Mesa redonda sobre la igualdad de la mujer en el \u00e1mbito de la ingenier\u00eda (2023).<br \/>\n\u2022 Campa\u00f1a fotogr\u00e1fica (8M 2022).<br \/>\n\u2022 Campa\u00f1a de visibilizaci\u00f3n de las investigadoras de CINTECX por el d\u00eda de la mujer y la ni\u00f1a en la ciencia 2021 y 2022.\n<\/p>\n<\/div><\/div>\n<\/div>\n<p><span class=\"d-block, d-md-none\"> &nbsp; <\/span><!--para p\u00f3r un espazo entre columnas s\u00f3 en pantallas pequenas--><\/p>\n<div class=\"col-md-6\">\n<div class=\"container_persoas_igualdade\">\n<div class=\"box1_persoas_igualdade\">\n<h4>Santiago<br \/>\nPozo<br \/>\nAntonio  <\/h4>\n<\/div>\n<div class=\"box2_persoas_igualdade\">\n<p> \u2022 Participaci\u00f3n en la feria \u201cCiencia de ida e volta: a ciencia que ven ten nome de muller\u201d.<br \/>\n\u2022 Mentor programa\u202fSTEMbach\u202f (4 proyectos bianuales).<br \/>\n\u2022 Mentor en INSPIRA STEAM (2022-2023).<br \/>\n\u2022 Finalista de CIENCIA EN ACCI\u00d3N XVI (Viladecans, Catalu\u00f1a. 16 y 17 de octubre 2015). Modalidad \u201cCiencia, ingenier\u00eda y valores\u201d con el trabajo \u201cViaja con la doctora violeta (a trav\u00e9s de la igualdad y el conocimiento)\u201d de Ana Jes\u00fas L\u00f3pez, Santiago Pozo y Melania Fern\u00e1ndez.<br \/>\n\u2022 Coautor de 3 cap\u00edtulos de libro centrados en evaluaciones da lenguaje no sexista en las p\u00e1ginas webs de las universidades gallegas y en la creaci\u00f3n de herramientas multimedia para la formaci\u00f3n en g\u00e9nero.<br \/>\n\u2022 Participa en proyectos con perspectiva de g\u00e9nero como el proyecto financiado por la C\u00e1tedra Feminismos 4.0 DePo-UVigo en su 1\u00ba edici\u00f3n, titulado Rendimiento acad\u00e9mico y egreso de las mujeres en los grados de ingenier\u00eda de la Universidade de Vigo (2019).<\/p>\n<\/div><\/div>\n<\/div>\n<\/div>\n<p> <!--pecha fila --><\/p>\n<div class=\"row\">\n<div class=\"col-md-6\">\n<div class=\"container_persoas_igualdade\">\n<div class=\"box1_persoas_igualdade\">\n<h4>M\u00aa Teresa<br \/>\nRivas<br \/>\nBrea<\/h4>\n<\/div>\n<div class=\"box2_persoas_igualdade\">\n<p> \u2022 Investigadora principal del Proyecto de investigaci\u00f3n financiado conjuntamente por la Unidad de Igualdad de la Universidade de Vigo y la Diputaci\u00f3n De Pontevedra, titulado INGRESO, RENDIMIENTO ACAD\u00c9MICO Y EGRESO DE LAS MUJERES EN LOS GRADOS DE INGENIER\u00cdA DE LA UNIVERSIDADE DE VIGO. 2018-2019. C\u00e1tedra Feminismos 4.0. Art\u00edculos relacionados con el proyecto titulado Rendimiento acad\u00e9mico y egreso de las mujeres en los grados de ingenier\u00eda de la Universidade de Vigo.<br \/>\n\u2022 Participaci\u00f3n en Inspira STEAM.<br \/>\n\u2022 Impartici\u00f3n de seminarios y conferencias en la celebraci\u00f3n del D\u00eda Internacional de la mujer y la ni\u00f1a en la ciencia y del D\u00eda Internacional de la Mujer.<br \/>\n\u2022 Asistencia a formaciones en igualdad, diversidad e inclusi\u00f3n.\n<\/p>\n<\/div><\/div>\n<\/div>\n<p><span class=\"d-block, d-md-none\"> &nbsp; <\/span><!--para p\u00f3r un espazo entre columnas s\u00f3 en pantallas pequenas--><\/p>\n<div class=\"col-md-6\">\n<div class=\"container_persoas_igualdade\">\n<div class=\"box1_persoas_igualdade\">\n<h4>Ana<br \/>\nLarra\u00f1aga<br \/>\nJaneiro<\/h4>\n<\/div>\n<div class=\"box2_persoas_igualdade\">\n<p> \u2022 Participaci\u00f3n en el provecto internacional de divulgaci\u00f3n cient\u00edfica GNIGHT (ediciones 2021, 2022 e 2023).<br \/>\n\u2022 Participaci\u00f3n en el proyecto FECYT \u201cCiencia de ida e volta\u201d (2021-2022) dentro de la actividad \u201cA ciencia que ven ten nome de muller\u201d.<br \/>\n\u2022 Participaci\u00f3n en las actividades de las Jornadas del 11-F promovidas por la Unidad de Cultura Cient\u00edfica de la Universidad de Vigo bajo el nombre de \u201cElas fan CienTec\u201d.\u202f<br \/>\n\u2022 Participaci\u00f3n en 2023 en la jornada Ingenier\u00eda x Mujeres organizada por el centro de investigaci\u00f3n AtlanTTic de la Universidade de Vigo.<br \/>\n\u2022 Participaci\u00f3n en la campa\u00f1a de CINTECX: \u201cD\u00eda de la mujer y e de la ni\u00f1a en la ciencia en CINTECX\u00bb 2022.<\/p>\n<\/div><\/div>\n<\/div>\n<\/div>\n<p> <!--pecha fila --><\/p>\n<div class=\"row\">\n<div class=\"col-md-6\">\n<div class=\"container_persoas_igualdade\">\n<div class=\"box1_persoas_igualdade\">\n<h4>Xanel<br \/>\nVecino<br \/>\nBello  <\/h4>\n<\/div>\n<div class=\"box2_persoas_igualdade\">\n<p> \u2022 Participaci\u00f3n en campa\u00f1as de fomento de vocaciones cient\u00edficas en las ni\u00f1as (Inspira STEAM (2021, 2022) y STEMBach (2022-2024)<br \/>\n\u2022 8-Marzo entrevista organizada por Cintecx: D\u00eda Internacional de la Mujer;<br \/>\n\u2022 Concurso de fotograf\u00eda Muller Rme (la profesi\u00f3n de las mujeres en Ingenier\u00eda de Minas y Energ\u00eda), etc.<br \/>\n\u2022 Ponente oral en el Ciclo de Charlas \u201cMulleres na Ciencia\u201d organizado por la Facultad de Qu\u00edmica &#8211; Universidad de Vigo.\u202f<br \/>\n\u2022 Participaci\u00f3n en la campa\u00f1a de CINTECX: \u201cD\u00eda de la mujer y la ni\u00f1a en la ciencia en CINTECX\u201d 2022.<\/p>\n<\/div><\/div>\n<\/div>\n<p><span class=\"d-block, d-md-none\"> &nbsp; <\/span><!--para p\u00f3r un espazo entre columnas s\u00f3 en pantallas pequenas--><\/p>\n<div class=\"col-md-6\">\n<div class=\"container_persoas_igualdade\">\n<div class=\"box1_persoas_igualdade\">\n<h4>Raquel<br \/>\nP\u00e9rez<br \/>\nOrozco <\/h4>\n<\/div>\n<div class=\"box2_persoas_igualdade\">\n<p> \u2022 Miembro del equipo investigador \u201cGu\u00eda operativa para incorporar la perspectiva de g\u00e9nero a la investigaci\u00f3n en el \u00e1mbito tecnol\u00f3gico-industrial\u201d (2023). C\u00e1tedra Feminismos 4.0.<br \/>\n\u2022 Participaci\u00f3n en las Jornadas del 11-F promovidas por la Unidad de Cultura Cient\u00edfica de la UVigo &#8211; \u201cElas fan CienTec\u201d.<br \/>\n\u2022 Participaci\u00f3n en el proyecto internacional de divulgaci\u00f3n cient\u00edfica \u201cGNIGHT\u201d (2021).<br \/>\n\u2022 Experiencia en programas de fomento de inquietudes cient\u00edfico-tecnol\u00f3gicas a escolares en programa STEMbach.<br \/>\n\u2022 Mentora en Inspira STEAM.<br \/>\n\u2022 Participaci\u00f3n en \u201cCiencia de ida e volta\u201d (2021-2022).<\/p>\n<\/div><\/div>\n<\/div>\n<\/div>\n<p> <!--pecha fila --><\/p>\n<div class=\"row\">\n<div class=\"col-md-6\">\n<div class=\"container_persoas_igualdade\">\n<div class=\"box1_persoas_igualdade\">\n<h4>\u00c1ngeles<br \/>\nSanrom\u00e1n<br \/>\nBraga<\/h4>\n<\/div>\n<div class=\"box2_persoas_igualdade\">\n<p> Participaci\u00f3n en campa\u00f1as de fomento de vocaciones cient\u00edficas en las ni\u00f1as:<br \/>\n         \u2022  \u201cQuero ser investigadora 3\u201d, editado por el Vicerrectorado de Comunicaci\u00f3n y Relaciones Institucionales de la Universidade de Vigo (acci\u00f3n promovida por la Unidad de Cultura Cient\u00edfica).<br \/>\n        \u2022 Participaci\u00f3n en la campa\u00f1a de CINTECX: \u201cD\u00eda de la mujer y la ni\u00f1a en la ciencia en CINTECX 2022&#8243;.<\/p>\n<\/div><\/div>\n<\/div>\n<p><span class=\"d-block, d-md-none\"> &nbsp; <\/span><!--para p\u00f3r un espazo entre columnas s\u00f3 en pantallas pequenas--><\/p>\n<div class=\"col-md-6\">\n<div class=\"container_persoas_igualdade\">\n<div class=\"box1_persoas_igualdade\">\n<h4>Bel\u00e9n<br \/>\nRiveiro<br \/>\nRodr\u00edguez<\/h4>\n<\/div>\n<div class=\"box2_persoas_igualdade\">\n<p>Participaci\u00f3n en campa\u00f1as de fomento de vocaciones cient\u00edficas en las ni\u00f1as:<br \/>\n\u2022 \u201cQuero ser investigadora 2\u201d, editado por el Vicerrectorado de Comunicaci\u00f3n y Relaciones Institucionales de la Universidade de Vigo (acci\u00f3n promovida por la Unidade de Cultura Cient\u00edfica).<br \/>\n\u2022 Participaci\u00f3n en la campa\u00f1a de CINTECX: \u201cD\u00eda de la mujer y la ni\u00f1a en la ciencia en CINTECX\u201d 2022. <\/p>\n<\/div><\/div>\n<\/div>\n<\/div>\n<p> <!--pecha fila --><\/p>\n<div class=\"row\">\n<div class=\"col-md-6\">\n<div class=\"container_persoas_igualdade\">\n<div class=\"box1_persoas_igualdade\">\n<h4>Gloria M\u00aa<br \/>\nPena<br \/>\nUris<br \/>\n<\/h4>\n<\/div>\n<div class=\"box2_persoas_igualdade\">\n<p> \u2022 Participaci\u00f3n en las Jornadas de Divulgaci\u00f3n en Ciencia, Tecnolog\u00eda, Ingenier\u00eda y Matem\u00e1ticas: eXXperimenta en femenino 2019, (Campus Ourense, UVigo).<br \/>\n\u2022 Participaci\u00f3n durante 2 cursos en el programa STEMBach.<br \/>\n\u2022 Participaci\u00f3n, a trav\u00e9s de SOCIEMAT, en \u201cMaterland\u201d proyecto financiado por FECYT (2021).<\/p>\n<\/div><\/div>\n<\/div>\n<p><span class=\"d-block, d-md-none\"> &nbsp; <\/span><!--para p\u00f3r un espazo entre columnas s\u00f3 en pantallas pequenas--><\/p>\n<div class=\"col-md-6\">\n<div class=\"container_persoas_igualdade\">\n<div class=\"box1_persoas_igualdade\">\n<h4>Juan Jos\u00e9<br \/>\nRico<br \/>\nFuentes<\/h4>\n<\/div>\n<div class=\"box2_persoas_igualdade\">\n<p> Participaci\u00f3n en actividades destinadas a visibilizar el papel de la mujer en la ingenier\u00eda con:<br \/>\n\u2022 Conferencias en colegios y mediante el programa Inspira STEAM, que busca fomentar las vocaci\u00f3nes de car\u00e1cter cient\u00edfico-t\u00e9cnicas entre las ni\u00f1as y reforzar los valores de igualdad y convivencia.\n<\/p>\n<\/div><\/div>\n<\/div>\n<\/div>\n<p> <!--pecha fila --><\/p>\n<div class=\"row\">\n<div class=\"col-md-6\">\n<div class=\"container_persoas_igualdade\">\n<div class=\"box1_persoas_igualdade\">\n<h4>Eduardo<br \/>\nSu\u00e1rez<br \/>\nPorto  <\/h4>\n<\/div>\n<div class=\"box2_persoas_igualdade\">\n<p> \u2022 Miembro del Comit\u00e9 de Igualdad de CINTECX.<br \/>\n\u2022 Miembro equipo investigador \u201cGu\u00eda operativa para incorporar la perspectiva de g\u00e9nero a la investigaci\u00f3n en el \u00e1mbito tecnol\u00f3gico-industrial\u201d (2023). C\u00e1tedra Feminismos 4.0.<br \/>\n\u2022 Asistencia a formaciones en igualdad, diversidad e inclusi\u00f3n.<\/p>\n<\/div><\/div>\n<\/div>\n<p><span class=\"d-block, d-md-none\"> &nbsp; <\/span><!--para p\u00f3r un espazo entre columnas s\u00f3 en pantallas pequenas--><\/p>\n<div class=\"col-md-6\">\n<div class=\"container_persoas_igualdade\">\n<div class=\"box1_persoas_igualdade\">\n<h4>Mariola<br \/>\nNorte<br \/>\nNavarro  <\/h4>\n<\/div>\n<div class=\"box2_persoas_igualdade\">\n<p> \u2022 Miembro del Comit\u00e9 de Igualdad de CINTECX.<br \/>\n\u2022 Miembro del equipo investigador \u201cGu\u00eda operativa para incorporar la perspectiva de g\u00e9nero a la investigaci\u00f3n en el \u00e1mbito tecnol\u00f3gico-industrial\u201d (2023). C\u00e1tedra feminismos 4.0.<br \/>\n\u2022 Organizaci\u00f3n de la jornada Perspectiva de g\u00e9nero en el \u00e1mbito tecnol\u00f3gico e industrial (septiembre 2023).<\/p>\n<\/div><\/div>\n<\/div>\n<\/div>\n<p> <!--pecha fila --><\/p>\n<div class=\"row\">\n<div class=\"col-md-6\">\n<div class=\"container_persoas_igualdade\">\n<div class=\"box1_persoas_igualdade\">\n<h4>Julia<br \/>\nSerra<br \/>\nRodr\u00edguez  <\/h4>\n<\/div>\n<div class=\"box2_persoas_igualdade\">\n<p> \u2022 Participaci\u00f3n en la campa\u00f1a de CINTECX: \u201cD\u00eda de la mujer y la ni\u00f1a en la ciencia en CINTECX\u201d, 2022.<br \/>\n\u2022 Presentaci\u00f3n oral en el Ciclo de Charlas \u201cMulleres na Ciencia\u201d, organizado por la Facultade de Qu\u00edmica de la Universidade de Vigo el 30 de marzo de 2022.<\/p>\n<\/div><\/div>\n<\/div>\n<p><span class=\"d-block, d-md-none\"> &nbsp; <\/span><!--para p\u00f3r un espazo entre columnas s\u00f3 en pantallas pequenas--><\/p>\n<div class=\"col-md-6\">\n<div class=\"container_persoas_igualdade\">\n<div class=\"box1_persoas_igualdade\">\n<h4>Lea<br \/>\nMel\u00f3n<br \/>\nCudilleiro <\/h4>\n<\/div>\n<div class=\"box2_persoas_igualdade\">\n<p> \u2022 Miembro del equipo investigador \u201cGu\u00eda operativa para incorporar la perspectiva de g\u00e9nero a la investigaci\u00f3n en el \u00e1mbito tecnol\u00f3gico-industrial\u201d (2023). C\u00e1tedra Feminismos 4.0.<br \/>\n\u2022 Organizaci\u00f3n de la jornada Perspectiva de g\u00e9nero en el \u00e1mbito tecnol\u00f3gico e industrial (septiembre 2023).<\/p>\n<\/div><\/div>\n<\/div>\n<\/div>\n<p> <!--pecha fila --><\/p>\n<div class=\"row\">\n<div class=\"col-md-6\">\n<div class=\"container_persoas_igualdade\">\n<div class=\"box1_persoas_igualdade\">\n<h4>Marta M\u00aa<br \/>\nPazos<br \/>\nCurr\u00e1s <\/h4>\n<\/div>\n<div class=\"box2_persoas_igualdade\">\n<p> \u2022 Participaci\u00f3n en la feria \u201cCiencia de ida y vuelta: a ciencia que ven ten nome de muller\u201d 2023.<br \/>\n\u2022 Participaci\u00f3n en la campa\u00f1a de CINTECX: \u201cD\u00eda de la mujer y la ni\u00f1a en la ciencia en CINTECX\u00bb 2022.<\/p>\n<\/div><\/div>\n<\/div>\n<p><span class=\"d-block, d-md-none\"> &nbsp; <\/span><!--para p\u00f3r un espazo entre columnas s\u00f3 en pantallas pequenas--><\/p>\n<div class=\"col-md-6\">\n<div class=\"container_persoas_igualdade\">\n<div class=\"box1_persoas_igualdade\">\n<h4>F\u00e9lix<br \/>\nQuintero<br \/>\nMart\u00ednez<\/h4>\n<\/div>\n<div class=\"box2_persoas_igualdade\">\n<p> \u2022 Miembro del equipo investigador \u201cGu\u00eda operativa para incorporar la perspectiva de g\u00e9nero a la investigaci\u00f3n en el \u00e1mbito tecnol\u00f3gico-industrial\u201d (2023). C\u00e1tedra Feminismos 4.0.\n<\/p>\n<\/div><\/div>\n<\/div>\n<\/div>\n<p> <!--pecha fila --><\/p>\n<div class=\"row\">\n<div class=\"col-md-6\">\n<div class=\"container_persoas_igualdade\">\n<div class=\"box1_persoas_igualdade\">\n<h4>M\u00aa Carmen<br \/>\nP\u00e9rez<br \/>\nP\u00e9rez<\/h4>\n<\/div>\n<div class=\"box2_persoas_igualdade\">\n<p> \u2022 Miembro del Comit\u00e9 de igualdad de CINTECX.<br \/>\n\u2022 Enlace de Igualdad en CINTECX.<br \/>\n\u2022 Participaci\u00f3n en la campa\u00f1a de CINTECX: \u201cD\u00eda de la mujer y la ni\u00f1a en la ciencia en CINTECX\u201d 2022.<\/p>\n<\/div><\/div>\n<\/div>\n<p><span class=\"d-block, d-md-none\"> &nbsp; <\/span><!--para p\u00f3r un espazo entre columnas s\u00f3 en pantallas pequenas--><\/p>\n<div class=\"col-md-6\">\n<div class=\"container_persoas_igualdade\">\n<div class=\"box1_persoas_igualdade\">\n<h4>Mar\u00eda<br \/>\nPazo<br \/>\nRodr\u00edguez <\/h4>\n<\/div>\n<div class=\"box2_persoas_igualdade\">\n<p> \u2022 Participaci\u00f3n en la feria \u201cciencia de ida e volta\u201d a ciencia que ven ten nome de muller (2021-2022-2023).<br \/>\n\u2022 Participaci\u00f3n en la G-night 2022.<\/p>\n<\/div><\/div>\n<\/div>\n<\/div>\n<p> <!--pecha fila --><\/p>\n<div class=\"row\">\n<div class=\"col-md-6\">\n<div class=\"container_persoas_igualdade\">\n<div class=\"box1_persoas_igualdade\">\n<h4>Mercedes<br \/>\nSolla<br \/>\nCarracelas  <\/h4>\n<\/div>\n<div class=\"box2_persoas_igualdade\">\n<p> \u2022 Participaci\u00f3n en la campa\u00f1a de CINTECX: \u201cD\u00eda de la mujer y la ni\u00f1a en la ciencia en CINTECX\u201d, 2022.<\/p>\n<\/div><\/div>\n<\/div>\n<p><span class=\"d-block, d-md-none\"> &nbsp; <\/span><!--para p\u00f3r un espazo entre columnas s\u00f3 en pantallas pequenas--><\/p>\n<div class=\"col-md-6\">\n<div class=\"container_persoas_igualdade\">\n<div class=\"box1_persoas_igualdade\">\n<h4>Aida M\u00aa<br \/>\nD\u00edez<br \/>\nSarabia  <\/h4>\n<\/div>\n<div class=\"box2_persoas_igualdade\">\n<p> \u2022 Participaci\u00f3n en la feria \u201cCiencia de ida e volta: a ciencia que ven ten nome de muller\u201d 2023.<\/p>\n<\/div><\/div>\n<\/div>\n<\/div>\n<p> <!--pecha fila --><\/p>\n<div class=\"row\">\n<div class=\"col-md-6\">\n<div class=\"container_persoas_igualdade\">\n<div class=\"box1_persoas_igualdade\">\n<h4>Emilio<br \/>\nRosales<br \/>\nVillanueva <\/h4>\n<\/div>\n<div class=\"box2_persoas_igualdade\">\n<p> \u2022 Miembro del Comit\u00e9 de igualdad de CINTECX.<\/p>\n<p>&nbsp;\n<\/p>\n<\/div><\/div>\n<\/div>\n<p><span class=\"d-block, d-md-none\"> &nbsp; <\/span><!--para p\u00f3r un espazo entre columnas s\u00f3 en pantallas pequenas--><\/p>\n<div class=\"col-md-6\">\n<\/div>\n<\/div>\n<p> <!--pecha fila --><\/p>\n<\/div>\n<p><!--pecha cadro gris--><\/p>\n","protected":false},"excerpt":{"rendered":"<p>&nbsp; Desde su creaci\u00f3n, Cintecx cuenta con personal experto y con amplia experiencia e implicaci\u00f3n en la promoci\u00f3n de la igualdad de g\u00e9nero. Uno de &hellip; <a class=\"excerpt_more\" href=\"https:\/\/cintecx.uvigo.es\/es\/igualdad-cintecx\/igualdad-en-cintecx\/personas-implicacion-promocion-igualdad-genero\/\">Contin\u00faa<\/a><\/p>\n","protected":false},"author":2,"featured_media":0,"parent":247790,"menu_order":50,"comment_status":"closed","ping_status":"closed","template":"views\/template-fullwidth.blade.php","meta":{"inline_featured_image":false,"footnotes":""},"class_list":["post-250357","page","type-page","status-publish","hentry"],"_links":{"self":[{"href":"https:\/\/cintecx.uvigo.es\/es\/wp-json\/wp\/v2\/pages\/250357","targetHints":{"allow":["GET"]}}],"collection":[{"href":"https:\/\/cintecx.uvigo.es\/es\/wp-json\/wp\/v2\/pages"}],"about":[{"href":"https:\/\/cintecx.uvigo.es\/es\/wp-json\/wp\/v2\/types\/page"}],"author":[{"embeddable":true,"href":"https:\/\/cintecx.uvigo.es\/es\/wp-json\/wp\/v2\/users\/2"}],"replies":[{"embeddable":true,"href":"https:\/\/cintecx.uvigo.es\/es\/wp-json\/wp\/v2\/comments?post=250357"}],"version-history":[{"count":167,"href":"https:\/\/cintecx.uvigo.es\/es\/wp-json\/wp\/v2\/pages\/250357\/revisions"}],"predecessor-version":[{"id":253191,"href":"https:\/\/cintecx.uvigo.es\/es\/wp-json\/wp\/v2\/pages\/250357\/revisions\/253191"}],"up":[{"embeddable":true,"href":"https:\/\/cintecx.uvigo.es\/es\/wp-json\/wp\/v2\/pages\/247790"}],"wp:attachment":[{"href":"https:\/\/cintecx.uvigo.es\/es\/wp-json\/wp\/v2\/media?parent=250357"}],"curies":[{"name":"wp","href":"https:\/\/api.w.org\/{rel}","templated":true}]}}