{"id":250282,"date":"2024-01-25T21:47:42","date_gmt":"2024-01-25T20:47:42","guid":{"rendered":"https:\/\/cintecx.uvigo.es\/?page_id=250282"},"modified":"2024-01-25T21:47:42","modified_gmt":"2024-01-25T20:47:42","slug":"localizacion","status":"publish","type":"page","link":"https:\/\/cintecx.uvigo.es\/es\/cintecx\/localizacion\/","title":{"rendered":"Localizaci\u00f3n"},"content":{"rendered":"<div>\n<iframe src=\"https:\/\/www.google.com\/maps\/embed?pb=!1m14!1m8!1m3!1d1758.3659651729479!2d-8.688938677063788!3d42.16724772444365!3m2!1i1024!2i768!4f13.1!3m3!1m2!1s0x0%3A0x21d2bc0b5cb912af!2sCentro%20de%20Investigaci%C3%B3n%20en%20Tecnolog%C3%ADas%2C%20Energ%C3%ADa%20y%20Procesos%20Industriales!5e0!3m2!1sgl!2ses!4v1648386869311!5m2!1sgl!2ses\" width=\"100%\" height=\"450\" style=\"border:0;\" allowfullscreen=\"\" loading=\"lazy\" referrerpolicy=\"no-referrer-when-downgrade\"><\/iframe>\n<\/div>\n<p>&nbsp;<br \/>\n<strong>Centro de Investigaci\u00f3n en Tecnolog\u00edas, Energ\u00edas y Procesos Industriales<\/strong><br \/>\nCampus As Lagoas, Marcosende<br \/>\n36310 Vigo (Pontevedra)<\/p>\n<p><i class=\"fa fa-phone\"> <\/i> Conserjer\u00eda<br \/>\n+34 986 130 153 <\/p>\n<p><i class=\"fa fa-phone\"> <\/i> Informaci\u00f3n general<br \/>\n+34 986 130 223 <\/p>\n<p><i class=\"fa fa-envelope-o\"><\/i> <a href=\"mailto:cintecx@uvigo.es\">cintecx@uvigo.es<\/a><br \/>\n&nbsp;<\/p>\n","protected":false},"excerpt":{"rendered":"<p>&nbsp; Centro de Investigaci\u00f3n en Tecnolog\u00edas, Energ\u00edas y Procesos Industriales Campus As Lagoas, Marcosende 36310 Vigo (Pontevedra) Conserjer\u00eda +34 986 130 153 Informaci\u00f3n general +34 &hellip; <a class=\"excerpt_more\" href=\"https:\/\/cintecx.uvigo.es\/es\/cintecx\/localizacion\/\">Contin\u00faa<\/a><\/p>\n","protected":false},"author":2,"featured_media":0,"parent":2094,"menu_order":0,"comment_status":"closed","ping_status":"closed","template":"views\/template-fullwidth.blade.php","meta":{"inline_featured_image":false,"footnotes":""},"class_list":["post-250282","page","type-page","status-publish","hentry"],"_links":{"self":[{"href":"https:\/\/cintecx.uvigo.es\/es\/wp-json\/wp\/v2\/pages\/250282","targetHints":{"allow":["GET"]}}],"collection":[{"href":"https:\/\/cintecx.uvigo.es\/es\/wp-json\/wp\/v2\/pages"}],"about":[{"href":"https:\/\/cintecx.uvigo.es\/es\/wp-json\/wp\/v2\/types\/page"}],"author":[{"embeddable":true,"href":"https:\/\/cintecx.uvigo.es\/es\/wp-json\/wp\/v2\/users\/2"}],"replies":[{"embeddable":true,"href":"https:\/\/cintecx.uvigo.es\/es\/wp-json\/wp\/v2\/comments?post=250282"}],"version-history":[{"count":1,"href":"https:\/\/cintecx.uvigo.es\/es\/wp-json\/wp\/v2\/pages\/250282\/revisions"}],"predecessor-version":[{"id":250283,"href":"https:\/\/cintecx.uvigo.es\/es\/wp-json\/wp\/v2\/pages\/250282\/revisions\/250283"}],"up":[{"embeddable":true,"href":"https:\/\/cintecx.uvigo.es\/es\/wp-json\/wp\/v2\/pages\/2094"}],"wp:attachment":[{"href":"https:\/\/cintecx.uvigo.es\/es\/wp-json\/wp\/v2\/media?parent=250282"}],"curies":[{"name":"wp","href":"https:\/\/api.w.org\/{rel}","templated":true}]}}