{"id":247792,"date":"2023-12-20T21:26:49","date_gmt":"2023-12-20T20:26:49","guid":{"rendered":"https:\/\/cintecx.uvigo.es\/?page_id=247792"},"modified":"2024-04-14T19:23:16","modified_gmt":"2024-04-14T17:23:16","slug":"promocion-del-talento-femenino","status":"publish","type":"page","link":"https:\/\/cintecx.uvigo.es\/es\/igualdad-cintecx\/igualdad-en-cintecx\/promocion-del-talento-femenino\/","title":{"rendered":"Promoci\u00f3n del talento femenino"},"content":{"rendered":"<p><img decoding=\"async\" src=\"\/wp-content\/uploads\/2023\/11\/Igualdad_1400x350.jpg\" alt=\"\" width=\"100%\" \/><br \/>\n&nbsp;<\/p>\n<div class=\"row\">\n<div class=\"col-md-6 col-lg-4\">\n<div class=\"card\" style=\"min-width: 25%;\">\n<div class=\"card-body\">\n<div class=\"flip-card\">\n<div class=\"flip-card-inner\">\n<div class=\"flip-card-front\">\n<h3 class=\"card-title\">Campa\u00f1a de visibilizaci\u00f3n de las investigadoras de Cintecx <\/h3>\n<p>\t\t\t\t<img decoding=\"async\" src=\"\/wp-content\/uploads\/2023\/12\/Cartel-exterior-dia-nena-ciencia-2023.jpg\" \/>\n                       <\/div>\n<div class=\"flip-card-back\">\n<p>Publicaci\u00f3n en la web y redes sociales de entrevistas realizadas a investigadoras de CINTECX, con representaci\u00f3n en diferentes categor\u00edas profesionales, que pretenden reflejar la trayectoria de nuestras investigadoras.<\/p>\n<p>Impresi\u00f3n y colocaci\u00f3n en la entrada del centro de un nuevo cartel promoviendo la igualdad.<\/p>\n<p>Realizaci\u00f3n de una sesi\u00f3n fotogr\u00e1fica de investigadoras de CINTECX y colocaci\u00f3n de las im\u00e1genes en el centro.<\/p>\n<\/p><\/div>\n<\/p><\/div>\n<p> <!-- cierra card-inner !-->\n<\/div>\n<p> <!-- cierra flip-card--><\/p>\n<\/div>\n<p> <!--cierra card-body-->\n<\/div>\n<p> <!--cierra card-->\n<\/div>\n<p><!--cierra columna --><\/p>\n<div class=\"col-md-6 col-lg-4\">\n<div class=\"card\" style=\"min-width: 25%;\">\n<div class=\"card-body\">\n<div class=\"flip-card\">\n<div class=\"flip-card-inner\">\n<div class=\"flip-card-front\">\n<h3 class=\"card-title\">Visibilidad en redes sociales de las cient\u00edficas de Cintecx  <\/h3>\n<p>\t\t\t\t<img decoding=\"async\" src=\"\/wp-content\/uploads\/2023\/12\/8M-2023.jpg\" \/>\n                       <\/div>\n<div class=\"flip-card-back\">\n\t\t\t<\/p>\n<p>Con motivo de las celebraciones del D\u00eda Internacional de la Mujer y la Ni\u00f1a en la Ciencia, o el D\u00eda Internacional de la mujer, se llevan a cabo campa\u00f1as en redes sociales para visibilizar a las investigadoras del centro, un gran equipo que hacen ciencia en femenino, ayudando a consolidar la presencia femenina en nuestro sector. <\/p>\n<\/p><\/div>\n<\/p><\/div>\n<p> <!-- cierra card-inner !-->\n<\/div>\n<p> <!-- cierra flip-card--><\/p>\n<\/div>\n<p> <!--cierra card-body-->\n<\/div>\n<p> <!--cierra card-->\n<\/div>\n<p><!--cierra columna --><\/p>\n<div class=\"col-md-6 col-lg-4\">\n<div class=\"card\" style=\"min-width: 25%;\">\n<div class=\"card-body\">\n<div class=\"flip-card\">\n<div class=\"flip-card-inner\">\n<div class=\"flip-card-front\">\n<h3 class=\"card-title\">Apoyo al desarrollo profesional del personal investigador del centro<\/h3>\n<p>\t\t\t\t<img decoding=\"async\" src=\"\/wp-content\/uploads\/2023\/12\/Promocion-mujeres.jpg\" \/>\n                       <\/div>\n<div class=\"flip-card-back\">\n\t\t\t<\/p>\n<p>Visibilizaci\u00f3n continua de los logros de las investigadoras del centro para la promoci\u00f3n de su carrera investigadora. Cintecx ofrece apoyo, soporte y visibilizaci\u00f3n a todas las actividades del personal investigador a fin de promocionar su reconocimiento profesional.<\/p>\n<\/p><\/div>\n<\/p><\/div>\n<p> <!-- cierra card-inner !-->\n<\/div>\n<p> <!-- cierra flip-card--><\/p>\n<\/div>\n<p> <!--cierra card-body-->\n<\/div>\n<p> <!--cierra card-->\n<\/div>\n<p><!--cierra columna --><\/p>\n<div class=\"col-md-6 col-lg-4\">\n<div class=\"card\" style=\"min-width: 25%;\">\n<div class=\"card-body\">\n<div class=\"flip-card\">\n<div class=\"flip-card-inner\">\n<div class=\"flip-card-front\">\n<h3 class=\"card-title\">Quiero ser investigadora<\/h3>\n<p>&nbsp;<\/p>\n<p>\t\t\t\t<img decoding=\"async\" src=\"\/wp-content\/uploads\/2024\/04\/Promocion-investigadoras-Xanel-web1.jpg\" \/>\n                       <\/div>\n<div class=\"flip-card-back\">\n\t\t\t<br \/>\n\t\t\t\t<a href=\"https:\/\/ucc.webs.uvigo.es\/quero-ser-investigadora\/\" target=\"_blank\" rel=\"noopener\"> <\/p>\n<p>El objetivo fundamental de esta campa\u00f1a es valorar y visibilizar mujeres cient\u00edficas contempor\u00e1neas y despertar la vocaci\u00f3n investigadora entre las m\u00e1s peque\u00f1as y peque\u00f1os, con figuras femeninas de su entorno como referencias.<\/p>\n<p> Tres investigadoras del centro, Concepci\u00f3n Paz en el 2020, \u00c1ngeles Sanrom\u00e1n en el 2023 y Xanel Vecino en el 2024 fueron protagonistas de esta campa\u00f1a.<\/p>\n<p> <\/a><\/p><\/div>\n<\/p><\/div>\n<p> <!-- cierra card-inner !-->\n<\/div>\n<p> <!-- cierra flip-card--><\/p>\n<\/div>\n<p> <!--cierra card-body-->\n<\/div>\n<p> <!--cierra card-->\n<\/div>\n<p><!--cierra columna --><\/p>\n<\/div>\n<p> <!--cierra fila --><\/p>\n","protected":false},"excerpt":{"rendered":"<p>&nbsp; Campa\u00f1a de visibilizaci\u00f3n de las investigadoras de Cintecx Publicaci\u00f3n en la web y redes sociales de entrevistas realizadas a investigadoras de CINTECX, con representaci\u00f3n &hellip; <a class=\"excerpt_more\" href=\"https:\/\/cintecx.uvigo.es\/es\/igualdad-cintecx\/igualdad-en-cintecx\/promocion-del-talento-femenino\/\">Contin\u00faa<\/a><\/p>\n","protected":false},"author":2,"featured_media":0,"parent":247790,"menu_order":0,"comment_status":"closed","ping_status":"closed","template":"views\/template-fullwidth.blade.php","meta":{"inline_featured_image":false,"footnotes":""},"class_list":["post-247792","page","type-page","status-publish","hentry"],"_links":{"self":[{"href":"https:\/\/cintecx.uvigo.es\/es\/wp-json\/wp\/v2\/pages\/247792","targetHints":{"allow":["GET"]}}],"collection":[{"href":"https:\/\/cintecx.uvigo.es\/es\/wp-json\/wp\/v2\/pages"}],"about":[{"href":"https:\/\/cintecx.uvigo.es\/es\/wp-json\/wp\/v2\/types\/page"}],"author":[{"embeddable":true,"href":"https:\/\/cintecx.uvigo.es\/es\/wp-json\/wp\/v2\/users\/2"}],"replies":[{"embeddable":true,"href":"https:\/\/cintecx.uvigo.es\/es\/wp-json\/wp\/v2\/comments?post=247792"}],"version-history":[{"count":28,"href":"https:\/\/cintecx.uvigo.es\/es\/wp-json\/wp\/v2\/pages\/247792\/revisions"}],"predecessor-version":[{"id":252291,"href":"https:\/\/cintecx.uvigo.es\/es\/wp-json\/wp\/v2\/pages\/247792\/revisions\/252291"}],"up":[{"embeddable":true,"href":"https:\/\/cintecx.uvigo.es\/es\/wp-json\/wp\/v2\/pages\/247790"}],"wp:attachment":[{"href":"https:\/\/cintecx.uvigo.es\/es\/wp-json\/wp\/v2\/media?parent=247792"}],"curies":[{"name":"wp","href":"https:\/\/api.w.org\/{rel}","templated":true}]}}