{"id":247745,"date":"2023-12-20T17:40:05","date_gmt":"2023-12-20T16:40:05","guid":{"rendered":"https:\/\/cintecx.uvigo.es\/?page_id=247745"},"modified":"2023-12-26T09:13:37","modified_gmt":"2023-12-26T08:13:37","slug":"jornada-sobre-perspectiva-de-genero-en-el-ambito-tecnologico-e-industrial-borrador","status":"publish","type":"page","link":"https:\/\/cintecx.uvigo.es\/es\/igualdad-cintecx\/jornada-sobre-perspectiva-de-genero-en-el-ambito-tecnologico-e-industrial-borrador\/","title":{"rendered":"Jornada sobre perspectiva de g\u00e9nero en el \u00e1mbito tecnol\u00f3gico e industrial borrador"},"content":{"rendered":"<p><img decoding=\"async\" src=\"\/wp-content\/uploads\/2023\/11\/Igualdad_1400x350.jpg\" alt=\"\" width=\"100%\" \/><br \/>\n&nbsp;<\/p>\n<div class=\"row\">\n<div class=\"col-md-6\">\n<p>CINTECX organiz\u00f3 una Jornada enmarcada en el proyecto \u00abGu\u00eda operativa para incorporar la perspectiva de g\u00e9nero a la investigaci\u00f3n en el \u00e1mbito tecnol\u00f3gico e industrial\u00bb. <\/p>\n<p>El objetivo era hablar, debatir y, sobre todo, formar sobre la mejor manera de incorporar la perspectiva de g\u00e9nero en el d\u00eda a d\u00eda del personal investigador, especialmente en el \u00e1mbito tecnol\u00f3gico e industrial. <\/p>\n<p>Las jornadas contaron con las ponencias de dos expertas de la Universidad de Deusto e incluy\u00f3 una mesa de trabajo en la que se debatieron estos temas.<\/p>\n<\/div>\n<div class=\"col-md-6\">\n<img decoding=\"async\" src=\"\/wp-content\/uploads\/2023\/12\/Xornada-perspectiva-xenero-23.jpg\" \/>\n<\/div>\n<\/div>\n<p><\/p>\n<div class=\"row\">\n<div class=\"col-md-6\">\n<img decoding=\"async\" src=\"\/wp-content\/uploads\/2023\/12\/Xoranada-perspectiva-xenero-23-3.jpg\" \/>\n<\/div>\n<div class=\"col-md-6\">\n<p>Bajo la direcci\u00f3n de Concepci\u00f3n Paz Pen\u00edn, directora del centro, las jornadas arrancaron con las ponencias de Lorena Fern\u00e1ndez \u00c1lvarez, integrante del Comit\u00e9 de Sabias de la C\u00e1tedra de Feminismos 4.0 de la Universidad de Vigo, y Mar\u00eda L\u00f3pez Belloso. A continuaci\u00f3n, tuvo lugar la mesa de trabajo que cont\u00f3 con la participaci\u00f3n de la vicerrectora de Investigaci\u00f3n, Transferencia e Innovaci\u00f3n, Bel\u00e9n Rubio, la directora de la Unidade de Igualdade, \u00c1gueda G\u00f3mez, y la profesora de Sociolog\u00eda de la Universidade de Vigo, Iria V\u00e1zquez Silva. Seis mujeres hablando de igualdad y de como incorporar la perspectiva de g\u00e9nero al d\u00eda a d\u00eda del trabajo de investigaci\u00f3n.<\/p>\n<\/div>\n<\/div>\n<p><\/p>\n<div class=\"row\">\n<div class=\"col-md-6\">\n<p> La primera y m\u00e1s importante conclusi\u00f3n de esta jornada es que el primer paso para incorporar la perspectiva de g\u00e9nero a la investigaci\u00f3n es \u201cincorporar a las mujeres\u201d, s\u00f3lo as\u00ed, con equipos mixtos se conseguir\u00e1 incorporar diversidad de miradas y prop\u00f3sitos que no podr\u00edan incluirse sin las mujeres, y evitar el sesgo de g\u00e9nero.<\/p>\n<p>Se puede consultar m\u00e1s informaci\u00f3n en este enlace <a href=\"https:\/\/www.uvigo.gal\/universidade\/comunicacion\/duvi\/expertas-distintos-ambitos-ponen-foco-importancia-incorporar-mirada-xenero-investigacion-tecnoloxica\" rel=\"noopener\" target=\"_blank\">Miradas en femenino a la situaci\u00f3n de la mujer en la ingenier\u00eda<\/a>.<\/p>\n<\/div>\n<div class=\"col-md-6\"><img decoding=\"async\" src=\"\/wp-content\/uploads\/2023\/12\/Xoranada-perspectiva-xenero-23-2.jpg\" \/><\/div>\n<\/div>\n","protected":false},"excerpt":{"rendered":"<p>&nbsp; CINTECX organiz\u00f3 una Jornada enmarcada en el proyecto \u00abGu\u00eda operativa para incorporar la perspectiva de g\u00e9nero a la investigaci\u00f3n en el \u00e1mbito tecnol\u00f3gico e &hellip; <a class=\"excerpt_more\" href=\"https:\/\/cintecx.uvigo.es\/es\/igualdad-cintecx\/jornada-sobre-perspectiva-de-genero-en-el-ambito-tecnologico-e-industrial-borrador\/\">Contin\u00faa<\/a><\/p>\n","protected":false},"author":2,"featured_media":0,"parent":245827,"menu_order":100,"comment_status":"closed","ping_status":"closed","template":"views\/template-fullwidth.blade.php","meta":{"inline_featured_image":false,"footnotes":""},"class_list":["post-247745","page","type-page","status-publish","hentry"],"_links":{"self":[{"href":"https:\/\/cintecx.uvigo.es\/es\/wp-json\/wp\/v2\/pages\/247745","targetHints":{"allow":["GET"]}}],"collection":[{"href":"https:\/\/cintecx.uvigo.es\/es\/wp-json\/wp\/v2\/pages"}],"about":[{"href":"https:\/\/cintecx.uvigo.es\/es\/wp-json\/wp\/v2\/types\/page"}],"author":[{"embeddable":true,"href":"https:\/\/cintecx.uvigo.es\/es\/wp-json\/wp\/v2\/users\/2"}],"replies":[{"embeddable":true,"href":"https:\/\/cintecx.uvigo.es\/es\/wp-json\/wp\/v2\/comments?post=247745"}],"version-history":[{"count":6,"href":"https:\/\/cintecx.uvigo.es\/es\/wp-json\/wp\/v2\/pages\/247745\/revisions"}],"predecessor-version":[{"id":247757,"href":"https:\/\/cintecx.uvigo.es\/es\/wp-json\/wp\/v2\/pages\/247745\/revisions\/247757"}],"up":[{"embeddable":true,"href":"https:\/\/cintecx.uvigo.es\/es\/wp-json\/wp\/v2\/pages\/245827"}],"wp:attachment":[{"href":"https:\/\/cintecx.uvigo.es\/es\/wp-json\/wp\/v2\/media?parent=247745"}],"curies":[{"name":"wp","href":"https:\/\/api.w.org\/{rel}","templated":true}]}}