{"id":247656,"date":"2023-12-18T12:55:10","date_gmt":"2023-12-18T11:55:10","guid":{"rendered":"https:\/\/cintecx.uvigo.es\/?page_id=247656"},"modified":"2023-12-26T09:14:07","modified_gmt":"2023-12-26T08:14:07","slug":"borrador-acciones-igualdad","status":"publish","type":"page","link":"https:\/\/cintecx.uvigo.es\/es\/igualdad-cintecx\/borrador-acciones-igualdad\/","title":{"rendered":"Borrador acciones igualdad"},"content":{"rendered":"<p><img decoding=\"async\" src=\"\/wp-content\/uploads\/2023\/11\/Igualdad_1400x350.jpg\" alt=\"\" width=\"100%\" \/><br \/>\n&nbsp;<\/p>\n<p>CINTECX, en su compromiso con la promoci\u00f3n de la igualdad y la perspectiva de g\u00e9nero, lleva a cabo numerosas actividades y campa\u00f1as que tienen como eje principal impulsar una investigaci\u00f3n inclusiva e igualitaria, que ayude a aumentar la presencia femenina en todos los \u00e1mbitos de la ciencia e investigaci\u00f3n.<\/p>\n<p>A continuaci\u00f3n se detallan algunas de las acciones m\u00e1s destacadas en esta \u00e1rea llevadas a cabo por el centro.<\/p>\n<h3>Acciones conmemorativas (D\u00eda de la Mujer y la Ni\u00f1a en la ciencia, D\u00eda internacional de la mujer&#8230;)<\/h3>\n<hr style=\"height: 3px; width: 100%; background-color: #809098; align=left\" \/>\n<div class=\"row\">\n<div class=\"col-md-6 col-lg-4\">\n<div class=\"card\" style=\"min-width: 25%;\">\n<div class=\"card-body\">\n<div class=\"flip-card\">\n<div class=\"flip-card-inner\">\n<div class=\"flip-card-front\">\n<h3 class=\"card-title\">Campa\u00f1a de visibilizaci\u00f3n de las investigadoras de CINTECX 2023 <\/h3>\n<p>\t\t\t\t<img decoding=\"async\" src=\"\/wp-content\/uploads\/2023\/12\/Cartel-exterior-dia-nena-ciencia-2023.jpg\" \/>\n                       <\/div>\n<div class=\"flip-card-back\">\n\t\t\t<\/p>\n<p>Publicaci\u00f3n en la web y redes sociales de entrevistas realizadas a investigadoras del centro por el D\u00eda de la mujer y la ni\u00f1a en la ciencia (11F) y el D\u00eda internacional de la mujer (8M).<\/p>\n<p>Impresi\u00f3n y colocaci\u00f3n en la entrada del centro de un nuevo cartel promoviendo la igualdad.<\/p>\n<\/p><\/div>\n<\/p><\/div>\n<p> <!-- cierra card-inner !-->\n<\/div>\n<p> <!-- cierra flip-card--><\/p>\n<\/div>\n<p> <!--cierra card-body-->\n<\/div>\n<p> <!--cierra card-->\n<\/div>\n<p><!--cierra columna --><\/p>\n<div class=\"col-md-6 col-lg-4\">\n<div class=\"card\" style=\"min-width: 25%;\">\n<div class=\"card-body\">\n<div class=\"flip-card\">\n<div class=\"flip-card-inner\">\n<div class=\"flip-card-front\">\n<h3 class=\"card-title\">Campa\u00f1a de visibilizaci\u00f3n de las investigadoras de CINTECX 2022 <\/h3>\n<p>\t\t\t\t<img decoding=\"async\" src=\"\/wp-content\/uploads\/2023\/12\/Visibilidade-investigadoras-2.jpg\" \/>\n                       <\/div>\n<div class=\"flip-card-back\">\n\t\t\t<\/p>\n<p>Publicaci\u00f3n en la web de entrevistas realizadas a investigadoras del centro con motivo de la celebraci\u00f3n del D\u00eda de la mujer y la ni\u00f1a en la ciencia.<\/p>\n<p>Realizaci\u00f3n de una sesi\u00f3n fotogr\u00e1fica de investigadoras de CINTECX y colocaci\u00f3n de las im\u00e1genes en el centro.<\/p>\n<\/p><\/div>\n<\/p><\/div>\n<p> <!-- cierra card-inner !-->\n<\/div>\n<p> <!-- cierra flip-card--><\/p>\n<\/div>\n<p> <!--cierra card-body-->\n<\/div>\n<p> <!--cierra card-->\n<\/div>\n<p><!--cierra columna --><\/p>\n<div class=\"col-md-6 col-lg-4\">\n<div class=\"card\" style=\"min-width: 25%;\">\n<div class=\"card-body\">\n<div class=\"flip-card\">\n<div class=\"flip-card-inner\">\n<div class=\"flip-card-front\">\n<h3 class=\"card-title\">Visibilidad en redes sociales cient\u00edficas Cintecx 2023 <\/h3>\n<p>\t\t\t\t<img decoding=\"async\" src=\"\/wp-content\/uploads\/2023\/12\/8M-2023.jpg\" \/>\n                       <\/div>\n<div class=\"flip-card-back\">\n\t\t\t<\/p>\n<p>Con motivo de la celebraci\u00f3n del 8M en 2023 se llev\u00f3 a cabo una campa\u00f1a en las redes sociales para visualizar a las investigadoras del centro, un gran equipo que hacen ciencia en femenino, ayudando a consolidar la presencia femenina en nuestro sector. <\/p>\n<\/p><\/div>\n<\/p><\/div>\n<p> <!-- cierra card-inner !-->\n<\/div>\n<p> <!-- cierra flip-card--><\/p>\n<\/div>\n<p> <!--cierra card-body-->\n<\/div>\n<p> <!--cierra card-->\n<\/div>\n<p><!--cierra columna --><\/p>\n<div class=\"col-md-6 col-lg-4\">\n<div class=\"card\" style=\"min-width: 25%;\">\n<div class=\"card-body\">\n<div class=\"flip-card\">\n<div class=\"flip-card-inner\">\n<div class=\"flip-card-front\">\n<h3 class=\"card-title\">Mesa redonda sobre la igualdad de la mujer en la ingenier\u00eda 2023 <\/h3>\n<p>\t\t\t\t<img decoding=\"async\" src=\"\/wp-content\/uploads\/2023\/12\/Mesa-redonda-8M-23-cintecx-2.jpg\" \/>\n                       <\/div>\n<div class=\"flip-card-back\">\n\t\t\t<\/p>\n<p>Con motivo de la celebraci\u00f3n del 8M en 2023 se celebr\u00f3 una mesa redonda sobre la igualdad de la mujer en el \u00e1mbito de la ingenier\u00eda. Cont\u00f3 con la participaci\u00f3n de tres representantes de empresas relacionadas con la ingenier\u00eda, representantes del PDI y la directora del centro. <\/p>\n<\/p><\/div>\n<\/p><\/div>\n<p> <!-- cierra card-inner !-->\n<\/div>\n<p> <!-- cierra flip-card--><\/p>\n<\/div>\n<p> <!--cierra card-body-->\n<\/div>\n<p> <!--cierra card-->\n<\/div>\n<p><!--cierra columna --><\/p>\n<div class=\"col-md-6 col-lg-4\">\n<div class=\"card\" style=\"min-width: 25%;\">\n<div class=\"card-body\">\n<div class=\"flip-card\">\n<div class=\"flip-card-inner\">\n<div class=\"flip-card-front\">\n<h3 class=\"card-title\">Acciones para prevenir la violencia de g\u00e9nero <br \/> 2023 <\/h3>\n<p>\t\t\t\t<img decoding=\"async\" src=\"\/wp-content\/uploads\/2023\/12\/Punto-lila-25N.jpg\" \/>\n                       <\/div>\n<div class=\"flip-card-back\">\n\t\t\t<\/p>\n<p>El 25 de noviembre, D\u00eda internacional de la eliminaci\u00f3n de la violencia contra las mujeres, el centro llev\u00f3 a cabo una campa\u00f1a en las redes contra las violencias machistas y la promoci\u00f3n del punto lila virtual de la Universidad de Vigo en las redes sociales de Cintecx.<\/p>\n<\/p><\/div>\n<\/p><\/div>\n<p> <!-- cierra card-inner !-->\n<\/div>\n<p> <!-- cierra flip-card--><\/p>\n<\/div>\n<p> <!--cierra card-body-->\n<\/div>\n<p> <!--cierra card-->\n<\/div>\n<p><!--cierra columna --><\/p>\n<\/div>\n<p><!--cierra fila --><\/p>\n<h3>Acciones plan de igualdad<\/h3>\n<hr style=\"height: 3px; width: 100%; background-color: #809098; align=left\" \/>\n<div class=\"row\">\n<div class=\"col-md-6 col-lg-4\">\n<div class=\"card\" style=\"min-width: 25%;\">\n<div class=\"card-body\">\n<div class=\"flip-card\">\n<div class=\"flip-card-inner\">\n<div class=\"flip-card-front\">\n<h3 class=\"card-title\">Implementaci\u00f3n y seguimiento plan de igualdad CINTECX <\/h3>\n<p>\t\t\t\t<img decoding=\"async\" src=\"\/wp-content\/uploads\/2023\/12\/Plan-igualdad.jpg\" \/>\n                       <\/div>\n<div class=\"flip-card-back\">\n\t\t\t<\/p>\n<p>Elaboraci\u00f3n, puesta en marcha y seguimiento del Plan de igualdad de CINTECX. Para ello se llevan a cabo reuniones peri\u00f3dicas del Comit\u00e9 de igualad en el que se analizan el impacto y los resultados de las medidas tomadas en materia de promoci\u00f3n de la igualdad.<\/p>\n<\/p><\/div>\n<\/p><\/div>\n<p> <!-- cierra card-inner !-->\n<\/div>\n<p> <!-- cierra flip-card--><\/p>\n<\/div>\n<p> <!--cierra card-body-->\n<\/div>\n<p> <!--cierra card-->\n<\/div>\n<p><!--cierra columna --><\/p>\n<div class=\"col-md-6 col-lg-4\">\n<div class=\"card\" style=\"min-width: 25%;\">\n<div class=\"card-body\">\n<div class=\"flip-card\">\n<div class=\"flip-card-inner\">\n<div class=\"flip-card-front\">\n<h3 class=\"card-title\">Evaluaci\u00f3n anual de la igualdad de g\u00e9nero en Cintecx<\/h3>\n<p>\t\t\t\t<img src=\/wp-content\/uploads\/2023\/12\/Analisis-igualdad-1.jpg\" \/>\n                       <\/div>\n<div class=\"flip-card-back\">\n\t\t\t<\/p>\n<p>Realizaci\u00f3n de encuestas anuales para conocer las situaciones de discriminaci\u00f3n, micromachismos u otras situaciones que se puedan producir en el centro para tomar, en su caso, las medidas pertinentes. <\/p>\n<p>An\u00e1lisis anual con datos desagregados por g\u00e9nero para conocer la situaci\u00f3n real del centro respecto a la igualdad efectiva y no discriminaci\u00f3n por raz\u00f3n de sexo.<\/p>\n<\/p><\/div>\n<\/p><\/div>\n<p> <!-- cierra card-inner !-->\n<\/div>\n<p> <!-- cierra flip-card--><\/p>\n<\/div>\n<p> <!--cierra card-body-->\n<\/div>\n<p> <!--cierra card-->\n<\/div>\n<p><!--cierra columna --><\/p>\n<div class=\"col-md-6 col-lg-4\">\n<div class=\"card\" style=\"min-width: 25%;\">\n<div class=\"card-body\">\n<div class=\"flip-card\">\n<div class=\"flip-card-inner\">\n<div class=\"flip-card-front\">\n<h3 class=\"card-title\">Fortalecimiento del Comit\u00e9 de Igualdad, Inclusi\u00f3n y Diversidad<\/h3>\n<p>\t\t\t\t<img decoding=\"async\" src=\"\/wp-content\/uploads\/2023\/12\/Enlace-igualdad.jpg\" \/>\n                       <\/div>\n<div class=\"flip-card-back\">\n\t\t\t<\/p>\n<p>Se crea la figura del enlace de igualdad que act\u00faa como puente entre el centro y la Unidad de Igualdad de la Universidad de Vigo y que debe garantizar el cumplimiento de las medidas adoptadas para garantizar la igualdad de oportunidades y evaluar su impacto.<\/p>\n<p>Desde su creaci\u00f3n en 2022 este puesto es ocupado por la catedr\u00e1tica Carmen P\u00e9rez P\u00e9rez. <\/p>\n<\/p><\/div>\n<\/p><\/div>\n<p> <!-- cierra card-inner !-->\n<\/div>\n<p> <!-- cierra flip-card--><\/p>\n<\/div>\n<p> <!--cierra card-body-->\n<\/div>\n<p> <!--cierra card-->\n<\/div>\n<p><!--cierra columna --><\/p>\n<div class=\"col-md-6 col-lg-4\">\n<div class=\"card\" style=\"min-width: 25%;\">\n<div class=\"card-body\">\n<div class=\"flip-card\">\n<div class=\"flip-card-inner\">\n<div class=\"flip-card-front\">\n<h3 class=\"card-title\">Fomento de la igualdad efectiva en Cintecx <br \/>2023<\/h3>\n<p>\t\t\t\t<img decoding=\"async\" src=\"\/wp-content\/uploads\/2023\/12\/Pagina-igualdad.jpg\" \/>\n                       <\/div>\n<div class=\"flip-card-back\">\n\t\t\t<\/p>\n<p>Creaci\u00f3n de un espacio web espec\u00edfico para Igualdad. En 2023 el centro da un paso m\u00e1s de cara a la promoci\u00f3n de la igualdad en CINTECX con la creaci\u00f3n de un espacio web espec\u00edfico con el objeto de darle una mayor visibilidad y relevancia.<\/p>\n<\/p><\/div>\n<\/p><\/div>\n<p> <!-- cierra card-inner !-->\n<\/div>\n<p> <!-- cierra flip-card--><\/p>\n<\/div>\n<p> <!--cierra card-body-->\n<\/div>\n<p> <!--cierra card-->\n<\/div>\n<p><!--cierra columna --><\/p>\n<div class=\"col-md-6 col-lg-4\">\n<div class=\"card\" style=\"min-width: 25%;\">\n<div class=\"card-body\">\n<div class=\"flip-card\">\n<div class=\"flip-card-inner\">\n<div class=\"flip-card-front\">\n<h3 class=\"card-title\">Apoyo al desarrollo profesional del personal investigador del centro<\/h3>\n<p>\t\t\t\t<img decoding=\"async\" src=\"\/wp-content\/uploads\/2023\/12\/Promocion-investigadoras.jpg\" \/>\n                       <\/div>\n<div class=\"flip-card-back\">\n\t\t\t<\/p>\n<p>Visibilizaci\u00f3n continua de los logros de las investigadoras del centro para la promoci\u00f3n de su carrera investigadora. Cintecx ofrece apoyo, soporte y visibilizaci\u00f3n a todas las actividades del personal investigador a fin de promocionar su reconocimiento profesional.<\/p>\n<\/p><\/div>\n<\/p><\/div>\n<p> <!-- cierra card-inner !-->\n<\/div>\n<p> <!-- cierra flip-card--><\/p>\n<\/div>\n<p> <!--cierra card-body-->\n<\/div>\n<p> <!--cierra card-->\n<\/div>\n<p><!--cierra columna --><\/p>\n<\/div>\n<p> <!--cierra fila --><\/p>\n<h3>Acciones C\u00e1tedra de Feminismos 4.0 <\/h3>\n<hr style=\"height: 3px; width: 100%; background-color: #809098; align=left\" \/>\n<div class=\"row\">\n<div class=\"col-md-6 col-lg-4\">\n<div class=\"card\" style=\"min-width: 25%;\">\n<div class=\"card-body\">\n<div class=\"flip-card\">\n<div class=\"flip-card-inner\">\n<div class=\"flip-card-front\">\n<h3 class=\"card-title\">Promover an\u00e1lisis de g\u00e9nero en la investigaci\u00f3n 2023 <\/h3>\n<p>\t\t\t\t<img decoding=\"async\" src=\"\/wp-content\/uploads\/2023\/12\/Guia-operativa-xenero.jpg\" \/>\n                       <\/div>\n<div class=\"flip-card-back\">\n\t\t\t<\/p>\n<p>Una propuesta de Cintecx para la creaci\u00f3n de una gu\u00eda operativa que promueva y facilite la inclusi\u00f3n de la perspectiva de g\u00e9nero en la investigaci\u00f3n tecnol\u00f3gica-industrial, result\u00f3 ganadora en la convocatoria de la C\u00e1tedra Feminismo 4.0.<\/p>\n<\/p><\/div>\n<\/p><\/div>\n<p> <!-- cierra card-inner !-->\n<\/div>\n<p> <!-- cierra flip-card--><\/p>\n<\/div>\n<p> <!--cierra card-body-->\n<\/div>\n<p> <!--cierra card-->\n<\/div>\n<p><!--cierra columna --><\/p>\n<div class=\"col-md-6 col-lg-4\">\n<div class=\"card\" style=\"min-width: 25%;\">\n<div class=\"card-body\">\n<div class=\"flip-card\">\n<div class=\"flip-card-inner\">\n<div class=\"flip-card-front\">\n<h3 class=\"card-title\">Abordar la brecha de g\u00e9nero en los estudios de ingenier\u00eda 2019<\/h3>\n<p>\t\t\t\t<img decoding=\"async\" src=\"\/wp-content\/uploads\/2023\/12\/Rendemento-mulleres-1.jpg\" \/>\n                       <\/div>\n<div class=\"flip-card-back\">\n\t\t\t<\/p>\n<p>Rendimiento acad\u00e9mico y egreso de las mujeres en los grados de ingenier\u00eda de la Universidad de Vigo, proyecto dirigido y promovido por investigadores de CINTECX, financiado por la ayuda a la investigaci\u00f3n C\u00e1tedra feminismos 4.0 en 2019.<\/p>\n<p> Se analizan los datos de ingreso y egreso de los estudios de ingenier\u00eda desde una perspectiva de g\u00e9nero, as\u00ed como la situaci\u00f3n laboral de las egresadas de estos estudios.<\/p>\n<\/p><\/div>\n<\/p><\/div>\n<p> <!-- cierra card-inner !-->\n<\/div>\n<p> <!-- cierra flip-card--><\/p>\n<\/div>\n<p> <!--cierra card-body-->\n<\/div>\n<p> <!--cierra card-->\n<\/div>\n<p><!--cierra columna --><\/p>\n<div class=\"col-md-6 col-lg-4\">\n<div class=\"card\" style=\"min-width: 25%;\">\n<div class=\"card-body\">\n<div class=\"flip-card\">\n<div class=\"flip-card-inner\">\n<div class=\"flip-card-front\">\n<h3 class=\"card-title\">Jornada perspectiva de g\u00e9nero en \u00e1mbito tecnol\u00f3gico 2023<\/h3>\n<p>\t\t\t\t<img decoding=\"async\" src=\"\/wp-content\/uploads\/2023\/12\/Jornada-perspectiva-genero.jpg\" \/>\n                       <\/div>\n<div class=\"flip-card-back\">\n\t\t\t<\/p>\n<p>El centro organiza esta jornada enmarcada en el proyecto \u00abGu\u00eda operativa para incorporar la perspectiva de g\u00e9nero a la investigaci\u00f3n en el \u00e1mbito tecnol\u00f3gico-industrial\u00bb, proyecto financiado por C\u00e1tedra de Feminismos 4.0. Con esta actividad se pretende promover la inclusi\u00f3n del an\u00e1lisis de genero en todas las fases del proceso de investigaci\u00f3n, facilitando pautas para su incorporaci\u00f3n. <\/p>\n<\/p><\/div>\n<\/p><\/div>\n<p> <!-- cierra card-inner !-->\n<\/div>\n<p> <!-- cierra flip-card--><\/p>\n<\/div>\n<p> <!--cierra card-body-->\n<\/div>\n<p> <!--cierra card-->\n<\/div>\n<p><!--cierra columna --><\/p>\n<\/div>\n<p> <!--cierra fila --><\/p>\n","protected":false},"excerpt":{"rendered":"<p>&nbsp; CINTECX, en su compromiso con la promoci\u00f3n de la igualdad y la perspectiva de g\u00e9nero, lleva a cabo numerosas actividades y campa\u00f1as que tienen &hellip; <a class=\"excerpt_more\" href=\"https:\/\/cintecx.uvigo.es\/es\/igualdad-cintecx\/borrador-acciones-igualdad\/\">Contin\u00faa<\/a><\/p>\n","protected":false},"author":2,"featured_media":0,"parent":245827,"menu_order":110,"comment_status":"closed","ping_status":"closed","template":"views\/template-fullwidth.blade.php","meta":{"inline_featured_image":false,"footnotes":""},"class_list":["post-247656","page","type-page","status-publish","hentry"],"_links":{"self":[{"href":"https:\/\/cintecx.uvigo.es\/es\/wp-json\/wp\/v2\/pages\/247656","targetHints":{"allow":["GET"]}}],"collection":[{"href":"https:\/\/cintecx.uvigo.es\/es\/wp-json\/wp\/v2\/pages"}],"about":[{"href":"https:\/\/cintecx.uvigo.es\/es\/wp-json\/wp\/v2\/types\/page"}],"author":[{"embeddable":true,"href":"https:\/\/cintecx.uvigo.es\/es\/wp-json\/wp\/v2\/users\/2"}],"replies":[{"embeddable":true,"href":"https:\/\/cintecx.uvigo.es\/es\/wp-json\/wp\/v2\/comments?post=247656"}],"version-history":[{"count":12,"href":"https:\/\/cintecx.uvigo.es\/es\/wp-json\/wp\/v2\/pages\/247656\/revisions"}],"predecessor-version":[{"id":247838,"href":"https:\/\/cintecx.uvigo.es\/es\/wp-json\/wp\/v2\/pages\/247656\/revisions\/247838"}],"up":[{"embeddable":true,"href":"https:\/\/cintecx.uvigo.es\/es\/wp-json\/wp\/v2\/pages\/245827"}],"wp:attachment":[{"href":"https:\/\/cintecx.uvigo.es\/es\/wp-json\/wp\/v2\/media?parent=247656"}],"curies":[{"name":"wp","href":"https:\/\/api.w.org\/{rel}","templated":true}]}}