{"id":247604,"date":"2023-12-18T12:35:53","date_gmt":"2023-12-18T11:35:53","guid":{"rendered":"https:\/\/cintecx.uvigo.es\/?page_id=247604"},"modified":"2023-12-26T09:14:55","modified_gmt":"2023-12-26T08:14:55","slug":"borrador-igualdad-en-la-investigacion-diciembre-2023","status":"publish","type":"page","link":"https:\/\/cintecx.uvigo.es\/es\/igualdad-cintecx\/borrador-igualdad-en-la-investigacion-diciembre-2023\/","title":{"rendered":"Borrador igualdad en la investigaci\u00f3n diciembre 2023"},"content":{"rendered":"<p><img decoding=\"async\" src=\"\/wp-content\/uploads\/2023\/11\/Igualdad_1400x350.jpg\" alt=\"\" width=\"100%\" \/><br \/>\n&nbsp;<\/p>\n<p>Cintecx, en su compromiso con el fomento del principio de igualdad efectiva entre hombres y mujeres en todos los \u00e1mbitos y actividades que se desarrollan en el centro, lleva a cabo una serie de medidas para conseguir la igualdad real en el \u00e1mbito de la investigaci\u00f3n, que asegure la igualdad de trato, oportunidades y visibilidad entre sus investigadores e investigadoras, sin que haya ning\u00fan tipo de discriminaci\u00f3n por raz\u00f3n de sexo. <\/p>\n<p>La organizaci\u00f3n de seminarios y conferencias dirigidos a la promoci\u00f3n de la perspectiva de g\u00e9nero y de la igualdad o el proyecto financiado por la C\u00e1tedra de Feminismos 4.0 para incluir el an\u00e1lisis de g\u00e9nero en la investigaci\u00f3n del \u00e1mbito tecnol\u00f3gico-industrial son algunos ejemplos.<\/p>\n<div id=\"accordion9\" class=\"accordion\" role=\"tablist\" aria-multiselectable=\"true\" >\n<div class=\"card\" style=\"margin-top:-5px\">\n<div class=\"card-header\"><a class=\"collapse h3 collapsed\" data-toggle=\"collapse\" data-parent=\"#accordion9\" href=\"#jornadas\" aria-controls=\"jornadas\">Jornadas y seminarios<\/a><\/div>\n<div id=\"jornadas\" class=\"collapse\" data-parent=\"#accordion9\">\n<div class=\"card-body\">\n<p>Entre todas las jornadas y seminarios llevados a cabo anualmente por Cintecx, cabe destacar los dirigidos a la promoci\u00f3n de la perspectiva de g\u00e9nero en la investigaci\u00f3n. <\/p>\n<p><\/p>\n<div class=\"custom-block  secondary \">\n<h4 class=\"text-center\">Mesa redonda \u00abIgualdad y An\u00e1lisis con perspectiva de g\u00e9nero en el \u00e1mbito de la ingenier\u00eda<\/h4>\n<\/div>\n<div class=\"row\">\n<div class=\"col-md-6\">\n<p>Con motivo de la celebraci\u00f3n del 8 de marzo de 2023, se celebr\u00f3 en el centro una Mesa redonda sobre la igualdad de la mujer en el \u00e1mbito de la ingenier\u00eda. Cont\u00f3 con la participaci\u00f3n de tres mujeres representantes de empresas relacionadas con la ingenier\u00eda, representantes del PDI y la directora de Cintecx. <\/p>\n<p>Se puede consultar m\u00e1s informaci\u00f3n en este enlace <a href=\"\/es\/olladas-en-feminino-a-situacion-da-muller-na-enxenaria\/\">Miradas en femenino a la situaci\u00f3n de la mujer en la ingenier\u00eda<\/a>.<\/p>\n<\/p><\/div>\n<div class=\"col-md-6\"><a target=\"_blank\" href=\"https:\/\/tv.uvigo.es\/video\/640f0aa7b5099d374c554142\" rel=\"noopener\"><img decoding=\"async\" src=\"\/wp-content\/uploads\/2023\/12\/Mesa-redonda-8M-23-cintecx.jpg\" \/><\/a>\n<\/div>\n<\/div>\n<div class=\"custom-block  secondary \">\n<h4 class=\"text-center\">Jornada perspectiva de g\u00e9nero en el \u00e1mbito tecnol\u00f3gico e industrial<\/h4>\n<\/div>\n<div class=\"row\">\n<div class=\"col-md-6\">\n<a target=\"_blank\" href=\"https:\/\/tv.uvigo.es\/series\/651be42f5e2a0967b070dcb3\" rel=\"noopener\"><img decoding=\"async\" src=\"\/wp-content\/uploads\/2023\/12\/Xornada-perspectiva-xenero-23.jpg\" \/><\/a><\/p><\/div>\n<div class=\"col-md-6\">\n<p>CINTECX organiz\u00f3 una Jornada enmarcada en el proyecto \u00abGu\u00eda operativa para incorporar la perspectiva de g\u00e9nero a la investigaci\u00f3n en el \u00e1mbito tecnol\u00f3gico e industrial\u00bb. Hablar, debatir y, sobre todo, formarse sobre la mejor manera de incorporar la perspectiva de g\u00e9nero en el d\u00eda a d\u00eda del personal investigador, especialmente en el \u00e1mbito tecnol\u00f3gico e industrial. Las jornadas contaron con las ponencias de dos expertas de la Universidad de Deusto e incluy\u00f3 una mesa de trabajo en la que se debatieron estos temas.<\/p>\n<p>Se puede consultar m\u00e1s informaci\u00f3n en este enlace <a href=\"\/es\/xornada-cintecx-expertas-de-distintos-ambitos-ponen-o-foco-na-importancia-de-incorporar-a-mirada-de-xenero-a-investigacion-tecnoloxica-e-industrial\/\">Miradas en femenino a la situaci\u00f3n de la mujer en la ingenier\u00eda<\/a>.<\/p>\n<\/div>\n<\/div>\n<\/div>\n<\/div>\n<\/div>\n<p><!--pecha 1\u00ba acorde\u00f3n--><\/p>\n<div class=\"card\" style=\"margin-top:-5px\">\n<div class=\"card-header\"><a class=\"collapse h3 collapsed\" data-toggle=\"collapse\" data-parent=\"#accordion9\" href=\"#perspectiva-genero\" aria-controls=\"perspectiva-genero\">Perspectiva de g\u00e9nero en la investigaci\u00f3n<\/a><\/div>\n<div id=\"perspectiva-genero\" class=\"collapse\" data-parent=\"#accordion9\">\n<div class=\"card-body\">\n<div class=\"custom-block  secondary \">\n<h4 class=\"text-center\">Gu\u00eda operativa para incorporar la perspectiva de g\u00e9nero a la investigaci\u00f3n en el \u00e1mbito tecnol\u00f3gico-industrial.<\/h4>\n<\/div>\n<div class=\"row\">\n<div class=\"col-md-6\">\n<p>CINTECX present\u00f3 una propuesta en la convocatoria da C\u00e1tedra Feminismo 4.0, saliendo elegida para llevar a cabo su proyecto centrado en la creaci\u00f3n de una gu\u00eda operativa para la inclusi\u00f3n de la perspectiva de g\u00e9nero en la investigaci\u00f3n tecnol\u00f3gica-industrial. <\/p>\n<p>La C\u00e1tedra de Feminismos 4.0 DEPO-UVigo tiene como objetivo aumentar la presencia de mujeres en las \u00e1reas STEM (ciencia, tecnolog\u00eda, ingenier\u00eda y matem\u00e1ticas) y evitar que se reproduzca la desigualdad de g\u00e9nero en el \u00e1mbito digital. <\/p>\n<p>Con el desarrollo de esta gu\u00eda pr\u00e1ctica para integrar la perspectiva de g\u00e9nero en investigaciones tecnol\u00f3gicas e industriales, dirigido por Mar\u00eda Concepci\u00f3n Paz Pen\u00edn, se materializa el esfuerzo del centro para fomentar la igualdad y la inclusi\u00f3n.<\/p>\n<p>La iniciativa busca dotar a los investigadores de herramientas y pautas espec\u00edficas para mejorar la calidad de sus propuestas de investigaci\u00f3n, fomentando as\u00ed un enfoque m\u00e1s inclusivo en el \u00e1mbito cient\u00edfico. El proyecto se desarrolla a trav\u00e9s de varias etapas, incluyendo la recogida y an\u00e1lisis de datos, sesiones formativas con expertos, la elaboraci\u00f3n de la gu\u00eda y su posterior difusi\u00f3n. <\/p>\n<p>La gu\u00eda recoge criterios de actuaci\u00f3n, incide en pautas concretas, ofrece tips para los distintos apartados de las propuestas de investigaci\u00f3n e incluye un checklist, facilitando adem\u00e1s una secci\u00f3n espec\u00edfica para propuestas europeas. Se espera que este estudio mejore la capacidad del personal investigador de integrar la perspectiva de g\u00e9nero en las propuestas de investigaci\u00f3n tanto a nivel auton\u00f3mico, nacional e internacional.<\/p>\n<p>M\u00e1s informaci\u00f3n: <a href=\"https:\/\/catedrafeminismos.gal\/guia-operativa-para-incorporar-a-perspectiva-de-xenero-a-investigacion-no-ambito-tecnoloxico-industrial-2\/\" rel=\"noopener\" target=\"_blank\">C\u00e1tedra de feminismos 4.0<\/a> &#8211; <a href=\"\/es\/la-investigacion-de-cintecx-sobre-perspectiva-de-genero-en-el-ambito-tecnologico-industrial-presente-en-la-5a-edicion-del-workshop-de-la-catedra-de-feminismos-4-0-depo-uvigo\/\">5\u00aa edici\u00f3n workshop C\u00e1tedra de Feminismos<\/a>.<\/p>\n<p>\n<a class=\"btn btn-outline-primary btn-icon\" style=\"text-transform:none!important\" href=\"\/wp-content\/uploads\/2023\/12\/Poster_catedra_feminismo4.0_CINTECX.pdf\" target=\"_blank\" rel=\"noopener noreferrer\">P\u00f3ster gu\u00eda operativa perspectiva de g\u00e9nero<\/a>\n<\/div>\n<div class=\"col-md-6\">\n<img decoding=\"async\" src=\"\/wp-content\/uploads\/2023\/12\/cartel_catedra4.0_cintecx.png\" \/><\/p>\n<\/div>\n<\/div>\n<\/div>\n<\/div>\n<\/div>\n<p><!--pecha 2\u00ba acorde\u00f3n--><\/p>\n<div class=\"custom-block  secondary \">\n<h4>Recursos <\/h4>\n<\/div>\n<h4> V\u00eddeos de la jornada perspectiva de g\u00e9nero en el \u00e1mbito tecnol\u00f3gico e industrial   <\/h4>\n<div class=\"row\">\n<div class=\"col-md-6 col-lg-4\">\n<iframe loading=\"lazy\" src=\"https:\/\/tv.uvigo.es\/iframe\/651bf83c5e2a0968b81598e2?track_id=652eae4bbbdc6248c215ab52\" width=\"305\" height=\"200\" frameborder=\"0\" allowfullscreen=\"allowfullscreen\"><\/iframe><br \/>\nPresentaci\u00f3n de la jornada\n<\/div>\n<div class=\"col-md-6 col-lg-4\">\n<iframe loading=\"lazy\" src=\"https:\/\/tv.uvigo.es\/iframe\/651c307d5e2a096bea764ce2\" width=\"305\" height=\"200\" frameborder=\"0\" allowfullscreen=\"allowfullscreen\"><\/iframe><br \/>\nIncorporando la perspectiva de g\u00e9nero en nuestras investigaciones\n<\/div>\n<div class=\"col-md-6 col-lg-4\">\n<iframe loading=\"lazy\" src=\"https:\/\/tv.uvigo.es\/iframe\/652eadb0bbdc6248bf49fa64\" width=\"305\" height=\"200\" frameborder=\"0\" allowfullscreen=\"allowfullscreen\"><\/iframe><br \/>\n\u00bfPor qu\u00e9 importa el g\u00e9nero?\n<\/div>\n<\/div>\n<p>&nbsp;<\/p>\n<div class=\"row\">\n<div class=\"col-md-6 col-lg-4\">\n<iframe loading=\"lazy\" src=\"https:\/\/tv.uvigo.es\/iframe\/651bf83d5e2a0968b9318832\" width=\"305\" height=\"200\" frameborder=\"0\" allowfullscreen=\"allowfullscreen\"><\/iframe><br \/>\nTurno de preguntas y debate\n<\/div>\n<div class=\"col-md-6 col-lg-4\">\n<iframe loading=\"lazy\" src=\"https:\/\/tv.uvigo.es\/iframe\/651c13b05e2a096a4d380572\" width=\"305\" height=\"200\" frameborder=\"0\" allowfullscreen=\"allowfullscreen\"><\/iframe><br \/>\nMesa de trabajo\n<\/div>\n<div class=\"col-md-6 col-lg-4\">\n<\/div>\n<\/div>\n<p>&nbsp;<\/p>\n","protected":false},"excerpt":{"rendered":"<p>&nbsp; Cintecx, en su compromiso con el fomento del principio de igualdad efectiva entre hombres y mujeres en todos los \u00e1mbitos y actividades que se &hellip; <a class=\"excerpt_more\" href=\"https:\/\/cintecx.uvigo.es\/es\/igualdad-cintecx\/borrador-igualdad-en-la-investigacion-diciembre-2023\/\">Contin\u00faa<\/a><\/p>\n","protected":false},"author":2,"featured_media":0,"parent":245827,"menu_order":120,"comment_status":"closed","ping_status":"closed","template":"views\/template-fullwidth.blade.php","meta":{"inline_featured_image":false,"footnotes":""},"class_list":["post-247604","page","type-page","status-publish","hentry"],"_links":{"self":[{"href":"https:\/\/cintecx.uvigo.es\/es\/wp-json\/wp\/v2\/pages\/247604","targetHints":{"allow":["GET"]}}],"collection":[{"href":"https:\/\/cintecx.uvigo.es\/es\/wp-json\/wp\/v2\/pages"}],"about":[{"href":"https:\/\/cintecx.uvigo.es\/es\/wp-json\/wp\/v2\/types\/page"}],"author":[{"embeddable":true,"href":"https:\/\/cintecx.uvigo.es\/es\/wp-json\/wp\/v2\/users\/2"}],"replies":[{"embeddable":true,"href":"https:\/\/cintecx.uvigo.es\/es\/wp-json\/wp\/v2\/comments?post=247604"}],"version-history":[{"count":46,"href":"https:\/\/cintecx.uvigo.es\/es\/wp-json\/wp\/v2\/pages\/247604\/revisions"}],"predecessor-version":[{"id":247789,"href":"https:\/\/cintecx.uvigo.es\/es\/wp-json\/wp\/v2\/pages\/247604\/revisions\/247789"}],"up":[{"embeddable":true,"href":"https:\/\/cintecx.uvigo.es\/es\/wp-json\/wp\/v2\/pages\/245827"}],"wp:attachment":[{"href":"https:\/\/cintecx.uvigo.es\/es\/wp-json\/wp\/v2\/media?parent=247604"}],"curies":[{"name":"wp","href":"https:\/\/api.w.org\/{rel}","templated":true}]}}