{"id":240317,"date":"2022-12-08T08:33:50","date_gmt":"2022-12-08T07:33:50","guid":{"rendered":"http:\/\/cintecx.uvigo.es\/?page_id=240317"},"modified":"2024-12-04T09:12:10","modified_gmt":"2024-12-04T08:12:10","slug":"challenge-2023","status":"publish","type":"page","link":"https:\/\/cintecx.uvigo.es\/es\/investigacion\/cintecx-annual-challenge\/challenge-2023\/","title":{"rendered":"Challenge 2023"},"content":{"rendered":"<p><img decoding=\"async\" src=\"\/wp-content\/uploads\/2024\/12\/cabecera_challenge.png\" alt=\"challenge\" \/><\/p>\n<h2>Convocatoria<\/h2>\n<p>El Plan Estrat\u00e9gico de CINTECX contempla, dentro del plan de acci\u00f3n para el cumplimiento de sus objetivos estrat\u00e9gicos, una convocatoria anual de ayudas en la modalidad de concurrencia competitiva denominada <strong>CINTECX Challenge<\/strong>, para el desarrollo de proyectos de I+D colaborativos entre los investigadores integrados en el centro.<\/p>\n<p>Con tal fin, se convoca la ayuda CHALLENGE 2023.<\/p>\n<p>El plazo para participar en esta convocatoria estar\u00e1 abierto desde el <strong>8 de diciembre de 2022<\/strong> hasta el <strong>9 de enero de 2023<\/strong>.<\/p>\n<p>Las propuestas que se ajusten a lo establecido en la convocatoria se defender\u00e1n durante una Jornada T\u00e9cnica en CINTECX, en la que se realizar\u00e1 la evaluaci\u00f3n de las mismas y la selecci\u00f3n de la propuesta ganadora.<\/p>\n<p>Un aspecto importante de este desaf\u00edo es conseguir un impacto social relevante en la regi\u00f3n por lo que los resultados de la propuesta ganadora pueden ser difundidos, entre otros, a trav\u00e9s del Programa de Divulgaci\u00f3n Cient\u00edfica de Ciencia Singular de la Xunta de Galicia.<\/p>\n<p><img decoding=\"async\" src=\"\/wp-content\/uploads\/2022\/02\/Visita_compania_maria.jpg\" \/><\/div>\n<p>&nbsp;<\/p>\n<div class=\"card\" >\n<h4 class=\"card-header\">Requisitos de las solicitudes<\/h4>\n<div class=\"card-body\">\n<ol>\n<li>Los integrantes del equipo de investigaci\u00f3n deben ser miembros del Centro de Investigaci\u00f3n de Tecnolog\u00edas, Energ\u00eda y Procesos Industriales (CINTECX) en el momento de presentaci\u00f3n de la solicitud.<\/li>\n<p class=\"card-text\">\u00a0<\/p>\n<li>Deben contar con la participaci\u00f3n de al menos 2 investigadores, de al menos dos grupos de investigaci\u00f3n de CINTECX (uno o dos de los cuales actuar\u00e1n c\u00f3mo IPs) con el fin de aumentar el grado de cohesi\u00f3n entre los investigadores del Centro. La propuesta deber\u00e1 contar con el visto bueno de los coordinadores de sus grupos de investigaci\u00f3n a los que pertenezca el equipo investigador.<\/li>\n<p class=\"card-text\">\u00a0<\/p>\n<li>La propuesta presentada debe estar alineada con las \u00e1reas tecnol\u00f3gicas y las l\u00edneas prioritarias de la agenda cient\u00edfica de CINTECX y contribuir a la proyecci\u00f3n y visibilidad del centro.<\/li>\n<p class=\"card-text\">\u00a0<\/p>\n<li>La propuesta debe ser original.<\/li>\n<\/ol>\n<\/div>\n<\/div>\n<p>&nbsp;<\/p>\n<div class=\"custom-block graylight\">\n<p>Consulta la <a href=\"http:\/\/cintecx.uvigo.es\/wp-content\/uploads\/2022\/12\/Convocatoria-Challenge2023.pdf\" target=\"_blank\" rel=\"noopener noreferrer\"> convocatoria completa<\/a>.<\/p>\n<\/div>\n<p>&nbsp;<\/p>\n<h2> P\u00f3ster <\/h2>\n<p>Consulta el <a href=\"https:\/\/cintecx.uvigo.es\/wp-content\/uploads\/2024\/01\/PosterChallenge2023_Final.pdf\" rel=\"noopener\" target=\"_blank\">p\u00f3ster<\/a> de la edici\u00f3n 2023 del challenge.<\/p>\n<p><!--\n\n<h2>Resoluci\u00f3n<\/h2>\n\n\nEl centro de investigaci\u00f3n CINTECX acaba de hacer p\u00fablica la resoluci\u00f3n de la convocatoria CHALLENGE-2022.Esta tercera convocatoria tuvo tambi\u00e9n una grande acogida por parte de los investigadores del centro. Se presentaron dos propuestas que involucran a seis de los diez grupos del centro y que cuentan con una gran calidad cient\u00edfica e impacto social, una en la l\u00ednea de aplicaci\u00f3n de tecnolog\u00edas para la conservaci\u00f3n del patrimonio cultural y otra en el \u00e1mbito de la ingenier\u00eda biom\u00e9dica.\n\n\n\n\n<div class=\"custom-block graylight\">\n\nConsulta la <a href=\"http:\/\/cintecx.uvigo.es\/wp-content\/uploads\/2022\/01\/Challenge2022_resolucion.pdf\" target=\"_blank\" rel=\"noopener noreferrer\">Resoluci\u00f3n Challenge-2022<\/a>\n\n<\/div>\n\n\n--><\/p>\n<p>&nbsp;<\/p>\n<h2> V\u00eddeo <\/h2>\n<p><iframe loading=\"lazy\" class=\"embed-responsive embed-responsive-16by9\" width=\"640\" height=\"360\" src=\"https:\/\/tv.uvigo.es\/iframe\/65a7b4fed1d9381bfc37fb02\" frameborder=\"0\" allow=\"accelerometer; autoplay; clipboard-write; encrypted-media; gyroscope; picture-in-picture\" allowfullscreen><\/iframe><\/p>\n","protected":false},"excerpt":{"rendered":"<p>Convocatoria El Plan Estrat\u00e9gico de CINTECX contempla, dentro del plan de acci\u00f3n para el cumplimiento de sus objetivos estrat\u00e9gicos, una convocatoria anual de ayudas en &hellip; <a class=\"excerpt_more\" href=\"https:\/\/cintecx.uvigo.es\/es\/investigacion\/cintecx-annual-challenge\/challenge-2023\/\">Contin\u00faa<\/a><\/p>\n","protected":false},"author":2,"featured_media":0,"parent":227120,"menu_order":0,"comment_status":"closed","ping_status":"closed","template":"views\/template-fullwidth.blade.php","meta":{"inline_featured_image":false,"footnotes":""},"class_list":["post-240317","page","type-page","status-publish","hentry"],"_links":{"self":[{"href":"https:\/\/cintecx.uvigo.es\/es\/wp-json\/wp\/v2\/pages\/240317","targetHints":{"allow":["GET"]}}],"collection":[{"href":"https:\/\/cintecx.uvigo.es\/es\/wp-json\/wp\/v2\/pages"}],"about":[{"href":"https:\/\/cintecx.uvigo.es\/es\/wp-json\/wp\/v2\/types\/page"}],"author":[{"embeddable":true,"href":"https:\/\/cintecx.uvigo.es\/es\/wp-json\/wp\/v2\/users\/2"}],"replies":[{"embeddable":true,"href":"https:\/\/cintecx.uvigo.es\/es\/wp-json\/wp\/v2\/comments?post=240317"}],"version-history":[{"count":15,"href":"https:\/\/cintecx.uvigo.es\/es\/wp-json\/wp\/v2\/pages\/240317\/revisions"}],"predecessor-version":[{"id":257043,"href":"https:\/\/cintecx.uvigo.es\/es\/wp-json\/wp\/v2\/pages\/240317\/revisions\/257043"}],"up":[{"embeddable":true,"href":"https:\/\/cintecx.uvigo.es\/es\/wp-json\/wp\/v2\/pages\/227120"}],"wp:attachment":[{"href":"https:\/\/cintecx.uvigo.es\/es\/wp-json\/wp\/v2\/media?parent=240317"}],"curies":[{"name":"wp","href":"https:\/\/api.w.org\/{rel}","templated":true}]}}