{"id":235043,"date":"2022-05-16T16:22:21","date_gmt":"2022-05-16T14:22:21","guid":{"rendered":"http:\/\/cintecx.uvigo.es\/?page_id=235043"},"modified":"2025-10-07T22:44:48","modified_gmt":"2025-10-07T20:44:48","slug":"spin-offs","status":"publish","type":"page","link":"https:\/\/cintecx.uvigo.es\/es\/transferencia\/spin-offs\/","title":{"rendered":"Spin offs"},"content":{"rendered":"<p><img decoding=\"async\" src=\"\/wp-content\/uploads\/2024\/12\/Transferencia-cabecera.jpg\" alt=\"transferencia\" \/><br \/>\n&nbsp;<\/p>\n<p>Uno de los objetivos de Cintecx es la transferencia tecnol\u00f3gica al tejido industrial. Una de las pruebas del compromiso con esta finalidad es el n\u00famero de empresas promovidas por parte del personal investigador del Cintecx, transfiriendo nuestro conocimiento a la sociedad. En los \u00faltimos a\u00f1os, se han creado las siguientes spin-offs.<\/p>\n<div id=\"accordion2\" class=\"accordion\" role=\"tablist\" aria-multiselectable=\"true\" >\n<div class=\"card\" style=\"margin-top:-5px\">\n<div class=\"card-header\">\n\t\t\t<a class=\"collapse h3 collapsed\" data-toggle=\"collapse\" data-parent=\"#accordion2\" href=\"#aguas\" aria-controls=\"aguas\">Aguas de Rodas<\/a>\n\t\t<\/div>\n<div id=\"aguas\" class=\"collapse\" data-parent=\"#accordion2\">\n<div class=\"card-body\">\n<div class=\"row\">\n<div class=\"col-md-4\">\n\t\t\t\t\t\t<img decoding=\"async\" width=\"100%\" src=\"\/wp-content\/uploads\/2022\/05\/Aguas-de-Rodas-web5.jpg\"  alt=\"Aguas de Rodas\"\/>\n\t\t\t\t\t<\/div>\n<div class=\"col-md-8\">\n<p>Caracterizaci\u00f3n y recogida de agua marina profunda del entorno del Parque Nacional Illas Atl\u00e1nticas para diversos usos de consumo humano.<\/p>\n<p class=\"mb-2\"><a class=\"btn btn-outline-primary btn-icon\" style=\"text-transform:none!important\" href=\"https:\/\/www.aguasderodas.com\/\" target=\"_blank\" rel=\"noopener noreferrer\">Aguas de Rodas<\/a><\/p>\n<\/p><\/div>\n<\/p><\/div>\n<\/p><\/div>\n<\/p><\/div>\n<\/p><\/div>\n<div class=\"card\" style=\"margin-top:-5px\">\n<div class=\"card-header\">\n\t\t\t<a class=\"collapse h3 collapsed\" data-toggle=\"collapse\" data-parent=\"#accordion2\" href=\"#energio\" aria-controls=\"energio\">Energio Advance<\/a>\n\t\t<\/div>\n<div id=\"energio\" class=\"collapse\" data-parent=\"#accordion2\">\n<div class=\"card-body\">\n<div class=\"row\">\n<div class=\"col-md-4\">\n\t\t\t\t\t\t<img decoding=\"async\" width=\"100%\" src=\"\/wp-content\/uploads\/2022\/05\/Logo_Energio_web.jpg\"  alt=\"Energio Advance\"\/>\n\t\t\t\t\t<\/div>\n<div class=\"col-md-8\">\n<p>Desarrollo de tecnolog\u00eda y de productos de ingenier\u00eda en el \u00e1mbito de la eficiencia energ\u00e9tica, as\u00ed como la realizaci\u00f3n de tareas de asesoramiento cient\u00edfico y asistencia t\u00e9cnica.<\/p>\n<p class=\"mb-2\"><a class=\"btn btn-outline-primary btn-icon\" style=\"text-transform:none!important\" href=\"http:\/\/www.energioadvance.com\/\" target=\"_blank\" rel=\"noopener noreferrer\">Energio Advance<\/a><\/p>\n<\/p><\/div>\n<\/p><\/div>\n<\/p><\/div>\n<\/p><\/div>\n<\/p><\/div>\n<div class=\"card\" style=\"margin-top:-5px\">\n<div class=\"card-header\">\n\t\t\t<a class=\"collapse h3 collapsed\" data-toggle=\"collapse\" data-parent=\"#accordion2\" href=\"#imatia\" aria-controls=\"imatia\">Imatia<\/a>\n\t\t<\/div>\n<div id=\"imatia\" class=\"collapse\" data-parent=\"#accordion2\">\n<div class=\"card-body\">\n<div class=\"row\">\n<div class=\"col-md-4\">\n\t\t\t\t\t\t<img decoding=\"async\" width=\"100%\" src=\"\/wp-content\/uploads\/2022\/05\/Logo_Imatia_web2.jpg\"  alt=\"Imatia\"\/>\n\t\t\t\t\t<\/div>\n<div class=\"col-md-8\">\n<p>Productos y servicios de software que ayudan a empresas y administraciones de todo el mundo a aumentar su productividad, para que puedan hacer m\u00e1s en menos tiempo.<\/p>\n<p class=\"mb-2\"><a class=\"btn btn-outline-primary btn-icon\" style=\"text-transform:none!important\" href=\"https:\/\/www.imatia.com\/es\/\" target=\"_blank\" rel=\"noopener noreferrer\">Imatia<\/a><\/p>\n<\/p><\/div>\n<\/p><\/div>\n<\/p><\/div>\n<\/p><\/div>\n<\/p><\/div>\n<div class=\"card\" style=\"margin-top:-5px\">\n<div class=\"card-header\"><a class=\"collapse h3 collapsed\" data-toggle=\"collapse\" data-parent=\"#accordion2\" href=\"#insitu\" aria-controls=\"insitu\">Ingenier\u00eda InSitu<\/a><\/div>\n<div id=\"insitu\" class=\"collapse\" data-parent=\"#accordion2\">\n<div class=\"card-body\">\n<div class=\"row\">\n<div class=\"col-md-4\">\n\t\t\t\t\t\t<img decoding=\"async\" width=\"100%\" src=\"\/wp-content\/uploads\/2022\/05\/Insitu_web3.jpg\"  alt=\"InSitu\"\/>\n\t\t\t\t\t<\/div>\n<div class=\"col-md-8\">\n<p>Empresa de base tecnol\u00f3gica (EBT) orientada a la ingenier\u00eda y la arquitectura desde el 2008.<\/p>\n<p class=\"mb-2\"><a class=\"btn btn-outline-primary btn-icon\" style=\"text-transform:none!important\" href=\"https:\/\/ingenieriainsitu.com\/en\/about-us\/\" target=\"_blank\" rel=\"noopener noreferrer\">Ingenier\u00eda InSitu<\/a><\/p>\n<\/p><\/div>\n<\/p><\/div>\n<\/p><\/div>\n<\/p><\/div>\n<\/p><\/div>\n<div class=\"card\" style=\"margin-top:-5px\">\n<div class=\"card-header\"><a class=\"collapse h3 collapsed\" data-toggle=\"collapse\" data-parent=\"#accordion2\" href=\"#nst\" aria-controls=\"nst\">Nsilica Simulation Technologies S.L.<\/a><\/div>\n<div id=\"nst\" class=\"collapse\" data-parent=\"#accordion2\">\n<div class=\"card-body\">\n<div class=\"row\">\n<div class=\"col-md-4\"><img decoding=\"async\" width=\"70%\" src=\"\/wp-content\/uploads\/2025\/10\/Nsilica-Simulation-Technologies.jpg\"  alt=\"Nsilicia\"\/> <\/div>\n<div class=\"col-md-8\">\n<p>Nsilica Simulation Technologies S.L. es una startup tecnol\u00f3gica fundada en 2024 como spin-off de la Universidade de Vigo, especializada en biomec\u00e1nica, ingenier\u00eda biom\u00e9dica y simulaci\u00f3n num\u00e9rica. Desarrolla soluciones innovadoras en pr\u00f3tesis, sensores y software para an\u00e1lisis del movimiento humano, con aplicaciones en salud, deporte e industria. Entre sus hitos destacan una pr\u00f3tesis de costilla patentada, sensores ultras\u00f3nicos e IMUs, y software para automatizaci\u00f3n de dise\u00f1o 3D. Su proyecto nMotion, basado en sensores inerciales y algoritmos de IA para an\u00e1lisis biomec\u00e1nico predictivo, ha sido seleccionado por la aceleradora ViaGalicia 2025, un programa de alto rendimiento que apoya proyectos innovadores con formaci\u00f3n, mentoring y financiaci\u00f3n. Nsilica mantiene una estrecha colaboraci\u00f3n con la Universidade de Vigo y cuenta con un modelo de negocio basado en SaaS, captura de movimiento y proyectos personalizados.<\/p>\n<p class=\"mb-2\"><a class=\"btn btn-outline-primary btn-icon\" style=\"text-transform:none!important\" href=\"https:\/\/nsilica.es\/\" target=\"_blank\" rel=\"noopener noreferrer\">Nsilica<\/a><\/p>\n<\/div>\n<\/div><\/div>\n<\/p><\/div>\n<\/p><\/div>\n<div class=\"card\" style=\"margin-top:-5px\">\n<div class=\"card-header\"><a class=\"collapse h3 collapsed\" data-toggle=\"collapse\" data-parent=\"#accordion2\" href=\"#p3f\" aria-controls=\"p3f\">P3F Research<\/a><\/div>\n<div id=\"p3f\" class=\"collapse\" data-parent=\"#accordion2\">\n<div class=\"card-body\">\n<div class=\"row\">\n<div class=\"col-md-4\"> <\/div>\n<div class=\"col-md-8\">\n<p>Dedicada principalmente al an\u00e1lisis, desarrollo e implantaci\u00f3n de soluciones que proporcionen unos sistemas o procesos de ingenier\u00eda m\u00e1s eficientes, mediante un amplio abanico de productos y servicios. Entre ellos est\u00e1n la investigaci\u00f3n, desarrollo, dise\u00f1o, fabricaci\u00f3n y comercializaci\u00f3n de productos y sistemas.<\/p>\n<\/div>\n<\/div><\/div>\n<\/p><\/div>\n<\/p><\/div>\n<div class=\"card\" style=\"margin-top:-5px\">\n<div class=\"card-header\">\n\t\t\t<a class=\"collapse h3 collapsed\" data-toggle=\"collapse\" data-parent=\"#accordion2\" href=\"#quantum\" aria-controls=\"quantum\">Quantum Innovative<\/a>\n\t\t<\/div>\n<div id=\"quantum\" class=\"collapse\" data-parent=\"#accordion2\">\n<div class=\"card-body\">\n<div class=\"row\">\n<div class=\"col-md-4\">\n\t\t\t\t\t\t<img decoding=\"async\" width=\"100%\" src=\"\/wp-content\/uploads\/2022\/05\/Logo_Quantum_home_web3.png\"  alt=\"Quantum\"\/>\n\t\t\t\t\t<\/div>\n<div class=\"col-md-8\">\n<p>Especialistas en ofrecer soluciones avanzadas de ingenier\u00eda mec\u00e1nica, utilizando tecnolog\u00edas y valorizando todo el conocimiento adquirido a trav\u00e9s de la universidad.<\/p>\n<p class=\"mb-2\"><a class=\"btn btn-outline-primary btn-icon\" style=\"text-transform:none!important\" href=\"http:\/\/quantuminnovative.es\/es\/\" target=\"_blank\" rel=\"noopener noreferrer\">Quantum<\/a><\/p>\n<\/p><\/div>\n<\/p><\/div>\n<\/p><\/div>\n<\/p><\/div>\n<\/p><\/div>\n<div class=\"card\" style=\"margin-top:-5px\">\n<div class=\"card-header\"><a class=\"collapse h3 collapsed\" data-toggle=\"collapse\" data-parent=\"#accordion2\" href=\"#voltai\" aria-controls=\"voltai\">VoltAI Innovations<\/a><\/div>\n<div id=\"voltai\" class=\"collapse\" data-parent=\"#accordion2\">\n<div class=\"card-body\">\n<div class=\"row\">\n<div class=\"col-md-4\"><img decoding=\"async\" width=\"70%\" src=\"\/wp-content\/uploads\/2025\/10\/VoltAI-Innovations.png\"  alt=\"VoltAI\"\/> <\/div>\n<div class=\"col-md-8\">\n<p>Es una empresa tecnol\u00f3gica fundada en 2024 como spin-off de la Universidade de Vigo, especializada en energ\u00eda, eficiencia industrial y tecnolog\u00edas sostenibles. Desarrolla soluciones innovadoras que integran inteligencia artificial y energ\u00edas renovables para optimizar el consumo y la producci\u00f3n energ\u00e9tica en empresas e instituciones. Su actividad abarca el dise\u00f1o y fabricaci\u00f3n de equipos avanzados, el desarrollo de sistemas de monitorizaci\u00f3n en tiempo real y la modelizaci\u00f3n de procesos para maximizar la eficiencia y reducir el impacto ambiental. Entre sus l\u00edneas de trabajo destacan proyectos de I+D+i en transici\u00f3n energ\u00e9tica y aplicaciones de IA para la gesti\u00f3n inteligente de recursos. Adem\u00e1s, ofrece formaci\u00f3n especializada para profesionales y organizaciones, trasladando la experiencia investigadora universitaria al tejido productivo.<\/p>\n<p class=\"mb-2\"><a class=\"btn btn-outline-primary btn-icon\" style=\"text-transform:none!important\" href=\"https:\/\/www.voltaiinnovations.com\/\" target=\"_blank\" rel=\"noopener noreferrer\">VoltAI Innovations<\/a><\/p>\n<\/div>\n<\/div><\/div>\n<\/p><\/div>\n<\/p><\/div>\n<\/div>\n","protected":false},"excerpt":{"rendered":"<p>&nbsp; Uno de los objetivos de Cintecx es la transferencia tecnol\u00f3gica al tejido industrial. Una de las pruebas del compromiso con esta finalidad es el &hellip; <a class=\"excerpt_more\" href=\"https:\/\/cintecx.uvigo.es\/es\/transferencia\/spin-offs\/\">Contin\u00faa<\/a><\/p>\n","protected":false},"author":2,"featured_media":0,"parent":225394,"menu_order":0,"comment_status":"closed","ping_status":"closed","template":"views\/template-fullwidth.blade.php","meta":{"inline_featured_image":false,"footnotes":""},"class_list":["post-235043","page","type-page","status-publish","hentry"],"_links":{"self":[{"href":"https:\/\/cintecx.uvigo.es\/es\/wp-json\/wp\/v2\/pages\/235043","targetHints":{"allow":["GET"]}}],"collection":[{"href":"https:\/\/cintecx.uvigo.es\/es\/wp-json\/wp\/v2\/pages"}],"about":[{"href":"https:\/\/cintecx.uvigo.es\/es\/wp-json\/wp\/v2\/types\/page"}],"author":[{"embeddable":true,"href":"https:\/\/cintecx.uvigo.es\/es\/wp-json\/wp\/v2\/users\/2"}],"replies":[{"embeddable":true,"href":"https:\/\/cintecx.uvigo.es\/es\/wp-json\/wp\/v2\/comments?post=235043"}],"version-history":[{"count":49,"href":"https:\/\/cintecx.uvigo.es\/es\/wp-json\/wp\/v2\/pages\/235043\/revisions"}],"predecessor-version":[{"id":259423,"href":"https:\/\/cintecx.uvigo.es\/es\/wp-json\/wp\/v2\/pages\/235043\/revisions\/259423"}],"up":[{"embeddable":true,"href":"https:\/\/cintecx.uvigo.es\/es\/wp-json\/wp\/v2\/pages\/225394"}],"wp:attachment":[{"href":"https:\/\/cintecx.uvigo.es\/es\/wp-json\/wp\/v2\/media?parent=235043"}],"curies":[{"name":"wp","href":"https:\/\/api.w.org\/{rel}","templated":true}]}}