{"id":234853,"date":"2022-05-09T21:14:52","date_gmt":"2022-05-09T19:14:52","guid":{"rendered":"http:\/\/cintecx.uvigo.es\/?page_id=234853"},"modified":"2024-02-02T09:08:50","modified_gmt":"2024-02-02T08:08:50","slug":"servicio-de-taller-mecanico","status":"publish","type":"page","link":"https:\/\/cintecx.uvigo.es\/es\/servicios\/servicio-de-taller-mecanico\/","title":{"rendered":"Servicio de taller mec\u00e1nico"},"content":{"rendered":"<p><img decoding=\"async\" src=\"\/wp-content\/uploads\/2022\/03\/s_transferencia.jpg\" alt=\"transferencia\" \/><\/p>\n<p>Como parte de los servicios de apoyo a la investigaci\u00f3n, Cintecx pone a disposici\u00f3n de sus investigadores y de la comunidad universitaria un servicio de taller mec\u00e1nico equipado entre otros con los siguientes recursos:<\/p>\n<ul class=\"list-peak\" style=\"margin-top: 10px;\">\n<li>Torno Heller LC 360\/1000<\/li>\n<li>Sierra de cinta. BELFLEX BF-200-SC<\/li>\n<li>Prensa hidr\u00e1ulica 20TN: Unicraft WPP 20 E<\/li>\n<li>Fresadora de columna m\u00f3vil FORTEX FTX-45-TFS<\/li>\n<\/ul>\n<p><!--Todos los interesados en usar este servicio deber\u00e1n cubrir el <a href=\"\/wp-content\/uploads\/2022\/05\/Formulario-taller.pdf\" target=\"_blank\" rel=\"noopener noreferrer\">formulario de solicitud<\/a> y enviarlo a la direcci\u00f3n de correo <a href=\"mailto:cintecx.taller@uvigo.es\">cintecx.taller@uvigo.es<\/a> \n\nEs necesario enviar una solicitud por cada uso\/servicio.\n\nEl env\u00edo de esta solicitud no es garant\u00eda de disponibilidad del servicio por lo que se ruega avisar con antelaci\u00f3n suficiente. El t\u00e9cnico responsable del taller confirmar\u00e1 la disponibilidad del mismo al solicitante. La ocupaci\u00f3n de este servicio se planifica los viernes por la tarde, por lo que se ruega que se solicite la semana previa.\n\nPara consultar la disponibilidad del servicio, haga click en el siguiente enlace: <a href=\"\/es\/calendario-de-reservas-servicio-de-taller-mecanico\/\">Reservas \u2013 Servicio de taller mec\u00e1nico<\/a>.\n--><br \/>\n&nbsp;<\/p>\n<div class=\"custom-block graylight\">\n<h3>Tarifas<\/h3>\n<p>Consulta las tarifas por tipo de servicio y de usuario en este <a href=\"\/wp-content\/uploads\/2022\/04\/Tarifas_servicios_2022.pdf\" target=\"_blank\" rel=\"noopener noreferrer\">documento<\/a>.<\/p>\n<\/div>\n","protected":false},"excerpt":{"rendered":"<p>Como parte de los servicios de apoyo a la investigaci\u00f3n, Cintecx pone a disposici\u00f3n de sus investigadores y de la comunidad universitaria un servicio de &hellip; <a class=\"excerpt_more\" href=\"https:\/\/cintecx.uvigo.es\/es\/servicios\/servicio-de-taller-mecanico\/\">Contin\u00faa<\/a><\/p>\n","protected":false},"author":2,"featured_media":0,"parent":2217,"menu_order":50,"comment_status":"closed","ping_status":"closed","template":"views\/template-fullwidth.blade.php","meta":{"inline_featured_image":false,"footnotes":""},"class_list":["post-234853","page","type-page","status-publish","hentry"],"_links":{"self":[{"href":"https:\/\/cintecx.uvigo.es\/es\/wp-json\/wp\/v2\/pages\/234853","targetHints":{"allow":["GET"]}}],"collection":[{"href":"https:\/\/cintecx.uvigo.es\/es\/wp-json\/wp\/v2\/pages"}],"about":[{"href":"https:\/\/cintecx.uvigo.es\/es\/wp-json\/wp\/v2\/types\/page"}],"author":[{"embeddable":true,"href":"https:\/\/cintecx.uvigo.es\/es\/wp-json\/wp\/v2\/users\/2"}],"replies":[{"embeddable":true,"href":"https:\/\/cintecx.uvigo.es\/es\/wp-json\/wp\/v2\/comments?post=234853"}],"version-history":[{"count":10,"href":"https:\/\/cintecx.uvigo.es\/es\/wp-json\/wp\/v2\/pages\/234853\/revisions"}],"predecessor-version":[{"id":234895,"href":"https:\/\/cintecx.uvigo.es\/es\/wp-json\/wp\/v2\/pages\/234853\/revisions\/234895"}],"up":[{"embeddable":true,"href":"https:\/\/cintecx.uvigo.es\/es\/wp-json\/wp\/v2\/pages\/2217"}],"wp:attachment":[{"href":"https:\/\/cintecx.uvigo.es\/es\/wp-json\/wp\/v2\/media?parent=234853"}],"curies":[{"name":"wp","href":"https:\/\/api.w.org\/{rel}","templated":true}]}}