{"id":234744,"date":"2022-05-08T17:41:11","date_gmt":"2022-05-08T15:41:11","guid":{"rendered":"http:\/\/cintecx.uvigo.es\/?page_id=234744"},"modified":"2024-02-02T09:24:49","modified_gmt":"2024-02-02T08:24:49","slug":"personal-de-apoyo-a-la-investigacion","status":"publish","type":"page","link":"https:\/\/cintecx.uvigo.es\/es\/equipo\/personal-de-apoyo-a-la-investigacion\/","title":{"rendered":"Personal de apoyo a la investigaci\u00f3n"},"content":{"rendered":"<p><img decoding=\"async\" src=\"\/wp-content\/uploads\/2022\/04\/s_persoal.jpg\" alt=\"equipo\" \/><br \/>\n&nbsp;<\/p>\n<h3>Contactos<\/h3>\n<table style=\"margin-left: 0px;\" cellspacing=\"0\" cellpadding=\"0\">\n<thead>\n<tr>\n<th style=\"width: 37%;\">\u00c1rea<\/th>\n<th style=\"width: 27%;\">Tel\u00e9fono<\/th>\n<th style=\"width: 36%;\">Email<\/th>\n<\/tr>\n<\/thead>\n<tbody>\n<tr>\n<td>Administraci\u00f3n<\/td>\n<td>986 130 223<\/td>\n<td><a href=\"mailto:cintecx@uvigo.gal\"><i class=\"fa fa-envelope-o\" aria-hidden=\"true\">\u00a0<\/i> cintecx@uvigo.gal<\/a><\/td>\n<\/tr>\n<tr>\n<td>Apoyo a la investigaci\u00f3n<\/td>\n<td>986 130 223<\/td>\n<td><a href=\"mailto:cintecx.investigacion@uvigo.gal\"><i class=\"fa fa-envelope-o\" aria-hidden=\"true\">\u00a0<\/i> cintecx.investigacion@uvigo.gal<\/a><\/td>\n<\/tr>\n<tr>\n<td>Comunicaci\u00f3n<\/td>\n<td>986 130 224<\/td>\n<td><a href=\"mailto:cintecx.comunicacion@uvigo.gal\"><i class=\"fa fa-envelope-o\" aria-hidden=\"true\">\u00a0<\/i> cintecx.comunicacion@uvigo.gal<\/a><\/td>\n<\/tr>\n<tr>\n<td>Calidad<\/td>\n<td>986 130 223<\/td>\n<td><a href=\"mailto:cintecx.calidad@uvigo.gal\"><i class=\"fa fa-envelope-o\" aria-hidden=\"true\">\u00a0<\/i> cintecx.calidad@uvigo.gal<\/a><\/td>\n<\/tr>\n<tr>\n<td>T\u00e9cnicos de taller<\/td>\n<td>986 130 223<\/td>\n<td><a href=\"mailto:cintecx.taller@uvigo.gal\"><i class=\"fa fa-envelope-o\" aria-hidden=\"true\">\u00a0<\/i> cintecx.taller@uvigo.gal<\/a><\/td>\n<\/tr>\n<\/tbody>\n<\/table>\n<p><\/br><\/p>\n","protected":false},"excerpt":{"rendered":"<p>&nbsp; Contactos \u00c1rea Tel\u00e9fono Email Administraci\u00f3n 986 130 223 \u00a0 cintecx@uvigo.gal Apoyo a la investigaci\u00f3n 986 130 223 \u00a0 cintecx.investigacion@uvigo.gal Comunicaci\u00f3n 986 130 224 \u00a0 &hellip; <a class=\"excerpt_more\" href=\"https:\/\/cintecx.uvigo.es\/es\/equipo\/personal-de-apoyo-a-la-investigacion\/\">Contin\u00faa<\/a><\/p>\n","protected":false},"author":2,"featured_media":0,"parent":2176,"menu_order":50,"comment_status":"closed","ping_status":"closed","template":"views\/template-fullwidth.blade.php","meta":{"inline_featured_image":false,"footnotes":""},"class_list":["post-234744","page","type-page","status-publish","hentry"],"_links":{"self":[{"href":"https:\/\/cintecx.uvigo.es\/es\/wp-json\/wp\/v2\/pages\/234744","targetHints":{"allow":["GET"]}}],"collection":[{"href":"https:\/\/cintecx.uvigo.es\/es\/wp-json\/wp\/v2\/pages"}],"about":[{"href":"https:\/\/cintecx.uvigo.es\/es\/wp-json\/wp\/v2\/types\/page"}],"author":[{"embeddable":true,"href":"https:\/\/cintecx.uvigo.es\/es\/wp-json\/wp\/v2\/users\/2"}],"replies":[{"embeddable":true,"href":"https:\/\/cintecx.uvigo.es\/es\/wp-json\/wp\/v2\/comments?post=234744"}],"version-history":[{"count":17,"href":"https:\/\/cintecx.uvigo.es\/es\/wp-json\/wp\/v2\/pages\/234744\/revisions"}],"predecessor-version":[{"id":243435,"href":"https:\/\/cintecx.uvigo.es\/es\/wp-json\/wp\/v2\/pages\/234744\/revisions\/243435"}],"up":[{"embeddable":true,"href":"https:\/\/cintecx.uvigo.es\/es\/wp-json\/wp\/v2\/pages\/2176"}],"wp:attachment":[{"href":"https:\/\/cintecx.uvigo.es\/es\/wp-json\/wp\/v2\/media?parent=234744"}],"curies":[{"name":"wp","href":"https:\/\/api.w.org\/{rel}","templated":true}]}}