{"id":234576,"date":"2022-05-03T11:20:29","date_gmt":"2022-05-03T09:20:29","guid":{"rendered":"http:\/\/cintecx.uvigo.es\/talento\/convocatorias\/"},"modified":"2023-12-19T13:03:43","modified_gmt":"2023-12-19T12:03:43","slug":"convocatorias","status":"publish","type":"page","link":"https:\/\/cintecx.uvigo.es\/es\/talento\/convocatorias\/","title":{"rendered":"Convocatorias"},"content":{"rendered":"<div id=\"accordion9\" class=\"accordion\" role=\"tablist\" aria-multiselectable=\"true\" >\n<div class=\"card\" style=\"margin-top:-5px\">\n<div class=\"card-header\"><a class=\"collapse h3 collapsed\" data-toggle=\"collapse\" data-parent=\"#accordion9\" href=\"#abiertas\" aria-controls=\"abiertas\">Convocatorias abiertas<\/a><\/div>\n<div id=\"abiertas\" class=\"collapse\" data-parent=\"#accordion9\">\n<div class=\"card-body\">\n<table style=\"margin-left:0px;\" cellpadding=\"0\" cellspacing=\"0\">\n<thead>\n<tr>\n<th style=\"width:80%\" scope=\"col\">Descripci\u00f3n<\/th>\n<th style=\"width:10%\" scope=\"col\">Comienzo<\/th>\n<th style=\"width:10%\" scope=\"col\">Fin<\/th>\n<\/tr>\n<\/thead>\n<tbody>\n<tr>\n<td><a href=\"https:\/\/www.ciencia.gob.es\/Convocatorias\/2023\/RYC2023.html\" target=\"_blank\" rel=\"noopener noreferrer\">Ayudas para contratos Ram\u00f3n y Cajal (RYC) 2023 (pr\u00f3xima apertura)<\/a><br \/><a href=\"https:\/\/secretaria.uvigo.gal\/uv\/web\/convocatoria\/public\/show\/1258\" rel=\"noopener\" target=\"_blank\"><em>Procedimiento interno para ofertar perfiles de plazas<\/em><\/a><br \/><span class=\"badge\" style=\"color:#fff;background-color:#8db600;\">Convocatoria abierta<\/span><\/td>\n<td>11\/01\/2024  <br \/> <em>18\/12\/2023<\/em>  <\/td>\n<td>01\/02\/2024 <br \/> <em>12\/01\/2024<\/em><\/td>\n<\/tr>\n<tr>\n<td><a href=\"https:\/\/www.ciencia.gob.es\/Convocatorias\/2023\/JDC2023.html\" target=\"_blank\" rel=\"noopener noreferrer\">Ayudas para contratos Juan de la Cierva (JDC) 2023 (pr\u00f3xima apertura)<\/a><br \/><a href=\"https:\/\/secretaria.uvigo.gal\/uv\/web\/convocatoria\/public\/show\/1257\" rel=\"noopener\" target=\"_blank\"><em>Procedimiento interno Ayudas Juan de la Cierva<\/em><\/a><br \/><span class=\"badge\" style=\"color:#fff;background-color:#8db600;\">Convocatoria abierta<\/span><\/td>\n<td>17\/01\/2024  <br \/> <em>18\/12\/2023<\/em>  <\/td>\n<td>31\/01\/2024  <br \/> <em>17\/01\/2024<\/em><\/td>\n<\/tr>\n<\/tbody>\n<\/table>\n<\/div>\n<\/div>\n<\/div>\n<div class=\"card\" style=\"margin-top:-5px\">\n<div class=\"card-header\"><a class=\"collapse h3 collapsed\" data-toggle=\"collapse\" data-parent=\"#accordion9\" href=\"#cerradas\" aria-controls=\"cerradas\">Convocatorias cerradas<\/a><\/div>\n<div id=\"cerradas\" class=\"collapse\" data-parent=\"#accordion9\">\n<div class=\"card-body\">\n<table style=\"margin-left:0px;\" cellpadding=\"0\" cellspacing=\"0\">\n<thead>\n<tr>\n<th style=\"width:80%\" scope=\"col\">Descripci\u00f3n<\/th>\n<th style=\"width:10%\" scope=\"col\">Comienzo<\/th>\n<th style=\"width:10%\" scope=\"col\">Fin<\/th>\n<\/tr>\n<\/thead>\n<tbody>\n<tr>\n<td><a href=\"https:\/\/www.ciencia.gob.es\/Convocatorias\/2023\/PTA2023.html\" target=\"_blank\" rel=\"noopener noreferrer\">Ayudas para contratos de Personal T\u00e9cnico de Apoyo (PTA) 2023<\/a><br \/><a href=\"https:\/\/secretaria.uvigo.gal\/uv\/web\/convocatoria\/public\/show\/1247\" rel=\"noopener\" target=\"_blank\"><em>Preselecci\u00f3n Universidad de Vigo<\/em><\/a><br \/><span class=\"badge\" style=\"color:#fff;background-color:#ea9789;\">Convocatoria cerrada<\/span><\/td>\n<td>29\/11\/2023  <br \/> <em>29\/11\/2023<\/em>  <\/td>\n<td>14\/12\/2023 <br \/> <em>04\/12\/2023<\/em><\/td>\n<\/tr>\n<tr>\n<td><a href=\"https:\/\/secretaria.uvigo.gal\/uv\/web\/convocatoria\/public\/show\/1220\" target=\"_blank\" rel=\"noopener noreferrer\">Ayudas para contratos predoctorales de la Universidade de Vigo<\/a><br \/><span class=\"badge\" style=\"color:#fff;background-color:#ea9789;\">Convocatoria cerrada<\/span><\/td>\n<td>26\/10\/2023<\/td>\n<td>23\/11\/2023<\/td>\n<\/tr>\n<tr>\n<td><a href=\"https:\/\/secretaria.uvigo.gal\/uv\/web\/convocatoria\/public\/show\/1072\" target=\"_blank\" rel=\"noopener noreferrer\">Ayudas propias para la movilidad de Personal Investigador de la UVigo<\/a><br \/><span class=\"badge\" style=\"color:#fff;background-color:#ea9789;\">Convocatoria cerrada<\/span><\/td>\n<td>16\/02\/2023<\/td>\n<td>15\/03\/2023<\/td>\n<\/tr>\n<tr>\n<td><a href=\"https:\/\/www.ciencia.gob.es\/Convocatorias\/2022\/DIN2022.html\" target=\"_blank\" rel=\"noopener noreferrer\">Ayudas para contratos para la formaci\u00f3n de investigadores en empresas (Doctorados Industriales) 2022<\/a><br \/><span class=\"badge\" style=\"color:#fff;background-color:#ea9789;\">Convocatoria cerrada<\/span><\/td>\n<td>02\/02\/2023<\/td>\n<td>23\/02\/2023<\/td>\n<\/tr>\n<tr>\n<td><a href=\"https:\/\/www.ciencia.gob.es\/Convocatorias\/2022\/PTA2022.html\" target=\"_blank\" rel=\"noopener noreferrer\">Ayudas para contratos de Personal T\u00e9cnico de Apoyo (PTA) 2022<\/a><br \/><span class=\"badge\" style=\"color:#fff;background-color:#ea9789;\">Convocatoria cerrada<\/span><\/td>\n<td>26\/01\/2023<\/td>\n<td>09\/02\/2023<\/td>\n<\/tr>\n<tr>\n<td><a href=\"https:\/\/www.ciencia.gob.es\/Convocatorias\/2022\/FJC2022.html\" target=\"_blank\" rel=\"noopener noreferrer\">Ayudas para contratos Juan de la Cierva Formaci\u00f3n (FJC) 2022<\/a><br \/><span class=\"badge\" style=\"color:#fff;background-color:#ea9789;\">Convocatoria cerrada<\/span><\/td>\n<td>24\/01\/2023<\/td>\n<td>07\/02\/2023<\/td>\n<\/tr>\n<tr>\n<td><a href=\"https:\/\/secretaria.uvigo.gal\/uv\/web\/convocatoria\/public\/show\/968\" target=\"_blank\" rel=\"noopener noreferrer\">Ayudas para contratos predoctorales de la Universidade de Vigo<\/a><br \/><span class=\"badge\" style=\"color:#fff;background-color:#ea9789;\">Convocatoria cerrada<\/span><\/td>\n<td>01\/09\/2022<\/td>\n<td>10\/10\/2022<\/td>\n<\/tr>\n<tr>\n<td><a href=\"https:\/\/secretaria.uvigo.gal\/uv\/web\/convocatoria\/public\/show\/975\" target=\"_blank\" rel=\"noopener noreferrer\">Convocatoria complementaria de ayudas para la recalificaci\u00f3n del sistema universitario<\/a><br \/><span class=\"badge\" style=\"color:#fff;background-color:#ea9789;\">Convocatoria cerrada<\/span><\/td>\n<td>22\/08\/2022<\/td>\n<td>12\/09\/2022<\/td>\n<\/tr>\n<tr>\n<tr>\n<td><a href=\"https:\/\/www.ciencia.gob.es\/Convocatorias\/2021\/Ayudas-para-contratos-para-la-formacion-de-investigadores-en-empresas--Doctorados-Industriales--2021.html\" target=\"_blank\" rel=\"noopener noreferrer\">Ayudas para contratos para la formaci\u00f3n de investigadores en empresas (Doctorados Industriales) 2021<\/a><br \/><span class=\"badge\" style=\"color:#fff;background-color:#ea9789;\">Convocatoria cerrada<\/span><\/td>\n<td>03\/02\/2022<\/td>\n<td>24\/02\/2022<\/td>\n<\/tr>\n<tr>\n<td><a href=\"https:\/\/www.ciencia.gob.es\/Convocatorias\/2021\/Ayudas-para-contratos-de-personal-tecnico-de-apoyo-PTA-2021.html\" target=\"_blank\" rel=\"noopener noreferrer\">Ayudas para contratos de Personal T\u00e9cnico de Apoyo (PTA) 2021<\/a><br \/><span class=\"badge\" style=\"color:#fff;background-color:#ea9789;\">Convocatoria cerrada<\/span><\/td>\n<td>07\/02\/2022<\/td>\n<td>24\/02\/2022<\/td>\n<\/tr>\n<tr>\n<td><a href=\"https:\/\/www.ciencia.gob.es\/Convocatorias\/2021\/Ayudas-para-contratos-Ramon-y-Cajal-RYC-2021.html\" target=\"_blank\" rel=\"noopener noreferrer\">Ayudas para contratos Ram\u00f3n y Cajal (RYC) 2021<\/a><br \/><span class=\"badge\" style=\"color:#fff;background-color:#ea9789;\">Convocatoria cerrada<\/span><\/td>\n<td>18\/01\/2022<\/td>\n<td>11\/02\/2022<\/td>\n<\/tr>\n<tr>\n<td><a href=\"https:\/\/www.ciencia.gob.es\/Convocatorias\/2021\/Ayudas-para-contratos-Juan-de-la-Cierva-Formacion-FJC-2021.html\" target=\"_blank\" rel=\"noopener noreferrer\">Ayudas para contratos Juan de la Cierva Formaci\u00f3n (FJC) 2021<\/a><br \/><span class=\"badge\" style=\"color:#fff;background-color:#ea9789;\">Convocatoria cerrada<\/span><\/td>\n<td>20\/01\/2022<\/td>\n<td>11\/02\/2022<\/td>\n<\/tr>\n<tr>\n<td><a href=\"https:\/\/secretaria.uvigo.gal\/uv\/web\/convocatoria\/public\/show\/736\" target=\"_blank\" rel=\"noopener noreferrer\">Ayudas Margarita Salas para la formaci\u00f3n de j\u00f3venes doctores<\/a><br \/><span class=\"badge\" style=\"color:#fff;background-color:#ea9789;\">Convocatoria cerrada<\/span><\/td>\n<td>03\/07\/2021<\/td>\n<td>02\/08\/2021<\/td>\n<\/tr>\n<tr>\n<td><a href=\"https:\/\/secretaria.uvigo.gal\/uv\/web\/convocatoria\/public\/show\/736\" target=\"_blank\" rel=\"noopener noreferrer\">Ayudas para la recualificaci\u00f3n del profesorado universitario<\/a><br \/><span class=\"badge\" style=\"color:#fff;background-color:#ea9789;\">Convocatoria cerrada<\/span><\/td>\n<td>03\/07\/2021<\/td>\n<td>02\/08\/2021<\/td>\n<\/tr>\n<tr>\n<td><a href=\"https:\/\/secretaria.uvigo.gal\/uv\/web\/convocatoria\/public\/show\/736\" target=\"_blank\" rel=\"noopener noreferrer\">Ayudas Mar\u00eda Zambrano para la atracci\u00f3n de talento internacional<\/a><br \/><span class=\"badge\" style=\"color:#fff;background-color:#ea9789;\">Convocatoria cerrada<\/span><\/td>\n<td>03\/07\/2021<\/td>\n<td>02\/08\/2021<\/td>\n<\/tr>\n<\/tbody>\n<\/table>\n<\/div>\n<\/div>\n<\/div>\n<\/div>\n","protected":false},"excerpt":{"rendered":"<p>Convocatorias abiertas Descripci\u00f3n Comienzo Fin Ayudas para contratos Ram\u00f3n y Cajal (RYC) 2023 (pr\u00f3xima apertura)Procedimiento interno para ofertar perfiles de plazasConvocatoria abierta 11\/01\/2024 18\/12\/2023 01\/02\/2024 &hellip; <a class=\"excerpt_more\" href=\"https:\/\/cintecx.uvigo.es\/es\/talento\/convocatorias\/\">Contin\u00faa<\/a><\/p>\n","protected":false},"author":2,"featured_media":0,"parent":234570,"menu_order":10,"comment_status":"closed","ping_status":"closed","template":"views\/template-fullwidth.blade.php","meta":{"inline_featured_image":false,"footnotes":""},"class_list":["post-234576","page","type-page","status-publish","hentry"],"_links":{"self":[{"href":"https:\/\/cintecx.uvigo.es\/es\/wp-json\/wp\/v2\/pages\/234576","targetHints":{"allow":["GET"]}}],"collection":[{"href":"https:\/\/cintecx.uvigo.es\/es\/wp-json\/wp\/v2\/pages"}],"about":[{"href":"https:\/\/cintecx.uvigo.es\/es\/wp-json\/wp\/v2\/types\/page"}],"author":[{"embeddable":true,"href":"https:\/\/cintecx.uvigo.es\/es\/wp-json\/wp\/v2\/users\/2"}],"replies":[{"embeddable":true,"href":"https:\/\/cintecx.uvigo.es\/es\/wp-json\/wp\/v2\/comments?post=234576"}],"version-history":[{"count":21,"href":"https:\/\/cintecx.uvigo.es\/es\/wp-json\/wp\/v2\/pages\/234576\/revisions"}],"predecessor-version":[{"id":247719,"href":"https:\/\/cintecx.uvigo.es\/es\/wp-json\/wp\/v2\/pages\/234576\/revisions\/247719"}],"up":[{"embeddable":true,"href":"https:\/\/cintecx.uvigo.es\/es\/wp-json\/wp\/v2\/pages\/234570"}],"wp:attachment":[{"href":"https:\/\/cintecx.uvigo.es\/es\/wp-json\/wp\/v2\/media?parent=234576"}],"curies":[{"name":"wp","href":"https:\/\/api.w.org\/{rel}","templated":true}]}}