{"id":228236,"date":"2022-03-18T17:08:16","date_gmt":"2022-03-18T16:08:16","guid":{"rendered":"http:\/\/cintecx.webs5.uvigo.es\/?page_id=228236"},"modified":"2026-04-24T09:04:34","modified_gmt":"2026-04-24T07:04:34","slug":"divulgando-cientifica","status":"publish","type":"page","link":"https:\/\/cintecx.uvigo.es\/es\/ciencia-y-sociedad\/divulgando-cientifica\/","title":{"rendered":"Divulgaci\u00f3n cient\u00edfica"},"content":{"rendered":"<p><img decoding=\"async\" src=\"\/wp-content\/uploads\/2024\/12\/Divulgacion-cientifica-web-cabecera.jpg\" alt=\"actividades\" \/><br \/>\n<!--<span data-mce-type=\"bookmark\" style=\"display: inline-block; width: 0px; overflow: hidden; line-height: 0;\" class=\"mce_SELRES_start\"><\/span>[uvigo_bloque estilo=\"secondary\"]\n\n--><\/p>\n<div style=\"background-color: #1463ac; padding: 10px;\">\n<p style=\"text-align: center; color: white; margin: 5px 0 0 0;\">\n    Una de las actividades fundamentales para CINTECX es la difusi\u00f3n de conocimiento. Anualmente desde el centro se lleva a cabo un programa de actividades de divulgaci\u00f3n cient\u00edfica, a fin de fomentar e incentivar el acercamiento de la ciencia, la tecnolog\u00eda y la innovaci\u00f3n a la ciudadan\u00eda, mejorando la educaci\u00f3n y cultura cient\u00edfico-t\u00e9cnica.\n  <\/p>\n<\/div>\n<ul class=\"nav nav-tabs\" id=\"custom-tabs-0\" role=\"tablist\" ><li class=\"nav-item \"><a href=\"#custom-tab-0-3318820d8793ec785e1162d8969945b0\"  class=\"nav-link active\" role=\"tab\" data-toggle=\"tab\" >Jornadas de puertas abiertas<\/a><\/li><li class=\"nav-item \"><a href=\"#custom-tab-0-9c7f59f13161d43b975acf2f4cb487bd\"  class=\"nav-link \" role=\"tab\" data-toggle=\"tab\" >Actividades de divulgaci\u00f3n<\/a><\/li><\/ul><div class=\"tab-content\">\n<div id=\"custom-tab-0-3318820d8793ec785e1162d8969945b0\" class=\"tab-pane  show active\">\n<h3 class=\"text-center\">Centros de educaci\u00f3n<\/h3>\n<div class=\"custom-block  outlined \">\n<p class=\"text-center\">Cintecx organiza cada curso acad\u00e9mico las jornadas de puertas abiertas en las que alumnos de colegios e institutos de Galicia visitan el centro, formado por cerca de 200 investigadores que trabajan en \u00e1reas como las energ\u00edas renovables, eficiencia energ\u00e9tica, aprovechamiento de recursos naturales, valorizaci\u00f3n de residuos industriales, desarrollo y aplicaci\u00f3n de t\u00e9cnicas de fabricaci\u00f3n avanzada y nuevos materiales, tecnolog\u00edas de propulsi\u00f3n limpias o la inteligencia artificial.<\/p>\n<div class=\"custom-block graylight\">\n<p><!--\n\n\n<h3>Jornadas de puertas abiertas<\/h3>\n\n\n--><\/p>\n<div class=\"row\">\n<div class=\"col-md-6 col-lg-3\">\n<h5 align=\"center\">2025<\/h5>\n<p><a href=\"jornadas-puertas-abiertas-2025\/\" rel=\"noopener noreferrer\"><img decoding=\"async\" src=\"\/wp-content\/uploads\/2026\/04\/Xornada-portas-abertas-2025-inicio.jpg\" \/><\/a>\n<\/div>\n<div class=\"col-md-6 col-lg-3\">\n<h5 align=\"center\">2024<\/h5>\n<p><a href=\"jornadas-puertas-abiertas-2024\/\" rel=\"noopener noreferrer\"><img decoding=\"async\" src=\"\/wp-content\/uploads\/2024\/11\/Xornada-portas-abertas-2024-inicio.png\" \/><\/a>\n<\/div>\n<div class=\"col-md-6 col-lg-3\">\n<h5 align=\"center\">2023<\/h5>\n<p><a href=\"jornadas-puertas-abiertas-2023\/\" rel=\"noopener noreferrer\"><img decoding=\"async\" src=\"\/wp-content\/uploads\/2023\/11\/XPA_2024_portada.jpg\" \/><\/a><\/p>\n<\/div>\n<div class=\"col-md-6 col-lg-3\">\n<h5 align=\"center\">2022<\/h5>\n<p><a href=\"jornadas-puertas-abiertas-2022\/\" rel=\"noopener noreferrer\"><img decoding=\"async\" src=\"\/wp-content\/uploads\/2023\/09\/cintecx_150_vision.jpg\" \/><\/a><\/p>\n<\/div>\n<div class=\"col-md-6 col-lg-3\">\n<h5 align=\"center\">2021<\/h5>\n<p><a href=\"jornadas-puertas-abiertas-2021\/\" rel=\"noopener noreferrer\"><img decoding=\"async\" src=\"\/wp-content\/uploads\/2023\/09\/Jornada_puertas_abiertas_2021.jpg\" \/><\/a><\/p>\n<\/div>\n<div class=\"col-md-6 col-lg-3\">\n<h5 align=\"center\">2019<\/h5>\n<p><a href=\"jornadas-puertas-abiertas-2019\/\"><img decoding=\"async\" src=\"\/wp-content\/uploads\/2023\/09\/Jornada_puertas_abiertas_2019.jpg\" \/><\/a><\/p>\n<\/div>\n<\/div>\n<p> <!--pecha fila--><\/p>\n<\/div>\n<p>En el centro conocen, guiados por el personal investigador, los diferentes laboratorios y proyectos que est\u00e1n llevando a cabo nuestros grupos. El alumnado puede participar en diversas actividades visuales y pr\u00e1cticas organizadas por el personal del centro que les permiten acercarse a los distintos \u00e1mbitos de la ingenier\u00eda y a su importante papel para el avance de la sociedad.<\/p>\n<p>Los estudiantes se acercan entre otros al campo de la ingenier\u00eda biom\u00e9dica, a los biomateriales y sus contribuciones para mejorar la calidad de vida de la sociedad. Pueden ver de primera mano el uso de los recursos marinos con fines biotecnol\u00f3gicos y ambientales y vivir experiencias pr\u00e1cticas sobre temas relacionados con las reacciones de combusti\u00f3n qu\u00edmica.<\/p>\n<\/div>\n<h3 class=\"text-center\">Empresas, instituciones y otros colectivos<\/h3>\n<div class=\"custom-block  outlined \">\n<p class=\"text-center\">Cintecx tambi\u00e9n abre sus puertas a empresas e instituciones como parte de su estrategia de acercamiento a empresas. Estas iniciativas contribuyen a mejorar el posicionamiento de la imagen de marca del Centro en aquellas \u00e1reas con potencial inter\u00e9s para sus labores de investigaci\u00f3n, como tambi\u00e9n en la creaci\u00f3n y consolidaci\u00f3n de redes de contactos con agentes empresariales interesantes para actividades colaborativas en un futuro.<\/p>\n<div class=\"eventos-container\"><div class=\"evento\"><img decoding=\"async\" src=\"https:\/\/cintecx.uvigo.es\/wp-content\/uploads\/2024\/06\/Captura-de-pantalla-2024-06-04-161042-300x111.jpg\" alt=\"Visita University of Chongqing, China\" \/><p class=\"fecha-publicacion\">04\/06\/2024<\/p><h4><a href=\"https:\/\/cintecx.uvigo.es\/es\/event\/visita-university-of-chongqing-china\/\">Visita University of Chongqing, China<\/a><\/h4><\/div><div class=\"evento\"><img decoding=\"async\" src=\"https:\/\/cintecx.uvigo.es\/wp-content\/uploads\/2024\/04\/visita-altas-capacidades_calendario-e1712753978573-300x167.png\" alt=\"Visita proyecto IBERO4JOBS\" \/><p class=\"fecha-publicacion\">10\/04\/2024<\/p><h4><a href=\"https:\/\/cintecx.uvigo.es\/es\/event\/visita-proyecto-ibero4jobs\/\">Visita proyecto IBERO4JOBS<\/a><\/h4><\/div><div class=\"evento\"><img decoding=\"async\" src=\"https:\/\/cintecx.uvigo.es\/wp-content\/uploads\/2023\/07\/aqualia_web-300x169.png\" alt=\"Representantes de Aqualia visitan el centro esta semana\" \/><p class=\"fecha-publicacion\">04\/07\/2023<\/p><h4><a href=\"https:\/\/cintecx.uvigo.es\/es\/event\/representantes-de-aqualia-visitan-el-centro-esta-semana\/\">Representantes de Aqualia visitan el centro esta semana<\/a><\/h4><\/div><\/div><div class=\"pagination1\"><span aria-current=\"page\" class=\"page-numbers current\">1<\/span>\n<a class=\"page-numbers\" href=\"https:\/\/cintecx.uvigo.es\/es\/wp-json\/wp\/v2\/pages\/228236\/?paged_shortcode_2=2\">2<\/a>\n<a class=\"page-numbers\" href=\"https:\/\/cintecx.uvigo.es\/es\/wp-json\/wp\/v2\/pages\/228236\/?paged_shortcode_2=3\">3<\/a>\n<a class=\"next page-numbers\" href=\"https:\/\/cintecx.uvigo.es\/es\/wp-json\/wp\/v2\/pages\/228236\/?paged_shortcode_2=2\">Siguiente &raquo;<\/a><\/div>\n<\/div>\n<p><!-- cierra &#091;uvigo_bloque estilo=\"outlined\"&#093; --><\/p>\n<\/div>\n<div id=\"custom-tab-0-9c7f59f13161d43b975acf2f4cb487bd\" class=\"tab-pane\">\n<h3 style=\"text-align: center;\">G &#8211; Night: Noche gallega de las personas investigadoras<\/h3>\n<hr style=\"height: 0,75px; width: 90%; background-color: #6c7477;\" \/>\n<p>&nbsp;<\/p>\n<div class=\"row\">\n<div class=\"col-md-6\">\n<p><img decoding=\"async\" src=\"\/wp-content\/uploads\/2024\/01\/G-night-V6.jpg\" \/><\/p>\n<\/div>\n<div class=\"col-md-6\">\n<div class=\"d-none d-md-block\"><\/div>\n<div class=\"card\" style=\"min-width: 25%;\">\n<div class=\"card-body\">\n<p>Gestionado por la Universidade de Vigo para acercar la ciencia a la sociedad de forma amena. Cintecx participa en este evento con diversos seminarios.<\/p>\n<p>En 2022 incluy\u00f3 una visita de investigadores del centro a institutos para acercar la mec\u00e1nica de fluidos y fomentar el aprendizaje e inter\u00e9s sobre esta disciplina y sus aplicaciones.<\/p>\n<\/div>\n<\/div>\n<\/div>\n<\/div>\n<p>&nbsp;<\/p>\n<h3 style=\"text-align: center;\">Pint of Science Festival<\/h3>\n<hr style=\"height: 0,75px; width: 90%; background-color: #6c7477;\" \/>\n<p>&nbsp;<\/p>\n<div class=\"row\">\n<div class=\"col-md-6\">\n<div class=\"d-none d-md-block\"><\/div>\n<div class=\"card\" style=\"min-width: 25%;\">\n<div class=\"card-body\">\n<p>Festival de divulgaci\u00f3n cient\u00edfica que apuesta por llevar la ciencia y el conocimiento a los bares para acercarlo a la ciudadan\u00eda.<\/p>\n<p>En 2023, el investigador del centro Jos\u00e9 Lorenzo Alonso G\u00f3mez, ofreci\u00f3 una charla titulada \u00ab\u00bfMol\u00e9culas quirales para H2 verde?\u00bb en la que realiz\u00f3 un paseo por el mundo de la quiralidad, las mol\u00e9culas quirales y c\u00f3mo estas pueden facilitar la obtenci\u00f3n de H2 verde.<\/p>\n<\/div>\n<\/div>\n<\/div>\n<div class=\"col-md-6\"><img decoding=\"async\" src=\"\/wp-content\/uploads\/2024\/01\/Pint-of-science.jpg\" \/><\/div>\n<\/div>\n<p>&nbsp;<\/p>\n<h3 style=\"text-align: center;\">Ciencia de ida y vuelta<\/h3>\n<hr style=\"height: 0,75px; width: 90%; background-color: #6c7477;\" \/>\n<p>&nbsp;<\/p>\n<div class=\"row\">\n<div class=\"col-md-6\"><img decoding=\"async\" src=\"\/wp-content\/uploads\/2024\/01\/Ciencia-ida-volta-V3.jpg\" \/><\/div>\n<div class=\"col-md-6\">\n<div class=\"d-none d-md-block\"><\/div>\n<div class=\"card\" style=\"min-width: 25%;\">\n<div class=\"card-body\">\n<p>Gestionado por la Universidade de Vigo, su objetivo es la promoci\u00f3n y difusi\u00f3n de la cultura cient\u00edfica, tecnol\u00f3gica y de la innovaci\u00f3n entre lo estudiantes, comunidad universitaria y ciudadan\u00eda, en general. Cintecx ha participado tanto en diversas jornadas y conferencias como en la feria cient\u00edfica \u00abA ciencia que ven ten nome de muller\u00bb, que se celebra cada a\u00f1o a pie de calle.<\/p>\n<\/div>\n<\/div>\n<\/div>\n<\/div>\n<p>&nbsp;<\/p>\n<h3>Listado de actividades<\/h3>\n<hr style=\"height: 0,75px; width: 100%; background-color: #6c7477;\" \/>\n<div class=\"eventos-container\"><div class=\"evento\"><img decoding=\"async\" src=\"https:\/\/cintecx.uvigo.es\/wp-content\/uploads\/2026\/04\/xornada_hibrida_av_15.04.26-1-300x172.png\" alt=\"JORNADAS INMERSIVAS H\u00cdBRIDAS ALERTA VERDE\" \/><p class=\"fecha-publicacion\">14\/04\/2026<\/p><h4><a href=\"https:\/\/cintecx.uvigo.es\/es\/event\/xornada-inmersiva-hibrida-alerta-verde\/\">JORNADAS INMERSIVAS H\u00cdBRIDAS ALERTA VERDE<\/a><\/h4><\/div><div class=\"evento\"><img decoding=\"async\" src=\"https:\/\/cintecx.uvigo.es\/wp-content\/uploads\/2026\/03\/cartel_web-1-300x169.jpg\" alt=\"Lanzamiento \u00abAlerta Verde\u00bb: Salva tu centro con la Misi\u00f3n CINTECX\" \/><p class=\"fecha-publicacion\">17\/03\/2026<\/p><h4><a href=\"https:\/\/cintecx.uvigo.es\/es\/event\/lanzamiento-alerta-verde-salva-tu-centro-con-la-mision-cintecx\/\">Lanzamiento \u00abAlerta Verde\u00bb: Salva tu centro con la Misi\u00f3n CINTECX<\/a><\/h4><\/div><div class=\"evento\"><img decoding=\"async\" src=\"https:\/\/cintecx.uvigo.es\/wp-content\/uploads\/2025\/09\/cartel_cx_portas_abertas_2025-300x180.png\" alt=\"Jornadas Puertas Abiertas CINTECX 2025\" \/><p class=\"fecha-publicacion\">30\/09\/2025<\/p><h4><a href=\"https:\/\/cintecx.uvigo.es\/es\/event\/xornadas-portas-abertas-cintecx-2025\/\">Jornadas Puertas Abiertas CINTECX 2025<\/a><\/h4><\/div><\/div><div class=\"pagination1\"><span aria-current=\"page\" class=\"page-numbers current\">1<\/span>\n<a class=\"page-numbers\" href=\"https:\/\/cintecx.uvigo.es\/es\/wp-json\/wp\/v2\/pages\/228236\/?paged_shortcode_2=2\">2<\/a>\n<a class=\"page-numbers\" href=\"https:\/\/cintecx.uvigo.es\/es\/wp-json\/wp\/v2\/pages\/228236\/?paged_shortcode_2=3\">3<\/a>\n<a class=\"page-numbers\" href=\"https:\/\/cintecx.uvigo.es\/es\/wp-json\/wp\/v2\/pages\/228236\/?paged_shortcode_2=4\">4<\/a>\n<span class=\"page-numbers dots\">&hellip;<\/span>\n<a class=\"page-numbers\" href=\"https:\/\/cintecx.uvigo.es\/es\/wp-json\/wp\/v2\/pages\/228236\/?paged_shortcode_2=11\">11<\/a>\n<a class=\"next page-numbers\" href=\"https:\/\/cintecx.uvigo.es\/es\/wp-json\/wp\/v2\/pages\/228236\/?paged_shortcode_2=2\">Siguiente &raquo;<\/a><\/div>\n<\/div>\n<\/div>\n","protected":false},"excerpt":{"rendered":"<p>Una de las actividades fundamentales para CINTECX es la difusi\u00f3n de conocimiento. Anualmente desde el centro se lleva a cabo un programa de actividades de &hellip; <a class=\"excerpt_more\" href=\"https:\/\/cintecx.uvigo.es\/es\/event\/xornadas-portas-abertas-cintecx-2025\/\">Contin\u00faa<\/a><\/p>\n","protected":false},"author":2,"featured_media":0,"parent":261198,"menu_order":40,"comment_status":"closed","ping_status":"closed","template":"views\/template-fullwidth.blade.php","meta":{"inline_featured_image":false,"footnotes":""},"class_list":["post-228236","page","type-page","status-publish","hentry","cat_divulgacion-cientifica"],"_links":{"self":[{"href":"https:\/\/cintecx.uvigo.es\/es\/wp-json\/wp\/v2\/pages\/228236","targetHints":{"allow":["GET"]}}],"collection":[{"href":"https:\/\/cintecx.uvigo.es\/es\/wp-json\/wp\/v2\/pages"}],"about":[{"href":"https:\/\/cintecx.uvigo.es\/es\/wp-json\/wp\/v2\/types\/page"}],"author":[{"embeddable":true,"href":"https:\/\/cintecx.uvigo.es\/es\/wp-json\/wp\/v2\/users\/2"}],"replies":[{"embeddable":true,"href":"https:\/\/cintecx.uvigo.es\/es\/wp-json\/wp\/v2\/comments?post=228236"}],"version-history":[{"count":42,"href":"https:\/\/cintecx.uvigo.es\/es\/wp-json\/wp\/v2\/pages\/228236\/revisions"}],"predecessor-version":[{"id":262380,"href":"https:\/\/cintecx.uvigo.es\/es\/wp-json\/wp\/v2\/pages\/228236\/revisions\/262380"}],"up":[{"embeddable":true,"href":"https:\/\/cintecx.uvigo.es\/es\/wp-json\/wp\/v2\/pages\/261198"}],"wp:attachment":[{"href":"https:\/\/cintecx.uvigo.es\/es\/wp-json\/wp\/v2\/media?parent=228236"}],"curies":[{"name":"wp","href":"https:\/\/api.w.org\/{rel}","templated":true}]}}