{"id":227426,"date":"2022-03-15T11:09:57","date_gmt":"2022-03-15T10:09:57","guid":{"rendered":"http:\/\/cintecx.webs5.uvigo.es\/?page_id=227426"},"modified":"2022-05-23T22:40:01","modified_gmt":"2022-05-23T20:40:01","slug":"quiero-ser-investigadora","status":"publish","type":"page","link":"https:\/\/cintecx.uvigo.es\/es\/comunicacion\/quiero-ser-investigadora\/","title":{"rendered":"Quiero ser investigadora"},"content":{"rendered":"<p><img decoding=\"async\" src=\"\/wp-content\/uploads\/2022\/04\/s_actividades.jpg\" alt=\"actividades\" \/><br \/>\n<div class=\"custom-block  secondary \">\n<p class=\"text-center\">Con \u201c<strong>Quiero ser investigadora<\/strong>\u201d se busca poner en valor las contribuciones y las investigaciones de investigadoras a las ni\u00f1as y ni\u00f1os de diferentes centros educativos y al p\u00fablico en general.<\/p>\n<\/div>\n<div class=\"row\">\n<div class=\"col-lg-6\">\n<div class=\"d-none d-lg-block\">&nbsp;<\/div>\n<div class=\"d-none d-lg-block\">&nbsp;<\/div>\n<div class=\"custom-block  outlined \">\n<p>En el 2020 se materializ\u00f3 con la edici\u00f3n de un libro en el que cada cap\u00edtulo es una puerta abierta a conocer de primera mano la historia de diez mujeres que apostaron por la investigaci\u00f3n y por colaborar en el avance de la sociedad trabajando desde la Universidad de Vigo.<\/p>\n<\/div>\n<\/div>\n<div class=\"col-lg-6\">\n<p><img decoding=\"async\" class=\"alignnone size-medium\" src=\"http:\/\/cintecx.uvigo.es\/wp-content\/uploads\/2022\/04\/Quero_ser_investigadora.jpg\" alt=\"\" \/><\/p>\n<\/div>\n<\/div>\n<p>&nbsp;<\/p>\n<div class=\"custom-block  secondary \">\n<p class=\"text-center\">Dos de los cap\u00edtulos se dedicaron a las investigadoras del CINTECX <strong>Julia Armesto Gonz\u00e1lez<\/strong> y <strong>Mar\u00eda Concepci\u00f3n Paz Pen\u00edn<\/strong>.<\/p>\n<\/div>\n<p>&nbsp;<\/p>\n<div class=\"row\">\n<div class=\"col-lg-6  embed-responsive-16by9 embed-responsive\"><iframe loading=\"lazy\" id=\"pumukitiframe\" src=\"https:\/\/tv.uvigo.es\/iframe\/5e6655bd5e44026ff31920e2\" width=\"560\" height=\"315\" frameborder=\"0\" align=\"center\" allowfullscreen=\"allowfullscreen\"><\/iframe><\/div>\n<div class=\"col-lg-6\">\n<div class=\"d-none d-lg-block\">&nbsp;<\/div>\n<div class=\"d-none d-lg-block\">&nbsp;<\/div>\n<div class=\"custom-block  outlined \">\n<p>El objetivo fundamental es <strong>valorar y visibilizar mujeres cient\u00edficas contempor\u00e1neas<\/strong>, pioneras en muchos casos, y despertar la vocaci\u00f3n investigadora entre las m\u00e1s peque\u00f1as y peque\u00f1os, con figuras femeninas de su entorno como referencias.<\/p>\n<\/div>\n<\/div>\n<\/div>\n","protected":false},"excerpt":{"rendered":"<p>&nbsp; &nbsp; &nbsp; &nbsp; &nbsp; &nbsp;<\/p>\n","protected":false},"author":2,"featured_media":0,"parent":139015,"menu_order":50,"comment_status":"closed","ping_status":"closed","template":"views\/template-fullwidth.blade.php","meta":{"inline_featured_image":false,"footnotes":""},"class_list":["post-227426","page","type-page","status-publish","hentry"],"_links":{"self":[{"href":"https:\/\/cintecx.uvigo.es\/es\/wp-json\/wp\/v2\/pages\/227426","targetHints":{"allow":["GET"]}}],"collection":[{"href":"https:\/\/cintecx.uvigo.es\/es\/wp-json\/wp\/v2\/pages"}],"about":[{"href":"https:\/\/cintecx.uvigo.es\/es\/wp-json\/wp\/v2\/types\/page"}],"author":[{"embeddable":true,"href":"https:\/\/cintecx.uvigo.es\/es\/wp-json\/wp\/v2\/users\/2"}],"replies":[{"embeddable":true,"href":"https:\/\/cintecx.uvigo.es\/es\/wp-json\/wp\/v2\/comments?post=227426"}],"version-history":[{"count":23,"href":"https:\/\/cintecx.uvigo.es\/es\/wp-json\/wp\/v2\/pages\/227426\/revisions"}],"predecessor-version":[{"id":248175,"href":"https:\/\/cintecx.uvigo.es\/es\/wp-json\/wp\/v2\/pages\/227426\/revisions\/248175"}],"up":[{"embeddable":true,"href":"https:\/\/cintecx.uvigo.es\/es\/wp-json\/wp\/v2\/pages\/139015"}],"wp:attachment":[{"href":"https:\/\/cintecx.uvigo.es\/es\/wp-json\/wp\/v2\/media?parent=227426"}],"curies":[{"name":"wp","href":"https:\/\/api.w.org\/{rel}","templated":true}]}}