{"id":227120,"date":"2022-02-17T22:27:33","date_gmt":"2022-02-17T21:27:33","guid":{"rendered":"http:\/\/cintecx.webs5.uvigo.es\/actividades\/cintecx-annual-challenge\/"},"modified":"2026-05-04T13:07:54","modified_gmt":"2026-05-04T11:07:54","slug":"cintecx-annual-challenge","status":"publish","type":"page","link":"https:\/\/cintecx.uvigo.es\/es\/investigacion\/cintecx-annual-challenge\/","title":{"rendered":"CINTECX Annual Challenge"},"content":{"rendered":"<p><img decoding=\"async\" src=\"\/wp-content\/uploads\/2024\/12\/cabecera_challenge.png\" alt=\"challenge\" \/><\/p>\n<p><!--[uvigo_bloque estilo=\"secondary\"]--><\/p>\n<div style=\"background-color:#1463AC;padding:10px;\">\n<p style=\"text-align: center; color: white; margin: 5px 0 0 0; \">CINTECX realiza una convocatoria anual del denominado \u201cCINTECX Annual Challenge\u201d. Es una convocatoria competitiva y abierta a todo el personal investigador del centro, en la que anualmente se financia un proyecto de investigaci\u00f3n en el \u00e1mbito de las Tecnolog\u00edas Industriales, que debe presentar una propuesta colaborativa entre diferentes grupos del centro. El proyecto tiene una duraci\u00f3n de un a\u00f1o natural, y durante los \u00faltimos meses del proyecto, para intentar llegar a una audiencia generalista, sus resultados se presentan en el evento espec\u00edfico y se realizan actividades de difusi\u00f3n, siguiendo las pol\u00edticas de CINTECX y la Universidad de Vigo.<\/p>\n<\/div>\n<p><!--[\/uvigo_bloque]--><\/p>\n<div class=\"custom-block graylight\">\n<h2>Ediciones anuales Challenge<\/h2>\n<div class=\"row\">\n<div class=\"col-lg-4\">\n<h5 align=\"center\">2026<\/h5>\n<p><a href=\"challenge-2026\/\"><img decoding=\"async\" src=\"https:\/\/cintecx.uvigo.es\/wp-content\/uploads\/2026\/05\/ganadore_challenge26_horiz-web.jpg\" \/><\/a><\/p>\n<\/div>\n<div class=\"col-lg-4\">\n<h5 align=\"center\">2025<\/h5>\n<p><a href=\"challenge-2025\/\"><img decoding=\"async\" src=\"\/wp-content\/uploads\/2026\/05\/ganadores_challenge25_horz-web.jpg\" \/><\/a><\/p>\n<\/div>\n<div class=\"col-lg-4\">\n<h5 align=\"center\">2024<\/h5>\n<p><a href=\"challenge-2024\/\"><img decoding=\"async\" src=\"\/wp-content\/uploads\/2024\/12\/cuadro-challenge-2024.png\" \/><\/a><\/p>\n<\/div>\n<\/div>\n<div class=\"row\">\n<div class=\"col-lg-4\">\n<h5 align=\"center\">2023<\/h5>\n<p><a href=\"challenge-2023\/\" rel=\"noopener noreferrer\"><img decoding=\"async\" src=\"\/wp-content\/uploads\/2024\/01\/PosterChallenge_WEB_2023-1.jpg\" \/><\/a><\/p>\n<\/div>\n<div class=\"col-lg-4\">\n<h5 align=\"center\">2022<\/h5>\n<p><a href=\"challenge-2022\/\" rel=\"noopener noreferrer\"><img decoding=\"async\" src=\"https:\/\/cintecx.uvigo.es\/wp-content\/uploads\/2023\/11\/PosterChallenge_WEB_2022.jpg\" \/><\/a><\/p>\n<\/div>\n<div class=\"col-lg-4\">\n<h5 align=\"center\">2021<\/h5>\n<p><a href=\"challenge-2021\/\"><img decoding=\"async\" src=\"\/wp-content\/uploads\/2023\/11\/PosterChallenge_WEB_2021.jpg\" \/><\/a><\/p>\n<\/div>\n<\/div>\n<div class=\"row\">\n<div class=\"col-lg-4\">\n<h5 align=\"center\">2020<\/h5>\n<p><a href=\"challenge-2020\/\" rel=\"noopener noreferrer\"><img decoding=\"async\" src=\"https:\/\/cintecx.uvigo.es\/wp-content\/uploads\/2023\/11\/PosterChallenge_WEB_2020.jpg\" \/><\/a><\/p>\n<\/div>\n<div class=\"col-lg-4\">\n<\/div>\n<div class=\"col-lg-4\">\n<\/div>\n<\/div>\n<\/div>\n<p><!--\n[uvigo_bloque estilo=\"outlined\"]\nCada a\u00f1o, CINTECX publica el tema del desaf\u00edo y busca solicitudes de Grupos de Investigaci\u00f3n CINTECX que representen proyectos colaborativos. Tambi\u00e9n asigna una suma global para financiar la implementaci\u00f3n de la idea ganadora. El desaf\u00edo tiene una duraci\u00f3n de 1 a\u00f1o natural, dedicando los \u00faltimos 2 meses para la difusi\u00f3n. Un componente importante de este desaf\u00edo es llegar a la audiencia general por lo que sus resultados se presentar\u00e1n en el evento anual denominado \u201cCiencia Singular\u201d promovido por las autoridades locales. Se asignar\u00e1n fondos adicionales para las actividades de difusi\u00f3n de estos resultados siguiendo las pol\u00edticas de CINTECX y la Universidad de Vigo.\n\n[\/uvigo_bloque]\n--><\/p>\n","protected":false},"excerpt":{"rendered":"<p>CINTECX realiza una convocatoria anual del denominado \u201cCINTECX Annual Challenge\u201d. Es una convocatoria competitiva y abierta a todo el personal investigador del centro, en la &hellip; <a class=\"excerpt_more\" href=\"https:\/\/cintecx.uvigo.es\/es\/investigacion\/cintecx-annual-challenge\/\">Contin\u00faa<\/a><\/p>\n","protected":false},"author":2,"featured_media":0,"parent":18714,"menu_order":10,"comment_status":"closed","ping_status":"closed","template":"views\/template-fullwidth.blade.php","meta":{"inline_featured_image":false,"footnotes":""},"class_list":["post-227120","page","type-page","status-publish","hentry"],"_links":{"self":[{"href":"https:\/\/cintecx.uvigo.es\/es\/wp-json\/wp\/v2\/pages\/227120","targetHints":{"allow":["GET"]}}],"collection":[{"href":"https:\/\/cintecx.uvigo.es\/es\/wp-json\/wp\/v2\/pages"}],"about":[{"href":"https:\/\/cintecx.uvigo.es\/es\/wp-json\/wp\/v2\/types\/page"}],"author":[{"embeddable":true,"href":"https:\/\/cintecx.uvigo.es\/es\/wp-json\/wp\/v2\/users\/2"}],"replies":[{"embeddable":true,"href":"https:\/\/cintecx.uvigo.es\/es\/wp-json\/wp\/v2\/comments?post=227120"}],"version-history":[{"count":21,"href":"https:\/\/cintecx.uvigo.es\/es\/wp-json\/wp\/v2\/pages\/227120\/revisions"}],"predecessor-version":[{"id":262653,"href":"https:\/\/cintecx.uvigo.es\/es\/wp-json\/wp\/v2\/pages\/227120\/revisions\/262653"}],"up":[{"embeddable":true,"href":"https:\/\/cintecx.uvigo.es\/es\/wp-json\/wp\/v2\/pages\/18714"}],"wp:attachment":[{"href":"https:\/\/cintecx.uvigo.es\/es\/wp-json\/wp\/v2\/media?parent=227120"}],"curies":[{"name":"wp","href":"https:\/\/api.w.org\/{rel}","templated":true}]}}