{"id":225062,"date":"2022-03-07T09:06:31","date_gmt":"2022-03-07T08:06:31","guid":{"rendered":"http:\/\/cintecx.webs5.uvigo.es\/servicios\/autoservizo\/"},"modified":"2022-08-01T22:13:46","modified_gmt":"2022-08-01T20:13:46","slug":"autoservicio","status":"publish","type":"page","link":"https:\/\/cintecx.uvigo.es\/es\/servicios\/autoservicio\/","title":{"rendered":"Autoservicio"},"content":{"rendered":"<p><img decoding=\"async\" src=\"\/wp-content\/uploads\/2022\/03\/s_transferencia.jpg\" alt=\"transferencia\" \/><br \/>\n&nbsp;<\/p>\n<p><!--A fin de proporcionar apoyo cient\u00edfico y tecnol\u00f3gico, Cintecx pone a disposici\u00f3n de sus investigadores y de la comunidad universitaria equipamiento cient\u00edfico en la modalidad de autoservicio.\n\nLos interesados en usar estos servicios deber\u00e1n cubrir el <a href=\"\/wp-content\/uploads\/2022\/03\/Formulario-solicitud-servicio.pdf\" target=\"_blank\" rel=\"noopener noreferrer\">formulario de solicitud<\/a> y enviarlo a la direcci\u00f3n de correo <a href=\"mailto:cintecx@uvigo.es\" target=\"_blank\" rel=\"noopener noreferrer\">cintecx@uvigo.es<\/a>.\n\nEs necesario cubrir un formulario por cada uso\/servicio.--><\/p>\n<div id=\"accordion\" class=\"accordion\" role=\"tablist\" aria-multiselectable=\"true\">\n<div class=\"card\" style=\"margin-top: -5px;\">\n<div class=\"card-header\"><a class=\"collapse h3 collapsed\" href=\"#espectroscopia\" data-toggle=\"collapse\" data-parent=\"#accordion\" aria-controls=\"espectroscopia\">Equipo an\u00e1lisis hiperespectral<br \/>\n<span class=\"h6\">Sistema de visi\u00f3n combinado con espectroscopia<\/span><\/a><\/div>\n<div id=\"espectroscopia\" class=\"collapse\" data-parent=\"#accordion\">\n<div class=\"card-body\">\n<p>Equipo disponible en modalidad de autoservicio, para los investigadores de CINTECX sin coste.<\/p>\n<p>Ficha:<\/p>\n<ul class=\"list-peak\" style=\"margin-top: 10px;\">\n<li><a href=\"http:\/\/cintecx.uvigo.es\/wp-content\/uploads\/2022\/04\/Ficha-Equipo-Singular-Camara-Specim-FX17.pdf\" target=\"_blank\" rel=\"noopener noreferrer\">C\u00e1mara Specim FX17<\/a><\/li>\n<\/ul>\n<p>Informaci\u00f3n:<\/p>\n<ul class=\"list-peak\" style=\"margin-top: 10px;\">\n<li><a href=\"http:\/\/cintecx.uvigo.es\/wp-content\/uploads\/2022\/04\/Specim-FX17-Guia-Usuario.pdf\" target=\"_blank\" rel=\"noopener noreferrer\">Specim FX17 Gu\u00eda Usuario<\/a><\/li>\n<li><a href=\"http:\/\/cintecx.uvigo.es\/wp-content\/uploads\/2022\/04\/Specim-FX17-Reference-Manual.pdf\" target=\"_blank\" rel=\"noopener noreferrer\">Specim FX17-Reference-Manual<\/a><\/li>\n<li><a href=\"http:\/\/cintecx.uvigo.es\/wp-content\/uploads\/2022\/04\/Formacion-Infaimon-hiperespectral.pdf\" target=\"_blank\" rel=\"noopener noreferrer\">Formaci\u00f3n Infaimon hiperespectral<\/a><\/li>\n<li><a href=\"http:\/\/cintecx.uvigo.es\/wp-content\/uploads\/2022\/04\/LabScanner-40x20-Technical-Datasheet.pdf\" target=\"_blank\" rel=\"noopener noreferrer\">LabScanner-40\u00d720-Technical-Datasheet<\/a><\/li>\n<li><a href=\"http:\/\/cintecx.uvigo.es\/wp-content\/uploads\/2022\/04\/Specim-FX17-Technical-Datasheet.pdf\" target=\"_blank\" rel=\"noopener noreferrer\">Specim-FX17-Technical-Datasheet<\/a><\/li>\n<\/ul>\n<p>Protocolos:<\/p>\n<ul class=\"list-peak\" style=\"margin-top: 10px;\">\n<li><a href=\"http:\/\/cintecx.uvigo.es\/wp-content\/uploads\/2022\/04\/Protocolo-Acceso-Hiperespectral.pdf\" target=\"_blank\" rel=\"noopener noreferrer\">Protocolo de acceso<\/a><\/li>\n<li><a href=\"http:\/\/cintecx.uvigo.es\/wp-content\/uploads\/2022\/04\/Protocolo-Uso-Hiperespectral.pdf\" target=\"_blank\" rel=\"noopener noreferrer\">Protocolo de uso<\/a><\/li>\n<\/ul>\n<p>Responsables:<\/p>\n<ul class=\"list-peak\" style=\"margin-top: 10px;\">\n<li>Responsable de gesti\u00f3n: <a href=\"mailto:cintecx@uvigo.es\" target=\"_blank\" rel=\"noopener noreferrer\">cintecx@uvigo.es<\/a><\/li>\n<li>Responsable cient\u00edfico: <a href=\"mailto:suarez@uvigo.es\" target=\"_blank\" rel=\"noopener noreferrer\">suarez@uvigo.es<\/a><\/li>\n<li>Responsable t\u00e9cnico: Ser\u00e1 el responsable de mantenimiento en los casos en que sea necesario<\/li>\n<\/ul>\n<\/div>\n<\/div>\n<\/div>\n<div class=\"card\" style=\"margin-top: -5px;\">\n<div class=\"card-header\"><a class=\"collapse h3 collapsed\" href=\"#modelos\" data-toggle=\"collapse\" data-parent=\"#accordion\" aria-controls=\"modelos\">Esc\u00e1neres 3D<br \/>\n<span class=\"h6\">Creaci\u00f3n de modelos 3D precisos a alta resoluci\u00f3n<\/span><\/a><\/div>\n<div id=\"modelos\" class=\"collapse\" data-parent=\"#accordion\">\n<div class=\"card-body\">\n<p>Equipo disponible en modalidad de autoservicio, para los investigadores de CINTECX sin coste.<\/p>\n<p>Fichas:<\/p>\n<ul class=\"list-peak\" style=\"margin-top: 10px;\">\n<li><a href=\"http:\/\/cintecx.uvigo.es\/wp-content\/uploads\/2022\/04\/Ficha-Equipo-Singular-Escaner-3D-Artec-Space-Spider.pdf\" target=\"_blank\" rel=\"noopener noreferrer\">Esc\u00e1ner 3D Artec Space Spider<\/a><\/li>\n<li><a href=\"http:\/\/cintecx.uvigo.es\/wp-content\/uploads\/2022\/04\/Ficha-Equipo-Singular-Escaner-3D-Artec-Eva.pdf\" target=\"_blank\" rel=\"noopener noreferrer\">Esc\u00e1ner 3D Artec Eva<\/a><\/li>\n<\/ul>\n<p>Informaci\u00f3n:<\/p>\n<ul class=\"list-peak\" style=\"margin-top: 10px;\">\n<li><a href=\"http:\/\/cintecx.uvigo.es\/wp-content\/uploads\/2022\/04\/Guia-Usuario-Artec16.pdf\" target=\"_blank\" rel=\"noopener noreferrer\">Gu\u00eda Usuario Artec16<\/a><\/li>\n<li><a href=\"http:\/\/cintecx.uvigo.es\/wp-content\/uploads\/2022\/04\/Formacion-Artec-3dz.pdf\" target=\"_blank\" rel=\"noopener noreferrer\">Formaci\u00f3n Artec-3dz<\/a><\/li>\n<li><a href=\"http:\/\/cintecx.uvigo.es\/wp-content\/uploads\/2022\/04\/Artec3D-SpaceSpider.pdf\" target=\"_blank\" rel=\"noopener noreferrer\">Artec3D-SpaceSpider<\/a><\/li>\n<li><a href=\"http:\/\/cintecx.uvigo.es\/wp-content\/uploads\/2022\/04\/Artec3D-Eva.pdf\" target=\"_blank\" rel=\"noopener noreferrer\">Artec3D-Eva<\/a><\/li>\n<\/ul>\n<p>Protocolos:<\/p>\n<ul class=\"list-peak\" style=\"margin-top: 10px;\">\n<li><a href=\"http:\/\/cintecx.uvigo.es\/wp-content\/uploads\/2022\/04\/Protocolo-Acceso-Escaners.pdf\" target=\"_blank\" rel=\"noopener noreferrer\">Protocolo de acceso<\/a><\/li>\n<li><a href=\"http:\/\/cintecx.uvigo.es\/wp-content\/uploads\/2022\/04\/Protocolo-Uso-Escaners.pdf\" target=\"_blank\" rel=\"noopener noreferrer\">Protocolo de uso<\/a><\/li>\n<\/ul>\n<p>Responsables:<\/p>\n<ul class=\"list-peak\" style=\"margin-top: 10px;\">\n<li>Responsable de gesti\u00f3n: <a href=\"mailto:cintecx@uvigo.es\" target=\"_blank\" rel=\"noopener noreferrer\">cintecx@uvigo.es<\/a><\/li>\n<li>Responsable cient\u00edfico: <a href=\"mailto:suarez@uvigo.es\" target=\"_blank\" rel=\"noopener noreferrer\">suarez@uvigo.es<\/a><\/li>\n<li>Responsable t\u00e9cnico: Ser\u00e1 el responsable de mantenimiento en los casos en que sea necesario<\/li>\n<\/ul>\n<\/div>\n<\/div>\n<\/div>\n<div class=\"card\" style=\"margin-top: -5px;\">\n<div class=\"card-header\"><a class=\"collapse h3 collapsed\" href=\"#sinterizado\" data-toggle=\"collapse\" data-parent=\"#accordion\" aria-controls=\"sinterizado\">Impresi\u00f3n 3D<br \/>\n<span class=\"h6\">Impresi\u00f3n por sinterizado l\u00e1ser<\/span><\/a><\/div>\n<div id=\"sinterizado\" class=\"collapse\" data-parent=\"#accordion\">\n<div class=\"card-body\">\n<p>Equipo disponible en modalidad de autoservicio, para los investigadores de CINTECX sin coste.<\/p>\n<p>Fichas:<\/p>\n<ul class=\"list-peak\" style=\"margin-top: 10px;\">\n<li><a href=\"http:\/\/cintecx.uvigo.es\/wp-content\/uploads\/2022\/04\/Ficha-Impresora-Sinterit-Lisa-PRO.pdf\" target=\"_blank\" rel=\"noopener noreferrer\">Impresora Sinterit Lisa PRO<\/a><\/li>\n<\/ul>\n<p>Informaci\u00f3n:<\/p>\n<ul class=\"list-peak\" style=\"margin-top: 10px;\">\n<li><a href=\"\/wp-content\/uploads\/2022\/05\/LISA_PRO_Specification.pdf \" target=\"_blank\" rel=\"noopener noreferrer\">Especificaciones<\/a><\/li>\n<li><a href=\"\/wp-content\/uploads\/2022\/05\/LISA-PRO_-full_user-manual-ES.pdf \" target=\"_blank\" rel=\"noopener noreferrer\">Manual usuario completo<\/a><\/li>\n<li><a href=\"\/wp-content\/uploads\/2022\/05\/LISA-PRO_short-user-manual.pdf\" target=\"_blank\" rel=\"noopener noreferrer\">Manual usuario breve<\/a><\/li>\n<\/ul>\n<p>Protocolos:<\/p>\n<ul class=\"list-peak\" style=\"margin-top: 10px;\">\n<li><a href=\"http:\/\/cintecx.uvigo.es\/wp-content\/uploads\/2022\/04\/Protocolo-Acceso-Sinterit-LISA-Pro.pdf\" target=\"_blank\" rel=\"noopener noreferrer\">Protocolo de acceso<\/a><\/li>\n<li><a href=\"http:\/\/cintecx.uvigo.es\/wp-content\/uploads\/2022\/04\/Protocolo-Uso-Sinterit-LISA-Pro.pdf\" target=\"_blank\" rel=\"noopener noreferrer\">Protocolo de uso<\/a><\/li>\n<li><a href=\"http:\/\/cintecx.uvigo.es\/wp-content\/uploads\/2022\/04\/Protocolo-Mantenimiento-Sinterit-LISA-Pro.pdf\" target=\"_blank\" rel=\"noopener noreferrer\">Protocolo de mantenimiento<\/a><\/li>\n<\/ul>\n<p>Responsables:<\/p>\n<ul class=\"list-peak\" style=\"margin-top: 10px;\">\n<li>Responsable de gesti\u00f3n: <a href=\"mailto:cintecx@uvigo.es\" target=\"_blank\" rel=\"noopener noreferrer\">cintecx@uvigo.es<\/a><\/li>\n<li>Responsable cient\u00edfico: <a href=\"mailto:subdircintecx@uvigo.es\" target=\"_blank\" rel=\"noopener noreferrer\">subdircintecx@uvigo.es<\/a><\/li>\n<li>Responsable t\u00e9cnico: Ser\u00e1 el responsable de mantenimiento en los casos en que sea necesario<\/li>\n<\/ul>\n<\/div>\n<\/div>\n<\/div>\n<div class=\"card\" style=\"margin-top: -5px;\">\n<div class=\"card-header\"><a class=\"collapse h3 collapsed\" href=\"#microscopio\" data-toggle=\"collapse\" data-parent=\"#accordion\" aria-controls=\"modelos\">Microscopio Nikon SMZ25<br \/>\n<span class=\"h6\">\u00d3ptica avanzada del microscopio est\u00e9reo<\/span><\/a><\/div>\n<div id=\"microscopio\" class=\"collapse\" data-parent=\"#accordion\">\n<div class=\"card-body\">\n<p><a href=\"https:\/\/www.microscope.healthcare.nikon.com\/es_AMS\/products\/stereomicroscopes-macroscopes\/smz25-smz18\" target=\"_blank\" rel=\"noopener noreferrer\">Equipo<\/a> disponible en modalidad de autoservicio, para los investigadores de CINTECX sin coste.<\/p>\n<p><!--Fichas:\n\n\n<ul class=\"list-peak\" style=\"margin-top: 10px;\">\n \t\n\n<li><a href=\"http:\/\/cintecx.uvigo.es\/wp-content\/uploads\/2022\/04\/Ficha-Equipo-Singular-Escaner-3D-Artec-Space-Spider.pdf\" target=\"_blank\" rel=\"noopener noreferrer\">Esc\u00e1ner 3D Artec Space Spider<\/a><\/li>\n\n\n \t\n\n<li><a href=\"http:\/\/cintecx.uvigo.es\/wp-content\/uploads\/2022\/04\/Ficha-Equipo-Singular-Escaner-3D-Artec-Eva.pdf\" target=\"_blank\" rel=\"noopener noreferrer\">Esc\u00e1ner 3D Artec Eva<\/a><\/li>\n\n\n<\/ul>\n\n\nInformaci\u00f3n:\n\n\n<ul class=\"list-peak\" style=\"margin-top: 10px;\">\n \t\n\n<li><a href=\"http:\/\/cintecx.uvigo.es\/wp-content\/uploads\/2022\/04\/Guia-Usuario-Artec16.pdf\" target=\"_blank\" rel=\"noopener noreferrer\">Gu\u00eda Usuario Artec16<\/a><\/li>\n\n\n \t\n\n<li><a href=\"http:\/\/cintecx.uvigo.es\/wp-content\/uploads\/2022\/04\/Formacion-Artec-3dz.pdf\" target=\"_blank\" rel=\"noopener noreferrer\">Formaci\u00f3n Artec-3dz<\/a><\/li>\n\n\n \t\n\n<li><a href=\"http:\/\/cintecx.uvigo.es\/wp-content\/uploads\/2022\/04\/Artec3D-SpaceSpider.pdf\" target=\"_blank\" rel=\"noopener noreferrer\">Artec3D-SpaceSpider<\/a><\/li>\n\n\n \t\n\n<li><a href=\"http:\/\/cintecx.uvigo.es\/wp-content\/uploads\/2022\/04\/Artec3D-Eva.pdf\" target=\"_blank\" rel=\"noopener noreferrer\">Artec3D-Eva<\/a><\/li>\n\n\n--><\/p>\n<p>Protocolos:<\/p>\n<ul class=\"list-peak\" style=\"margin-top: 10px;\">\n<li><a href=\"\/wp-content\/uploads\/2022\/04\/Protocolo-Acceso-Microscopio-Nikon-SMZ25.pdf\" target=\"_blank\" rel=\"noopener noreferrer\">Protocolo de acceso<\/a><\/li>\n<li><a href=\"\/wp-content\/uploads\/2022\/04\/Protocolo-Uso-Microscopio-Nikon-SMZ25.pdf\" target=\"_blank\" rel=\"noopener noreferrer\">Protocolo de uso<\/a><\/li>\n<\/ul>\n<p>Responsables:<\/p>\n<ul class=\"list-peak\" style=\"margin-top: 10px;\">\n<li>Responsable de gesti\u00f3n: <a href=\"mailto:cintecx@uvigo.es\" target=\"_blank\" rel=\"noopener noreferrer\">cintecx@uvigo.es<\/a><\/li>\n<li>Responsable cient\u00edfico: <a href=\"mailto:subdircintecx@uvigo.es\" target=\"_blank\" rel=\"noopener noreferrer\">subdircintecx@uvigo.es<\/a><\/li>\n<li>Responsable t\u00e9cnico: Ser\u00e1 el responsable de mantenimiento en los casos en que sea necesario<\/li>\n<\/ul>\n<\/div>\n<\/div>\n<\/div>\n<div class=\"card\" style=\"margin-top: -5px;\">\n<div class=\"card-header\"><a class=\"collapse h3 collapsed\" href=\"#camara\" data-toggle=\"collapse\" data-parent=\"#accordion\" aria-controls=\"camara\">C\u00e1mara Termogr\u00e1fica FLIR X6801<br \/>\n<span class=\"h6\">Medici\u00f3n precisa de temperaturas a distancia sin necesidad de contacto f\u00edsico con los objetos<\/span><\/a><\/div>\n<div id=\"camara\" class=\"collapse\" data-parent=\"#accordion\">\n<div class=\"card-body\">\n<p>Equipo disponible en modalidad de autoservicio, para los investigadores de CINTECX sin coste.<\/p>\n<p><!--Ficha:\n\n\n<ul class=\"list-peak\" style=\"margin-top: 10px;\">\n \t\n\n<li><a href=\"http:\/\/cintecx.uvigo.es\/wp-content\/uploads\/2022\/04\/Ficha-Equipo-Singular-Camara-Specim-FX17.pdf\" target=\"_blank\" rel=\"noopener noreferrer\">C\u00e1mara Specim FX17<\/a><\/li>\n\n\n<\/ul>\n\n\n--><br \/>\nInformaci\u00f3n:<\/p>\n<ul class=\"list-peak\" style=\"margin-top: 10px;\">\n<li><a href=\"\/wp-content\/uploads\/2022\/05\/6XXX-and-8XXX-SC.pdf\" target=\"_blank\" rel=\"noopener noreferrer\">Manual de usuario<\/a><\/li>\n<li><a href=\"\/wp-content\/uploads\/2022\/05\/CRG-IntroduccionTermografiaCortoV2-_Alta-Velocidad.pptx\" target=\"_blank\" rel=\"noopener noreferrer\">Introducci\u00f3n a la termograf\u00eda<\/a><\/li>\n<li><a href=\"\/wp-content\/uploads\/2022\/05\/Emisividad-Flir.pdf\" target=\"_blank\" rel=\"noopener noreferrer\">Tablas de emisividad<\/a><\/li>\n<li><a href=\"\/wp-content\/uploads\/2022\/05\/ISO_18434-1.pdf\" target=\"_blank\" rel=\"noopener noreferrer\">ISO 18434-1<\/a><\/li>\n<li><a href=\"\/wp-content\/uploads\/2022\/05\/ResearchIR-Manual.pdf\" target=\"_blank\" rel=\"noopener noreferrer\">Gu\u00eda de usuario ResearchIR<\/a><\/li>\n<\/ul>\n<p>Protocolos:<\/p>\n<ul class=\"list-peak\" style=\"margin-top: 10px;\">\n<li><a href=\"\/wp-content\/uploads\/2022\/05\/Protocolo-Acceso-Camara-Termografica-FLIR-X6801.pdf\" target=\"_blank\" rel=\"noopener noreferrer\">Protocolo de acceso<\/a><\/li>\n<li><a href=\"\/wp-content\/uploads\/2022\/05\/Protocolo-Uso-Camara-Termografica-FLIR-X6801.pdf\" target=\"_blank\" rel=\"noopener noreferrer\">Protocolo de uso<\/a><\/li>\n<\/ul>\n<p>Responsables:<\/p>\n<ul class=\"list-peak\" style=\"margin-top: 10px;\">\n<li>Responsable de gesti\u00f3n: <a href=\"mailto:cintecx@uvigo.es\" target=\"_blank\" rel=\"noopener noreferrer\">cintecx@uvigo.es<\/a><\/li>\n<li>Responsable cient\u00edfico: <a href=\"mailto:subdircintecx@uvigo.es\" target=\"_blank\" rel=\"noopener noreferrer\">subdircintecx@uvigo.es<\/a><\/li>\n<li>Responsable t\u00e9cnico: Ser\u00e1 el responsable de mantenimiento en los casos en que sea necesario<\/li>\n<\/ul>\n<p>Enlaces de inter\u00e9s:<\/p>\n<ul class=\"list-peak\" style=\"margin-top: 10px;\">\n<li>Descarga <a href=\"https:\/\/support.flir.com\/SwDownload\/app\/RssSWDownload.aspx?ID=12401\" target=\"_blank\" rel=\"noopener noreferrer\">software ResearchIR<\/a><\/li>\n<li>Documento <a href=\"https:\/\/flir.custhelp.com\/app\/answers\/detail\/a_id\/3192\/~\/exposing-camera-detectors-to-high-energy-sources\" target=\"_blank\" rel=\"noopener noreferrer\"> <em>\u00abExposing camera detectors to high energy sources\u00bb<\/em><\/a><\/li>\n<\/ul>\n<\/div>\n<\/div>\n<\/div>\n<\/div>\n<p>&nbsp;<\/p>\n<div class=\"custom-block graylight\">\n<h3>Tarifas<\/h3>\n<p>Consulta las tarifas por tipo de servicio y de usuario en este <a href=\"\/wp-content\/uploads\/2022\/04\/Tarifas_servicios_2022.pdf\" target=\"_blank\" rel=\"noopener noreferrer\">documento<\/a>.<\/p>\n<\/div>\n","protected":false},"excerpt":{"rendered":"<p>&nbsp; Equipo an\u00e1lisis hiperespectral Sistema de visi\u00f3n combinado con espectroscopia Equipo disponible en modalidad de autoservicio, para los investigadores de CINTECX sin coste. Ficha: C\u00e1mara &hellip; <a class=\"excerpt_more\" href=\"https:\/\/cintecx.uvigo.es\/es\/servicios\/autoservicio\/\">Contin\u00faa<\/a><\/p>\n","protected":false},"author":2,"featured_media":0,"parent":2217,"menu_order":20,"comment_status":"closed","ping_status":"closed","template":"views\/template-fullwidth.blade.php","meta":{"inline_featured_image":false,"footnotes":""},"class_list":["post-225062","page","type-page","status-publish","hentry"],"_links":{"self":[{"href":"https:\/\/cintecx.uvigo.es\/es\/wp-json\/wp\/v2\/pages\/225062","targetHints":{"allow":["GET"]}}],"collection":[{"href":"https:\/\/cintecx.uvigo.es\/es\/wp-json\/wp\/v2\/pages"}],"about":[{"href":"https:\/\/cintecx.uvigo.es\/es\/wp-json\/wp\/v2\/types\/page"}],"author":[{"embeddable":true,"href":"https:\/\/cintecx.uvigo.es\/es\/wp-json\/wp\/v2\/users\/2"}],"replies":[{"embeddable":true,"href":"https:\/\/cintecx.uvigo.es\/es\/wp-json\/wp\/v2\/comments?post=225062"}],"version-history":[{"count":19,"href":"https:\/\/cintecx.uvigo.es\/es\/wp-json\/wp\/v2\/pages\/225062\/revisions"}],"predecessor-version":[{"id":236308,"href":"https:\/\/cintecx.uvigo.es\/es\/wp-json\/wp\/v2\/pages\/225062\/revisions\/236308"}],"up":[{"embeddable":true,"href":"https:\/\/cintecx.uvigo.es\/es\/wp-json\/wp\/v2\/pages\/2217"}],"wp:attachment":[{"href":"https:\/\/cintecx.uvigo.es\/es\/wp-json\/wp\/v2\/media?parent=225062"}],"curies":[{"name":"wp","href":"https:\/\/api.w.org\/{rel}","templated":true}]}}