{"id":175123,"date":"2021-06-22T09:41:07","date_gmt":"2021-06-22T07:41:07","guid":{"rendered":"https:\/\/atlanttic.webs7.uvigo.es\/quienes-somos\/informes-anuais\/"},"modified":"2026-04-06T11:32:45","modified_gmt":"2026-04-06T09:32:45","slug":"transparencia","status":"publish","type":"page","link":"https:\/\/cintecx.uvigo.es\/es\/cintecx\/transparencia\/","title":{"rendered":"Transparencia"},"content":{"rendered":"<p><img decoding=\"async\" src=\"\/wp-content\/uploads\/2022\/01\/cintecx_1400x350.jpg\" alt=\"\" width=\"100%\" \/><\/p>\n<p>Con el objetivo de convertirnos en un centro de investigaci\u00f3n con la\u00a0<strong>m\u00e1xima transparencia<\/strong>, en esta secci\u00f3n presentamos a toda la sociedad la documentaci\u00f3n que acredita la actividad del centro, a trav\u00e9s de sus principales indicadores de investigaci\u00f3n, transferencia, difusi\u00f3n y divulgaci\u00f3n.<\/p>\n<ul class=\"list-peak\" style=\"margin-top: 10px;\">\n<li><strong>Memorias anuales<\/strong>: Documento resumen anual de los principales hitos e indicadores alcanzados por el centro.<br \/>\n<a href=\"\/wp-content\/uploads\/2026\/03\/Memoria-2025.pdf\" target=\"_blank\" rel=\"noopener noreferrer\">2025<\/a> | <a href=\"\/wp-content\/uploads\/2025\/04\/Memoria-2024-defin.pdf\" target=\"_blank\" rel=\"noopener noreferrer\">2024<\/a> | <a href=\"\/wp-content\/uploads\/2024\/05\/Memoria-2023_DEF.pdf\" target=\"_blank\" rel=\"noopener noreferrer\">2023<\/a> | <a href=\"\/wp-content\/uploads\/2023\/12\/Memoria-anual_Cintecx_2022.pdf\" target=\"_blank\" rel=\"noopener noreferrer\">2022<\/a> | <a href=\"\/wp-content\/uploads\/2022\/06\/Memoria-anual_2021.pdf\" target=\"_blank\" rel=\"noopener noreferrer\">2021<\/a> | <a href=\"http:\/\/cintecx.uvigo.es\/wp-content\/uploads\/2021\/07\/MemoriaAnual2020_final.pdf\" target=\"_blank\" rel=\"noopener noreferrer\">2020<\/a><\/li>\n<li><strong>Memorias de Responsabilidad Social de la Universidad de Vigo<\/strong> (RSU). CINTECX incorpora su informaci\u00f3n sobre actividades de Responsabilidad Social en las memorias de RSU de la Universidad de Vigo.<br \/>\n<a href=\"https:\/\/secretaria.uvigo.gal\/uv\/web\/transparencia\/pagina\/adjunto\/download\/17f90365a9f999f7ca196cf2519ba9ecf1bf2962fac98b5ac9b1ac80f4f7c336\" target=\"_blank\" rel=\"noopener\">2024<\/a> | <a href=\"https:\/\/secretaria.uvigo.gal\/uv\/web\/transparencia\/pagina\/adjunto\/download\/2f90f1adb820c83c17168552757865367c15c1131ed009b652ba3e284353547c\" target=\"_blank\" rel=\"noopener\">2023<\/a> | <a href=\"https:\/\/secretaria.uvigo.gal\/uv\/web\/transparencia\/pagina\/adjunto\/download\/8b947afe63059f93ba4e78e701361b992952f7e6731c52dcb460961baa6f150a\" target=\"_blank\" rel=\"noopener\">2022<\/a> | <a href=\"https:\/\/secretaria.uvigo.gal\/uv\/web\/transparencia\/pagina\/adjunto\/download\/7799739f660997fec2c91d5bced604076a653c3b64aba80c0d5c8e3763a8caea\" target=\"_blank\" rel=\"noopener noreferrer\">2021<\/a> | <a href=\"https:\/\/secretaria.uvigo.gal\/uv\/web\/transparencia\/pagina\/adjunto\/download\/f5c9a1826ca3a18a89d994b90243bf1b899bf3d43a4632ceafb843486085adc6\" target=\"_blank\" rel=\"noopener noreferrer\">2020<\/a> | <a href=\"https:\/\/secretaria.uvigo.gal\/uv\/web\/transparencia\/pagina\/adjunto\/download\/0a6ec45ced054b222ffe43ba0858e66b297d7d54b2a371e05a4ecfcfd8fbd7a8\" target=\"_blank\" rel=\"noopener noreferrer\">2019<\/a><\/li>\n<li><a href=\"\/wp-content\/uploads\/2025\/03\/Politica-de-Calidad-2025.pdf\" target=\"_blank\" rel=\"noopener\"><strong>Pol\u00edtica de calidad<\/strong><\/a>: Implantaci\u00f3n, mantenimiento y mejora de un Sistema de Gesti\u00f3n de la Calidad conforme a los requisitos de la Norma ISO 9001:2015.<\/li>\n<li><a href=\"\/wp-content\/uploads\/2022\/12\/Politica-Igualdad.pdf\" target=\"_blank\" rel=\"noopener\"><strong>Pol\u00edtica de igualdad<\/strong><\/a>: Instrumento responsable de la incorporaci\u00f3n transversal del principio de igualdad efectiva entre hombres y mujeres en todos los \u00e1mbitos y actividades que se desarrollan en el centro.<\/li>\n<li><strong>Convocatoria de Ayudas a la Movilidad Cintecx<\/strong>: Dirigida al personal investigador adscrito al centro para financiar parcialmente desplazamientos y\/o alojamientos vinculados a la presentaci\u00f3n de resultados de investigaci\u00f3n en congresos, exposiciones o reuniones cient\u00edficas.<br \/>\n<a href=\"https:\/\/cintecx.uvigo.es\/wp-content\/uploads\/2026\/03\/Resolucion-provisional-ayudas-movilidad-2026_signed.pdf\" target=\"_blank\" rel=\"noopener\">2026<\/a> | <a href=\"\/wp-content\/uploads\/2026\/04\/Resolucion-provisional-ayudas-movilidad-2026_Correcion-errores.pdf\" target=\"_blank\" rel=\"noopener noreferrer\">2026 &#8211; correcci\u00f3n de errores<\/a><\/li>\n<\/ul>\n<p>En el <a href=\"https:\/\/secretaria.uvigo.gal\/uv\/web\/transparencia\/\" rel=\"noopener\" target=\"_blank\">portal de transparencia<\/a> de la Universidade de Vigo se pueden consultar otros datos acerca de la transparencia.<\/p>\n","protected":false},"excerpt":{"rendered":"<p>Con el objetivo de convertirnos en un centro de investigaci\u00f3n con la\u00a0m\u00e1xima transparencia, en esta secci\u00f3n presentamos a toda la sociedad la documentaci\u00f3n que acredita &hellip; <a class=\"excerpt_more\" href=\"https:\/\/cintecx.uvigo.es\/es\/cintecx\/transparencia\/\">Contin\u00faa<\/a><\/p>\n","protected":false},"author":2,"featured_media":0,"parent":2094,"menu_order":40,"comment_status":"closed","ping_status":"closed","template":"views\/template-fullwidth.blade.php","meta":{"inline_featured_image":false,"footnotes":""},"class_list":["post-175123","page","type-page","status-publish","hentry"],"_links":{"self":[{"href":"https:\/\/cintecx.uvigo.es\/es\/wp-json\/wp\/v2\/pages\/175123","targetHints":{"allow":["GET"]}}],"collection":[{"href":"https:\/\/cintecx.uvigo.es\/es\/wp-json\/wp\/v2\/pages"}],"about":[{"href":"https:\/\/cintecx.uvigo.es\/es\/wp-json\/wp\/v2\/types\/page"}],"author":[{"embeddable":true,"href":"https:\/\/cintecx.uvigo.es\/es\/wp-json\/wp\/v2\/users\/2"}],"replies":[{"embeddable":true,"href":"https:\/\/cintecx.uvigo.es\/es\/wp-json\/wp\/v2\/comments?post=175123"}],"version-history":[{"count":46,"href":"https:\/\/cintecx.uvigo.es\/es\/wp-json\/wp\/v2\/pages\/175123\/revisions"}],"predecessor-version":[{"id":262071,"href":"https:\/\/cintecx.uvigo.es\/es\/wp-json\/wp\/v2\/pages\/175123\/revisions\/262071"}],"up":[{"embeddable":true,"href":"https:\/\/cintecx.uvigo.es\/es\/wp-json\/wp\/v2\/pages\/2094"}],"wp:attachment":[{"href":"https:\/\/cintecx.uvigo.es\/es\/wp-json\/wp\/v2\/media?parent=175123"}],"curies":[{"name":"wp","href":"https:\/\/api.w.org\/{rel}","templated":true}]}}