{"id":174906,"date":"2021-06-11T10:33:38","date_gmt":"2021-06-11T08:33:38","guid":{"rendered":"https:\/\/atlanttic.webs7.uvigo.es\/investigacion\/areas\/area5\/"},"modified":"2022-05-14T19:42:12","modified_gmt":"2022-05-14T17:42:12","slug":"at5","status":"publish","type":"page","link":"https:\/\/cintecx.uvigo.es\/es\/investigacion\/areas-de-investigacion\/at5\/","title":{"rendered":"Ingenier\u00eda Biom\u00e9dica"},"content":{"rendered":"<p><img decoding=\"async\" class=\"alignnone size-full wp-image-170417\" src=\"\/wp-content\/uploads\/2022\/01\/logo5_120px.png\" alt=\"\" \/><\/p>\n<div class=\"row\">\n<div class=\"col-lg-6\">\n<div class=\"embed-responsive embed-responsive-16by9\"><iframe src=\"https:\/\/www.youtube.com\/embed\/6Jex-zGH_OY\" frameborder=\"0\" allowfullscreen=\"allowfullscreen\"><\/iframe><\/div>\n<\/p><\/div>\n<div class=\"col-lg-6\">\n<h2>L\u00edneas de investigaci\u00f3n<\/h2>\n<ul class=\"list-peak\">\n<li>Biomateriales<\/li>\n<li>Biosensores<\/li>\n<li>Biofluidos<\/li>\n<li>Implantes e Ingenier\u00eda tisular<\/li>\n<li>Herramientas, tecnolog\u00edas y soluciones digitales para la salud y cuidados<\/li>\n<\/ul><\/div>\n<\/div>\n<p>&nbsp;<br \/>\nEn l\u00ednea con las prioridades contempladas por la estrategia europea de I+D+i en el \u00e1mbito de la salud, dentro del \u00e1rea de ingenier\u00eda biom\u00e9dica, en CINTECX se trabaja en el desarrollo de herramientas digitales, m\u00e9todos estad\u00edsticos y simulaciones num\u00e9ricas, como herramientas de apoyo en el proceso de toma de decisiones cl\u00ednicas y para permitir una evaluaci\u00f3n predictiva r\u00e1pida y precisa de la seguridad, eficacia y calidad de tecnolog\u00edas sanitarias. Adem\u00e1s, estamos alineados con las nuevas estrategias de nanomedicina, que se orientan hacia la medicina personalizada y tambi\u00e9n a la cirug\u00eda m\u00ednimamente invasiva.<\/p>\n<p>Investigamos en el desarrollo de nanotecnolog\u00eda aplicada a la biomedicina, y en el desarrollo de nuevos materiales para la salud, es decir, biomateriales que son compatibles con el cuerpo humano y que pueden utilizarse como injertos, como pr\u00f3tesis o biosensores y para ello utilizamos t\u00e9cnicas l\u00e1ser, procesos t\u00e9rmicos e impresoras 3D. Tambi\u00e9n estamos especializados en otro tipo de materiales, como los semiconductores o materiales \u00f3pticos quirales. Adem\u00e1s, estamos desarrollando biomateriales 4D, es decir, que a las tradicionales tres dimensiones le a\u00f1adimos la variable tiempo.<\/p>\n<p>Estamos desarrollando nuevas aleaciones para implantes, tanto dentales como ortop\u00e9dicos, que permitan que la carga se reparta de forma uniforme, porque ese material va a tener las propiedades mec\u00e1nicas similares a las del hueso, pero siendo un metal y esto lo hacemos asistido todo mediante t\u00e9cnicas l\u00e1ser.<br \/>\nTrabajamos en el CINTECX en el desarrollo de un nuevo sistema de fabricaci\u00f3n de fibras nanom\u00e9tricas, este material es un material biocompatible, vidrio bioactivo, que cuando se integran en el cuerpo puede ir siendo absorbido mientras el hueso va creciendo. En el campo las nanopart\u00edculas estamos fabricando nanopart\u00edculas con propiedades bactericidas que permiten prevenir infecciones tanto en implantes como en otras \u00e1reas del cuerpo.<\/p>\n<p>&nbsp;<\/p>\n<h2>Objetivos de desarrollo sostenible<\/h2>\n<div class=\"d-flex justify-content-start\">\n<img decoding=\"async\" align=\"left\" src=\"https:\/\/www.uvigo.gal\/sites\/uvigo.gal\/files\/inline-images\/3_saude_e_benestar.jpg\" width=\"100\" height=\"100\"\/>&nbsp;<img decoding=\"async\" align=\"left\" src=\"https:\/\/www.uvigo.gal\/sites\/uvigo.gal\/files\/inline-images\/8_traballo_decente_e_crecemento_economico.jpg\" width=\"100\" height=\"100\"\/>&nbsp;<img decoding=\"async\" align=\"left\" src=\"https:\/\/www.uvigo.gal\/sites\/uvigo.gal\/files\/inline-images\/9_industria_innovacion_e_infraestructura.jpg\" width=\"100\" height=\"100\"\/>&nbsp;<img decoding=\"async\" align=\"left\" src=\"https:\/\/www.uvigo.gal\/sites\/uvigo.gal\/files\/inline-images\/17_alianzas_para_acadar_os_obxectivos_0.jpg\" width=\"100\" height=\"100\"\/>\n<\/div>\n","protected":false},"excerpt":{"rendered":"<p>L\u00edneas de investigaci\u00f3n Biomateriales Biosensores Biofluidos Implantes e Ingenier\u00eda tisular Herramientas, tecnolog\u00edas y soluciones digitales para la salud y cuidados &nbsp; En l\u00ednea con las &hellip; <a class=\"excerpt_more\" href=\"https:\/\/cintecx.uvigo.es\/es\/investigacion\/areas-de-investigacion\/at5\/\">Contin\u00faa<\/a><\/p>\n","protected":false},"author":2,"featured_media":0,"parent":174881,"menu_order":50,"comment_status":"closed","ping_status":"closed","template":"views\/template-fullwidth.blade.php","meta":{"inline_featured_image":false,"footnotes":""},"class_list":["post-174906","page","type-page","status-publish","hentry"],"_links":{"self":[{"href":"https:\/\/cintecx.uvigo.es\/es\/wp-json\/wp\/v2\/pages\/174906","targetHints":{"allow":["GET"]}}],"collection":[{"href":"https:\/\/cintecx.uvigo.es\/es\/wp-json\/wp\/v2\/pages"}],"about":[{"href":"https:\/\/cintecx.uvigo.es\/es\/wp-json\/wp\/v2\/types\/page"}],"author":[{"embeddable":true,"href":"https:\/\/cintecx.uvigo.es\/es\/wp-json\/wp\/v2\/users\/2"}],"replies":[{"embeddable":true,"href":"https:\/\/cintecx.uvigo.es\/es\/wp-json\/wp\/v2\/comments?post=174906"}],"version-history":[{"count":8,"href":"https:\/\/cintecx.uvigo.es\/es\/wp-json\/wp\/v2\/pages\/174906\/revisions"}],"predecessor-version":[{"id":235035,"href":"https:\/\/cintecx.uvigo.es\/es\/wp-json\/wp\/v2\/pages\/174906\/revisions\/235035"}],"up":[{"embeddable":true,"href":"https:\/\/cintecx.uvigo.es\/es\/wp-json\/wp\/v2\/pages\/174881"}],"wp:attachment":[{"href":"https:\/\/cintecx.uvigo.es\/es\/wp-json\/wp\/v2\/media?parent=174906"}],"curies":[{"name":"wp","href":"https:\/\/api.w.org\/{rel}","templated":true}]}}