{"id":174902,"date":"2021-06-11T10:33:07","date_gmt":"2021-06-11T08:33:07","guid":{"rendered":"https:\/\/atlanttic.webs7.uvigo.es\/investigacion\/areas\/area4\/"},"modified":"2022-05-14T19:37:05","modified_gmt":"2022-05-14T17:37:05","slug":"at4","status":"publish","type":"page","link":"https:\/\/cintecx.uvigo.es\/es\/investigacion\/areas-de-investigacion\/at4\/","title":{"rendered":"Transporte"},"content":{"rendered":"<p><img decoding=\"async\" class=\"alignnone size-full wp-image-170417\" src=\"\/wp-content\/uploads\/2022\/01\/logo4_120px.png\" alt=\"\" \/><\/p>\n<div class=\"row\">\n<div class=\"col-lg-6\">\n<div class=\"embed-responsive embed-responsive-16by9\"><iframe src=\"https:\/\/www.youtube.com\/embed\/EiPcoTxyYfs\" frameborder=\"0\" allowfullscreen=\"allowfullscreen\"><\/iframe><\/div>\n<\/p><\/div>\n<div class=\"col-lg-6\">\n<h2>L\u00edneas de investigaci\u00f3n<\/h2>\n<ul class=\"list-peak\">\n<li>Propulsi\u00f3n y emisiones<\/li>\n<li>Veh\u00edculo el\u00e9ctrico<\/li>\n<li>Sistemas de ahorro de combustible<\/li>\n<li>Din\u00e1mica vehicular<\/li>\n<li>Transporte accesible, seguro y sostenible<\/li>\n<li>Movilidad inteligente y seguridad<\/li>\n<\/ul><\/div>\n<\/div>\n<p>&nbsp;<br \/>\nEn el \u00e1mbito del transporte, se necesitan soluciones propulsivas nuevas e innovadoras, basadas en motores el\u00e9ctricos y bater\u00edas, pilas de hidr\u00f3geno y de combustible, motores de gas y arquitecturas y tecnolog\u00edas avanzadas de motores o propulsi\u00f3n h\u00edbrida. La utilizaci\u00f3n de combustibles libres de carbono, y electricidad procedente de fuentes renovables en todas las formas de transporte. La reducci\u00f3n del consumo de combustible mediante la reducci\u00f3n de peso y la disminuci\u00f3n de resistencia aerodin\u00e1mica, hidrodin\u00e1mica y de rodaje utilizando materiales m\u00e1s ligeros, estructuras m\u00e1s sencillas y un dise\u00f1o innovador.<\/p>\n<p>En CINTECX mantenemos una actividad muy intensa en simulaci\u00f3n para el sector del transporte. Desarrollamos trabajos tanto para el veh\u00edculo convencional, desarrollando nuevos combustibles, mejorando la aerodin\u00e1mica reduciendo por tanto el consumo del veh\u00edculo convencional t\u00e9rmico, como del veh\u00edculo h\u00edbrido el\u00e9ctrico que presentan nuevos retos, generalmente asociados con su gesti\u00f3n t\u00e9rmica.<br \/>\nPara el sector ferroviario principalmente realizamos simulaci\u00f3n de aerodin\u00e1mica de trenes, lo cual requiere grandes capacidades de c\u00e1lculo y con esas simulaciones del tren completo conseguimos mejorar las prestaciones aerodin\u00e1micas del tren, con ello reducir su consumo y sus demandas energ\u00e9ticas y esas simulaciones permiten evitar los costos\u00edsimos ensayos en t\u00fanel de viento.<\/p>\n<p>Las simulaciones que hacemos para el sector naval se centran principalmente en buscar alternativas a los sistemas de propulsi\u00f3n convencional. Esto incluye tanto la simulaci\u00f3n de nuevos combustibles con menor huella de carbono, como soluciones m\u00e1s disruptivas como combustibles sin carbono que podr\u00edan ser el amoniaco o el hidr\u00f3geno.<br \/>\nEn nuestras instalaciones de banco de motores, se obtienen datos que no s\u00f3lo nos sirven para la validaci\u00f3n de algunos de los modelos matem\u00e1ticos desarrollados, sino tambi\u00e9n est\u00e1n a disposici\u00f3n de ofrecer servicios para realizar directamente pruebas que nos pidan los fabricantes de motores, combustibles o aceites.<br \/>\nPor otra parte, tambi\u00e9n estamos desarrollando una serie de proyectos relacionados con el \u00e1mbito de la movilidad y de las infraestructuras del transporte en aspectos como el incremento de la resiliencia de estas infraestructuras ante eventos extremos.<\/p>\n<p>&nbsp;<\/p>\n<h2>Objetivos de desarrollo sostenible<\/h2>\n<div class=\"d-flex justify-content-start\">\n<img decoding=\"async\" align=\"left\" src=\"https:\/\/www.uvigo.gal\/sites\/uvigo.gal\/files\/inline-images\/3_saude_e_benestar.jpg\" width=\"100\" height=\"100\"\/>&nbsp;<img decoding=\"async\" align=\"left\" src=\"https:\/\/www.uvigo.gal\/sites\/uvigo.gal\/files\/inline-images\/6_auga_limpa_e_saneamento.jpg\" width=\"100\" height=\"100\"\/>&nbsp;<img decoding=\"async\" align=\"left\" src=\"https:\/\/www.uvigo.gal\/sites\/uvigo.gal\/files\/inline-images\/7_enerxia_accesible_e_non_contaminante.jpg\" width=\"100\" height=\"100\"\/>&nbsp;<img decoding=\"async\" align=\"left\" src=\"https:\/\/www.uvigo.gal\/sites\/uvigo.gal\/files\/inline-images\/8_traballo_decente_e_crecemento_economico.jpg\" width=\"100\" height=\"100\"\/>&nbsp;<img decoding=\"async\" align=\"left\" src=\"https:\/\/www.uvigo.gal\/sites\/uvigo.gal\/files\/inline-images\/9_industria_innovacion_e_infraestructura.jpg\" width=\"100\" height=\"100\"\/>&nbsp;<img decoding=\"async\" align=\"left\" src=\"https:\/\/www.uvigo.gal\/sites\/uvigo.gal\/files\/inline-images\/11_cidades_e_comunidades_sostibles.jpg\" width=\"100\" height=\"100\"\/>&nbsp;<img decoding=\"async\" align=\"left\" src=\"https:\/\/www.uvigo.gal\/sites\/uvigo.gal\/files\/inline-images\/12_producion_e_consumo_responsables_0.jpg\" width=\"100\" height=\"100\"\/>&nbsp;<img decoding=\"async\" align=\"left\" src=\"https:\/\/www.uvigo.gal\/sites\/uvigo.gal\/files\/inline-images\/13_accion_polo_clima.jpg\" width=\"100\" height=\"100\"\/>&nbsp;<img decoding=\"async\" align=\"left\" src=\"https:\/\/www.uvigo.gal\/sites\/uvigo.gal\/files\/inline-images\/17_alianzas_para_acadar_os_obxectivos_0.jpg\" width=\"100\" height=\"100\"\/>\n<\/div>\n","protected":false},"excerpt":{"rendered":"<p>L\u00edneas de investigaci\u00f3n Propulsi\u00f3n y emisiones Veh\u00edculo el\u00e9ctrico Sistemas de ahorro de combustible Din\u00e1mica vehicular Transporte accesible, seguro y sostenible Movilidad inteligente y seguridad &nbsp; &hellip; <a class=\"excerpt_more\" href=\"https:\/\/cintecx.uvigo.es\/es\/investigacion\/areas-de-investigacion\/at4\/\">Contin\u00faa<\/a><\/p>\n","protected":false},"author":2,"featured_media":0,"parent":174881,"menu_order":40,"comment_status":"closed","ping_status":"closed","template":"views\/template-fullwidth.blade.php","meta":{"inline_featured_image":false,"footnotes":""},"class_list":["post-174902","page","type-page","status-publish","hentry"],"_links":{"self":[{"href":"https:\/\/cintecx.uvigo.es\/es\/wp-json\/wp\/v2\/pages\/174902","targetHints":{"allow":["GET"]}}],"collection":[{"href":"https:\/\/cintecx.uvigo.es\/es\/wp-json\/wp\/v2\/pages"}],"about":[{"href":"https:\/\/cintecx.uvigo.es\/es\/wp-json\/wp\/v2\/types\/page"}],"author":[{"embeddable":true,"href":"https:\/\/cintecx.uvigo.es\/es\/wp-json\/wp\/v2\/users\/2"}],"replies":[{"embeddable":true,"href":"https:\/\/cintecx.uvigo.es\/es\/wp-json\/wp\/v2\/comments?post=174902"}],"version-history":[{"count":10,"href":"https:\/\/cintecx.uvigo.es\/es\/wp-json\/wp\/v2\/pages\/174902\/revisions"}],"predecessor-version":[{"id":235033,"href":"https:\/\/cintecx.uvigo.es\/es\/wp-json\/wp\/v2\/pages\/174902\/revisions\/235033"}],"up":[{"embeddable":true,"href":"https:\/\/cintecx.uvigo.es\/es\/wp-json\/wp\/v2\/pages\/174881"}],"wp:attachment":[{"href":"https:\/\/cintecx.uvigo.es\/es\/wp-json\/wp\/v2\/media?parent=174902"}],"curies":[{"name":"wp","href":"https:\/\/api.w.org\/{rel}","templated":true}]}}