{"id":174898,"date":"2021-06-11T10:32:36","date_gmt":"2021-06-11T08:32:36","guid":{"rendered":"https:\/\/atlanttic.webs7.uvigo.es\/investigacion\/areas\/area3\/"},"modified":"2022-06-06T16:29:59","modified_gmt":"2022-06-06T14:29:59","slug":"at3","status":"publish","type":"page","link":"https:\/\/cintecx.uvigo.es\/es\/investigacion\/areas-de-investigacion\/at3\/","title":{"rendered":"Energ\u00eda"},"content":{"rendered":"<p><img decoding=\"async\" class=\"alignnone size-full wp-image-170417\" src=\"\/wp-content\/uploads\/2022\/01\/logo3_120px.png\" alt=\"\" \/><\/p>\n<div class=\"row\">\n<div class=\"col-lg-6\">\n<div class=\"embed-responsive embed-responsive-16by9\"><iframe src=\"https:\/\/www.youtube.com\/embed\/BzEFUO7Hgwg\" frameborder=\"0\" allowfullscreen=\"allowfullscreen\"><\/iframe><\/div>\n<\/p><\/div>\n<div class=\"col-lg-6\">\n<h2>L\u00edneas de investigaci\u00f3n<\/h2>\n<ul class=\"list-peak\">\n<li>Energ\u00edas renovables<\/li>\n<li>Eficiencia energ\u00e9tica en la edificaci\u00f3n y en la industria<\/li>\n<li>Almacenamiento de energ\u00eda<\/li>\n<li>Nuevos Combustibles<\/li>\n<li>Bater\u00edas<\/li>\n<li>Redes<\/li>\n<\/ul><\/div>\n<\/div>\n<p>&nbsp;<br \/>\nLa transici\u00f3n a un sistema energ\u00e9tico fiable y la reducci\u00f3n de la dependencia de los combustibles f\u00f3siles en un contexto de creciente escasez de recursos, aumento de las necesidades de energ\u00eda y cambio clim\u00e1tico, es una prioridad tem\u00e1tica del Programa Marco de Investigaci\u00f3n e Innovaci\u00f3n de la Uni\u00f3n Europea.<\/p>\n<p>En el marco de investigaci\u00f3n en energ\u00eda segura, limpia y eficiente, trabajamos en l\u00edneas como las energ\u00edas renovables, la eficiencia energ\u00e9tica en edificaci\u00f3n e industria, bater\u00edas, generaci\u00f3n y sistemas de almacenamiento de energ\u00eda, hidr\u00f3geno y combustibles renovables y en nuevos conocimientos y tecnolog\u00edas m\u00e1s eficientes y de coste competitivo.<\/p>\n<p>Adem\u00e1s del desarrollo de modelos computacionales con c\u00f3digo propio, disponemos de las herramientas comerciales de c\u00e1lculo computacional CFD y estructurales m\u00e1s punteras para dar respuesta a las necesidades de c\u00e1lculo de diferentes sectores (automoci\u00f3n, aeroespacial, naval, alimentario, etc). En este sentido, a la experiencia adquirida a trav\u00e9s de la ejecuci\u00f3n de m\u00faltiples proyectos a lo largo de los a\u00f1os, tanto en colaboraci\u00f3n directa con empresas o a trav\u00e9s de convocatorias competitivas, se suma un cl\u00faster de potencia computacional de 95 TFLOPs con un total de 1 560 n\u00facleos.<\/p>\n<p>En CINTECX tenemos una amplia experiencia en proyectos en el sector de las energ\u00edas renovables, con proyectos y trabajos en combusti\u00f3n y gasificaci\u00f3n de biomasa, con la energ\u00eda solar, energ\u00eda e\u00f3lica o la energ\u00eda de origen marino.<\/p>\n<p>Trabajamos en el desarrollo de materiales para bater\u00edas de ion Litio, en un nuevo concepto que implica la corrosi\u00f3n y las propiedades que tienen los \u00f3xidos, las capas de conversi\u00f3n, en general, para almacenamiento de energ\u00eda.<\/p>\n<p>En el \u00e1mbito de la eficiencia energ\u00e9tica en edificaci\u00f3n, tenemos experiencia en la creaci\u00f3n de modelos din\u00e1micos del comportamiento energ\u00e9tico de los edificios y en predicci\u00f3n de la calidad del aire interior de los mismos. Esto nos permite, por ejemplo, el desarrollo de un modelo de un gemelo digital de un edificio. Estamos empleando modelizaci\u00f3n para la optimizaci\u00f3n de mixes energ\u00e9ticos, en especial de energ\u00edas renovables como la fotovoltaica y la recarga del veh\u00edculo el\u00e9ctrico.<\/p>\n<p>Colaboramos con la Agencia Internacional de la Energ\u00eda aplicando todo este conocimiento al desarrollo de nuevos indicadores de eficiencia que constituir\u00e1n el futuro de las certificaciones y etiquetas energ\u00e9ticas de los edificios.<\/p>\n<p>&nbsp;<\/p>\n<h2>Objetivos de desarrollo sostenible<\/h2>\n<div class=\"d-flex justify-content-start\">\n<img decoding=\"async\" align=\"left\" src=\"https:\/\/www.uvigo.gal\/sites\/uvigo.gal\/files\/inline-images\/4_educacion_de_calidade.jpg\" width=\"100\" height=\"100\"\/>&nbsp;<img decoding=\"async\" align=\"left\" src=\"https:\/\/www.uvigo.gal\/sites\/uvigo.gal\/files\/inline-images\/7_enerxia_accesible_e_non_contaminante.jpg\" width=\"100\" height=\"100\"\/>&nbsp;<img decoding=\"async\" align=\"left\" src=\"https:\/\/www.uvigo.gal\/sites\/uvigo.gal\/files\/inline-images\/8_traballo_decente_e_crecemento_economico.jpg\" width=\"100\" height=\"100\"\/>&nbsp;<img decoding=\"async\" align=\"left\" src=\"https:\/\/www.uvigo.gal\/sites\/uvigo.gal\/files\/inline-images\/9_industria_innovacion_e_infraestructura.jpg\" width=\"100\" height=\"100\"\/>&nbsp;<img decoding=\"async\" align=\"left\" src=\"https:\/\/www.uvigo.gal\/sites\/uvigo.gal\/files\/inline-images\/17_alianzas_para_acadar_os_obxectivos_0.jpg\" width=\"100\" height=\"100\"\/>\n<\/div>\n","protected":false},"excerpt":{"rendered":"<p>L\u00edneas de investigaci\u00f3n Energ\u00edas renovables Eficiencia energ\u00e9tica en la edificaci\u00f3n y en la industria Almacenamiento de energ\u00eda Nuevos Combustibles Bater\u00edas Redes &nbsp; La transici\u00f3n a &hellip; <a class=\"excerpt_more\" href=\"https:\/\/cintecx.uvigo.es\/es\/investigacion\/areas-de-investigacion\/at3\/\">Contin\u00faa<\/a><\/p>\n","protected":false},"author":2,"featured_media":0,"parent":174881,"menu_order":30,"comment_status":"closed","ping_status":"closed","template":"views\/template-fullwidth.blade.php","meta":{"inline_featured_image":false,"footnotes":""},"class_list":["post-174898","page","type-page","status-publish","hentry"],"_links":{"self":[{"href":"https:\/\/cintecx.uvigo.es\/es\/wp-json\/wp\/v2\/pages\/174898","targetHints":{"allow":["GET"]}}],"collection":[{"href":"https:\/\/cintecx.uvigo.es\/es\/wp-json\/wp\/v2\/pages"}],"about":[{"href":"https:\/\/cintecx.uvigo.es\/es\/wp-json\/wp\/v2\/types\/page"}],"author":[{"embeddable":true,"href":"https:\/\/cintecx.uvigo.es\/es\/wp-json\/wp\/v2\/users\/2"}],"replies":[{"embeddable":true,"href":"https:\/\/cintecx.uvigo.es\/es\/wp-json\/wp\/v2\/comments?post=174898"}],"version-history":[{"count":8,"href":"https:\/\/cintecx.uvigo.es\/es\/wp-json\/wp\/v2\/pages\/174898\/revisions"}],"predecessor-version":[{"id":235719,"href":"https:\/\/cintecx.uvigo.es\/es\/wp-json\/wp\/v2\/pages\/174898\/revisions\/235719"}],"up":[{"embeddable":true,"href":"https:\/\/cintecx.uvigo.es\/es\/wp-json\/wp\/v2\/pages\/174881"}],"wp:attachment":[{"href":"https:\/\/cintecx.uvigo.es\/es\/wp-json\/wp\/v2\/media?parent=174898"}],"curies":[{"name":"wp","href":"https:\/\/api.w.org\/{rel}","templated":true}]}}