{"id":174885,"date":"2021-06-11T10:22:26","date_gmt":"2021-06-11T08:22:26","guid":{"rendered":"https:\/\/atlanttic.webs7.uvigo.es\/investigacion\/areas\/area1\/"},"modified":"2022-05-28T23:35:11","modified_gmt":"2022-05-28T21:35:11","slug":"at1","status":"publish","type":"page","link":"https:\/\/cintecx.uvigo.es\/es\/investigacion\/areas-de-investigacion\/at1\/","title":{"rendered":"Electr\u00f3nica y Autom\u00e1tica"},"content":{"rendered":"<p><img decoding=\"async\" class=\"alignnone size-full wp-image-170417\" src=\"\/wp-content\/uploads\/2022\/01\/logo1_120px.png\" alt=\"\" width=\"150\" height=\"150\" \/><\/p>\n<div class=\"row\">\n<div class=\"col-lg-6\">\n<div class=\"embed-responsive embed-responsive-16by9\"><iframe  src=\"https:\/\/www.youtube.com\/embed\/rLt2RLg_YaU\" frameborder=\"0\" allowfullscreen=\"allowfullscreen\"><\/iframe><\/div>\n<\/p><\/div>\n<div class=\"col-lg-6\">\n<h2>L\u00edneas de investigaci\u00f3n<\/h2>\n<ul class=\"list-peak\">\n<li>Inteligencia artificial y rob\u00f3tica<\/li>\n<li>Sensores<\/li>\n<li>Optoelectr\u00f3nica y micro\/nanoelectr\u00f3nica<\/li>\n<li>Electr\u00f3nica de potencia<\/li>\n<li>Sistemas flexibles y eficientes de gesti\u00f3n de potencia<\/li>\n<\/ul><\/div>\n<\/div>\n<p>&nbsp;<\/p>\n<p>La comisi\u00f3n europea considera que las tecnolog\u00edas facilitadoras esenciales impulsar\u00e1n el liderazgo tecnol\u00f3gico europeo, vital para desplegar las tecnolog\u00edas industriales del futuro. Se enmarcan dentro del \u00e1rea de Electr\u00f3nica y Autom\u00e1tica diferentes proyectos en el \u00e1mbito de la inteligencia artificial y la rob\u00f3tica. Se investiga en materia de sensores, optoelectr\u00f3nica y nanoelectr\u00f3nica, y en el desarrollo de sistemas flexibles y eficientes de gesti\u00f3n de potencia.<\/p>\n<p>En esta \u00e1rea trabajamos en el desarrollo de algoritmos de control de convertidores electr\u00f3nicos de potencia aplicados a accionamientos el\u00e9ctricos tolerantes a faltas y a convertidores electr\u00f3nicos conectados a red o que trabajan de forma aislada; robustos, fiables y resilientes. Hemos desarrollado sistemas electr\u00f3nicos de potencia para aplicaciones de energ\u00eda fotovoltaica, para aplicaciones de recuperaci\u00f3n de energ\u00eda en sistemas de transporte de agua, sistemas metal\u00fargicos basados en soldadura de fricci\u00f3n batida, soldadura TIG y MIG, recientemente en soldadura por resistencia.<\/p>\n<p>En esta \u00e1rea de investigaci\u00f3n hemos desarrollado sistemas electr\u00f3nicos de potencia para aplicaciones de movilidad el\u00e9ctrica principalmente mar\u00edtimas, sistemas de propulsi\u00f3n el\u00e9ctrica, an\u00e1lisis de plantas el\u00e9ctricas para barcos. Nuestro \u00e1mbito de trabajo est\u00e1 relacionado con la aplicaci\u00f3n de inteligencia artificial y la rob\u00f3tica en la gesti\u00f3n y mantenimiento de infraestructuras y buscando el incremento de la optimizaci\u00f3n de recursos y de seguridad de los usuarios de las mismas. El incremento del uso de la inteligencia artificial, la rob\u00f3tica, creemos que va a ser clave en los pr\u00f3ximos a\u00f1os.<\/p>\n<p>&nbsp;<\/p>\n<h2>Objetivos de desarrollo sostenible<\/h2>\n<div class=\"d-flex justify-content-start\" style=\"flex-wrap:wrap;\">\n<img decoding=\"async\" style=\"margin-bottom:10px;\" align=\"left\" src=\"https:\/\/www.uvigo.gal\/sites\/uvigo.gal\/files\/inline-images\/3_saude_e_benestar.jpg\" width=\"100\" height=\"100\"\/>&nbsp;<img decoding=\"async\" style=\"margin-bottom:10px\" align=\"left\" src=\"https:\/\/www.uvigo.gal\/sites\/uvigo.gal\/files\/inline-images\/4_educacion_de_calidade.jpg\" width=\"100\" height=\"100\"\/>&nbsp;<img decoding=\"async\" style=\"margin-bottom:10px\" align=\"left\" src=\"https:\/\/www.uvigo.gal\/sites\/uvigo.gal\/files\/inline-images\/7_enerxia_accesible_e_non_contaminante.jpg\" width=\"100\" height=\"100\"\/><br \/>\n&nbsp;<img decoding=\"async\" style=\"margin-bottom:10px;\" align=\"left\" src=\"https:\/\/www.uvigo.gal\/sites\/uvigo.gal\/files\/inline-images\/8_traballo_decente_e_crecemento_economico.jpg\" width=\"100\" height=\"100\"\/>&nbsp;<img decoding=\"async\" style=\"margin-bottom:10px;\" align=\"left\" src=\"https:\/\/www.uvigo.gal\/sites\/uvigo.gal\/files\/inline-images\/9_industria_innovacion_e_infraestructura.jpg\" width=\"100\" height=\"100\"\/>&nbsp;<img decoding=\"async\" style=\"margin-bottom:10px;\" align=\"left\" src=\"https:\/\/www.uvigo.gal\/sites\/uvigo.gal\/files\/inline-images\/17_alianzas_para_acadar_os_obxectivos_0.jpg\" width=\"100\" height=\"100\"\/>\n<\/div>\n","protected":false},"excerpt":{"rendered":"<p>L\u00edneas de investigaci\u00f3n Inteligencia artificial y rob\u00f3tica Sensores Optoelectr\u00f3nica y micro\/nanoelectr\u00f3nica Electr\u00f3nica de potencia Sistemas flexibles y eficientes de gesti\u00f3n de potencia &nbsp; La comisi\u00f3n &hellip; <a class=\"excerpt_more\" href=\"https:\/\/cintecx.uvigo.es\/es\/investigacion\/areas-de-investigacion\/at1\/\">Contin\u00faa<\/a><\/p>\n","protected":false},"author":2,"featured_media":0,"parent":174881,"menu_order":10,"comment_status":"closed","ping_status":"closed","template":"views\/template-fullwidth.blade.php","meta":{"inline_featured_image":false,"footnotes":""},"class_list":["post-174885","page","type-page","status-publish","hentry"],"_links":{"self":[{"href":"https:\/\/cintecx.uvigo.es\/es\/wp-json\/wp\/v2\/pages\/174885","targetHints":{"allow":["GET"]}}],"collection":[{"href":"https:\/\/cintecx.uvigo.es\/es\/wp-json\/wp\/v2\/pages"}],"about":[{"href":"https:\/\/cintecx.uvigo.es\/es\/wp-json\/wp\/v2\/types\/page"}],"author":[{"embeddable":true,"href":"https:\/\/cintecx.uvigo.es\/es\/wp-json\/wp\/v2\/users\/2"}],"replies":[{"embeddable":true,"href":"https:\/\/cintecx.uvigo.es\/es\/wp-json\/wp\/v2\/comments?post=174885"}],"version-history":[{"count":28,"href":"https:\/\/cintecx.uvigo.es\/es\/wp-json\/wp\/v2\/pages\/174885\/revisions"}],"predecessor-version":[{"id":235552,"href":"https:\/\/cintecx.uvigo.es\/es\/wp-json\/wp\/v2\/pages\/174885\/revisions\/235552"}],"up":[{"embeddable":true,"href":"https:\/\/cintecx.uvigo.es\/es\/wp-json\/wp\/v2\/pages\/174881"}],"wp:attachment":[{"href":"https:\/\/cintecx.uvigo.es\/es\/wp-json\/wp\/v2\/media?parent=174885"}],"curies":[{"name":"wp","href":"https:\/\/api.w.org\/{rel}","templated":true}]}}