{"id":174881,"date":"2021-06-11T10:21:39","date_gmt":"2021-06-11T08:21:39","guid":{"rendered":"https:\/\/atlanttic.webs7.uvigo.es\/investigacion\/areas\/"},"modified":"2026-04-19T17:08:38","modified_gmt":"2026-04-19T15:08:38","slug":"areas-de-investigacion","status":"publish","type":"page","link":"https:\/\/cintecx.uvigo.es\/es\/investigacion\/areas-de-investigacion\/","title":{"rendered":"\u00c1reas de investigaci\u00f3n"},"content":{"rendered":"<p><img decoding=\"async\" src=\"\/wp-content\/uploads\/2022\/03\/s_investigacion.jpg\" alt=\"investigaci\u00f3n\" \/><\/p>\n<div class=\"row\">\n<div class=\"col-md-6 col-lg-4\">\n<div class=\"card\" style=\"min-width: 25%;\">\n<div class=\"card-body\"><img decoding=\"async\" src=\"\/wp-content\/uploads\/2022\/01\/logo1_120px.png\" \/><\/p>\n<h3 class=\"card-title\"><a href=\"at1\" target=\"_blank\" rel=\"noopener\">Electr\u00f3nica y Autom\u00e1tica<\/a><\/h3>\n<\/div>\n<\/div>\n<p>&nbsp;<\/p>\n<\/div>\n<div class=\"col-md-6 col-lg-4\">\n<div class=\"card\" style=\"min-width: 25%;\">\n<div class=\"card-body\"><img decoding=\"async\" src=\"\/wp-content\/uploads\/2022\/01\/logo2_120px.png\" \/><\/p>\n<h3 class=\"card-title\"><a href=\"at2\" target=\"_blank\" rel=\"noopener\">Fabricaci\u00f3n y materiales<\/a><\/h3>\n<\/div>\n<\/div>\n<p>&nbsp;<\/p>\n<\/div>\n<div class=\"col-md-6 col-lg-4\">\n<div class=\"card\" style=\"min-width: 25%;\">\n<div class=\"card-body\"><img decoding=\"async\" src=\"\/wp-content\/uploads\/2022\/01\/logo3_120px.png\" \/><\/p>\n<h3 class=\"card-title\"><a href=\"at3\" target=\"_blank\" rel=\"noopener\">Energ\u00eda<\/a><\/h3>\n<\/div>\n<\/div>\n<p>&nbsp;<\/p>\n<\/div>\n<div class=\" col-md-6 col-lg-4\">\n<div class=\"card\" style=\"min-width: 25%;\">\n<div class=\"card-body\"><img decoding=\"async\" src=\"\/wp-content\/uploads\/2022\/01\/logo4_120px.png\" \/><\/p>\n<h3 class=\"card-title\"><a href=\"at4\" target=\"_blank\" rel=\"noopener\">Transporte<\/a><\/h3>\n<\/div>\n<\/div>\n<p>&nbsp;<\/p>\n<\/div>\n<div class=\"col-md-6 col-lg-4\">\n<div class=\"card\" style=\"min-width: 25%;\">\n<div class=\"card-body\"><img decoding=\"async\" src=\"\/wp-content\/uploads\/2022\/01\/logo5_120px.png\" \/><\/p>\n<h3 class=\"card-title\"><a href=\"at5\" target=\"_blank\" rel=\"noopener\">Ingenier\u00eda Biom\u00e9dica<\/a><\/h3>\n<\/div>\n<\/div>\n<p>&nbsp;<\/p>\n<\/div>\n<div class=\"col-md-6 col-lg-4\">\n<div class=\"card\" style=\"min-width: 25%;\">\n<div class=\"card-body\"><img decoding=\"async\" src=\"\/wp-content\/uploads\/2022\/01\/logo6_120px.png\" \/><\/p>\n<h3 class=\"card-title\"><a href=\"at6\" target=\"_blank\" rel=\"noopener\">Sostenibilidad y recursos naturales<\/a><\/h3>\n<\/div>\n<\/div>\n<p>&nbsp;<\/p>\n<\/div>\n<\/div>\n","protected":false},"excerpt":{"rendered":"<p>Electr\u00f3nica y Autom\u00e1tica &nbsp; Fabricaci\u00f3n y materiales &nbsp; Energ\u00eda &nbsp; Transporte &nbsp; Ingenier\u00eda Biom\u00e9dica &nbsp; Sostenibilidad y recursos naturales &nbsp;<\/p>\n","protected":false},"author":2,"featured_media":0,"parent":18714,"menu_order":20,"comment_status":"closed","ping_status":"closed","template":"views\/template-fullwidth.blade.php","meta":{"inline_featured_image":false,"footnotes":""},"class_list":["post-174881","page","type-page","status-publish","hentry"],"_links":{"self":[{"href":"https:\/\/cintecx.uvigo.es\/es\/wp-json\/wp\/v2\/pages\/174881","targetHints":{"allow":["GET"]}}],"collection":[{"href":"https:\/\/cintecx.uvigo.es\/es\/wp-json\/wp\/v2\/pages"}],"about":[{"href":"https:\/\/cintecx.uvigo.es\/es\/wp-json\/wp\/v2\/types\/page"}],"author":[{"embeddable":true,"href":"https:\/\/cintecx.uvigo.es\/es\/wp-json\/wp\/v2\/users\/2"}],"replies":[{"embeddable":true,"href":"https:\/\/cintecx.uvigo.es\/es\/wp-json\/wp\/v2\/comments?post=174881"}],"version-history":[{"count":24,"href":"https:\/\/cintecx.uvigo.es\/es\/wp-json\/wp\/v2\/pages\/174881\/revisions"}],"predecessor-version":[{"id":262229,"href":"https:\/\/cintecx.uvigo.es\/es\/wp-json\/wp\/v2\/pages\/174881\/revisions\/262229"}],"up":[{"embeddable":true,"href":"https:\/\/cintecx.uvigo.es\/es\/wp-json\/wp\/v2\/pages\/18714"}],"wp:attachment":[{"href":"https:\/\/cintecx.uvigo.es\/es\/wp-json\/wp\/v2\/media?parent=174881"}],"curies":[{"name":"wp","href":"https:\/\/api.w.org\/{rel}","templated":true}]}}