{"id":170391,"date":"2021-05-21T11:23:06","date_gmt":"2021-05-21T09:23:06","guid":{"rendered":"https:\/\/atlanttic.webs7.uvigo.es\/quienes-somos\/o-centro\/"},"modified":"2024-11-14T11:58:53","modified_gmt":"2024-11-14T10:58:53","slug":"quienes-somos","status":"publish","type":"page","link":"https:\/\/cintecx.uvigo.es\/es\/cintecx\/quienes-somos\/","title":{"rendered":"Quienes somos"},"content":{"rendered":"<p><!--<img decoding=\"async\" src=\"\/wp-content\/uploads\/2022\/01\/cintecx_1400x350.jpg\" alt=\"\" width=\"100%\" \/>--><\/p>\n<div class=\"row\">\n<div class=\"col-lg-6\">\n<div class=\"embed-responsive embed-responsive-16by9\"><iframe src=\"https:\/\/tv.uvigo.es\/iframe\/6059aa877f453806a1404b18\" frameborder=\"0\" allowfullscreen=\"allowfullscreen\"><\/iframe><\/div>\n<\/div>\n<div class=\"col-lg-6\">\n<p>CINTECX es el Centro de Investigaci\u00f3n en Tecnolog\u00edas, Energ\u00eda y Procesos Industriales de la Universidad de Vigo.<\/p>\n<p>CINTECX focaliza el esfuerzo multidisciplinar de sus investigadores para desarrollar investigaci\u00f3n b\u00e1sica y orientada y trasladar conocimiento al sector productivo con alto nivel de excelencia y competitividad.<\/p>\n<p>La larga trayectoria de los investigadores de su amplio equipo permite al centro situarse en la vanguardia de la I+D+i en l\u00edneas como las energ\u00edas renovables, eficiencia energ\u00e9tica, el aprovechamiento de recursos naturales, la valorizaci\u00f3n de residuos industriales, el desarrollo y aplicaci\u00f3n de t\u00e9cnicas de fabricaci\u00f3n avanzada y nuevos materiales, tecnolog\u00edas de propulsi\u00f3n limpias o la inteligencia artificial.<\/p>\n<\/div>\n<\/div>\n<p>&nbsp;<br \/>\n<!--\n\n<h2>Visi\u00f3n, misi\u00f3n y valores <\/h2>\n\n\n\n\n\n<hr style=\"height: 3px; width: 100%; background-color: #dfdfdf; align=left\" \/>--><\/p>\n<p><!--Los Centros de Investigaci\u00f3n son <strong>instrumentos<\/strong> de la Universidad de Vigo para la organizaci\u00f3n y ejecuci\u00f3n de su  <strong>agenda de investigaci\u00f3n<\/strong>.\n\nEl Centro de Investigaci\u00f3n de Tecnolog\u00edas, Energ\u00eda y Procesos Industriales agrupa Grupos de Investigaci\u00f3n <strong>multidisciplinarios<\/strong> en campos relacionados con la <strong>4\u00aa Revoluci\u00f3n Industrial<\/strong> y disfruta de los beneficios de una <strong>Escuela de Ingenier\u00eda centenaria<\/strong> (\u00fanica en la regi\u00f3n). CINTECX capitaliza su <strong>privilegiada situaci\u00f3n geogr\u00e1fica dentro de Galicia<\/strong>, verdadero motor econ\u00f3mico industrial para la regi\u00f3n y para el pa\u00eds.--><\/p>\n<h2>Visi\u00f3n<\/h3>\n<hr style=\"height:0,75px; width:100%; background-color:#dfdfdf; text-align:left;\" \/>\n&nbsp;<\/p>\n<div class=\"row\">\n<div class=\"col-md-6\">\n<img decoding=\"async\" src=\"\/wp-content\/uploads\/2022\/03\/vision.jpg\" \/><\/p>\n<\/div>\n<div class=\"col-md-6\">\n<p>La visi\u00f3n de <strong>Cintecx<\/strong> es consolidarse como centro de referencia a trav\u00e9s de la excelencia investigadora, produciendo un impacto real en el entorno y en nuestros socios tecnol\u00f3gicos e industriales y generando masa cr\u00edtica en investigaci\u00f3n.\n<\/div>\n<\/div>\n<p>&nbsp;<\/p>\n<h2>Misi\u00f3n<\/h2>\n<hr style=\"height:0,75px; width:100%; background-color:#dfdfdf; text-align:left;\" \/>\n&nbsp;<\/p>\n<div class=\"row\">\n<div class=\"col-md-6\">\n<p>La <strong>misi\u00f3n<\/strong> del Centro es <strong>generar<\/strong> y <strong>difundir<\/strong> conocimiento excelente y <strong>transferir<\/strong> innovaci\u00f3n en el \u00e1mbito de la energ\u00eda, tecnolog\u00edas y procesos industriales, poniendo el foco en las personas y en el desarrollo sostenible.\n<\/div>\n<div class=\"col-md-6\">\n<img decoding=\"async\" src=\"\/wp-content\/uploads\/2022\/03\/mision.jpg\" \/>\n<\/div>\n<\/div>\n<p>&nbsp;<\/p>\n<h2>Valores<\/h2>\n<hr style=\"height:0,75px; width:100%; background-color:#dfdfdf; text-align:left;\" \/>\n&nbsp;<\/p>\n<div class=\"row\">\n<div class=\"col-md-6\">\n<img decoding=\"async\" src=\"\/wp-content\/uploads\/2022\/03\/valores.jpg\" \/>\n<\/div>\n<div class=\"col-md-6\">\n<div class=\"d-block d-sm-none\">\n    <!-- Este contenido solo se muestra en dispositivos m\u00f3viles -->&nbsp;<\/div>\n<div class=\"row\">\n<div class=\"col-lg-6\">\n<ul class=\"list-peak\">\n<li><img decoding=\"async\" style=\"max-width:18%;\" src=\"\/wp-content\/uploads\/2024\/07\/Valores-sostenib-v2.png\" \/> Sostenibilidad<\/li>\n<li><img decoding=\"async\" style=\"max-width:18%;\" src=\"\/wp-content\/uploads\/2024\/07\/Valores-confianza-v2.png\" \/> Confianza<\/li>\n<li><img decoding=\"async\" style=\"max-width:18%;\" src=\"\/wp-content\/uploads\/2024\/07\/Valores-eficiencia.png\" \/> Eficiencia<\/li>\n<\/ul><\/div>\n<div class=\"col-lg-6\">\n<ul class=\"list-peak\">\n<li><img decoding=\"async\" style=\"max-width:18%;\" src=\"\/wp-content\/uploads\/2024\/07\/Valores-excelencia.png\" \/> Excelencia<\/li>\n<li><img decoding=\"async\" style=\"max-width:18%;\" src=\"https:\/\/cintecx.uvigo.es\/wp-content\/uploads\/2024\/07\/Valores-igualdad.png\" \/> Igualdad<\/li>\n<\/ul><\/div>\n<\/div>\n<\/div>\n<\/div>\n<p>&nbsp;<\/p>\n<h2>Objetivos <\/h2>\n<hr style=\"height: 3px; width: 100%; background-color: #dfdfdf; align=left\" \/>\n&nbsp;<br \/>\nCINTECX define sus objetivos estrat\u00e9gicos organizados en cuatro ejes de actuaci\u00f3n prioritarios:<\/p>\n<div class=\"row\">\n<div class=\"col-md-1\"><\/div>\n<div class=\"col-md-5\">\n<div class=\"card\" style=\"min-width: 25%;\">\n<div class=\"card-body\">\n<div class=\"flip-card-obx\">\n<div class=\"flip-card-inner-obx\">\n<div class=\"flip-card-front-obx\">\n<h4 class=\"card-title\">La investigaci\u00f3n, transferencia e innovaci\u00f3n<\/h4>\n<p>\t\t\t\t<img decoding=\"async\" src=\"https:\/\/cintecx.uvigo.es\/wp-content\/uploads\/2024\/07\/objetivos_investigacion-web-v2.png\" \/>          <\/div>\n<div class=\"flip-card-back-obx\">\n<p>Generaci\u00f3n de conocimiento cient\u00edfico y tecnol\u00f3gico excelente, apoyando el ecosistema de ciencia accesible y en abierto, y fomentando la \u00e9tica en la investigaci\u00f3n.<\/p>\n<hr style=\"height: 0.5px; width: 20%; background-color: #6c7477; align=left\" \/>\n<p>Transferencia continua de conocimiento al mercado colaborando directamente con el sector industrial y el resto de los agentes del ecosistema innovador, orientando la investigaci\u00f3n y la tecnolog\u00eda para dotar a la industria de soluciones innovadoras y sostenibles.<\/p>\n<hr style=\"height: 0.5px; width: 20%; background-color: #6c7477; align=left\" \/>\n<p>Fortalecimiento de la relaci\u00f3n ciencia y sociedad, a trav\u00e9s de la comunicaci\u00f3n social de la ciencia y la participaci\u00f3n de la ciudadan\u00eda, prestando especial atenci\u00f3n a colectivos con barreras de acceso a la ciencia.<\/p>\n<hr style=\"height: 0.5px; width: 20%; background-color: #6c7477; align=left\" \/>\n<p>Valorizaci\u00f3n de los resultados de investigaci\u00f3n, por medio de un entorno que potencie las spin-offs, apoye la generaci\u00f3n y licenciamiento de patentes, y el acercamiento a mercado.<\/p>\n<\/p><\/div>\n<\/p><\/div>\n<p> <!-- cierra card-inner !-->\n<\/div>\n<p> <!-- cierra flip-card--><\/p>\n<\/div>\n<p> <!--cierra card-body-->\n<\/div>\n<p> <!--cierra card-->\n<\/div>\n<p><!--cierra columna --><\/p>\n<div class=\"col-md-5\">\n<div class=\"card\" style=\"min-width: 25%;\">\n<div class=\"card-body\">\n<div class=\"flip-card-obx\">\n<div class=\"flip-card-inner-obx\">\n<div class=\"flip-card-front-obx\">\n<h4 class=\"card-title\">El modelo de relaci\u00f3n<\/h4>\n<p>\t\t\t\t<img decoding=\"async\" src=\"https:\/\/cintecx.uvigo.es\/wp-content\/uploads\/2024\/07\/objetivos_relacion-web.png\" \/>\n                       <\/div>\n<div class=\"flip-card-back-obx\">\n<p>Ser voz activa y participativa en el pensamiento innovador, cient\u00edfico y sostenible en el entorno, y ser socio tecnol\u00f3gico de los principales actores del ecosistema de innovaci\u00f3n gallego.<\/p>\n<hr style=\"height: 0.5px; width: 20%; background-color: #6c7477; align=left\" \/>\n<p> Desarrollo e implementaci\u00f3n de un Plan Integral de Comunicaci\u00f3n y una estrategia de marca e imagen corporativa.<\/p>\n<hr style=\"height: 0.5px; width: 20%; background-color: #6c7477; align=left\" \/>\n<p>Impulso de una comunicaci\u00f3n cient\u00edfica eficaz, \u00e9tica y profesional con p\u00fablicos diversos para fortalecer el di\u00e1logo y el compromiso mutuo entre la ciencia y la sociedad.<\/p>\n<\/p><\/div>\n<\/p><\/div>\n<p> <!-- cierra card-inner !-->\n<\/div>\n<p> <!-- cierra flip-card--><\/p>\n<\/div>\n<p> <!--cierra card-body-->\n<\/div>\n<p> <!--cierra card--><\/p>\n<\/div>\n<p><!--cierra columna --><\/p>\n<div class=\"col-md-1\"><\/div>\n<\/div>\n<p> <!--cierra fila --><\/p>\n<div class=\"row\">\n<div class=\"col-md-1\"><\/div>\n<div class=\"col-md-5\">\n<div class=\"card\" style=\"min-width: 25%;\">\n<div class=\"card-body\">\n<div class=\"flip-card-obx\">\n<div class=\"flip-card-inner-obx\">\n<div class=\"flip-card-front-obx\">\n<h4 class=\"card-title\">Las personas<\/h4>\n<p>\t\t\t\t<img decoding=\"async\" src=\"https:\/\/cintecx.uvigo.es\/wp-content\/uploads\/2024\/07\/objetivos_personas-web.png\" \/>          <\/div>\n<div class=\"flip-card-back-obx\">\n<p>Creaci\u00f3n de un entorno de trabajo incentivador, inclusivo, sostenible y seguro, que facilite el desarrollo de la carrera investigadora, garantice la igualdad de oportunidades, impulse el cumplimiento de los ODS y mejore la vida de las personas de CINTECX.<\/p>\n<hr style=\"height: 0.5px; width: 20%; background-color: #6c7477; align=left\" \/>\n<p> Apoyo a la formaci\u00f3n del personal investigador y a la consolidaci\u00f3n de la carrera profesional a trav\u00e9s de las actividades de movilidad internacional y posicionamiento a nivel internacional como centro receptor de talento.<\/p>\n<p>&nbsp;<\/p>\n<\/p><\/div>\n<\/p><\/div>\n<p> <!-- cierra card-inner !-->\n<\/div>\n<p> <!-- cierra flip-card--><\/p>\n<\/div>\n<p> <!--cierra card-body-->\n<\/div>\n<p> <!--cierra card-->\n<\/div>\n<p><!--cierra columna --><\/p>\n<div class=\"col-md-5\">\n<div class=\"card\" style=\"min-width: 25%;\">\n<div class=\"card-body\">\n<div class=\"flip-card-obx\">\n<div class=\"flip-card-inner-obx\">\n<div class=\"flip-card-front-obx\">\n<h4 class=\"card-title\">La calidad, evaluaci\u00f3n y reconocimiento<\/h4>\n<p>                                <img decoding=\"async\" src=\"https:\/\/cintecx.uvigo.es\/wp-content\/uploads\/2024\/07\/objetivos_calidad-web.png\" \/>\n                       <\/div>\n<div class=\"flip-card-back-obx\">\n<p>Obtener el reconocimiento del desempe\u00f1o y de la calidad investigadora de CINTECX en convocatorias de excelencia de centros de investigaci\u00f3n.<\/p>\n<hr style=\"height: 0.5px; width: 20%; background-color: #6c7477; align=left\" \/>\n<p> Avanzar en la calidad de la gesti\u00f3n administrativa y de apoyo a la investigaci\u00f3n, simplificando los procedimientos y mejorando la transparencia y la rendici\u00f3n de cuentas.<\/p>\n<hr style=\"height: 0.5px; width: 20%; background-color: #6c7477; align=left\" \/>\n<p>Promover el reconocimiento de la excelencia investigadora del personal de CINTECX.<\/p>\n<\/p><\/div>\n<\/p><\/div>\n<p> <!-- cierra card-inner !-->\n<\/div>\n<p> <!-- cierra flip-card--><\/p>\n<\/div>\n<p> <!--cierra card-body-->\n<\/div>\n<p> <!--cierra card--><\/p>\n<\/div>\n<p><!--cierra columna --><\/p>\n<div class=\"col-md-1\"><\/div>\n<\/div>\n<p> <!--cierra fila --><\/p>\n<h2>Objetivos de desarrollo sostenible<\/h2>\n<div class=\"row\">\n<div class=\"col-6 col-sm-6 col-md-3 col-lg-1\"><img decoding=\"async\" src=\"https:\/\/www.uvigo.gal\/sites\/uvigo.gal\/files\/inline-images\/3_saude_e_benestar.jpg\" width=\"100%\" align=\"left\" \/><\/div>\n<div class=\"col-6 col-sm-6 col-md-3 col-lg-1\"><img decoding=\"async\" src=\"https:\/\/www.uvigo.gal\/sites\/uvigo.gal\/files\/inline-images\/4_educacion_de_calidade.jpg\" width=\"100%\" align=\"left\" \/><\/div>\n<div class=\"col-6 col-sm-6 col-md-3 col-lg-1 d-block d-md-none\"><\/div>\n<div class=\"col-6 col-sm-6 col-md-3 col-lg-1 d-block d-md-none\"><\/div>\n<div class=\"col-6 col-sm-6 col-md-3 col-lg-1\"><img decoding=\"async\" src=\"https:\/\/www.uvigo.gal\/sites\/uvigo.gal\/files\/inline-images\/6_auga_limpa_e_saneamento.jpg\" width=\"100%\" align=\"left\" \/><\/div>\n<div class=\"col-6 col-sm-6 col-md-3 col-lg-1\"><img decoding=\"async\" src=\"https:\/\/www.uvigo.gal\/sites\/uvigo.gal\/files\/inline-images\/7_enerxia_accesible_e_non_contaminante.jpg\" width=\"100%\" align=\"left\" \/><\/div>\n<div class=\"col-6 col-sm-6 col-md-3 col-lg-1 d-block d-md-none\"><\/div>\n<div class=\"col-6 col-sm-6 col-md-3 col-lg-1 d-block d-md-none\"><\/div>\n<div class=\"col-6 col-sm-6 col-md-3 col-lg-1 d-none d-md-block d-lg-none\"><\/div>\n<div class=\"col-md-3 col-lg-1 d-none d-md-block d-lg-none\"><\/div>\n<div class=\"col-md-3 col-lg-1 d-none d-md-block d-lg-none\"><\/div>\n<div class=\"col-md-3 col-lg-1 d-none d-md-block d-lg-none\"><\/div>\n<div class=\"col-6 col-sm-6 col-md-3 col-lg-1\"><img decoding=\"async\" src=\"https:\/\/www.uvigo.gal\/sites\/uvigo.gal\/files\/inline-images\/8_traballo_decente_e_crecemento_economico.jpg\" width=\"100%\" align=\"left\" \/><\/div>\n<div class=\"col-6 col-sm-6 col-md-3 col-lg-1\"><img decoding=\"async\" src=\"https:\/\/www.uvigo.gal\/sites\/uvigo.gal\/files\/inline-images\/9_industria_innovacion_e_infraestructura.jpg\" width=\"100%\" align=\"left\" \/><\/div>\n<div class=\"col-6 col-sm-6 col-md-3 col-lg-1 d-block d-md-none\"><\/div>\n<div class=\"col-6 col-sm-6 col-md-3 col-lg-1 d-block d-md-none\"><\/div>\n<div class=\"col-6 col-sm-6 col-md-3 col-lg-1\"><img decoding=\"async\" src=\"https:\/\/www.uvigo.gal\/sites\/uvigo.gal\/files\/inline-images\/11_cidades_e_comunidades_sostibles.jpg\" width=\"100%\" align=\"left\" \/><\/div>\n<div class=\"col-6 col-sm-6 col-md-3 col-lg-1\"><img decoding=\"async\" src=\"https:\/\/www.uvigo.gal\/sites\/uvigo.gal\/files\/inline-images\/12_producion_e_consumo_responsables_0.jpg\" width=\"100%\" align=\"left\" \/><\/div>\n<div class=\"col-6 col-sm-6 col-md-3 col-lg-1 d-block d-md-none\"><\/div>\n<div class=\"col-6 col-sm-6 col-md-3 col-lg-1 d-block d-md-none\"><\/div>\n<div class=\"col-6 col-sm-6 col-md-3 col-lg-1 d-none d-md-block d-lg-none\"><\/div>\n<div class=\"col-md-3 col-lg-1 d-none d-md-block d-lg-none\"><\/div>\n<div class=\"col-md-3 col-lg-1 d-none d-md-block d-lg-none\"><\/div>\n<div class=\"col-md-3 col-lg-1 d-none d-md-block d-lg-none\"><\/div>\n<div class=\"col-6 col-sm-6 col-md-3 col-lg-1\"><img decoding=\"async\" src=\"https:\/\/www.uvigo.gal\/sites\/uvigo.gal\/files\/inline-images\/13_accion_polo_clima.jpg\" width=\"100%\" align=\"left\" \/><\/div>\n<div class=\"col-6 col-sm-6 col-md-3 col-lg-1\"><img decoding=\"async\" src=\"https:\/\/www.uvigo.gal\/sites\/uvigo.gal\/files\/inline-images\/14_vida_submarina.jpg\" width=\"100%\" align=\"left\" \/><\/div>\n<div class=\"col-6 col-sm-6 col-md-3 col-lg-1 d-block d-md-none\"><\/div>\n<div class=\"col-6 col-sm-6 col-md-3 col-lg-1 d-block d-md-none\"><\/div>\n<div class=\"col-6 col-sm-6 col-md-3 col-lg-1\"><img decoding=\"async\" src=\"https:\/\/www.uvigo.gal\/sites\/uvigo.gal\/files\/inline-images\/15_vida_de_ecosistemas_terrestres.jpg\" width=\"100%\" align=\"left\" \/><\/div>\n<div class=\"col-6 col-sm-6 col-md-3 col-lg-1\"><img decoding=\"async\" src=\"https:\/\/www.uvigo.gal\/sites\/uvigo.gal\/files\/inline-images\/17_alianzas_para_acadar_os_obxectivos_0.jpg\" width=\"100%\" align=\"left\" \/><\/div>\n<\/div>\n<p>&nbsp;<\/p>\n","protected":false},"excerpt":{"rendered":"<p>CINTECX es el Centro de Investigaci\u00f3n en Tecnolog\u00edas, Energ\u00eda y Procesos Industriales de la Universidad de Vigo. CINTECX focaliza el esfuerzo multidisciplinar de sus investigadores &hellip; <a class=\"excerpt_more\" href=\"https:\/\/cintecx.uvigo.es\/es\/cintecx\/quienes-somos\/\">Contin\u00faa<\/a><\/p>\n","protected":false},"author":2,"featured_media":0,"parent":2094,"menu_order":10,"comment_status":"closed","ping_status":"closed","template":"views\/template-fullwidth.blade.php","meta":{"inline_featured_image":false,"footnotes":""},"class_list":["post-170391","page","type-page","status-publish","hentry"],"_links":{"self":[{"href":"https:\/\/cintecx.uvigo.es\/es\/wp-json\/wp\/v2\/pages\/170391","targetHints":{"allow":["GET"]}}],"collection":[{"href":"https:\/\/cintecx.uvigo.es\/es\/wp-json\/wp\/v2\/pages"}],"about":[{"href":"https:\/\/cintecx.uvigo.es\/es\/wp-json\/wp\/v2\/types\/page"}],"author":[{"embeddable":true,"href":"https:\/\/cintecx.uvigo.es\/es\/wp-json\/wp\/v2\/users\/2"}],"replies":[{"embeddable":true,"href":"https:\/\/cintecx.uvigo.es\/es\/wp-json\/wp\/v2\/comments?post=170391"}],"version-history":[{"count":29,"href":"https:\/\/cintecx.uvigo.es\/es\/wp-json\/wp\/v2\/pages\/170391\/revisions"}],"predecessor-version":[{"id":224021,"href":"https:\/\/cintecx.uvigo.es\/es\/wp-json\/wp\/v2\/pages\/170391\/revisions\/224021"}],"up":[{"embeddable":true,"href":"https:\/\/cintecx.uvigo.es\/es\/wp-json\/wp\/v2\/pages\/2094"}],"wp:attachment":[{"href":"https:\/\/cintecx.uvigo.es\/es\/wp-json\/wp\/v2\/media?parent=170391"}],"curies":[{"name":"wp","href":"https:\/\/api.w.org\/{rel}","templated":true}]}}