{"id":248025,"date":"2023-12-20T21:26:49","date_gmt":"2023-12-20T20:26:49","guid":{"rendered":"https:\/\/cintecx.uvigo.es\/cintecx-equality\/promocion-del-talento-femenino\/"},"modified":"2024-06-05T12:16:42","modified_gmt":"2024-06-05T10:16:42","slug":"promote-female-talent","status":"publish","type":"page","link":"https:\/\/cintecx.uvigo.es\/en\/cintecx-equality\/equality-in-cintecx\/promote-female-talent\/","title":{"rendered":"Promotion of female talent"},"content":{"rendered":"<p><img decoding=\"async\" src=\"\/wp-content\/uploads\/2023\/11\/Igualdad_1400x350.jpg\" alt=\"\" width=\"100%\" \/><br \/>\n&nbsp;<\/p>\n<div class=\"row\">\n<div class=\"col-md-6 col-lg-4\">\n<div class=\"card\" style=\"min-width: 25%;\">\n<div class=\"card-body\">\n<div class=\"flip-card\">\n<div class=\"flip-card-inner\">\n<div class=\"flip-card-front\">\n<h3 class=\"card-title\">Campaign to make CINTECX female researchers visible<\/h3>\n<p>\t\t\t\t<img decoding=\"async\" src=\"\/wp-content\/uploads\/2023\/12\/Cartel-exterior-dia-nena-ciencia-2023.jpg\" \/>\n                       <\/div>\n<div class=\"flip-card-back\">\n<p>Publication on the website and in social media of interviews held with CINTECX female researchers, with representation from different professional categories in an attempt to reflect the development of our women researchers.<\/p>\n<p>Placing of a newly printed poster promoting equality at the Centre.<\/p>\n<p>Photographic session with CINTECX female researchers and display of images in the Centre.<\/p>\n<\/p><\/div>\n<\/p><\/div>\n<p> <!-- cierra card-inner !-->\n<\/div>\n<p> <!-- cierra flip-card--><\/p>\n<\/div>\n<p> <!--cierra card-body-->\n<\/div>\n<p> <!--cierra card-->\n<\/div>\n<p><!--cierra columna --><\/p>\n<div class=\"col-md-6 col-lg-4\">\n<div class=\"card\" style=\"min-width: 25%;\">\n<div class=\"card-body\">\n<div class=\"flip-card\">\n<div class=\"flip-card-inner\">\n<div class=\"flip-card-front\">\n<h3 class=\"card-title\">Visibility in social media of the female scientists at Cintecx  <\/h3>\n<p>\t\t\t\t<img decoding=\"async\" src=\"\/wp-content\/uploads\/2023\/12\/8M-2023.jpg\" \/>\n                       <\/div>\n<div class=\"flip-card-back\">\n\t\t\t<\/p>\n<p>To celebrate International Women and Girls in Science Day, or International Women\u2019s Day, campaigns were run on social media to give visibility to the Centre\u2019s female researchers, a great team doing science as women, helping to consolidate the female presence in our sector. <\/p>\n<\/p><\/div>\n<\/p><\/div>\n<p> <!-- cierra card-inner !-->\n<\/div>\n<p> <!-- cierra flip-card--><\/p>\n<\/div>\n<p> <!--cierra card-body-->\n<\/div>\n<p> <!--cierra card-->\n<\/div>\n<p><!--cierra columna --><\/p>\n<div class=\"col-md-6 col-lg-4\">\n<div class=\"card\" style=\"min-width: 25%;\">\n<div class=\"card-body\">\n<div class=\"flip-card\">\n<div class=\"flip-card-inner\">\n<div class=\"flip-card-front\">\n<h3 class=\"card-title\">Support for the professional development of the Centre\u2019s research staff<\/h3>\n<p>\t\t\t\t<img decoding=\"async\" src=\"\/wp-content\/uploads\/2023\/12\/Promocion-mujeres.jpg\" \/>\n                       <\/div>\n<div class=\"flip-card-back\">\n\t\t\t<\/p>\n<p>Ongoing publicity of the achievements by the Centre\u2019s women researchers to promote their research careers. Cintecx offers help, support and publicity for all the activities of its research staff to promote their professional recognition.<\/p>\n<\/p><\/div>\n<\/p><\/div>\n<p> <!-- cierra card-inner !-->\n<\/div>\n<p> <!-- cierra flip-card--><\/p>\n<\/div>\n<p> <!--cierra card-body-->\n<\/div>\n<p> <!--cierra card-->\n<\/div>\n<p><!--cierra columna --><\/p>\n<div class=\"col-md-6 col-lg-4\">\n<div class=\"card\" style=\"min-width: 25%;\">\n<div class=\"card-body\">\n<div class=\"flip-card\">\n<div class=\"flip-card-inner\">\n<div class=\"flip-card-front\">\n<h3 class=\"card-title\">I want to be a researcher<\/h3>\n<p>&nbsp;<\/p>\n<p>\t\t\t\t<img decoding=\"async\" src=\"\/wp-content\/uploads\/2024\/04\/Promocion-investigadoras-Xanel-web1.jpg\" \/>\n                       <\/div>\n<div class=\"flip-card-back\">\n\t\t\t<br \/>\n\t\t\t\t<a href=\"https:\/\/ucc.webs.uvigo.es\/quero-ser-investigadora\/\" target=\"_blank\" rel=\"noopener\"> <\/p>\n<p>The fundamental aim of this campaign is to value and publicise contemporary women scientists and encourage a vocation for research among young girls and boys, with female figures from their environment as a reference.<\/p>\n<p>Three women researchers from the Centre, Concepci\u00f3n Paz in 2020, \u00c1ngeles Sanrom\u00e1n in 2023, and Xanel Vecino in 2024 were the participants in this campaign.<\/p>\n<p><\/a><\/p><\/div>\n<\/p><\/div>\n<p> <!-- cierra card-inner !-->\n<\/div>\n<p> <!-- cierra flip-card--><\/p>\n<\/div>\n<p> <!--cierra card-body-->\n<\/div>\n<p> <!--cierra card-->\n<\/div>\n<p><!--cierra columna --><\/p>\n<\/div>\n<p> <!--cierra fila --><\/p>\n","protected":false},"excerpt":{"rendered":"<p>&nbsp; Campaign to make CINTECX female researchers visible Publication on the website and in social media of interviews held with CINTECX female researchers, with representation &hellip; <a class=\"excerpt_more\" href=\"https:\/\/cintecx.uvigo.es\/en\/cintecx-equality\/equality-in-cintecx\/promote-female-talent\/\">Continued<\/a><\/p>\n","protected":false},"author":2,"featured_media":0,"parent":247996,"menu_order":0,"comment_status":"closed","ping_status":"closed","template":"views\/template-fullwidth.blade.php","meta":{"inline_featured_image":false,"footnotes":""},"class_list":["post-248025","page","type-page","status-publish","hentry"],"_links":{"self":[{"href":"https:\/\/cintecx.uvigo.es\/en\/wp-json\/wp\/v2\/pages\/248025","targetHints":{"allow":["GET"]}}],"collection":[{"href":"https:\/\/cintecx.uvigo.es\/en\/wp-json\/wp\/v2\/pages"}],"about":[{"href":"https:\/\/cintecx.uvigo.es\/en\/wp-json\/wp\/v2\/types\/page"}],"author":[{"embeddable":true,"href":"https:\/\/cintecx.uvigo.es\/en\/wp-json\/wp\/v2\/users\/2"}],"replies":[{"embeddable":true,"href":"https:\/\/cintecx.uvigo.es\/en\/wp-json\/wp\/v2\/comments?post=248025"}],"version-history":[{"count":5,"href":"https:\/\/cintecx.uvigo.es\/en\/wp-json\/wp\/v2\/pages\/248025\/revisions"}],"predecessor-version":[{"id":253185,"href":"https:\/\/cintecx.uvigo.es\/en\/wp-json\/wp\/v2\/pages\/248025\/revisions\/253185"}],"up":[{"embeddable":true,"href":"https:\/\/cintecx.uvigo.es\/en\/wp-json\/wp\/v2\/pages\/247996"}],"wp:attachment":[{"href":"https:\/\/cintecx.uvigo.es\/en\/wp-json\/wp\/v2\/media?parent=248025"}],"curies":[{"name":"wp","href":"https:\/\/api.w.org\/{rel}","templated":true}]}}