{"id":236312,"date":"2022-08-02T09:59:41","date_gmt":"2022-08-02T07:59:41","guid":{"rendered":"http:\/\/cintecx.uvigo.es\/?page_id=236312"},"modified":"2026-03-13T10:02:58","modified_gmt":"2026-03-13T09:02:58","slug":"service-catalog","status":"publish","type":"page","link":"https:\/\/cintecx.uvigo.es\/en\/services\/service-catalog\/","title":{"rendered":"Service Catalog"},"content":{"rendered":"<div class=\"custom-block graylight\">\n<h3>Prices<\/h3>\n<p>Check the prices by service type and user in this <a href=\"\/wp-content\/uploads\/2026\/01\/Tarifas_servicios-2026.pdf\" target=\"_blank\" rel=\"noopener noreferrer\">document<\/a>, which will always be updated with the rates for the current year.<\/p>\n<h3>Video guides<\/h3>\n<p>In these videos you can consult issues associated with the request for services and the management of the LIMS platform.<\/p>\n<ul class=\"list-peak\" style=\"margin-top: 10px;\">\n<li><a href=\"https:\/\/www.youtube.com\/watch?v=McWXOW3U-m8\" target=\"_blank\" rel=\"noopener noreferrer\">Team enablement<\/a> <\/li>\n<li><a href=\"https:\/\/www.youtube.com\/watch?v=C9McqKjbm90\" target=\"_blank\" rel=\"noopener noreferrer\">Mechanical Workshop Request<\/a> <\/li>\n<li><a href=\"https:\/\/www.youtube.com\/watch?v=0owKyOmizPs\" target=\"_blank\" rel=\"noopener noreferrer\">Self service<\/a> <\/li>\n<li><a href=\"https:\/\/www.youtube.com\/watch?v=J_4y7HlH7UI\" target=\"_blank\" rel=\"noopener noreferrer\">Service request<\/a> <\/li>\n<\/ul>\n<\/div>\n<section class=\"floor research\" style=\"background-color: #c6d1d6;\">\n<div class=\"container pt-4 pb-6\">\n<h2>ISO-9001 accredited services<\/h2>\n<p><span class=\"text-primary\">Cintecx obtained from <a href=\"https:\/\/www.aenor.com\/certificacion\/certificado\/?codigo=225296\" rel=\"noopener\" target=\"_blank\">AENOR<\/a> the certification of the implementation of the Quality Management System in accordance with the requirements of the UNE-EN ISO 9001:2015 standard.<\/span><\/p>\n<p><a class=\"btn btn-outline-primary btn-icon\" href=\"https:\/\/cintecx.uvigo.es\/wp-content\/uploads\/2025\/11\/AENOR-ER-05402022-01-12-2025-ES-13-11-2025-.pdf\" target=\"_blank\" rel=\"noopener noreferrer\">Aenor quality certificate<\/a> <a class=\"btn btn-outline-primary btn-icon\" href=\"https:\/\/cintecx.uvigo.es\/wp-content\/uploads\/2025\/11\/IQNET-ES-05402022-01-12-2025-EN-13-11-2025-.pdf\" target=\"_blank\" rel=\"noopener noreferrer\">IQNet quality certificate<\/a><\/p>\n<\/div>\n<\/section>\n<p>&nbsp;<\/p>\n<section class=\"floor research\" style=\"background-color: #c6d1d6;\">\n<div class=\"container pt-4 pb-6\">\n<h2>Sello de Calidad de la Universidad de Vigo<\/h2>\n<p><span class=\"text-primary\">La Comisi\u00f3n de Calidad de la Universidad de Vigo, en la reuni\u00f3n ordinaria del 9 de marzo de 2023, acord\u00f3 conceder el <strong>sello de calidad de la Universidad de Vigo<\/strong> a Cintecx, con motivo de la certificaci\u00f3n del sistema de gesti\u00f3n de calidad conforme a la norma ISO 9001.<\/span><\/p>\n<p><a class=\"btn btn-outline-primary btn-icon\" href=\"\/wp-content\/uploads\/2023\/03\/SelloCalidadQ.pdf\" target=\"_blank\" rel=\"noopener noreferrer\">University of Vigo quality certificate<\/a> <\/p>\n<\/div>\n<\/section>\n","protected":false},"excerpt":{"rendered":"<p>Prices Check the prices by service type and user in this document, which will always be updated with the rates for the current year. Video &hellip; <a class=\"excerpt_more\" href=\"https:\/\/cintecx.uvigo.es\/en\/services\/service-catalog\/\">Continued<\/a><\/p>\n","protected":false},"author":2,"featured_media":0,"parent":18842,"menu_order":0,"comment_status":"closed","ping_status":"closed","template":"views\/template-catalogo.blade.php","meta":{"inline_featured_image":false,"footnotes":""},"class_list":["post-236312","page","type-page","status-publish","hentry"],"_links":{"self":[{"href":"https:\/\/cintecx.uvigo.es\/en\/wp-json\/wp\/v2\/pages\/236312","targetHints":{"allow":["GET"]}}],"collection":[{"href":"https:\/\/cintecx.uvigo.es\/en\/wp-json\/wp\/v2\/pages"}],"about":[{"href":"https:\/\/cintecx.uvigo.es\/en\/wp-json\/wp\/v2\/types\/page"}],"author":[{"embeddable":true,"href":"https:\/\/cintecx.uvigo.es\/en\/wp-json\/wp\/v2\/users\/2"}],"replies":[{"embeddable":true,"href":"https:\/\/cintecx.uvigo.es\/en\/wp-json\/wp\/v2\/comments?post=236312"}],"version-history":[{"count":57,"href":"https:\/\/cintecx.uvigo.es\/en\/wp-json\/wp\/v2\/pages\/236312\/revisions"}],"predecessor-version":[{"id":261537,"href":"https:\/\/cintecx.uvigo.es\/en\/wp-json\/wp\/v2\/pages\/236312\/revisions\/261537"}],"up":[{"embeddable":true,"href":"https:\/\/cintecx.uvigo.es\/en\/wp-json\/wp\/v2\/pages\/18842"}],"wp:attachment":[{"href":"https:\/\/cintecx.uvigo.es\/en\/wp-json\/wp\/v2\/media?parent=236312"}],"curies":[{"name":"wp","href":"https:\/\/api.w.org\/{rel}","templated":true}]}}